
{"id":77045,"date":"2025-05-09T10:18:00","date_gmt":"2025-05-09T10:18:00","guid":{"rendered":"https:\/\/azurefilm.com\/?post_type=product&#038;p=77045"},"modified":"2026-02-28T12:44:56","modified_gmt":"2026-02-28T12:44:56","slug":"bambu-lab-a1-combo","status":"publish","type":"product","link":"https:\/\/azurefilm.com\/hr\/proizvod\/bambu-lab-a1-combo\/","title":{"rendered":"Bambu Lab A1 Combo"},"content":{"rendered":"<p><iframe loading=\"lazy\" title=\"YouTube video player\" src=\"https:\/\/www.youtube.com\/embed\/Lb-0C0a3j4g?si=C6wzAf2hXxnWbU8f\" width=\"560\" height=\"315\" frameborder=\"0\" allowfullscreen=\"allowfullscreen\"><\/iframe><\/p>\n<h2>Vi\u0161ebojni tisak<\/h2>\n<p>AMS Lite je inovativni vi\u0161ebojni sustav koji pojednostavljuje rad po\u010detnika.<\/p>\n<h2>Aktivna kompenzacija protoka<\/h2>\n<p>Do\u017eivite revolucionarnu kontrolu protoka. Bambu Labov visokofrekventni senzor protoka visoke rezolucije mjeri tlak mlaznice i aktivno prilago\u0111ava protok za precizno istiskivanje. Nema vi\u0161e nepravilnih otisaka.<\/p>\n<h2>Potpuno automatska kalibracija<\/h2>\n<p>A1 sve kalibracije obavlja sam. Od Z pomaka do razine le\u017ei\u0161ta, vibracija i pritiska mlaznice, automatski prilago\u0111ava sve za svaki ispis.<\/p>\n<h2>Brza izmjena mlaznice<\/h2>\n<p>Promjena mlaznica je jednostavna s novim dizajnom: pri\u010dvrstite i uklonite samo jednom kop\u010dom.<\/p>\n<h2>Aktivno prigu\u0161ivanje buke motora<\/h2>\n<p>Bambu Lab A1 prilago\u0111ava se malim razlikama u motoru, \u010dine\u0107i ispis ti\u0161im uklanjanjem ne\u017eeljene buke.<\/p>\n<h2>Dr\u017ea\u010d otira\u010da s brzinom i kvalitetom CoreXY<\/h2>\n<p>Uz \u010dvrste metalne vodilice, \u010dvrst okvir, posebne senzore, akcelerometre, sna\u017eno ra\u010dunalo i inteligentnu kontrolu pokreta, A1 ispisuje brzo i precizno.<\/p>\n<h2>Sinkronizacija s Bambu Studio i Bambu Handy<\/h2>\n<p>Jednostavno kontrolirajte i nadzirite svoj pisa\u010d putem Bambu Studio ili Bambu Handy. Snimite svoje ispise u akciji pomo\u0107u ugra\u0111ene kamere.<\/p>\n","protected":false},"excerpt":{"rendered":"<p><span style=\"font-weight: 400;\">U\u017eivajte u neograni\u010denim mogu\u0107nostima 3D ispisa uz Bambu Lab A1 Combo.<\/span><\/p>\n","protected":false},"featured_media":77052,"comment_status":"closed","ping_status":"closed","template":"","meta":{"_acf_changed":false},"product_brand":[],"product_cat":[453,481,516,457,456],"product_tag":[],"brand":[],"class_list":{"0":"post-77045","1":"product","2":"type-product","3":"status-publish","4":"has-post-thumbnail","6":"product_cat-3d-printer","7":"product_cat-akcija","8":"product_cat-bambu-lab-hr","9":"product_cat-fdm-printer","10":"product_cat-svi-3d-pisaci","12":"first","13":"instock","14":"sale","15":"featured","16":"taxable","17":"shipping-taxable","18":"purchasable","19":"product-type-simple"},"acf":[],"_links":{"self":[{"href":"https:\/\/azurefilm.com\/hr\/wp-json\/wp\/v2\/product\/77045","targetHints":{"allow":["GET"]}}],"collection":[{"href":"https:\/\/azurefilm.com\/hr\/wp-json\/wp\/v2\/product"}],"about":[{"href":"https:\/\/azurefilm.com\/hr\/wp-json\/wp\/v2\/types\/product"}],"replies":[{"embeddable":true,"href":"https:\/\/azurefilm.com\/hr\/wp-json\/wp\/v2\/comments?post=77045"}],"wp:featuredmedia":[{"embeddable":true,"href":"https:\/\/azurefilm.com\/hr\/wp-json\/wp\/v2\/media\/77052"}],"wp:attachment":[{"href":"https:\/\/azurefilm.com\/hr\/wp-json\/wp\/v2\/media?parent=77045"}],"wp:term":[{"taxonomy":"product_brand","embeddable":true,"href":"https:\/\/azurefilm.com\/hr\/wp-json\/wp\/v2\/product_brand?post=77045"},{"taxonomy":"product_cat","embeddable":true,"href":"https:\/\/azurefilm.com\/hr\/wp-json\/wp\/v2\/product_cat?post=77045"},{"taxonomy":"product_tag","embeddable":true,"href":"https:\/\/azurefilm.com\/hr\/wp-json\/wp\/v2\/product_tag?post=77045"},{"taxonomy":"brand","embeddable":true,"href":"https:\/\/azurefilm.com\/hr\/wp-json\/wp\/v2\/brand?post=77045"}],"curies":[{"name":"wp","href":"https:\/\/api.w.org\/{rel}","templated":true}]}}