
{"id":77155,"date":"2025-05-13T09:28:23","date_gmt":"2025-05-13T09:28:23","guid":{"rendered":"https:\/\/azurefilm.com\/?post_type=product&#038;p=77155"},"modified":"2025-08-22T11:06:57","modified_gmt":"2025-08-22T11:06:57","slug":"refill-asa-black","status":"publish","type":"product","link":"https:\/\/azurefilm.com\/hr\/proizvod\/refill-asa-black\/","title":{"rendered":"Refill ASA Black"},"content":{"rendered":"<h2><b>Refill ASA<\/b><\/h2>\n<p><span style=\"font-weight: 400;\">Refill ASA filamenti nude potpuno ista svojstva kao i na\u0161 ASA. ASA filamenti su jedni od najpopularnijih tehni\u010dkih filamenata na tr\u017ei\u0161tu jer nude <\/span><b>visoku otpornost na UV zra\u010denje, vodu i kemikalije<\/b><span style=\"font-weight: 400;\">. ASA je <\/span><b>izdr\u017eljivi tehni\u010dki filament <\/b><span style=\"font-weight: 400;\">idealan za <\/span><b>vanjsku upotrebu, alate i industrijske dijelove<\/b><span style=\"font-weight: 400;\">. Jednostavan za ispis i dostupan u vi\u0161e boja, odli\u010dan je izbor i za po\u010detnike i za iskusne korisnike.<\/span><\/p>\n<p><span style=\"font-weight: 400;\">Ovaj materijal se mo\u017ee ispisati bez zatvorenog pisa\u010da, ali <\/span><b>toplo preporu\u010dujemo kori\u0161tenje ku\u0107i\u0161ta ili zatvorenog 3D pisa\u010da<\/b><span style=\"font-weight: 400;\">.<\/span><\/p>\n<h3><strong>\u0160to je novo?<\/strong><\/h3>\n<ul>\n<li style=\"font-weight: 400;\" aria-level=\"1\"><span style=\"font-weight: 400;\">Uklonili smo plasti\u010dne zatvara\u010de i zamijenili ih boljom opcijom kako bismo olak\u0161ali raspakiranje.<\/span><\/li>\n<li style=\"font-weight: 400;\" aria-level=\"1\"><span style=\"font-weight: 400;\">Rep filamenta sada je potpuno ravan. To sprje\u010dava zaglavljenje u \u0161puli i uni\u0161tavanje va\u0161eg printa kada filament nestane.<\/span><\/li>\n<li style=\"font-weight: 400;\" aria-level=\"1\"><b>Savr\u0161ena kompatibilnost s AzureFilm i Bambu Lab \u0161pulama.<\/b><\/li>\n<\/ul>\n<h3><strong>Preporuke za ispis:<\/strong><\/h3>\n<ul>\n<li style=\"font-weight: 400;\" aria-level=\"1\"><span style=\"font-weight: 400;\">Za najbolje rezultate, printati na 240\u2013260\u00b0C.\u00a0<\/span><\/li>\n<li style=\"font-weight: 400;\" aria-level=\"1\"><span style=\"font-weight: 400;\">Preporu\u010dena temperatura postolja za printanje je 90\u2013120\u00b0C. Preporu\u010dujemo kori\u0161tenje ku\u0107i\u0161ta ili zatvorenog 3D pisa\u010da.<\/span><\/li>\n<li style=\"font-weight: 400;\" aria-level=\"1\"><span style=\"font-weight: 400;\">Koristite stakleno postolje, PEI plo\u010du, kapton ili plavu traku za izradnu platformu s 3Dlac sprejem.<\/span><\/li>\n<\/ul>\n<p><i><span style=\"font-weight: 400;\">*Idealna temperatura mo\u017ee varirati ovisno o kori\u0161tenom pisa\u010du.<\/span><\/i><\/p>\n<div class=\"is-divider divider clearfix\" style=\"max-width:100%;height:1px;background-color:rgb(17, 107, 168);\"><\/div>\n<p><span style=\"font-weight: 400;\">Na\u0161i Refill ASA filamenti su savr\u0161eno kompatibilni s <a href=\"https:\/\/azurefilm.com\/hr\/proizvod\/master_spool_1gratis\/\" target=\"_blank\" rel=\"noopener\"><strong>AzureFilm Master Spool<\/strong> <\/a>\u2013 <\/span><b>jedinom \u0161pulom koja \u0107e vam ikada trebati<\/b><span style=\"font-weight: 400;\">. <\/span><span style=\"font-weight: 400;\">Kori\u0161tenjem ove vi\u0161ekratne \u0161pule mo\u017eete nam se pridru\u017eiti u smanjenju otpada i smanjenju utjecaja na okoli\u0161.<\/span><\/p>\n<p><span style=\"font-weight: 400;\">AzureFilm Master Spool je na\u0161a <\/span><b>vi\u0161ekratna \u0161pula<\/b><span style=\"font-weight: 400;\">, koja omogu\u0107uje <\/span><b>odr\u017eivo i isplativo <\/b><span style=\"font-weight: 400;\">rje\u0161enje za 3D printanje. \u0160pula ima <\/span><b>set od dva vi\u0161ekratna diska lijevana brizganjem.<\/b><span style=\"font-weight: 400;\"> To osigurava visoku izdr\u017eljivost i preciznost \u0161pule.<\/span><\/p>\n<p><span style=\"font-weight: 400;\">Kupnjom i ponovnim kori\u0161tenjem na\u0161e Master Spool pridonosite \u010di\u0161\u0107em okoli\u0161u dok u\u017eivate u pouzdanom proizvodu koji je jednostavan za kori\u0161tenje i kompatibilan s ve\u0107inom 3D pisa\u010da<\/span><span style=\"font-weight: 400;\">.<\/span><\/p>\n<div style=\"padding: 56.25% 0 0 0; position: relative;\"><iframe style=\"position: absolute; top: 0; left: 0; width: 100%; height: 100%;\" title=\"AzureFilm Master Spool\" src=\"https:\/\/player.vimeo.com\/video\/954356184?badge=0&amp;autopause=0&amp;player_id=0&amp;app_id=58479\" frameborder=\"0\"><\/iframe><\/div>\n<p><script src=\"https:\/\/player.vimeo.com\/api\/player.js\"><\/script><\/p>\n<div class=\"is-divider divider clearfix\" style=\"max-width:100%;height:1px;background-color:rgb(17, 107, 168);\"><\/div>\n<h2><strong>Zna\u010dajke i svojstva<\/strong><\/h2>\n<table>\n<thead>\n<tr>\n<th><b>Zna\u010dajka<\/b><\/th>\n<th><b>Vrijednost<\/b><\/th>\n<\/tr>\n<tr>\n<td><span style=\"font-weight: 400;\">\u00a0Fleksibilnost<\/span><\/td>\n<td><span style=\"font-weight: 400;\">Niska<\/span><\/td>\n<\/tr>\n<tr>\n<td><span style=\"font-weight: 400;\">\u00a0\u010cvrsto\u0107a<\/span><\/td>\n<td><span style=\"font-weight: 400;\">Visoka<\/span><\/td>\n<\/tr>\n<tr>\n<td><span style=\"font-weight: 400;\">\u00a0Trajnost<\/span><\/td>\n<td><span style=\"font-weight: 400;\">Visoka<\/span><\/td>\n<\/tr>\n<tr>\n<td><span style=\"font-weight: 400;\">\u00a0Pote\u0161ko\u0107e s kori\u0161tenjem<\/span><\/td>\n<td>Srednja<\/td>\n<\/tr>\n<tr>\n<td><span style=\"font-weight: 400;\">\u00a0Skupljanje\/savijanje<\/span><\/td>\n<td><span style=\"font-weight: 400;\">Minimalno<\/span><\/td>\n<\/tr>\n<tr>\n<td><span style=\"font-weight: 400;\">\u00a0Topiv<\/span><\/td>\n<td><span style=\"font-weight: 400;\">Ne<\/span><\/td>\n<\/tr>\n<tr>\n<td><span style=\"font-weight: 400;\">\u00a0Dostupni promjer<\/span><\/td>\n<td><span style=\"font-weight: 400;\">1.75mm<\/span><\/td>\n<\/tr>\n<tr>\n<td><span style=\"font-weight: 400;\">\u00a0Proizvo\u0111a\u010d<\/span><\/td>\n<td><span style=\"font-weight: 400;\">AzureFilm<\/span><\/td>\n<\/tr>\n<\/thead>\n<\/table>\n<p><span style=\"font-weight: 400;\">Kako biste saznali vi\u0161e o ASA filamentima, pro\u010ditajte na\u0161 <a href=\"https:\/\/azurefilm.com\/hr\/2023\/07\/10\/asa-filamenti-sve-sto-morate-znati\/\" target=\"_blank\" rel=\"noopener\">blog<\/a>.\u00a0<\/span><\/p>\n<p><span style=\"font-weight: 400;\">Ovdje mo\u017eete pristupiti <a href=\"https:\/\/azurefilm.com\/hr\/technical-data-sheets\/\"> tehni\u010dkim informacijama<\/a>.<\/span><\/p>\n<p>&nbsp;<\/p>\n","protected":false},"excerpt":{"rendered":"<p><span style=\"font-weight: 400;\">Kupujte AzureFilm Refill ASA Black za pouzdane i otporne 3D ispise! Brza dostava, pristupa\u010dne cijene. Kupujte odmah!<\/span><\/p>\n","protected":false},"featured_media":77478,"comment_status":"closed","ping_status":"closed","template":"","meta":{"_acf_changed":false},"product_brand":[],"product_cat":[2745,375,378,414,377],"product_tag":[1525],"brand":[821],"class_list":{"0":"post-77155","1":"product","2":"type-product","3":"status-publish","4":"has-post-thumbnail","6":"product_cat-refill-asa-hr","7":"product_cat-3d-filamenti-hr","8":"product_cat-asa-filamenti-hr","9":"product_cat-refill-filamenti-hr","10":"product_cat-svi-filamenti","11":"product_tag-eko-hr","12":"pa_colour-crno","13":"pa_filament-diameter-1-75mm-hr","14":"pa_filament-weight-1000g-hr","15":"brand-azurefilm-hr","17":"first","18":"outofstock","19":"taxable","20":"shipping-taxable","21":"purchasable","22":"product-type-variable","23":"has-default-attributes"},"acf":[],"_links":{"self":[{"href":"https:\/\/azurefilm.com\/hr\/wp-json\/wp\/v2\/product\/77155","targetHints":{"allow":["GET"]}}],"collection":[{"href":"https:\/\/azurefilm.com\/hr\/wp-json\/wp\/v2\/product"}],"about":[{"href":"https:\/\/azurefilm.com\/hr\/wp-json\/wp\/v2\/types\/product"}],"replies":[{"embeddable":true,"href":"https:\/\/azurefilm.com\/hr\/wp-json\/wp\/v2\/comments?post=77155"}],"wp:featuredmedia":[{"embeddable":true,"href":"https:\/\/azurefilm.com\/hr\/wp-json\/wp\/v2\/media\/77478"}],"wp:attachment":[{"href":"https:\/\/azurefilm.com\/hr\/wp-json\/wp\/v2\/media?parent=77155"}],"wp:term":[{"taxonomy":"product_brand","embeddable":true,"href":"https:\/\/azurefilm.com\/hr\/wp-json\/wp\/v2\/product_brand?post=77155"},{"taxonomy":"product_cat","embeddable":true,"href":"https:\/\/azurefilm.com\/hr\/wp-json\/wp\/v2\/product_cat?post=77155"},{"taxonomy":"product_tag","embeddable":true,"href":"https:\/\/azurefilm.com\/hr\/wp-json\/wp\/v2\/product_tag?post=77155"},{"taxonomy":"brand","embeddable":true,"href":"https:\/\/azurefilm.com\/hr\/wp-json\/wp\/v2\/brand?post=77155"}],"curies":[{"name":"wp","href":"https:\/\/api.w.org\/{rel}","templated":true}]}}