
{"id":78772,"date":"2025-05-27T07:37:21","date_gmt":"2025-05-27T07:37:21","guid":{"rendered":"https:\/\/azurefilm.com\/?post_type=product&#038;p=78772"},"modified":"2025-10-17T22:19:23","modified_gmt":"2025-10-17T22:19:23","slug":"super-pack-petg-orange","status":"publish","type":"product","link":"https:\/\/azurefilm.com\/hr\/proizvod\/super-pack-petg-orange\/","title":{"rendered":"SUPER PACK PETG Orange"},"content":{"rendered":"\t<div id=\"text-1903264716\" class=\"text pb-0\">\n\t\t\n<h2><b>Refill PETG Original HS \u2013 Hyper speed, visoke performanse<\/b><\/h2>\n<p><span style=\"font-weight: 400;\">Refill PETG Hyper Speed dizajniran je za <\/span><b>brz, pouzdan i visokokvalitetan 3D ispis<\/b><span style=\"font-weight: 400;\">. Dizajniran za hiperbrze performanse, odr\u017eava iznimnu adheziju slojeva, izdr\u017eljivost i glatku povr\u0161inu, \u010dak i pri <\/span><b>velikim brzinama ispisa do 1000 mm\/s<\/b><span style=\"font-weight: 400;\">.<\/span><\/p>\n<p><img loading=\"lazy\" decoding=\"async\" class=\"aligncenter wp-image-78663 size-full\" src=\"https:\/\/azurefilm.com\/wp-content\/uploads\/HR-Product-Page-P\u2026-1-scaled.png\" alt=\"\" width=\"2560\" height=\"962\" title=\"\" srcset=\"https:\/\/azurefilm.com\/wp-content\/uploads\/HR-Product-Page-P\u2026-1-scaled.png 2560w, https:\/\/azurefilm.com\/wp-content\/uploads\/HR-Product-Page-P\u2026-1-scaled-510x192.png 510w, https:\/\/azurefilm.com\/wp-content\/uploads\/HR-Product-Page-P\u2026-1-300x113.png 300w, https:\/\/azurefilm.com\/wp-content\/uploads\/HR-Product-Page-P\u2026-1-1024x385.png 1024w, https:\/\/azurefilm.com\/wp-content\/uploads\/HR-Product-Page-P\u2026-1-768x289.png 768w, https:\/\/azurefilm.com\/wp-content\/uploads\/HR-Product-Page-P\u2026-1-1536x577.png 1536w, https:\/\/azurefilm.com\/wp-content\/uploads\/HR-Product-Page-P\u2026-1-2048x769.png 2048w\" sizes=\"auto, (max-width: 2560px) 100vw, 2560px\" \/><\/p>\n<p><img loading=\"lazy\" decoding=\"async\" class=\"aligncenter wp-image-78639 size-full\" src=\"https:\/\/azurefilm.com\/wp-content\/uploads\/HR-Product-Page-P\u2026-2-scaled.png\" alt=\"\" width=\"2560\" height=\"962\" title=\"\" srcset=\"https:\/\/azurefilm.com\/wp-content\/uploads\/HR-Product-Page-P\u2026-2-scaled.png 2560w, https:\/\/azurefilm.com\/wp-content\/uploads\/HR-Product-Page-P\u2026-2-scaled-510x192.png 510w, https:\/\/azurefilm.com\/wp-content\/uploads\/HR-Product-Page-P\u2026-2-300x113.png 300w, https:\/\/azurefilm.com\/wp-content\/uploads\/HR-Product-Page-P\u2026-2-1024x385.png 1024w, https:\/\/azurefilm.com\/wp-content\/uploads\/HR-Product-Page-P\u2026-2-768x289.png 768w, https:\/\/azurefilm.com\/wp-content\/uploads\/HR-Product-Page-P\u2026-2-1536x577.png 1536w, https:\/\/azurefilm.com\/wp-content\/uploads\/HR-Product-Page-P\u2026-2-2048x769.png 2048w\" sizes=\"auto, (max-width: 2560px) 100vw, 2560px\" \/><\/p>\n<h3><b>Primjene PETG Hyper Speed<\/b><\/h3>\n<p><span style=\"font-weight: 400;\">Svojom visokom \u010dvrsto\u0107om i otporno\u0161\u0107u na udarce, PETG Hyper Speed je <\/span><b>\u010dvr\u0161\u0107i od PLA<\/b><span style=\"font-weight: 400;\">, \u0161to ga \u010dini savr\u0161enim za funkcionalne i mehani\u010dke dijelove. Njegova <\/span><b>kemijska otpornost i otpornost na vlagu <\/b><span style=\"font-weight: 400;\">osigurava dugotrajnost, dok blaga fleksibilnost sprje\u010dava lomljenje. Osim toga, <\/span><b>vrhunska temperaturna otpornost <\/b><span style=\"font-weight: 400;\">omogu\u0107uje upotrebu u okru\u017eenjima s umjerenom toplinom.<\/span><\/p>\n<p><img loading=\"lazy\" decoding=\"async\" class=\"aligncenter wp-image-78645 size-full\" src=\"https:\/\/azurefilm.com\/wp-content\/uploads\/HR-Product-Page-P\u2026-3-scaled.png\" alt=\"\" width=\"2560\" height=\"962\" title=\"\" srcset=\"https:\/\/azurefilm.com\/wp-content\/uploads\/HR-Product-Page-P\u2026-3-scaled.png 2560w, https:\/\/azurefilm.com\/wp-content\/uploads\/HR-Product-Page-P\u2026-3-scaled-510x192.png 510w, https:\/\/azurefilm.com\/wp-content\/uploads\/HR-Product-Page-P\u2026-3-300x113.png 300w, https:\/\/azurefilm.com\/wp-content\/uploads\/HR-Product-Page-P\u2026-3-1024x385.png 1024w, https:\/\/azurefilm.com\/wp-content\/uploads\/HR-Product-Page-P\u2026-3-768x289.png 768w, https:\/\/azurefilm.com\/wp-content\/uploads\/HR-Product-Page-P\u2026-3-1536x577.png 1536w, https:\/\/azurefilm.com\/wp-content\/uploads\/HR-Product-Page-P\u2026-3-2048x769.png 2048w\" sizes=\"auto, (max-width: 2560px) 100vw, 2560px\" \/><\/p>\n<h2><b>Ispis s AzureFilm Master Spoolom<\/b><\/h2>\n<p><span style=\"font-weight: 400;\">Na\u0161i Refill PETG Hyper Speed filamenti su savr\u0161eno kompatibilni s<\/span> <a href=\"https:\/\/azurefilm.com\/hr\/proizvod\/master_spool_1gratis\/\"><b>AzureFilm Master Spool <\/b><\/a><b>\u2013 jedinom \u0161pulom koja \u0107e vam ikada trebati.<\/b><span style=\"font-weight: 400;\"> Kori\u0161tenjem ove vi\u0161ekratne \u0161pule mo\u017eete nam se pridru\u017eiti u smanjenju otpada i smanjenju utjecaja na okoli\u0161.<\/span><\/p>\n<p><img loading=\"lazy\" decoding=\"async\" class=\"aligncenter wp-image-78651 size-full\" src=\"https:\/\/azurefilm.com\/wp-content\/uploads\/HR-Product-Page-P\u2026-4-scaled.png\" alt=\"\" width=\"2560\" height=\"962\" title=\"\" srcset=\"https:\/\/azurefilm.com\/wp-content\/uploads\/HR-Product-Page-P\u2026-4-scaled.png 2560w, https:\/\/azurefilm.com\/wp-content\/uploads\/HR-Product-Page-P\u2026-4-scaled-510x192.png 510w, https:\/\/azurefilm.com\/wp-content\/uploads\/HR-Product-Page-P\u2026-4-300x113.png 300w, https:\/\/azurefilm.com\/wp-content\/uploads\/HR-Product-Page-P\u2026-4-1024x385.png 1024w, https:\/\/azurefilm.com\/wp-content\/uploads\/HR-Product-Page-P\u2026-4-768x289.png 768w, https:\/\/azurefilm.com\/wp-content\/uploads\/HR-Product-Page-P\u2026-4-1536x577.png 1536w, https:\/\/azurefilm.com\/wp-content\/uploads\/HR-Product-Page-P\u2026-4-2048x769.png 2048w\" sizes=\"auto, (max-width: 2560px) 100vw, 2560px\" \/><\/p>\n<p><span style=\"font-weight: 400;\">AzureFilm Master Spool je na\u0161a <\/span><b>vi\u0161ekratna \u0161pula<\/b><span style=\"font-weight: 400;\">, koja omogu\u0107uje<\/span><b> odr\u017eivo i isplativo rje\u0161enje za 3D printanje<\/b><span style=\"font-weight: 400;\">. \u0160pula ima set od <\/span><b>dva vi\u0161ekratna diska lijevana brizganjem<\/b><span style=\"font-weight: 400;\">. To osigurava visoku izdr\u017eljivost i preciznost \u0161pule.<\/span><\/p>\n\t\t\t<\/div>\n\t\n<div class=\"video video-fit mb\" style=\"padding-top:56.25%;\"><p><iframe loading=\"lazy\" title=\"AzureFilm Master Spool assembly\" width=\"1020\" height=\"574\" src=\"https:\/\/www.youtube.com\/embed\/u2F_58YfvbM?feature=oembed\" frameborder=\"0\" allow=\"accelerometer; autoplay; clipboard-write; encrypted-media; gyroscope; picture-in-picture; web-share\" referrerpolicy=\"strict-origin-when-cross-origin\" allowfullscreen><\/iframe><\/p>\n<\/div>\n","protected":false},"excerpt":{"rendered":"<p><span style=\"font-weight: 400;\">Nabavite na\u0161 ekskluzivni Refill PETG Hyper Speed Orange 10-pack s <\/span><b>2 BESPLATNA Master Spoola <\/b><span style=\"font-weight: 400;\">\u2013 ograni\u010dene koli\u010dine, najbolja cijena i <\/span><b>30-dnevno jamstvo bez rizika<\/b><span style=\"font-weight: 400;\">!<\/span><\/p>\n<p><span style=\"font-weight: 400;\">Ispisujte pametnije i br\u017ee bez kompromisa u pogledu \u010dvrsto\u0107e i kvalitete &#8211; do\u017eivite sljede\u0107u razinu PETG-a!<\/span><\/p>\n","protected":false},"featured_media":78853,"comment_status":"closed","ping_status":"closed","template":"","meta":{"_acf_changed":false},"product_brand":[],"product_cat":[2766,375,481,379,396,399,377],"product_tag":[1525,1534],"brand":[],"class_list":{"0":"post-78772","1":"product","2":"type-product","3":"status-publish","4":"has-post-thumbnail","6":"product_cat-petg-super-paketi-hr","7":"product_cat-3d-filamenti-hr","8":"product_cat-akcija","9":"product_cat-paketi-hr","10":"product_cat-petg-filamenti-hr","11":"product_cat-petg-original-hr","12":"product_cat-svi-filamenti","13":"product_tag-eko-hr","14":"product_tag-high-speed","15":"pa_colour-orange","16":"pa_filament-diameter-1-75mm","17":"pa_filament-weight-10000g","18":"pa_filament-weight-1000g","20":"first","21":"instock","22":"sale","23":"featured","24":"taxable","25":"shipping-taxable","26":"purchasable","27":"product-type-simple"},"acf":[],"_links":{"self":[{"href":"https:\/\/azurefilm.com\/hr\/wp-json\/wp\/v2\/product\/78772","targetHints":{"allow":["GET"]}}],"collection":[{"href":"https:\/\/azurefilm.com\/hr\/wp-json\/wp\/v2\/product"}],"about":[{"href":"https:\/\/azurefilm.com\/hr\/wp-json\/wp\/v2\/types\/product"}],"replies":[{"embeddable":true,"href":"https:\/\/azurefilm.com\/hr\/wp-json\/wp\/v2\/comments?post=78772"}],"wp:featuredmedia":[{"embeddable":true,"href":"https:\/\/azurefilm.com\/hr\/wp-json\/wp\/v2\/media\/78853"}],"wp:attachment":[{"href":"https:\/\/azurefilm.com\/hr\/wp-json\/wp\/v2\/media?parent=78772"}],"wp:term":[{"taxonomy":"product_brand","embeddable":true,"href":"https:\/\/azurefilm.com\/hr\/wp-json\/wp\/v2\/product_brand?post=78772"},{"taxonomy":"product_cat","embeddable":true,"href":"https:\/\/azurefilm.com\/hr\/wp-json\/wp\/v2\/product_cat?post=78772"},{"taxonomy":"product_tag","embeddable":true,"href":"https:\/\/azurefilm.com\/hr\/wp-json\/wp\/v2\/product_tag?post=78772"},{"taxonomy":"brand","embeddable":true,"href":"https:\/\/azurefilm.com\/hr\/wp-json\/wp\/v2\/brand?post=78772"}],"curies":[{"name":"wp","href":"https:\/\/api.w.org\/{rel}","templated":true}]}}