
{"id":81020,"date":"2025-06-13T06:36:39","date_gmt":"2025-06-13T06:36:39","guid":{"rendered":"https:\/\/azurefilm.com\/?post_type=product&#038;p=81020"},"modified":"2025-08-22T11:07:25","modified_gmt":"2025-08-22T11:07:25","slug":"pla-strongman-filament-purple","status":"publish","type":"product","link":"https:\/\/azurefilm.com\/hr\/proizvod\/pla-strongman-filament-purple\/","title":{"rendered":"PLA Strongman filament Purple"},"content":{"rendered":"<h2><b>PLA Strongman<\/b><\/h2>\n<p><span style=\"font-weight: 400;\">Predstavljamo na\u0161 PLA Strongman filament &#8211; <\/span><b>jedinstveni materijal<\/b><span style=\"font-weight: 400;\"> koji smo razvili. Prije na\u0161eg PLA Strongmana na tr\u017ei\u0161tu nije postojao niti jedan drugi filament koji bi bio tako jednostavan za printanje kao PLA, a istovremeno imao sna\u017ena svojstva poput pobolj\u0161ane \u017eilavosti i otpornosti. Udru\u017eili smo snage s jednim od najboljih sveu\u010dili\u0161ta za karakterizaciju polimera i stvorili ovaj <\/span><b>\u010dvrst filament, otporan na udarce<\/b><span style=\"font-weight: 400;\"> , a opet <\/span><b>vrlo jednostavan za printanje<\/b><span style=\"font-weight: 400;\">. PLA Strongman se sada koristi za printanje dronova, le\u017eajeva, mehani\u010dkih dijelova i svih vrsta proizvoda koji zahtijevaju ve\u0107u snagu.<\/span><\/p>\n<h2><strong>PLA Strongman filament Purple<\/strong><\/h2>\n<p>Uronite u \u0161irok raspon namjena i o\u017eivite svoju inspiraciju uz na\u0161 PLA Strongman filament Purple.<\/p>\n<p><span style=\"font-weight: 400;\">Kako biste saznali vi\u0161e o PLA filamentima, pro\u010ditajte na\u0161 <a href=\"https:\/\/azurefilm.com\/hr\/2023\/07\/04\/pla-filamenti\/\" target=\"_blank\" rel=\"noopener\">blog<\/a>.\u00a0<\/span><\/p>\n<p><span style=\"font-weight: 400;\">Ovdje mo\u017eete pristupiti<a href=\"https:\/\/azurefilm.com\/hr\/technical-data-sheets\/\" target=\"_blank\" rel=\"noopener\"> tehni\u010dkim informacijama<\/a>.<\/span><\/p>\n<h3><strong>Preporuke za printanje:<\/strong><\/h3>\n<ul>\n<li style=\"font-weight: 400;\" aria-level=\"1\"><span style=\"font-weight: 400;\">Printajte na temperaturi od 200\u2013230\u00b0C za najbolje rezultate.*\u00a0<\/span><\/li>\n<li style=\"font-weight: 400;\" aria-level=\"1\"><span style=\"font-weight: 400;\">Preporu\u010dena temperatura postolja za printanje je 50\u201360\u00b0C.<\/span><\/li>\n<li style=\"font-weight: 400;\" aria-level=\"1\"><span style=\"font-weight: 400;\">Koristite stakleno postolje, PEI plo\u010du, kapton ili plavu traku za izradnu platformu s 3Dlac sprejem.<\/span><\/li>\n<\/ul>\n<p><i><span style=\"font-weight: 400;\">*Idealna temperatura mo\u017ee varirati ovisno o kori\u0161tenom pisa\u010du.<\/span><\/i><\/p>\n","protected":false},"excerpt":{"rendered":"<p>Uronite u \u0161irok raspon namjena i o\u017eivite svoju inspiraciju uz na\u0161 PLA Strongman filament Purple.<\/p>\n","protected":false},"featured_media":113287,"comment_status":"closed","ping_status":"closed","template":"","meta":{"_acf_changed":false},"product_brand":[],"product_cat":[411,375,402,377],"product_tag":[1534],"brand":[],"class_list":{"0":"post-81020","1":"product","2":"type-product","3":"status-publish","4":"has-post-thumbnail","6":"product_cat-pla-strongman-hr","7":"product_cat-3d-filamenti-hr","8":"product_cat-pla-filamenti-hr","9":"product_cat-svi-filamenti","10":"product_tag-high-speed","11":"pa_colour-purple","12":"pa_filament-diameter-1-75mm","13":"pa_filament-weight-1000g","15":"first","16":"outofstock","17":"taxable","18":"shipping-taxable","19":"purchasable","20":"product-type-variable","21":"has-default-attributes"},"acf":[],"_links":{"self":[{"href":"https:\/\/azurefilm.com\/hr\/wp-json\/wp\/v2\/product\/81020","targetHints":{"allow":["GET"]}}],"collection":[{"href":"https:\/\/azurefilm.com\/hr\/wp-json\/wp\/v2\/product"}],"about":[{"href":"https:\/\/azurefilm.com\/hr\/wp-json\/wp\/v2\/types\/product"}],"replies":[{"embeddable":true,"href":"https:\/\/azurefilm.com\/hr\/wp-json\/wp\/v2\/comments?post=81020"}],"wp:featuredmedia":[{"embeddable":true,"href":"https:\/\/azurefilm.com\/hr\/wp-json\/wp\/v2\/media\/113287"}],"wp:attachment":[{"href":"https:\/\/azurefilm.com\/hr\/wp-json\/wp\/v2\/media?parent=81020"}],"wp:term":[{"taxonomy":"product_brand","embeddable":true,"href":"https:\/\/azurefilm.com\/hr\/wp-json\/wp\/v2\/product_brand?post=81020"},{"taxonomy":"product_cat","embeddable":true,"href":"https:\/\/azurefilm.com\/hr\/wp-json\/wp\/v2\/product_cat?post=81020"},{"taxonomy":"product_tag","embeddable":true,"href":"https:\/\/azurefilm.com\/hr\/wp-json\/wp\/v2\/product_tag?post=81020"},{"taxonomy":"brand","embeddable":true,"href":"https:\/\/azurefilm.com\/hr\/wp-json\/wp\/v2\/brand?post=81020"}],"curies":[{"name":"wp","href":"https:\/\/api.w.org\/{rel}","templated":true}]}}