
{"id":81605,"date":"2025-06-23T07:13:08","date_gmt":"2025-06-23T07:13:08","guid":{"rendered":"https:\/\/azurefilm.com\/?post_type=product&#038;p=81605"},"modified":"2025-11-15T11:46:01","modified_gmt":"2025-11-15T11:46:01","slug":"creality-space-pi-susilica-za-filament","status":"publish","type":"product","link":"https:\/\/azurefilm.com\/hr\/proizvod\/creality-space-pi-susilica-za-filament\/","title":{"rendered":"Creality Space Pi Su\u0161ilica za Filament"},"content":{"rendered":"<h2><b>Creality Space Pi Su\u0161ilica za Filament<\/b><\/h2>\n<p><span style=\"font-weight: 400;\">Space Pi su\u0161ilica filamenta iz Crealityja omogu\u0107uje brzo i u\u010dinkovito su\u0161enje, pobolj\u0161ava kvalitetu ispisa i smanjuje probleme uzrokovane vlagom. Idealan je dodatak za PLA, PETG, TPU i druge specijalne materijale \u2013 va\u0161a nit \u0107e uvijek biti spremna za pouzdan ispis.<\/span><\/p>\n<h2><b>Glavne zna\u010dajke<\/b><\/h2>\n<ul>\n<li style=\"font-weight: 400;\" aria-level=\"1\"><b>80 W PTC 360\u00b0<\/b><span style=\"font-weight: 400;\"> zagrijavanje vru\u0107im zrakom za ravnomjerno su\u0161enje<\/span><\/li>\n<li style=\"font-weight: 400;\" aria-level=\"1\"><span style=\"font-weight: 400;\">Podesiva temperatura: <\/span><b>45\u202f\u00b0C \u2013 70\u202f\u00b0C<\/b><\/li>\n<li style=\"font-weight: 400;\" aria-level=\"1\"><span style=\"font-weight: 400;\">Brze postavke za do<\/span><b> 12 razli\u010ditih filamenta<\/b><\/li>\n<li style=\"font-weight: 400;\" aria-level=\"1\"><span style=\"font-weight: 400;\">Timer za su\u0161enje:<\/span><b> 0\u201348 sati + <\/b><span style=\"font-weight: 400;\">memorijska funkcija<\/span><span style=\"font-weight: 400;\"><br \/>\n<\/span><\/li>\n<\/ul>\n<h2><b>Pra\u0107enje u stvarnom vremenu<\/b><\/h2>\n<ul>\n<li style=\"font-weight: 400;\" aria-level=\"1\"><b>3,7\u2033 LCD zaslon<\/b><span style=\"font-weight: 400;\"> osjetljiv na dodir<\/span><\/li>\n<li style=\"font-weight: 400;\" aria-level=\"1\"><span style=\"font-weight: 400;\">Prikaz temperature, vlage i preostalog vremena<\/span><\/li>\n<li style=\"font-weight: 400;\" aria-level=\"1\"><b>Ugra\u0111eni senzor <\/b><span style=\"font-weight: 400;\">za vlagu za to\u010dne podatke<\/span><\/li>\n<\/ul>\n<h2><b>Operativne prednosti<\/b><\/h2>\n<ul>\n<li style=\"font-weight: 400;\" aria-level=\"1\"><b>Tih rad<\/b><span style=\"font-weight: 400;\"> s optimiziranim protokom zraka<\/span><\/li>\n<li style=\"font-weight: 400;\" aria-level=\"1\"><span style=\"font-weight: 400;\">Podr\u017eani promjeri filamenta:<\/span><b> 1.75 mm \/ 2.85 mm \/ 3 mm<\/b><\/li>\n<li style=\"font-weight: 400;\" aria-level=\"1\"><span style=\"font-weight: 400;\">Brzo i jednostavno postavljanje<\/span><\/li>\n<li style=\"font-weight: 400;\" aria-level=\"1\"><span style=\"font-weight: 400;\">Sprje\u010dava uobi\u010dajene probleme kao \u0161to su <\/span><b>kon\u010danje, mjehuri\u0107i i lo\u0161a adhezija<\/b><\/li>\n<\/ul>\n<h2><b>Tehni\u010dke specifikacije<\/b><\/h2>\n<ul>\n<li style=\"font-weight: 400;\" aria-level=\"1\"><span style=\"font-weight: 400;\">Naziv proizvoda: Space \u03c0 Su\u0161ilica za Filament<\/span><\/li>\n<li style=\"font-weight: 400;\" aria-level=\"1\"><span style=\"font-weight: 400;\">Model: DB-03<\/span><\/li>\n<li style=\"font-weight: 400;\" aria-level=\"1\"><span style=\"font-weight: 400;\">Veli\u010dina pakiranja: 315x125x300 mm<\/span><\/li>\n<li style=\"font-weight: 400;\" aria-level=\"1\"><span style=\"font-weight: 400;\">Neto te\u017eina: 1150 g<\/span><\/li>\n<li style=\"font-weight: 400;\" aria-level=\"1\"><span style=\"font-weight: 400;\">Boja: Svemirsko siva<\/span><\/li>\n<li style=\"font-weight: 400;\" aria-level=\"1\"><span style=\"font-weight: 400;\">Ulazni napon:<\/span>\n<ul>\n<li style=\"font-weight: 400;\" aria-level=\"2\"><span style=\"font-weight: 400;\">SAD: 110 V \/ 50\u201360 Hz<\/span><\/li>\n<li style=\"font-weight: 400;\" aria-level=\"2\"><span style=\"font-weight: 400;\">EU\/UK: 220 V \/ 50\u201360 Hz<\/span><\/li>\n<\/ul>\n<\/li>\n<li style=\"font-weight: 400;\" aria-level=\"1\"><span style=\"font-weight: 400;\">Nazivna snaga: 145\u202fW<\/span><\/li>\n<li style=\"font-weight: 400;\" aria-level=\"1\"><span style=\"font-weight: 400;\">Raspon temperature: 45\u202f\u00b0C \u2013 70\u202f\u00b0C<\/span><\/li>\n<li style=\"font-weight: 400;\" aria-level=\"1\"><span style=\"font-weight: 400;\">Trajanje grijanja: 0\u201348 h<\/span><\/li>\n<li style=\"font-weight: 400;\" aria-level=\"1\"><span style=\"font-weight: 400;\">Podr\u017eani promjeri filamenta: 1.75 mm \/ 2.85 mm<\/span><\/li>\n<\/ul>\n","protected":false},"excerpt":{"rendered":"<p><span style=\"font-weight: 400;\">Creality Space Pi su\u0161ilica za filament omogu\u0107uje brzo i u\u010dinkovito su\u0161enje za bolju kvalitetu 3D ispisa i manje problema s vlagom.<\/span><\/p>\n","protected":false},"featured_media":81914,"comment_status":"closed","ping_status":"closed","template":"","meta":{"_acf_changed":false},"product_brand":[],"product_cat":[482,512,483],"product_tag":[],"brand":[],"class_list":{"0":"post-81605","1":"product","2":"type-product","3":"status-publish","4":"has-post-thumbnail","6":"product_cat-rezervni-dijelovi","7":"product_cat-drugi-proizvodi","8":"product_cat-svi-rezervni-dijelovi","10":"first","11":"instock","12":"taxable","13":"shipping-taxable","14":"purchasable","15":"product-type-simple"},"acf":[],"_links":{"self":[{"href":"https:\/\/azurefilm.com\/hr\/wp-json\/wp\/v2\/product\/81605","targetHints":{"allow":["GET"]}}],"collection":[{"href":"https:\/\/azurefilm.com\/hr\/wp-json\/wp\/v2\/product"}],"about":[{"href":"https:\/\/azurefilm.com\/hr\/wp-json\/wp\/v2\/types\/product"}],"replies":[{"embeddable":true,"href":"https:\/\/azurefilm.com\/hr\/wp-json\/wp\/v2\/comments?post=81605"}],"wp:featuredmedia":[{"embeddable":true,"href":"https:\/\/azurefilm.com\/hr\/wp-json\/wp\/v2\/media\/81914"}],"wp:attachment":[{"href":"https:\/\/azurefilm.com\/hr\/wp-json\/wp\/v2\/media?parent=81605"}],"wp:term":[{"taxonomy":"product_brand","embeddable":true,"href":"https:\/\/azurefilm.com\/hr\/wp-json\/wp\/v2\/product_brand?post=81605"},{"taxonomy":"product_cat","embeddable":true,"href":"https:\/\/azurefilm.com\/hr\/wp-json\/wp\/v2\/product_cat?post=81605"},{"taxonomy":"product_tag","embeddable":true,"href":"https:\/\/azurefilm.com\/hr\/wp-json\/wp\/v2\/product_tag?post=81605"},{"taxonomy":"brand","embeddable":true,"href":"https:\/\/azurefilm.com\/hr\/wp-json\/wp\/v2\/brand?post=81605"}],"curies":[{"name":"wp","href":"https:\/\/api.w.org\/{rel}","templated":true}]}}