
{"id":83081,"date":"2025-07-09T10:28:59","date_gmt":"2025-07-09T10:28:59","guid":{"rendered":"https:\/\/azurefilm.com\/?post_type=product&#038;p=83081"},"modified":"2026-04-03T11:19:39","modified_gmt":"2026-04-03T11:19:39","slug":"pla-skin-filament-espresso","status":"publish","type":"product","link":"https:\/\/azurefilm.com\/hr\/proizvod\/pla-skin-filament-espresso\/","title":{"rendered":"PLA Skin filament Espresso"},"content":{"rendered":"<h2><b>PLA Skin<\/b><\/h2>\n<p><span style=\"font-weight: 400;\">Predstavljamo PLA Skin filamente, posebno izdanje na\u0161ih PLA Original filamenata koje je napravljeno za kreiranje <\/span><b>realisti\u010dnih printeva<\/b><span style=\"font-weight: 400;\">. Dizajnirali smo ove boje kako bi opona\u0161ale izgled i teksturu ljudske ko\u017ee. Ovaj \u0107e vam materijal omogu\u0107iti stvaranje realisti\u010dnih proizvoda i pobolj\u0161ati<\/span><b> izgled prave ko\u017ee<\/b><span style=\"font-weight: 400;\">. PLA Skin mo\u017eete koristiti za cosplay rekvizite, ljudske figurice, protetiku i druge umjetni\u010dke projekte koji zahtijevaju prirodnu teksturu ko\u017ee. PLA Skin je <\/span><b>biorazgradljiv <\/b><span style=\"font-weight: 400;\">materijal i jako je <\/span><b>jednostavan za rad<\/b><span style=\"font-weight: 400;\">.\u00a0<\/span><\/p>\n<h2><strong>PLA Skin filament Espresso<\/strong><\/h2>\n<p>Generirajte 3D printeve prirodnog i organskog izgleda uz na\u0161 PLA Skin filament Espresso.<\/p>\n<p><span style=\"font-weight: 400;\">Kako biste saznali vi\u0161e o PLA filamentima, pro\u010ditajte na\u0161 <a href=\"https:\/\/azurefilm.com\/hr\/2023\/07\/04\/pla-filamenti\/\" target=\"_blank\" rel=\"noopener\">blog<\/a>.\u00a0<\/span><\/p>\n<p><span style=\"font-weight: 400;\">Ovdje mo\u017eete pristupiti<a href=\"https:\/\/azurefilm.com\/hr\/technical-data-sheets\/\" target=\"_blank\" rel=\"noopener\"> tehni\u010dkim informacijama<\/a>.<\/span><\/p>\n<h3><strong>Preporuke za printanje:<\/strong><\/h3>\n<ul>\n<li style=\"font-weight: 400;\" aria-level=\"1\"><span style=\"font-weight: 400;\">Za najbolje rezultate, printati na 200\u2013230\u00b0C.\u00a0<\/span><\/li>\n<li style=\"font-weight: 400;\" aria-level=\"1\"><span style=\"font-weight: 400;\">Preporu\u010dena temperatura postolja za printanje je 60\u00b0C.<\/span><\/li>\n<li style=\"font-weight: 400;\" aria-level=\"1\"><span style=\"font-weight: 400;\">Koristite stakleno postolje, PEI plo\u010du, kapton ili plavu traku za izradnu platformu s 3Dlac sprejem.<\/span><\/li>\n<\/ul>\n<p><i><span style=\"font-weight: 400;\">*Idealna temperatura mo\u017ee varirati ovisno o kori\u0161tenom pisa\u010du.<\/span><\/i><\/p>\n","protected":false},"excerpt":{"rendered":"<p>Generirajte 3D printeve prirodnog i organskog izgleda uz na\u0161 PLA Skin filament Espresso.<\/p>\n","protected":false},"featured_media":114480,"comment_status":"closed","ping_status":"closed","template":"","meta":{"_acf_changed":false},"product_brand":[],"product_cat":[410,375,402,377],"product_tag":[],"brand":[],"class_list":{"0":"post-83081","1":"product","2":"type-product","3":"status-publish","4":"has-post-thumbnail","6":"product_cat-pla-skin-hr","7":"product_cat-3d-filamenti-hr","8":"product_cat-pla-filamenti-hr","9":"product_cat-svi-filamenti","10":"pa_colour-brown","11":"pa_colour-skin","12":"pa_filament-diameter-1-75mm","13":"pa_filament-weight-1000g","15":"first","16":"instock","17":"taxable","18":"shipping-taxable","19":"purchasable","20":"product-type-variable","21":"has-default-attributes"},"acf":[],"_links":{"self":[{"href":"https:\/\/azurefilm.com\/hr\/wp-json\/wp\/v2\/product\/83081","targetHints":{"allow":["GET"]}}],"collection":[{"href":"https:\/\/azurefilm.com\/hr\/wp-json\/wp\/v2\/product"}],"about":[{"href":"https:\/\/azurefilm.com\/hr\/wp-json\/wp\/v2\/types\/product"}],"replies":[{"embeddable":true,"href":"https:\/\/azurefilm.com\/hr\/wp-json\/wp\/v2\/comments?post=83081"}],"wp:featuredmedia":[{"embeddable":true,"href":"https:\/\/azurefilm.com\/hr\/wp-json\/wp\/v2\/media\/114480"}],"wp:attachment":[{"href":"https:\/\/azurefilm.com\/hr\/wp-json\/wp\/v2\/media?parent=83081"}],"wp:term":[{"taxonomy":"product_brand","embeddable":true,"href":"https:\/\/azurefilm.com\/hr\/wp-json\/wp\/v2\/product_brand?post=83081"},{"taxonomy":"product_cat","embeddable":true,"href":"https:\/\/azurefilm.com\/hr\/wp-json\/wp\/v2\/product_cat?post=83081"},{"taxonomy":"product_tag","embeddable":true,"href":"https:\/\/azurefilm.com\/hr\/wp-json\/wp\/v2\/product_tag?post=83081"},{"taxonomy":"brand","embeddable":true,"href":"https:\/\/azurefilm.com\/hr\/wp-json\/wp\/v2\/brand?post=83081"}],"curies":[{"name":"wp","href":"https:\/\/api.w.org\/{rel}","templated":true}]}}