
{"id":84351,"date":"2025-07-30T09:11:56","date_gmt":"2025-07-30T09:11:56","guid":{"rendered":"https:\/\/azurefilm.com\/?post_type=product&#038;p=84351"},"modified":"2025-07-30T09:11:57","modified_gmt":"2025-07-30T09:11:57","slug":"unicorn-k2-plus-mlaznica-za-brzu-zamjenu","status":"publish","type":"product","link":"https:\/\/azurefilm.com\/hr\/proizvod\/unicorn-k2-plus-mlaznica-za-brzu-zamjenu\/","title":{"rendered":"Unicorn K2 Plus mlaznica za brzu zamjenu"},"content":{"rendered":"<p><span style=\"font-weight: 400;\">Optimizirajte svoj 3D tijek rada s 3D ispisom pomo\u0107u Unicorn K2 Plus mlaznice za brzu izmjenu, dizajnirane za brzu i jednostavnu izmjenu mlaznica. Dizajnirane posebno za K2 Plus 3D pisa\u010d, ove precizno obra\u0111ene mlaznice osiguravaju dosljednu ekstruziju i visokokvalitetne rezultate u \u0161irokom rasponu primjena.<\/span><\/p>\n<p><span style=\"font-weight: 400;\">Zahvaljuju\u0107i mehanizmu za brzu zamjenu bez alata, mlaznice mo\u017eete mijenjati u sekundama &#8211; savr\u0161eno za korisnike kojima je potrebno prebacivanje izme\u0111u detaljnog ispisa i brzog prototipiranje.<\/span><\/p>\n<p><span style=\"font-weight: 400;\">Dostupne veli\u010dine:<\/span><\/p>\n<ul>\n<li style=\"font-weight: 400;\" aria-level=\"1\"><span style=\"font-weight: 400;\">0,2 mm \u2013 Za ultra fine detalje i \u010diste povr\u0161ine<\/span><\/li>\n<li style=\"font-weight: 400;\" aria-level=\"1\"><span style=\"font-weight: 400;\">0,4 mm \u2013 Standardna veli\u010dina za pouzdan, svakodnevni ispis<\/span><\/li>\n<li style=\"font-weight: 400;\" aria-level=\"1\"><span style=\"font-weight: 400;\">0,6 mm \u2013 Za br\u017ei ispis i ja\u010de slojeve<\/span><\/li>\n<li style=\"font-weight: 400;\" aria-level=\"1\"><span style=\"font-weight: 400;\">0,8 mm \u2013 Idealno za brze, debeloslojne otiske<\/span><\/li>\n<\/ul>\n","protected":false},"excerpt":{"rendered":"<p><span style=\"font-weight: 400;\">Jednostavno nadogradite svoj K2 Plus brzoizmjenjivim mlaznicama za precizan i jednostavan ispis. Dostupno u veli\u010dinama od 0,2 mm, 0,4 mm, 0,6 mm i 0,8 mm.<\/span><\/p>\n","protected":false},"featured_media":84526,"comment_status":"closed","ping_status":"closed","template":"","meta":{"_acf_changed":false},"product_brand":[],"product_cat":[482,509,511,483],"product_tag":[],"brand":[830],"class_list":{"0":"post-84351","1":"product","2":"type-product","3":"status-publish","4":"has-post-thumbnail","6":"product_cat-rezervni-dijelovi","7":"product_cat-mlaznice","8":"product_cat-obicne-mlaznice","9":"product_cat-svi-rezervni-dijelovi","10":"pa_compatible-with-creality-fdm-3d-printers-hr","11":"pa_fits-printer-creality-k2-plus-hr","12":"pa_nozzle-diameter-0-2mm-hr","13":"pa_nozzle-diameter-0-4mm-hr","14":"pa_nozzle-diameter-0-6mm-hr","15":"pa_nozzle-diameter-0-8mm-hr","16":"brand-creality-hr","18":"first","19":"instock","20":"taxable","21":"shipping-taxable","22":"purchasable","23":"product-type-variable"},"acf":[],"_links":{"self":[{"href":"https:\/\/azurefilm.com\/hr\/wp-json\/wp\/v2\/product\/84351","targetHints":{"allow":["GET"]}}],"collection":[{"href":"https:\/\/azurefilm.com\/hr\/wp-json\/wp\/v2\/product"}],"about":[{"href":"https:\/\/azurefilm.com\/hr\/wp-json\/wp\/v2\/types\/product"}],"replies":[{"embeddable":true,"href":"https:\/\/azurefilm.com\/hr\/wp-json\/wp\/v2\/comments?post=84351"}],"wp:featuredmedia":[{"embeddable":true,"href":"https:\/\/azurefilm.com\/hr\/wp-json\/wp\/v2\/media\/84526"}],"wp:attachment":[{"href":"https:\/\/azurefilm.com\/hr\/wp-json\/wp\/v2\/media?parent=84351"}],"wp:term":[{"taxonomy":"product_brand","embeddable":true,"href":"https:\/\/azurefilm.com\/hr\/wp-json\/wp\/v2\/product_brand?post=84351"},{"taxonomy":"product_cat","embeddable":true,"href":"https:\/\/azurefilm.com\/hr\/wp-json\/wp\/v2\/product_cat?post=84351"},{"taxonomy":"product_tag","embeddable":true,"href":"https:\/\/azurefilm.com\/hr\/wp-json\/wp\/v2\/product_tag?post=84351"},{"taxonomy":"brand","embeddable":true,"href":"https:\/\/azurefilm.com\/hr\/wp-json\/wp\/v2\/brand?post=84351"}],"curies":[{"name":"wp","href":"https:\/\/api.w.org\/{rel}","templated":true}]}}