
{"id":84377,"date":"2025-07-30T09:13:28","date_gmt":"2025-07-30T09:13:28","guid":{"rendered":"https:\/\/azurefilm.com\/?post_type=product&#038;p=84377"},"modified":"2025-09-29T11:33:38","modified_gmt":"2025-09-29T11:33:38","slug":"unicorn-k2-plus-komplet-mlaznica-za-brzu-zamjenu","status":"publish","type":"product","link":"https:\/\/azurefilm.com\/hr\/proizvod\/unicorn-k2-plus-komplet-mlaznica-za-brzu-zamjenu\/","title":{"rendered":"Unicorn K2 Plus komplet mlaznica za brzu zamjenu"},"content":{"rendered":"<p><span style=\"font-weight: 400;\">Komplet mlaznica Unicorn K2 Plus za brzu zamjenu originalni je Creality pribor dizajniran za 3D printer K2 Plus. Ovaj komplet uklju\u010duje \u010detiri razli\u010dite veli\u010dine mlaznica za podr\u0161ku raznim potrebama ispisa &#8211; od ispisa s visokim detaljima do ispisa velikom brzinom.<\/span><\/p>\n<p><span style=\"font-weight: 400;\">Uklju\u010dene veli\u010dine mlaznica:<\/span><\/p>\n<ul>\n<li style=\"font-weight: 400;\" aria-level=\"1\"><span style=\"font-weight: 400;\">2x 0,4 mm<\/span><\/li>\n<li style=\"font-weight: 400;\" aria-level=\"1\"><span style=\"font-weight: 400;\">0,6 mm<\/span><\/li>\n<li style=\"font-weight: 400;\" aria-level=\"1\"><span style=\"font-weight: 400;\">0,8 mm<\/span><\/li>\n<\/ul>\n<p><span style=\"font-weight: 400;\">Klju\u010dne zna\u010dajke:<\/span><\/p>\n<ul>\n<li style=\"font-weight: 400;\" aria-level=\"1\"><span style=\"font-weight: 400;\">Sustav brze zamjene: za promjenu mlaznica nije potreban alat<\/span><\/li>\n<li style=\"font-weight: 400;\" aria-level=\"1\"><span style=\"font-weight: 400;\">Precizno obra\u0111ene mesingane mlaznice<\/span><\/li>\n<li style=\"font-weight: 400;\" aria-level=\"1\"><span style=\"font-weight: 400;\">Pogodno za \u0161irok raspon vrsta filamenata<\/span><\/li>\n<\/ul>\n","protected":false},"excerpt":{"rendered":"<p>Kompletni set mlaznica za brzu zamjenu za Creality K2 Plus. Uklju\u010duje 4 mlaznice: 2&#215;0,4 mm, 0,6 mm i 0,8 mm.<\/p>\n","protected":false},"featured_media":84538,"comment_status":"closed","ping_status":"closed","template":"","meta":{"_acf_changed":false},"product_brand":[],"product_cat":[482,509,511,483],"product_tag":[],"brand":[],"class_list":{"0":"post-84377","1":"product","2":"type-product","3":"status-publish","4":"has-post-thumbnail","6":"product_cat-rezervni-dijelovi","7":"product_cat-mlaznice","8":"product_cat-obicne-mlaznice","9":"product_cat-svi-rezervni-dijelovi","10":"pa_compatible-with-creality-fdm-3d-printers","11":"pa_fits-printer-creality-k2-plus","13":"first","14":"outofstock","15":"taxable","16":"shipping-taxable","17":"purchasable","18":"product-type-simple"},"acf":[],"_links":{"self":[{"href":"https:\/\/azurefilm.com\/hr\/wp-json\/wp\/v2\/product\/84377","targetHints":{"allow":["GET"]}}],"collection":[{"href":"https:\/\/azurefilm.com\/hr\/wp-json\/wp\/v2\/product"}],"about":[{"href":"https:\/\/azurefilm.com\/hr\/wp-json\/wp\/v2\/types\/product"}],"replies":[{"embeddable":true,"href":"https:\/\/azurefilm.com\/hr\/wp-json\/wp\/v2\/comments?post=84377"}],"wp:featuredmedia":[{"embeddable":true,"href":"https:\/\/azurefilm.com\/hr\/wp-json\/wp\/v2\/media\/84538"}],"wp:attachment":[{"href":"https:\/\/azurefilm.com\/hr\/wp-json\/wp\/v2\/media?parent=84377"}],"wp:term":[{"taxonomy":"product_brand","embeddable":true,"href":"https:\/\/azurefilm.com\/hr\/wp-json\/wp\/v2\/product_brand?post=84377"},{"taxonomy":"product_cat","embeddable":true,"href":"https:\/\/azurefilm.com\/hr\/wp-json\/wp\/v2\/product_cat?post=84377"},{"taxonomy":"product_tag","embeddable":true,"href":"https:\/\/azurefilm.com\/hr\/wp-json\/wp\/v2\/product_tag?post=84377"},{"taxonomy":"brand","embeddable":true,"href":"https:\/\/azurefilm.com\/hr\/wp-json\/wp\/v2\/brand?post=84377"}],"curies":[{"name":"wp","href":"https:\/\/api.w.org\/{rel}","templated":true}]}}