
{"id":84395,"date":"2025-07-30T09:19:30","date_gmt":"2025-07-30T09:19:30","guid":{"rendered":"https:\/\/azurefilm.com\/?post_type=product&#038;p=84395"},"modified":"2025-07-30T09:19:30","modified_gmt":"2025-07-30T09:19:30","slug":"k2-plus-ventilator","status":"publish","type":"product","link":"https:\/\/azurefilm.com\/hr\/proizvod\/k2-plus-ventilator\/","title":{"rendered":"K2 Plus ventilator"},"content":{"rendered":"<p><span style=\"font-weight: 400;\">K2 <\/span><b>Plus Heatbreak ventilator <\/b><span style=\"font-weight: 400;\">je klju\u010dna nadogradnja hla\u0111enja dizajnirana za optimizaciju upravljanja toplinom va\u0161eg Creality K2 Plus 3D pisa\u010da. Ovaj visokou\u010dinkoviti ventilator u\u010dinkovito hladi dio s heatbreakom hotenda, sprje\u010davaju\u0107i \u0161irenje topline i osiguravaju\u0107i stabilnu ekstruziju tijekom ispisa.<\/span><\/p>\n<p><span style=\"font-weight: 400;\">Odr\u017eavanjem idealne temperature na toplinskom prekidu, ventilator smanjuje rizik od zaglavljivanja filamenta i pobolj\u0161ava ukupnu pouzdanost ispisa, posebno pri ispisu s temperaturno osjetljivim materijalima poput PLA, TPU ili fleksibilnih filamenata. Njegov kompaktni dizajn savr\u0161eno se uklapa u K2 Plus postavku, omogu\u0107uju\u0107i jednostavnu zamjenu ili nadogradnju bez kompliciranih pode\u0161avanja.<\/span><\/p>\n<p><span style=\"font-weight: 400;\">Klju\u010dne zna\u010dajke:<\/span><\/p>\n<ul>\n<li style=\"font-weight: 400;\" aria-level=\"1\"><span style=\"font-weight: 400;\">U\u010dinkovito hla\u0111enje za toplinski prekid i stabilnost hotenda<\/span><\/li>\n<li style=\"font-weight: 400;\" aria-level=\"1\"><span style=\"font-weight: 400;\">Smanjuje zaglavljivanje filamenta uzrokovano toplinskim puzanjem<\/span><\/li>\n<li style=\"font-weight: 400;\" aria-level=\"1\"><span style=\"font-weight: 400;\">Dizajnirano isklju\u010divo za Creality K2 Plus<\/span><\/li>\n<li style=\"font-weight: 400;\" aria-level=\"1\"><span style=\"font-weight: 400;\">Jednostavna instalacija s plug-and-play dizajnom<\/span><\/li>\n<li style=\"font-weight: 400;\" aria-level=\"1\"><span style=\"font-weight: 400;\">Podr\u017eava ispis sa \u0161irokim rasponom vrsta filamenata<\/span><\/li>\n<\/ul>\n","protected":false},"excerpt":{"rendered":"<p><span style=\"font-weight: 400;\">Pobolj\u0161ajte u\u010dinkovitost hla\u0111enja svog Creality K2 Plus 3D printera s K2 Plus Heatbreak ventilatorom za bolje odvo\u0111enje topline i pobolj\u0161anu kvalitetu ispisa.<\/span><\/p>\n","protected":false},"featured_media":84581,"comment_status":"closed","ping_status":"closed","template":"","meta":{"_acf_changed":false},"product_brand":[],"product_cat":[482,483,499],"product_tag":[],"brand":[],"class_list":{"0":"post-84395","1":"product","2":"type-product","3":"status-publish","4":"has-post-thumbnail","6":"product_cat-rezervni-dijelovi","7":"product_cat-svi-rezervni-dijelovi","8":"product_cat-ventilatori","9":"pa_compatible-with-creality-fdm-3d-printers","10":"pa_fits-printer-creality-k2-plus","12":"first","13":"instock","14":"taxable","15":"shipping-taxable","16":"purchasable","17":"product-type-simple"},"acf":[],"_links":{"self":[{"href":"https:\/\/azurefilm.com\/hr\/wp-json\/wp\/v2\/product\/84395","targetHints":{"allow":["GET"]}}],"collection":[{"href":"https:\/\/azurefilm.com\/hr\/wp-json\/wp\/v2\/product"}],"about":[{"href":"https:\/\/azurefilm.com\/hr\/wp-json\/wp\/v2\/types\/product"}],"replies":[{"embeddable":true,"href":"https:\/\/azurefilm.com\/hr\/wp-json\/wp\/v2\/comments?post=84395"}],"wp:featuredmedia":[{"embeddable":true,"href":"https:\/\/azurefilm.com\/hr\/wp-json\/wp\/v2\/media\/84581"}],"wp:attachment":[{"href":"https:\/\/azurefilm.com\/hr\/wp-json\/wp\/v2\/media?parent=84395"}],"wp:term":[{"taxonomy":"product_brand","embeddable":true,"href":"https:\/\/azurefilm.com\/hr\/wp-json\/wp\/v2\/product_brand?post=84395"},{"taxonomy":"product_cat","embeddable":true,"href":"https:\/\/azurefilm.com\/hr\/wp-json\/wp\/v2\/product_cat?post=84395"},{"taxonomy":"product_tag","embeddable":true,"href":"https:\/\/azurefilm.com\/hr\/wp-json\/wp\/v2\/product_tag?post=84395"},{"taxonomy":"brand","embeddable":true,"href":"https:\/\/azurefilm.com\/hr\/wp-json\/wp\/v2\/brand?post=84395"}],"curies":[{"name":"wp","href":"https:\/\/api.w.org\/{rel}","templated":true}]}}