
{"id":84441,"date":"2025-07-30T09:23:02","date_gmt":"2025-07-30T09:23:02","guid":{"rendered":"https:\/\/azurefilm.com\/?post_type=product&#038;p=84441"},"modified":"2025-07-30T09:23:02","modified_gmt":"2025-07-30T09:23:02","slug":"k2-plus-pei-matirana-gradivna-ploca","status":"publish","type":"product","link":"https:\/\/azurefilm.com\/hr\/proizvod\/k2-plus-pei-matirana-gradivna-ploca\/","title":{"rendered":"K2 Plus PEI matirana gradivna plo\u010da"},"content":{"rendered":"<p><span style=\"font-weight: 400;\">K2 Plus PEI matirana plo\u010da za izradu nudi pouzdanu povr\u0161inu za ispis dizajniranu za Creality K2 Plus. Njezin PEI premaz pru\u017ea izvrsno prianjanje za \u0161irok raspon filamenata, poma\u017eu\u0107i da se va\u0161i otisci \u010dvrsto zalijepe tijekom ispisa i lako odvoje nakon hla\u0111enja. Matirana tekstura pobolj\u0161ava prianjanje prvog sloja i smanjuje savijanje, daju\u0107i vam glatkije i dosljednije rezultate. Izdr\u017eljiva i jednostavna za \u010di\u0161\u0107enje, ova plo\u010da za izradu jednostavna je nadogradnja koja pobolj\u0161ava va\u0161e iskustvo ispisa uz minimalan napor.<\/span><\/p>\n<p><span style=\"font-weight: 400;\">Klju\u010dne zna\u010dajke:<\/span><\/p>\n<ul>\n<li style=\"font-weight: 400;\" aria-level=\"1\"><span style=\"font-weight: 400;\">Sna\u017eno prianjanje s PEI matiranom povr\u0161inom<\/span><\/li>\n<li style=\"font-weight: 400;\" aria-level=\"1\"><span style=\"font-weight: 400;\">Jednostavno uklanjanje otiska nakon hla\u0111enja<\/span><\/li>\n<li style=\"font-weight: 400;\" aria-level=\"1\"><span style=\"font-weight: 400;\">Kompatibilno s Creality K2 Plus<\/span><\/li>\n<li style=\"font-weight: 400;\" aria-level=\"1\"><span style=\"font-weight: 400;\">Podr\u017eava PLA, ABS, PETG, TPU i jo\u0161 mnogo toga<\/span><\/li>\n<li style=\"font-weight: 400;\" aria-level=\"1\"><span style=\"font-weight: 400;\">Izdr\u017eljiv i jednostavan za odr\u017eavanje<\/span><\/li>\n<\/ul>\n","protected":false},"excerpt":{"rendered":"<p><span style=\"font-weight: 400;\">Kupite K2 Plus PEI matiranu gradivnu plo\u010du za izvrsno prianjanje i jednostavno uklanjanje otiska.<\/span><\/p>\n","protected":false},"featured_media":84665,"comment_status":"closed","ping_status":"closed","template":"","meta":{"_acf_changed":false},"product_brand":[],"product_cat":[482,808,491,483],"product_tag":[],"brand":[],"class_list":{"0":"post-84441","1":"product","2":"type-product","3":"status-publish","4":"has-post-thumbnail","6":"product_cat-rezervni-dijelovi","7":"product_cat-izradne-povrsine-hr","8":"product_cat-pei-ploce","9":"product_cat-svi-rezervni-dijelovi","10":"pa_compatible-with-creality-fdm-3d-printers","11":"pa_fits-printer-creality-k2-plus","13":"first","14":"outofstock","15":"taxable","16":"shipping-taxable","17":"purchasable","18":"product-type-simple"},"acf":[],"_links":{"self":[{"href":"https:\/\/azurefilm.com\/hr\/wp-json\/wp\/v2\/product\/84441","targetHints":{"allow":["GET"]}}],"collection":[{"href":"https:\/\/azurefilm.com\/hr\/wp-json\/wp\/v2\/product"}],"about":[{"href":"https:\/\/azurefilm.com\/hr\/wp-json\/wp\/v2\/types\/product"}],"replies":[{"embeddable":true,"href":"https:\/\/azurefilm.com\/hr\/wp-json\/wp\/v2\/comments?post=84441"}],"wp:featuredmedia":[{"embeddable":true,"href":"https:\/\/azurefilm.com\/hr\/wp-json\/wp\/v2\/media\/84665"}],"wp:attachment":[{"href":"https:\/\/azurefilm.com\/hr\/wp-json\/wp\/v2\/media?parent=84441"}],"wp:term":[{"taxonomy":"product_brand","embeddable":true,"href":"https:\/\/azurefilm.com\/hr\/wp-json\/wp\/v2\/product_brand?post=84441"},{"taxonomy":"product_cat","embeddable":true,"href":"https:\/\/azurefilm.com\/hr\/wp-json\/wp\/v2\/product_cat?post=84441"},{"taxonomy":"product_tag","embeddable":true,"href":"https:\/\/azurefilm.com\/hr\/wp-json\/wp\/v2\/product_tag?post=84441"},{"taxonomy":"brand","embeddable":true,"href":"https:\/\/azurefilm.com\/hr\/wp-json\/wp\/v2\/brand?post=84441"}],"curies":[{"name":"wp","href":"https:\/\/api.w.org\/{rel}","templated":true}]}}