
{"id":84447,"date":"2025-07-30T09:24:47","date_gmt":"2025-07-30T09:24:47","guid":{"rendered":"https:\/\/azurefilm.com\/?post_type=product&#038;p=84447"},"modified":"2025-07-30T09:24:47","modified_gmt":"2025-07-30T09:24:47","slug":"k2-plus-ploca-za-izradu-od-epoksidne-smole","status":"publish","type":"product","link":"https:\/\/azurefilm.com\/hr\/proizvod\/k2-plus-ploca-za-izradu-od-epoksidne-smole\/","title":{"rendered":"K2 Plus plo\u010da za izradu od epoksidne smole"},"content":{"rendered":"<p><span style=\"font-weight: 400;\">K2 Plus epoksidna plo\u010da za izradu projektirana je za pobolj\u0161ane performanse ispisa na Creality K2 Plus. Zahvaljuju\u0107i visokokvalitetnom premazu od epoksidne smole, ova plo\u010da za izradu nudi izvrsno prianjanje za razne filamente, a istovremeno osigurava jednostavno uklanjanje gotovih otisaka. Njena izdr\u017eljiva povr\u0161ina otporna je na ogrebotine i habanje, pru\u017eaju\u0107i stabilnu i pouzdanu podlogu za ispis za dosljedne rezultate. Savr\u0161ena za korisnike koji tra\u017ee robusnu i dugotrajnu nadogradnju za pobolj\u0161anje kvalitete ispisa i prianjanja podloge.<\/span><\/p>\n<p><span style=\"font-weight: 400;\">Klju\u010dne zna\u010dajke:<\/span><\/p>\n<ul>\n<li style=\"font-weight: 400;\" aria-level=\"1\"><span style=\"font-weight: 400;\">Izdr\u017eljiva povr\u0161ina epoksidne smole za sna\u017eno prianjanje<\/span><\/li>\n<li style=\"font-weight: 400;\" aria-level=\"1\"><span style=\"font-weight: 400;\">Jednostavno uklanjanje otiska bez o\u0161te\u0107enja<\/span><\/li>\n<li style=\"font-weight: 400;\" aria-level=\"1\"><span style=\"font-weight: 400;\">Kompatibilno s Creality K2 Plus<\/span><\/li>\n<li style=\"font-weight: 400;\" aria-level=\"1\"><span style=\"font-weight: 400;\">Podr\u017eava vi\u0161e vrsta filamenata, uklju\u010duju\u0107i PLA, ABS, PETG<\/span><\/li>\n<li style=\"font-weight: 400;\" aria-level=\"1\"><span style=\"font-weight: 400;\">Otporno na ogrebotine i dugotrajno<\/span><\/li>\n<\/ul>\n","protected":false},"excerpt":{"rendered":"<p><span style=\"font-weight: 400;\">Nadogradite svoj Creality K2 Plus epoksidnom plo\u010dom za izradu za vrhunsko prianjanje i dugotrajnu izdr\u017eljivost.<\/span><\/p>\n","protected":false},"featured_media":84725,"comment_status":"closed","ping_status":"closed","template":"","meta":{"_acf_changed":false},"product_brand":[],"product_cat":[482,808,483],"product_tag":[],"brand":[],"class_list":{"0":"post-84447","1":"product","2":"type-product","3":"status-publish","4":"has-post-thumbnail","6":"product_cat-rezervni-dijelovi","7":"product_cat-izradne-povrsine-hr","8":"product_cat-svi-rezervni-dijelovi","9":"pa_compatible-with-creality-fdm-3d-printers","10":"pa_fits-printer-creality-k2-plus","12":"first","13":"outofstock","14":"taxable","15":"shipping-taxable","16":"purchasable","17":"product-type-simple"},"acf":[],"_links":{"self":[{"href":"https:\/\/azurefilm.com\/hr\/wp-json\/wp\/v2\/product\/84447","targetHints":{"allow":["GET"]}}],"collection":[{"href":"https:\/\/azurefilm.com\/hr\/wp-json\/wp\/v2\/product"}],"about":[{"href":"https:\/\/azurefilm.com\/hr\/wp-json\/wp\/v2\/types\/product"}],"replies":[{"embeddable":true,"href":"https:\/\/azurefilm.com\/hr\/wp-json\/wp\/v2\/comments?post=84447"}],"wp:featuredmedia":[{"embeddable":true,"href":"https:\/\/azurefilm.com\/hr\/wp-json\/wp\/v2\/media\/84725"}],"wp:attachment":[{"href":"https:\/\/azurefilm.com\/hr\/wp-json\/wp\/v2\/media?parent=84447"}],"wp:term":[{"taxonomy":"product_brand","embeddable":true,"href":"https:\/\/azurefilm.com\/hr\/wp-json\/wp\/v2\/product_brand?post=84447"},{"taxonomy":"product_cat","embeddable":true,"href":"https:\/\/azurefilm.com\/hr\/wp-json\/wp\/v2\/product_cat?post=84447"},{"taxonomy":"product_tag","embeddable":true,"href":"https:\/\/azurefilm.com\/hr\/wp-json\/wp\/v2\/product_tag?post=84447"},{"taxonomy":"brand","embeddable":true,"href":"https:\/\/azurefilm.com\/hr\/wp-json\/wp\/v2\/brand?post=84447"}],"curies":[{"name":"wp","href":"https:\/\/api.w.org\/{rel}","templated":true}]}}