
{"id":84480,"date":"2025-07-30T09:33:54","date_gmt":"2025-07-30T09:33:54","guid":{"rendered":"https:\/\/azurefilm.com\/?post_type=product&#038;p=84480"},"modified":"2026-02-15T16:58:33","modified_gmt":"2026-02-15T16:58:33","slug":"k1-max-unicorn-brza-zamjena-mlaznice-duga-verzija","status":"publish","type":"product","link":"https:\/\/azurefilm.com\/hr\/proizvod\/k1-max-unicorn-brza-zamjena-mlaznice-duga-verzija\/","title":{"rendered":"K1 Max Unicorn brza zamjena mlaznice duga verzija"},"content":{"rendered":"<p><span style=\"font-weight: 400;\">K1 Max Unicorn mlaznica za brzu zamjenu (duga verzija) je visokou\u010dinkovita, lako zamjenjiva mlaznica dizajnirana posebno za Creality K1 Max 3D printer. Njegov mehanizam za brzu zamjenu omogu\u0107uje vam promjenu mlaznica u sekundama &#8211; bez alata ili potpunog rastavljanja &#8211; \u0161to je \u010dini savr\u0161enom za korisnike koji cijene u\u010dinkovitost i fleksibilnost.<\/span><\/p>\n<p><span style=\"font-weight: 400;\">Ova duga verzija osigurava stabilno prianjanje i pouzdane performanse te je dostupna u tri veli\u010dine kako bi odgovarala razli\u010ditim potrebama ispisa:<\/span><\/p>\n<ul>\n<li style=\"font-weight: 400;\" aria-level=\"1\"><span style=\"font-weight: 400;\">0,4 mm \u2013 Idealno za ispise s visokim detaljima i finu povr\u0161insku obradu<\/span><\/li>\n<li style=\"font-weight: 400;\" aria-level=\"1\"><span style=\"font-weight: 400;\">0,6 mm \u2013 Izvrstan balans izme\u0111u brzine i detalja<\/span><\/li>\n<li style=\"font-weight: 400;\" aria-level=\"1\"><span style=\"font-weight: 400;\">0,8 mm \u2013 Najbolje za br\u017ee ispise i ja\u010de lijepljenje slojeva<\/span><span style=\"font-weight: 400;\">\n<p><\/span><\/li>\n<\/ul>\n<p><span style=\"font-weight: 400;\">Klju\u010dne zna\u010dajke:<\/span><\/p>\n<ul>\n<li style=\"font-weight: 400;\" aria-level=\"1\"><span style=\"font-weight: 400;\">Dizajn za brzu zamjenu mlaznica bez alata<\/span><\/li>\n<li style=\"font-weight: 400;\" aria-level=\"1\"><span style=\"font-weight: 400;\">Duga verzija osigurava sigurno prianjanje i stabilnu ekstruziju<\/span><\/li>\n<li style=\"font-weight: 400;\" aria-level=\"1\"><span style=\"font-weight: 400;\">Dostupno u veli\u010dinama od 0,4 mm, 0,6 mm i 0,8 mm<\/span><\/li>\n<li style=\"font-weight: 400;\" aria-level=\"1\"><span style=\"font-weight: 400;\">Kompatibilno s Creality K1 Max<\/span><\/li>\n<li style=\"font-weight: 400;\" aria-level=\"1\"><span style=\"font-weight: 400;\">Izdr\u017eljiva konstrukcija za dugotrajnu upotrebu<\/span><\/li>\n<li style=\"font-weight: 400;\" aria-level=\"1\"><span style=\"font-weight: 400;\">Pogodno za razli\u010dite filamente i stilove tiska<\/span><\/li>\n<\/ul>\n","protected":false},"excerpt":{"rendered":"<p><span style=\"font-weight: 400;\">Odaberite izme\u0111u mlaznica Unicorn za brzu izmjenu (duga verzija) od 0,4 mm, 0,6 mm ili 0,8 mm za svoj Creality K1 Max i u\u017eivajte u brzim promjenama s preciznim rezultatima.<\/span><\/p>\n","protected":false},"featured_media":84786,"comment_status":"closed","ping_status":"closed","template":"","meta":{"_acf_changed":false},"product_brand":[],"product_cat":[482,509,511,483],"product_tag":[],"brand":[830],"class_list":{"0":"post-84480","1":"product","2":"type-product","3":"status-publish","4":"has-post-thumbnail","6":"product_cat-rezervni-dijelovi","7":"product_cat-mlaznice","8":"product_cat-obicne-mlaznice","9":"product_cat-svi-rezervni-dijelovi","10":"pa_compatible-with-creality-fdm-3d-printers-hr","11":"pa_fits-printer-creality-k1-max-hr","12":"pa_nozzle-diameter-0-4mm-hr","13":"pa_nozzle-diameter-0-6mm-hr","14":"pa_nozzle-diameter-0-8mm-hr","15":"brand-creality-hr","17":"first","18":"instock","19":"taxable","20":"shipping-taxable","21":"purchasable","22":"product-type-variable"},"acf":[],"_links":{"self":[{"href":"https:\/\/azurefilm.com\/hr\/wp-json\/wp\/v2\/product\/84480","targetHints":{"allow":["GET"]}}],"collection":[{"href":"https:\/\/azurefilm.com\/hr\/wp-json\/wp\/v2\/product"}],"about":[{"href":"https:\/\/azurefilm.com\/hr\/wp-json\/wp\/v2\/types\/product"}],"replies":[{"embeddable":true,"href":"https:\/\/azurefilm.com\/hr\/wp-json\/wp\/v2\/comments?post=84480"}],"wp:featuredmedia":[{"embeddable":true,"href":"https:\/\/azurefilm.com\/hr\/wp-json\/wp\/v2\/media\/84786"}],"wp:attachment":[{"href":"https:\/\/azurefilm.com\/hr\/wp-json\/wp\/v2\/media?parent=84480"}],"wp:term":[{"taxonomy":"product_brand","embeddable":true,"href":"https:\/\/azurefilm.com\/hr\/wp-json\/wp\/v2\/product_brand?post=84480"},{"taxonomy":"product_cat","embeddable":true,"href":"https:\/\/azurefilm.com\/hr\/wp-json\/wp\/v2\/product_cat?post=84480"},{"taxonomy":"product_tag","embeddable":true,"href":"https:\/\/azurefilm.com\/hr\/wp-json\/wp\/v2\/product_tag?post=84480"},{"taxonomy":"brand","embeddable":true,"href":"https:\/\/azurefilm.com\/hr\/wp-json\/wp\/v2\/brand?post=84480"}],"curies":[{"name":"wp","href":"https:\/\/api.w.org\/{rel}","templated":true}]}}