
{"id":84502,"date":"2025-07-30T09:58:00","date_gmt":"2025-07-30T09:58:00","guid":{"rendered":"https:\/\/azurefilm.com\/?post_type=product&#038;p=84502"},"modified":"2025-07-30T09:58:01","modified_gmt":"2025-07-30T09:58:01","slug":"k2-plus-napajanje","status":"publish","type":"product","link":"https:\/\/azurefilm.com\/hr\/proizvod\/k2-plus-napajanje\/","title":{"rendered":"K2 Plus napajanje"},"content":{"rendered":"<p><span style=\"font-weight: 400;\">K2 Plus napajanje je originalna zamjenska komponenta posebno dizajnirana za Creality K2 Plus 3D pisa\u010d. Dizajnirano za stabilnu i u\u010dinkovitu isporuku napajanja, osigurava pouzdan rad va\u0161eg pisa\u010da tijekom dugih i zahtjevnih ispisa. S ugra\u0111enim za\u0161titnim zna\u010dajkama od prenapona, pregrijavanja i kratkog spoja, ovo napajanje \u0161titi i va\u0161 pisa\u010d i ispise.<\/span><\/p>\n<p><span style=\"font-weight: 400;\">Njegov kompaktan i izdr\u017eljiv dizajn olak\u0161ava instalaciju i idealan je za korisnike kojima je potreban pouzdan izvor napajanja ili izravna zamjena za postoje\u0107i ure\u0111aj.<\/span><\/p>\n<p><span style=\"font-weight: 400;\">Klju\u010dne zna\u010dajke:<\/span><\/p>\n<ul>\n<li style=\"font-weight: 400;\" aria-level=\"1\"><span style=\"font-weight: 400;\">Slu\u017ebeno napajanje za Creality K2 Plus<\/span><\/li>\n<li style=\"font-weight: 400;\" aria-level=\"1\"><span style=\"font-weight: 400;\">Pru\u017ea dosljedne i stabilne performanse<\/span><\/li>\n<li style=\"font-weight: 400;\" aria-level=\"1\"><span style=\"font-weight: 400;\">Ugra\u0111ene sigurnosne zna\u010dajke (za\u0161tita od prenapona, pregrijavanja, kratkog spoja)<\/span><\/li>\n<li style=\"font-weight: 400;\" aria-level=\"1\"><span style=\"font-weight: 400;\">Kompaktan, izdr\u017eljiv i jednostavan za ugradnju<\/span><\/li>\n<li style=\"font-weight: 400;\" aria-level=\"1\"><span style=\"font-weight: 400;\">Osigurava pouzdan rad tijekom dugih sesija ispisa<\/span><\/li>\n<\/ul>\n","protected":false},"excerpt":{"rendered":"<p><span style=\"font-weight: 400;\">Pouzdano i u\u010dinkovito napajanje za Creality K2 Plus &#8211; osigurava stabilne performanse i dosljednu kvalitetu ispisa.<\/span><\/p>\n","protected":false},"featured_media":84896,"comment_status":"closed","ping_status":"closed","template":"","meta":{"_acf_changed":false},"product_brand":[],"product_cat":[482,809,483],"product_tag":[],"brand":[],"class_list":{"0":"post-84502","1":"product","2":"type-product","3":"status-publish","4":"has-post-thumbnail","6":"product_cat-rezervni-dijelovi","7":"product_cat-elektronika-hr","8":"product_cat-svi-rezervni-dijelovi","9":"pa_compatible-with-creality-fdm-3d-printers","10":"pa_fits-printer-creality-k2-plus","12":"first","13":"instock","14":"taxable","15":"shipping-taxable","16":"purchasable","17":"product-type-simple"},"acf":[],"_links":{"self":[{"href":"https:\/\/azurefilm.com\/hr\/wp-json\/wp\/v2\/product\/84502","targetHints":{"allow":["GET"]}}],"collection":[{"href":"https:\/\/azurefilm.com\/hr\/wp-json\/wp\/v2\/product"}],"about":[{"href":"https:\/\/azurefilm.com\/hr\/wp-json\/wp\/v2\/types\/product"}],"replies":[{"embeddable":true,"href":"https:\/\/azurefilm.com\/hr\/wp-json\/wp\/v2\/comments?post=84502"}],"wp:featuredmedia":[{"embeddable":true,"href":"https:\/\/azurefilm.com\/hr\/wp-json\/wp\/v2\/media\/84896"}],"wp:attachment":[{"href":"https:\/\/azurefilm.com\/hr\/wp-json\/wp\/v2\/media?parent=84502"}],"wp:term":[{"taxonomy":"product_brand","embeddable":true,"href":"https:\/\/azurefilm.com\/hr\/wp-json\/wp\/v2\/product_brand?post=84502"},{"taxonomy":"product_cat","embeddable":true,"href":"https:\/\/azurefilm.com\/hr\/wp-json\/wp\/v2\/product_cat?post=84502"},{"taxonomy":"product_tag","embeddable":true,"href":"https:\/\/azurefilm.com\/hr\/wp-json\/wp\/v2\/product_tag?post=84502"},{"taxonomy":"brand","embeddable":true,"href":"https:\/\/azurefilm.com\/hr\/wp-json\/wp\/v2\/brand?post=84502"}],"curies":[{"name":"wp","href":"https:\/\/api.w.org\/{rel}","templated":true}]}}