
{"id":85069,"date":"2025-07-31T10:45:44","date_gmt":"2025-07-31T10:45:44","guid":{"rendered":"https:\/\/azurefilm.com\/?post_type=product&#038;p=85069"},"modified":"2026-03-02T18:35:57","modified_gmt":"2026-03-02T18:35:57","slug":"super-pack-pla-black-white","status":"publish","type":"product","link":"https:\/\/azurefilm.com\/hr\/proizvod\/super-pack-pla-black-white\/","title":{"rendered":"SUPER PACK PLA BLACK &#038; WHITE"},"content":{"rendered":"<h2><b>Refill PLA<\/b><\/h2>\n<p><span style=\"font-weight: 400;\">Refill PLA filamenti imaju potpuno ista svojstva kao i na\u0161 PLA Original. Ti su filamenti <\/span><b>ekolo\u0161ki prihvatljiv izbor <\/b><span style=\"font-weight: 400;\">koju nudi pouzdane performanse i dosljedne rezultate. Nadalje, na\u0161i Refill PLA filamenti su <\/span><b>jednostavni za printanje i izvrsni za po\u010detnike<\/b><span style=\"font-weight: 400;\">.\u00a0<\/span><\/p>\n<h3><strong>\u0160to je novo?<\/strong><\/h3>\n<ul>\n<li><span style=\"font-weight: 400;\">Uklonili smo plasti\u010dne zatvara\u010de i zamijenili ih boljom opcijom kako bismo olak\u0161ali raspakiranje<\/span><span style=\"font-weight: 400;\">.<\/span><\/li>\n<li><span style=\"font-weight: 400;\">Rep filamenta sada je potpuno ravan. To sprje\u010dava zaglavljenje u \u0161puli i uni\u0161tavanje va\u0161eg printa kada filament nestane<\/span><span style=\"font-weight: 400;\">.<\/span><\/li>\n<li><b>Savr\u0161ena kompatibilnost s AzureFilm i Bambu Lab \u0161pulama<\/b><b>.<\/b><\/li>\n<\/ul>\n<h3><strong>Preporuke za printanje:<\/strong><\/h3>\n<ul>\n<li style=\"font-weight: 400;\" aria-level=\"1\"><span style=\"font-weight: 400;\">Za najbolje rezultate printati na temperaturi od<\/span><span style=\"font-weight: 400;\"> 200\u2013230\u00b0.*\u00a0<\/span><\/li>\n<li style=\"font-weight: 400;\" aria-level=\"1\"><span style=\"font-weight: 400;\">Me\u0111utim, ne trebate grijano postolje, preporu\u010dujemo da prethodno zagrijete svoje ispisno postolje na <\/span><span style=\"font-weight: 400;\">50\u201360\u00b0C.<\/span><\/li>\n<li style=\"font-weight: 400;\" aria-level=\"1\"><span style=\"font-weight: 400;\">Koristite staklenu podlogu, PEI foliju, kapton ili plavu traku za izradnu platformu s 3Dlac sprejom<\/span><span style=\"font-weight: 400;\">.<\/span><\/li>\n<\/ul>\n<p><i><span style=\"font-weight: 400;\">*Idealna temperatura mo\u017ee varirati ovisno o kori\u0161tenom pisa\u010du.<\/span><\/i><\/p>\n\n  \n    <div class=\"row large-columns-4 medium-columns-3 small-columns-2\" >\n  <div class=\"gallery-col col\" >\n          <div class=\"col-inner\">\n            <a class=\"image-lightbox lightbox-gallery\" href=\"https:\/\/azurefilm.com\/wp-content\/uploads\/3-12-1024x1024.jpg\" title=\"\">            <div class=\"box has-hover gallery-box box-overlay dark\">\n              <div class=\"box-image\" >\n                <img loading=\"lazy\" decoding=\"async\" width=\"300\" height=\"300\" src=\"https:\/\/azurefilm.com\/wp-content\/uploads\/3-12-300x300.jpg\" class=\"attachment-medium size-medium\" alt=\"\" ids=\"75645,75675,75663,75657,75669,75651,75681,75687\" srcset=\"https:\/\/azurefilm.com\/wp-content\/uploads\/3-12-300x300.jpg 300w, https:\/\/azurefilm.com\/wp-content\/uploads\/3-12-274x274.jpg 274w, https:\/\/azurefilm.com\/wp-content\/uploads\/3-12-100x100.jpg 100w, https:\/\/azurefilm.com\/wp-content\/uploads\/3-12-510x510.jpg 510w, https:\/\/azurefilm.com\/wp-content\/uploads\/3-12-1024x1024.jpg 1024w, https:\/\/azurefilm.com\/wp-content\/uploads\/3-12-150x150.jpg 150w, https:\/\/azurefilm.com\/wp-content\/uploads\/3-12-768x768.jpg 768w, https:\/\/azurefilm.com\/wp-content\/uploads\/3-12.jpg 1200w\" sizes=\"auto, (max-width: 300px) 100vw, 300px\" title=\"\">                                  <div class=\"overlay fill\"\n                      style=\"background-color: rgba(0,0,0,.15)\">\n                  <\/div>\n                                                              <\/div>\n              <div class=\"box-text text-left\" >\n                 <p><\/p>\n              <\/div>\n            <\/div>\n            <\/a>          <\/div>\n         <\/div><div class=\"gallery-col col\" >\n          <div class=\"col-inner\">\n            <a class=\"image-lightbox lightbox-gallery\" href=\"https:\/\/azurefilm.com\/wp-content\/uploads\/8-8-1024x1024.jpg\" title=\"\">            <div class=\"box has-hover gallery-box box-overlay dark\">\n              <div class=\"box-image\" >\n                <img loading=\"lazy\" decoding=\"async\" width=\"300\" height=\"300\" src=\"https:\/\/azurefilm.com\/wp-content\/uploads\/8-8-300x300.jpg\" class=\"attachment-medium size-medium\" alt=\"\" ids=\"75645,75675,75663,75657,75669,75651,75681,75687\" srcset=\"https:\/\/azurefilm.com\/wp-content\/uploads\/8-8-300x300.jpg 300w, https:\/\/azurefilm.com\/wp-content\/uploads\/8-8-274x274.jpg 274w, https:\/\/azurefilm.com\/wp-content\/uploads\/8-8-100x100.jpg 100w, https:\/\/azurefilm.com\/wp-content\/uploads\/8-8-510x510.jpg 510w, https:\/\/azurefilm.com\/wp-content\/uploads\/8-8-1024x1024.jpg 1024w, https:\/\/azurefilm.com\/wp-content\/uploads\/8-8-150x150.jpg 150w, https:\/\/azurefilm.com\/wp-content\/uploads\/8-8-768x768.jpg 768w, https:\/\/azurefilm.com\/wp-content\/uploads\/8-8.jpg 1200w\" sizes=\"auto, (max-width: 300px) 100vw, 300px\" title=\"\">                                  <div class=\"overlay fill\"\n                      style=\"background-color: rgba(0,0,0,.15)\">\n                  <\/div>\n                                                              <\/div>\n              <div class=\"box-text text-left\" >\n                 <p><\/p>\n              <\/div>\n            <\/div>\n            <\/a>          <\/div>\n         <\/div><div class=\"gallery-col col\" >\n          <div class=\"col-inner\">\n            <a class=\"image-lightbox lightbox-gallery\" href=\"https:\/\/azurefilm.com\/wp-content\/uploads\/6-11-1024x1024.jpg\" title=\"\">            <div class=\"box has-hover gallery-box box-overlay dark\">\n              <div class=\"box-image\" >\n                <img loading=\"lazy\" decoding=\"async\" width=\"300\" height=\"300\" src=\"https:\/\/azurefilm.com\/wp-content\/uploads\/6-11-300x300.jpg\" class=\"attachment-medium size-medium\" alt=\"\" ids=\"75645,75675,75663,75657,75669,75651,75681,75687\" srcset=\"https:\/\/azurefilm.com\/wp-content\/uploads\/6-11-300x300.jpg 300w, https:\/\/azurefilm.com\/wp-content\/uploads\/6-11-274x274.jpg 274w, https:\/\/azurefilm.com\/wp-content\/uploads\/6-11-100x100.jpg 100w, https:\/\/azurefilm.com\/wp-content\/uploads\/6-11-510x510.jpg 510w, https:\/\/azurefilm.com\/wp-content\/uploads\/6-11-1024x1024.jpg 1024w, https:\/\/azurefilm.com\/wp-content\/uploads\/6-11-150x150.jpg 150w, https:\/\/azurefilm.com\/wp-content\/uploads\/6-11-768x768.jpg 768w, https:\/\/azurefilm.com\/wp-content\/uploads\/6-11.jpg 1200w\" sizes=\"auto, (max-width: 300px) 100vw, 300px\" title=\"\">                                  <div class=\"overlay fill\"\n                      style=\"background-color: rgba(0,0,0,.15)\">\n                  <\/div>\n                                                              <\/div>\n              <div class=\"box-text text-left\" >\n                 <p><\/p>\n              <\/div>\n            <\/div>\n            <\/a>          <\/div>\n         <\/div><div class=\"gallery-col col\" >\n          <div class=\"col-inner\">\n            <a class=\"image-lightbox lightbox-gallery\" href=\"https:\/\/azurefilm.com\/wp-content\/uploads\/5-12-1024x1024.jpg\" title=\"\">            <div class=\"box has-hover gallery-box box-overlay dark\">\n              <div class=\"box-image\" >\n                <img loading=\"lazy\" decoding=\"async\" width=\"300\" height=\"300\" src=\"https:\/\/azurefilm.com\/wp-content\/uploads\/5-12-300x300.jpg\" class=\"attachment-medium size-medium\" alt=\"\" ids=\"75645,75675,75663,75657,75669,75651,75681,75687\" srcset=\"https:\/\/azurefilm.com\/wp-content\/uploads\/5-12-300x300.jpg 300w, https:\/\/azurefilm.com\/wp-content\/uploads\/5-12-274x274.jpg 274w, https:\/\/azurefilm.com\/wp-content\/uploads\/5-12-100x100.jpg 100w, https:\/\/azurefilm.com\/wp-content\/uploads\/5-12-510x510.jpg 510w, https:\/\/azurefilm.com\/wp-content\/uploads\/5-12-1024x1024.jpg 1024w, https:\/\/azurefilm.com\/wp-content\/uploads\/5-12-150x150.jpg 150w, https:\/\/azurefilm.com\/wp-content\/uploads\/5-12-768x768.jpg 768w, https:\/\/azurefilm.com\/wp-content\/uploads\/5-12.jpg 1200w\" sizes=\"auto, (max-width: 300px) 100vw, 300px\" title=\"\">                                  <div class=\"overlay fill\"\n                      style=\"background-color: rgba(0,0,0,.15)\">\n                  <\/div>\n                                                              <\/div>\n              <div class=\"box-text text-left\" >\n                 <p><\/p>\n              <\/div>\n            <\/div>\n            <\/a>          <\/div>\n         <\/div><div class=\"gallery-col col\" >\n          <div class=\"col-inner\">\n            <a class=\"image-lightbox lightbox-gallery\" href=\"https:\/\/azurefilm.com\/wp-content\/uploads\/7-8-1024x1024.jpg\" title=\"\">            <div class=\"box has-hover gallery-box box-overlay dark\">\n              <div class=\"box-image\" >\n                <img loading=\"lazy\" decoding=\"async\" width=\"300\" height=\"300\" src=\"https:\/\/azurefilm.com\/wp-content\/uploads\/7-8-300x300.jpg\" class=\"attachment-medium size-medium\" alt=\"\" ids=\"75645,75675,75663,75657,75669,75651,75681,75687\" srcset=\"https:\/\/azurefilm.com\/wp-content\/uploads\/7-8-300x300.jpg 300w, https:\/\/azurefilm.com\/wp-content\/uploads\/7-8-274x274.jpg 274w, https:\/\/azurefilm.com\/wp-content\/uploads\/7-8-100x100.jpg 100w, https:\/\/azurefilm.com\/wp-content\/uploads\/7-8-510x510.jpg 510w, https:\/\/azurefilm.com\/wp-content\/uploads\/7-8-1024x1024.jpg 1024w, https:\/\/azurefilm.com\/wp-content\/uploads\/7-8-150x150.jpg 150w, https:\/\/azurefilm.com\/wp-content\/uploads\/7-8-768x768.jpg 768w, https:\/\/azurefilm.com\/wp-content\/uploads\/7-8.jpg 1200w\" sizes=\"auto, (max-width: 300px) 100vw, 300px\" title=\"\">                                  <div class=\"overlay fill\"\n                      style=\"background-color: rgba(0,0,0,.15)\">\n                  <\/div>\n                                                              <\/div>\n              <div class=\"box-text text-left\" >\n                 <p><\/p>\n              <\/div>\n            <\/div>\n            <\/a>          <\/div>\n         <\/div><div class=\"gallery-col col\" >\n          <div class=\"col-inner\">\n            <a class=\"image-lightbox lightbox-gallery\" href=\"https:\/\/azurefilm.com\/wp-content\/uploads\/4-12-1024x1024.jpg\" title=\"\">            <div class=\"box has-hover gallery-box box-overlay dark\">\n              <div class=\"box-image\" >\n                <img loading=\"lazy\" decoding=\"async\" width=\"300\" height=\"300\" src=\"https:\/\/azurefilm.com\/wp-content\/uploads\/4-12-300x300.jpg\" class=\"attachment-medium size-medium\" alt=\"\" ids=\"75645,75675,75663,75657,75669,75651,75681,75687\" srcset=\"https:\/\/azurefilm.com\/wp-content\/uploads\/4-12-300x300.jpg 300w, https:\/\/azurefilm.com\/wp-content\/uploads\/4-12-274x274.jpg 274w, https:\/\/azurefilm.com\/wp-content\/uploads\/4-12-100x100.jpg 100w, https:\/\/azurefilm.com\/wp-content\/uploads\/4-12-510x510.jpg 510w, https:\/\/azurefilm.com\/wp-content\/uploads\/4-12-1024x1024.jpg 1024w, https:\/\/azurefilm.com\/wp-content\/uploads\/4-12-150x150.jpg 150w, https:\/\/azurefilm.com\/wp-content\/uploads\/4-12-768x768.jpg 768w, https:\/\/azurefilm.com\/wp-content\/uploads\/4-12.jpg 1200w\" sizes=\"auto, (max-width: 300px) 100vw, 300px\" title=\"\">                                  <div class=\"overlay fill\"\n                      style=\"background-color: rgba(0,0,0,.15)\">\n                  <\/div>\n                                                              <\/div>\n              <div class=\"box-text text-left\" >\n                 <p><\/p>\n              <\/div>\n            <\/div>\n            <\/a>          <\/div>\n         <\/div><div class=\"gallery-col col\" >\n          <div class=\"col-inner\">\n            <a class=\"image-lightbox lightbox-gallery\" href=\"https:\/\/azurefilm.com\/wp-content\/uploads\/9-10-1024x1024.jpg\" title=\"\">            <div class=\"box has-hover gallery-box box-overlay dark\">\n              <div class=\"box-image\" >\n                <img loading=\"lazy\" decoding=\"async\" width=\"300\" height=\"300\" src=\"https:\/\/azurefilm.com\/wp-content\/uploads\/9-10-300x300.jpg\" class=\"attachment-medium size-medium\" alt=\"\" ids=\"75645,75675,75663,75657,75669,75651,75681,75687\" srcset=\"https:\/\/azurefilm.com\/wp-content\/uploads\/9-10-300x300.jpg 300w, https:\/\/azurefilm.com\/wp-content\/uploads\/9-10-274x274.jpg 274w, https:\/\/azurefilm.com\/wp-content\/uploads\/9-10-100x100.jpg 100w, https:\/\/azurefilm.com\/wp-content\/uploads\/9-10-510x510.jpg 510w, https:\/\/azurefilm.com\/wp-content\/uploads\/9-10-1024x1024.jpg 1024w, https:\/\/azurefilm.com\/wp-content\/uploads\/9-10-150x150.jpg 150w, https:\/\/azurefilm.com\/wp-content\/uploads\/9-10-768x768.jpg 768w, https:\/\/azurefilm.com\/wp-content\/uploads\/9-10.jpg 1200w\" sizes=\"auto, (max-width: 300px) 100vw, 300px\" title=\"\">                                  <div class=\"overlay fill\"\n                      style=\"background-color: rgba(0,0,0,.15)\">\n                  <\/div>\n                                                              <\/div>\n              <div class=\"box-text text-left\" >\n                 <p><\/p>\n              <\/div>\n            <\/div>\n            <\/a>          <\/div>\n         <\/div><div class=\"gallery-col col\" >\n          <div class=\"col-inner\">\n            <a class=\"image-lightbox lightbox-gallery\" href=\"https:\/\/azurefilm.com\/wp-content\/uploads\/10-11-1024x1024.jpg\" title=\"\">            <div class=\"box has-hover gallery-box box-overlay dark\">\n              <div class=\"box-image\" >\n                <img loading=\"lazy\" decoding=\"async\" width=\"300\" height=\"300\" src=\"https:\/\/azurefilm.com\/wp-content\/uploads\/10-11-300x300.jpg\" class=\"attachment-medium size-medium\" alt=\"\" ids=\"75645,75675,75663,75657,75669,75651,75681,75687\" srcset=\"https:\/\/azurefilm.com\/wp-content\/uploads\/10-11-300x300.jpg 300w, https:\/\/azurefilm.com\/wp-content\/uploads\/10-11-274x274.jpg 274w, https:\/\/azurefilm.com\/wp-content\/uploads\/10-11-100x100.jpg 100w, https:\/\/azurefilm.com\/wp-content\/uploads\/10-11-510x510.jpg 510w, https:\/\/azurefilm.com\/wp-content\/uploads\/10-11-1024x1024.jpg 1024w, https:\/\/azurefilm.com\/wp-content\/uploads\/10-11-150x150.jpg 150w, https:\/\/azurefilm.com\/wp-content\/uploads\/10-11-768x768.jpg 768w, https:\/\/azurefilm.com\/wp-content\/uploads\/10-11.jpg 1200w\" sizes=\"auto, (max-width: 300px) 100vw, 300px\" title=\"\">                                  <div class=\"overlay fill\"\n                      style=\"background-color: rgba(0,0,0,.15)\">\n                  <\/div>\n                                                              <\/div>\n              <div class=\"box-text text-left\" >\n                 <p><\/p>\n              <\/div>\n            <\/div>\n            <\/a>          <\/div>\n         <\/div><\/div>\n<div class=\"is-divider divider clearfix\" style=\"max-width:100%;height:1px;background-color:rgb(17, 107, 168);\"><\/div>\n<p><span style=\"font-weight: 400;\">Na\u0161i Refill PLA filamenti su savr\u0161eno kompatibilni s <a href=\"https:\/\/azurefilm.com\/hr\/proizvod\/master_spool_1gratis\/\" target=\"_blank\" rel=\"noopener\"><strong>AzureFilm Master Spool<\/strong> <\/a>\u2013 <\/span><b>jedinom \u0161pulom koja \u0107e vam ikada trebati<\/b><span style=\"font-weight: 400;\">. <\/span><span style=\"font-weight: 400;\">Kori\u0161tenjem ove vi\u0161ekratne \u0161pule mo\u017eete nam se pridru\u017eiti u smanjenju otpada i smanjenju utjecaja na okoli\u0161.<\/span><\/p>\n<p><span style=\"font-weight: 400;\">AzureFilm Master Spool je na\u0161a <\/span><b>vi\u0161ekratna \u0161pula<\/b><span style=\"font-weight: 400;\">, koja omogu\u0107uje <\/span><b>odr\u017eivo i isplativo <\/b><span style=\"font-weight: 400;\">rje\u0161enje za 3D printanje. \u0160pula ima <\/span><b>set od dva vi\u0161ekratna diska lijevana brizganjem.<\/b><span style=\"font-weight: 400;\"> To osigurava visoku izdr\u017eljivost i preciznost \u0161pule.<\/span><\/p>\n<p><span style=\"font-weight: 400;\">Kupnjom i ponovnim kori\u0161tenjem na\u0161e Master Spool pridonosite \u010di\u0161\u0107em okoli\u0161u dok u\u017eivate u pouzdanom proizvodu koji je jednostavan za kori\u0161tenje i kompatibilan s ve\u0107inom 3D pisa\u010da<\/span><span style=\"font-weight: 400;\">.<\/span><\/p>\n<div style=\"padding: 56.25% 0 0 0; position: relative;\"><iframe style=\"position: absolute; top: 0; left: 0; width: 100%; height: 100%;\" title=\"AzureFilm Master Spool\" src=\"https:\/\/player.vimeo.com\/video\/954356184?badge=0&amp;autopause=0&amp;player_id=0&amp;app_id=58479\" frameborder=\"0\"><\/iframe><\/div>\n<p><script src=\"https:\/\/player.vimeo.com\/api\/player.js\"><\/script><\/p>\n<div class=\"is-divider divider clearfix\" style=\"max-width:100%;height:1px;background-color:rgb(17, 107, 168);\"><\/div>\n<h2><strong>Zna\u010dajke i svojstva<\/strong><\/h2>\n<table>\n<thead>\n<tr>\n<th><b>Zna\u010dajka<\/b><\/th>\n<th><b>Vrijednost<\/b><\/th>\n<\/tr>\n<tr>\n<td><span style=\"font-weight: 400;\">\u00a0Fleksibilnost<\/span><\/td>\n<td><span style=\"font-weight: 400;\">Niska<\/span><\/td>\n<\/tr>\n<tr>\n<td><span style=\"font-weight: 400;\">\u00a0\u010cvrsto\u0107a<\/span><\/td>\n<td><span style=\"font-weight: 400;\">Srednja<\/span><\/td>\n<\/tr>\n<tr>\n<td><span style=\"font-weight: 400;\">\u00a0Trajnost<\/span><\/td>\n<td><span style=\"font-weight: 400;\">Srednja<\/span><\/td>\n<\/tr>\n<tr>\n<td><span style=\"font-weight: 400;\">\u00a0Pote\u0161ko\u0107e s kori\u0161tenjem<\/span><\/td>\n<td><span style=\"font-weight: 400;\">Niske<\/span><\/td>\n<\/tr>\n<tr>\n<td><span style=\"font-weight: 400;\">\u00a0Skupljanje\/savijanje<\/span><\/td>\n<td><span style=\"font-weight: 400;\">Minimalno<\/span><\/td>\n<\/tr>\n<tr>\n<td><span style=\"font-weight: 400;\">\u00a0Topiv<\/span><\/td>\n<td><span style=\"font-weight: 400;\">Ne<\/span><\/td>\n<\/tr>\n<tr>\n<td><span style=\"font-weight: 400;\">\u00a0Dostupni promjer<\/span><\/td>\n<td><span style=\"font-weight: 400;\">1.75mm<\/span><\/td>\n<\/tr>\n<tr>\n<td><span style=\"font-weight: 400;\">\u00a0Proizvo\u0111a\u010d<\/span><\/td>\n<td><span style=\"font-weight: 400;\">AzureFilm<\/span><\/td>\n<\/tr>\n<\/thead>\n<\/table>\n<p><span style=\"font-weight: 400;\">Ako \u017eelite saznati vi\u0161e o na\u0161im PLA filamentima, pro\u010ditajte na\u0161<a href=\"https:\/\/azurefilm.com\/hr\/2023\/07\/04\/pla-filamenti-sve-sto-trebas-znati\/\" target=\"_blank\" rel=\"noopener\"><strong> blog<\/strong><\/a>.\u00a0<\/span><\/p>\n<p><span style=\"font-weight: 400;\">Ovdje mo\u017eete pristupiti <a href=\"https:\/\/azurefilm.com\/hr\/technical-data-sheets\/\" target=\"_blank\" rel=\"noopener\"><strong>tehni\u010dkom<\/strong><\/a><\/span><strong>\u00a0listu<\/strong><span style=\"font-weight: 400;\">.<\/span><\/p>\n","protected":false},"excerpt":{"rendered":"<p><span style=\"font-weight: 400;\">Nabavite na\u0161 ekskluzivni Refill PLA Original Black &amp; White 10-pack s <\/span><b>2 BESPLATNA Master Spoola <\/b><span style=\"font-weight: 400;\">\u2013 ograni\u010dene koli\u010dine, najbolja cijena i <\/span><b>30-dnevno jamstvo bez rizika<\/b><span style=\"font-weight: 400;\">!<\/span><\/p>\n","protected":false},"featured_media":85075,"comment_status":"closed","ping_status":"closed","template":"","meta":{"_acf_changed":false},"product_brand":[],"product_cat":[2778,375,481,379,402,406,414,803,377],"product_tag":[1525],"brand":[],"class_list":{"0":"post-85069","1":"product","2":"type-product","3":"status-publish","4":"has-post-thumbnail","6":"product_cat-pla-super-paketi-hr","7":"product_cat-3d-filamenti-hr","8":"product_cat-akcija","9":"product_cat-paketi-hr","10":"product_cat-pla-filamenti-hr","11":"product_cat-pla-original-hr","12":"product_cat-refill-filamenti-hr","13":"product_cat-refill-pla-original-hr","14":"product_cat-svi-filamenti","15":"product_tag-eko-hr","16":"pa_colour-black","17":"pa_colour-white","18":"pa_filament-diameter-1-75mm","19":"pa_filament-weight-10000g","20":"pa_filament-weight-1000g","22":"first","23":"instock","24":"sale","25":"taxable","26":"shipping-taxable","27":"purchasable","28":"product-type-simple"},"acf":[],"_links":{"self":[{"href":"https:\/\/azurefilm.com\/hr\/wp-json\/wp\/v2\/product\/85069","targetHints":{"allow":["GET"]}}],"collection":[{"href":"https:\/\/azurefilm.com\/hr\/wp-json\/wp\/v2\/product"}],"about":[{"href":"https:\/\/azurefilm.com\/hr\/wp-json\/wp\/v2\/types\/product"}],"replies":[{"embeddable":true,"href":"https:\/\/azurefilm.com\/hr\/wp-json\/wp\/v2\/comments?post=85069"}],"wp:featuredmedia":[{"embeddable":true,"href":"https:\/\/azurefilm.com\/hr\/wp-json\/wp\/v2\/media\/85075"}],"wp:attachment":[{"href":"https:\/\/azurefilm.com\/hr\/wp-json\/wp\/v2\/media?parent=85069"}],"wp:term":[{"taxonomy":"product_brand","embeddable":true,"href":"https:\/\/azurefilm.com\/hr\/wp-json\/wp\/v2\/product_brand?post=85069"},{"taxonomy":"product_cat","embeddable":true,"href":"https:\/\/azurefilm.com\/hr\/wp-json\/wp\/v2\/product_cat?post=85069"},{"taxonomy":"product_tag","embeddable":true,"href":"https:\/\/azurefilm.com\/hr\/wp-json\/wp\/v2\/product_tag?post=85069"},{"taxonomy":"brand","embeddable":true,"href":"https:\/\/azurefilm.com\/hr\/wp-json\/wp\/v2\/brand?post=85069"}],"curies":[{"name":"wp","href":"https:\/\/api.w.org\/{rel}","templated":true}]}}