
{"id":88540,"date":"2025-08-13T05:25:31","date_gmt":"2025-08-13T05:25:31","guid":{"rendered":"https:\/\/azurefilm.com\/?post_type=product&#038;p=88540"},"modified":"2026-03-26T15:00:06","modified_gmt":"2026-03-26T15:00:06","slug":"pla-silk-rainbow-sunset-splash","status":"publish","type":"product","link":"https:\/\/azurefilm.com\/hr\/proizvod\/pla-silk-rainbow-sunset-splash\/","title":{"rendered":"PLA Silk Rainbow Sunset Splash"},"content":{"rendered":"<h2><b>PLA Silk<\/b><\/h2>\n<p><span style=\"font-weight: 400;\">Upoznajte na\u0161e PLA Silk filamente, posebno izdanje na\u0161e PLA Original linije. PLA Silk filamenti imaju posebne dodatke klasi\u010dnim PLA filamentima koji daju izgled <\/span><b>sjajne, blago prozirne i svilenkaste povr\u0161ine<\/b><span style=\"font-weight: 400;\">. \u0160tovi\u0161e, ovaj materijal <\/span><b>poma\u017ee prikriti prijelaze izme\u0111u slojeva<\/b><span style=\"font-weight: 400;\"> prilikom printanja. PLA Silk filamenti imaju sve tradicionalne PLA karakteristike i daju <\/span><b>dosljedne rezultate<\/b><span style=\"font-weight: 400;\">. Oni su najbolji izbor za 3D printanje ukrasnih elemenata poput vaza, figurica, dodataka, ku\u0107nih gadgeta i jo\u0161 mnogo toga.<\/span><\/p>\n<h2><b>PLA Silk Rainbow<\/b><\/h2>\n<p><span style=\"font-weight: 400;\">Upoznajte na\u0161u PLA Silk Rainbow kolekciju, pro\u0161irenje na\u0161eg Silk filament asortimana. Nadovezuju\u0107i se na temelje na\u0161ih Silk filamenata, poznatih po svojoj sjajnoj, prozirnoj i svilenkastoj zavr\u0161noj obradi, ova kolekcija <\/span><b>predstavlja prekrasan prijelaz izme\u0111u niza razli\u010ditih boja. <\/b><span style=\"font-weight: 400;\">Silk Rainbow filamenti donose prirodne prijelaze boja svakih nekoliko metara na \u0161puli. Uronite u svijet duga!<\/span> <b>Boje se mijenjaju svakih 10 metara filamenta<\/b><span style=\"font-weight: 400;\">, stvaraju\u0107i dinami\u010dne i stalno promjenjive kombinacije boja u va\u0161im 3D projektima.<\/span><\/p>\n<p><span style=\"font-weight: 400;\">Kako biste saznali vi\u0161e o PLA filamentima, pro\u010ditajte na\u0161 <a href=\"https:\/\/azurefilm.com\/hr\/2023\/07\/04\/pla-filamenti\/\" target=\"_blank\" rel=\"noopener\">blog<\/a>.\u00a0<\/span><\/p>\n<p><span style=\"font-weight: 400;\">Ovdje mo\u017eete pristupiti<a href=\"https:\/\/azurefilm.com\/hr\/technical-data-sheets\/\" target=\"_blank\" rel=\"noopener\"> tehni\u010dkim informacijama<\/a>.<\/span><\/p>\n<h3><strong>Preporuke za printanje:<\/strong><\/h3>\n<ul>\n<li style=\"font-weight: 400;\" aria-level=\"1\"><span style=\"font-weight: 400;\">Za najbolje rezultate, printati na 220\u2013240\u00b0C. <\/span><\/li>\n<li style=\"font-weight: 400;\" aria-level=\"1\"><span style=\"font-weight: 400;\">Preporu\u010dena temperatura postolja za printanje je 80\u00b0C.<\/span><\/li>\n<li style=\"font-weight: 400;\" aria-level=\"1\"><span style=\"font-weight: 400;\">Koristite stakleno postolje, PEI plo\u010du, kapton ili plavu traku za izradnu platformu s 3Dlac sprejem.<\/span><\/li>\n<\/ul>\n<p><i><span style=\"font-weight: 400;\">*Idealna temperatura mo\u017ee varirati ovisno o kori\u0161tenom pisa\u010du.<\/span><\/i><\/p>\n","protected":false},"excerpt":{"rendered":"<p>Postignite svilenkastu i glatku zavr\u0161nu obradu koja podsje\u0107a na \u017eivopisnu paletu boja koriste\u0107i na\u0161 PLA Silk Rainbow Sunset Splash.<\/p>\n","protected":false},"featured_media":95794,"comment_status":"closed","ping_status":"closed","template":"","meta":{"_acf_changed":false},"product_brand":[],"product_cat":[800,375,402,409,377],"product_tag":[],"brand":[],"class_list":{"0":"post-88540","1":"product","2":"type-product","3":"status-publish","4":"has-post-thumbnail","6":"product_cat-pla-silk-rainbow-hr","7":"product_cat-3d-filamenti-hr","8":"product_cat-pla-filamenti-hr","9":"product_cat-pla-silk-hr","10":"product_cat-svi-filamenti","11":"pa_colour-ljubicasta","12":"pa_colour-narancaste","13":"pa_colour-ruzicasta","14":"pa_colour-visebojno","15":"pa_colour-zlato","16":"pa_filament-diameter-1-75mm-hr","17":"pa_filament-weight-1000g-hr","19":"first","20":"instock","21":"taxable","22":"shipping-taxable","23":"purchasable","24":"product-type-variable","25":"has-default-attributes"},"acf":[],"_links":{"self":[{"href":"https:\/\/azurefilm.com\/hr\/wp-json\/wp\/v2\/product\/88540","targetHints":{"allow":["GET"]}}],"collection":[{"href":"https:\/\/azurefilm.com\/hr\/wp-json\/wp\/v2\/product"}],"about":[{"href":"https:\/\/azurefilm.com\/hr\/wp-json\/wp\/v2\/types\/product"}],"replies":[{"embeddable":true,"href":"https:\/\/azurefilm.com\/hr\/wp-json\/wp\/v2\/comments?post=88540"}],"wp:featuredmedia":[{"embeddable":true,"href":"https:\/\/azurefilm.com\/hr\/wp-json\/wp\/v2\/media\/95794"}],"wp:attachment":[{"href":"https:\/\/azurefilm.com\/hr\/wp-json\/wp\/v2\/media?parent=88540"}],"wp:term":[{"taxonomy":"product_brand","embeddable":true,"href":"https:\/\/azurefilm.com\/hr\/wp-json\/wp\/v2\/product_brand?post=88540"},{"taxonomy":"product_cat","embeddable":true,"href":"https:\/\/azurefilm.com\/hr\/wp-json\/wp\/v2\/product_cat?post=88540"},{"taxonomy":"product_tag","embeddable":true,"href":"https:\/\/azurefilm.com\/hr\/wp-json\/wp\/v2\/product_tag?post=88540"},{"taxonomy":"brand","embeddable":true,"href":"https:\/\/azurefilm.com\/hr\/wp-json\/wp\/v2\/brand?post=88540"}],"curies":[{"name":"wp","href":"https:\/\/api.w.org\/{rel}","templated":true}]}}