
{"id":89605,"date":"2025-08-18T09:18:44","date_gmt":"2025-08-18T09:18:44","guid":{"rendered":"https:\/\/azurefilm.com\/?post_type=product&#038;p=89605"},"modified":"2026-03-22T11:25:22","modified_gmt":"2026-03-22T11:25:22","slug":"pla-silk-dual-color-emerald-surf","status":"publish","type":"product","link":"https:\/\/azurefilm.com\/hr\/proizvod\/pla-silk-dual-color-emerald-surf\/","title":{"rendered":"PLA Silk Dual Color Emerald Surf"},"content":{"rendered":"<h2><b>PLA Silk<\/b><\/h2>\n<p><span style=\"font-weight: 400;\">Upoznajte na\u0161e PLA Silk filamente, posebno izdanje na\u0161e PLA Original linije. PLA Silk filamenti imaju posebne dodatke klasi\u010dnim PLA filamentima koji daju izgled <\/span><b>sjajne, blago prozirne i svilenkaste povr\u0161ine<\/b><span style=\"font-weight: 400;\">. \u0160tovi\u0161e, ovaj materijal <\/span><b>poma\u017ee prikriti prijelaze izme\u0111u slojeva<\/b><span style=\"font-weight: 400;\"> prilikom printanja. PLA Silk filamenti imaju sve tradicionalne PLA karakteristike i daju <\/span><b>dosljedne rezultate<\/b><span style=\"font-weight: 400;\">. Oni su najbolji izbor za 3D printanje ukrasnih elemenata poput vaza, figurica, dodataka, ku\u0107nih gadgeta i jo\u0161 mnogo toga.<\/span><\/p>\n<h2><strong>PLA Silk Multicolor<\/strong><\/h2>\n<p><b>PLA Silk Multicolor<\/b><span style=\"font-weight: 400;\"> filamenti kombiniraju jednostavnost ispisa PLA s elegantnim, sjajnim zavr\u0161etkom. Zahvaljuju\u0107i naprednoj <\/span><b>ko-ekstrudiranoj tehnologiji <\/b><span style=\"font-weight: 400;\">dostupni su u <\/span><b>dvobojnim i trobojim varijantama<\/b><span style=\"font-weight: 400;\">, gdje su dva ili tr<\/span><span style=\"font-weight: 400;\">i tona<\/span><b> spojena u jednu nit filamenta<\/b><span style=\"font-weight: 400;\">. Rezultat su glatki prijelazi boja i <\/span><b>jedinstveni vizualni efekti<\/b><span style=\"font-weight: 400;\"> koji se mijenjaju ovisno o kutu gledanja.<\/span><\/p>\n<p><span style=\"font-weight: 400;\">Zahvaljuju\u0107i sjajnoj povr\u0161ini i dinami\u010dnom izgledu, PLA Silk Multicolor filamenti idealni su za dekorativne objekte, umjetni\u010dke projekte, prototipe i prezentacijske modele koji zahtijevaju pouzdanu kvalitetu ispisa i upe\u010datljiv izgled.<\/span><\/p>\n<h3><strong>Preporuke za printanje:<\/strong><\/h3>\n<ul>\n<li style=\"font-weight: 400;\" aria-level=\"1\"><span style=\"font-weight: 400;\">Za najbolje rezultate, printati na 220\u2013240\u00b0C. <\/span><\/li>\n<li style=\"font-weight: 400;\" aria-level=\"1\"><span style=\"font-weight: 400;\">Preporu\u010dena temperatura postolja za printanje je 80\u00b0C.<\/span><\/li>\n<li style=\"font-weight: 400;\" aria-level=\"1\"><span style=\"font-weight: 400;\">Koristite stakleno postolje, PEI plo\u010du, kapton ili plavu traku za izradnu platformu s 3Dlac sprejem.<\/span><\/li>\n<\/ul>\n<p><i><span style=\"font-weight: 400;\">*Idealna temperatura mo\u017ee varirati ovisno o kori\u0161tenom pisa\u010du.<\/span><\/i><\/p>\n<p><span style=\"font-weight: 400;\">Kako biste saznali vi\u0161e o PLA filamentima, pro\u010ditajte na\u0161 <a href=\"https:\/\/azurefilm.com\/hr\/2023\/07\/04\/pla-filamenti\/\" target=\"_blank\" rel=\"noopener\">blog<\/a>.\u00a0<\/span><\/p>\n<p><span style=\"font-weight: 400;\">Ovdje mo\u017eete pristupiti<a href=\"https:\/\/azurefilm.com\/hr\/technical-data-sheets\/\" target=\"_blank\" rel=\"noopener\"> tehni\u010dkim informacijama<\/a>.<\/span><\/p>\n","protected":false},"excerpt":{"rendered":"<p>Kupite PLA Silk Dual Color Emerald Surf za sjajan zavr\u0161etak i glatke prijelaze boja za dekorativne i prezentacijske ispise.<\/p>\n","protected":false},"featured_media":91475,"comment_status":"closed","ping_status":"closed","template":"","meta":{"_acf_changed":false},"product_brand":[],"product_cat":[2794,375,402,377],"product_tag":[],"brand":[821],"class_list":{"0":"post-89605","1":"product","2":"type-product","3":"status-publish","4":"has-post-thumbnail","6":"product_cat-pla-silk-multicolor-hr","7":"product_cat-3d-filamenti-hr","8":"product_cat-pla-filamenti-hr","9":"product_cat-svi-filamenti","10":"pa_colour-plava","11":"pa_colour-visebojno","12":"pa_colour-zelena","13":"pa_filament-diameter-1-75mm-hr","14":"pa_filament-weight-1000g-hr","15":"brand-azurefilm-hr","17":"first","18":"instock","19":"taxable","20":"shipping-taxable","21":"purchasable","22":"product-type-variable","23":"has-default-attributes"},"acf":[],"_links":{"self":[{"href":"https:\/\/azurefilm.com\/hr\/wp-json\/wp\/v2\/product\/89605","targetHints":{"allow":["GET"]}}],"collection":[{"href":"https:\/\/azurefilm.com\/hr\/wp-json\/wp\/v2\/product"}],"about":[{"href":"https:\/\/azurefilm.com\/hr\/wp-json\/wp\/v2\/types\/product"}],"replies":[{"embeddable":true,"href":"https:\/\/azurefilm.com\/hr\/wp-json\/wp\/v2\/comments?post=89605"}],"wp:featuredmedia":[{"embeddable":true,"href":"https:\/\/azurefilm.com\/hr\/wp-json\/wp\/v2\/media\/91475"}],"wp:attachment":[{"href":"https:\/\/azurefilm.com\/hr\/wp-json\/wp\/v2\/media?parent=89605"}],"wp:term":[{"taxonomy":"product_brand","embeddable":true,"href":"https:\/\/azurefilm.com\/hr\/wp-json\/wp\/v2\/product_brand?post=89605"},{"taxonomy":"product_cat","embeddable":true,"href":"https:\/\/azurefilm.com\/hr\/wp-json\/wp\/v2\/product_cat?post=89605"},{"taxonomy":"product_tag","embeddable":true,"href":"https:\/\/azurefilm.com\/hr\/wp-json\/wp\/v2\/product_tag?post=89605"},{"taxonomy":"brand","embeddable":true,"href":"https:\/\/azurefilm.com\/hr\/wp-json\/wp\/v2\/brand?post=89605"}],"curies":[{"name":"wp","href":"https:\/\/api.w.org\/{rel}","templated":true}]}}