
{"id":90031,"date":"2025-08-20T07:26:51","date_gmt":"2025-08-20T07:26:51","guid":{"rendered":"https:\/\/azurefilm.com\/?post_type=product&#038;p=90031"},"modified":"2026-03-22T13:36:41","modified_gmt":"2026-03-22T13:36:41","slug":"asa-filament-dark-grey","status":"publish","type":"product","link":"https:\/\/azurefilm.com\/hr\/proizvod\/asa-filament-dark-grey\/","title":{"rendered":"ASA filament Dark Grey"},"content":{"rendered":"<h2><b>ASA filamenti<\/b><\/h2>\n<p><span style=\"font-weight: 400\">ASA filamenti jedni su od najpopularnijih tehni\u010dkih filamenata na tr\u017ei\u0161tu jer nude <\/span><b>visoku otpornost na UV, vodu i kemikalije<\/b><span style=\"font-weight: 400\">. Zbog svojih <\/span><b>optimalnih performansi <\/b><span style=\"font-weight: 400\"> i <\/span><b>dugovje\u010dnosti u zahtjevnim okru\u017eenjima<\/b><span style=\"font-weight: 400\">, ovaj je materijal savr\u0161en za elektri\u010dna ku\u0107i\u0161ta, alate, vanjske ure\u0111aje, sportsku opremu, lijevane komponente i druge sli\u010dne primjene. \u0160tovi\u0161e, proizvodna linija AzureFilm ima neke klju\u010dne dijelove printane od ASA filamenata.\u00a0<\/span><\/p>\n<p><span style=\"font-weight: 400\">Ovaj se materijal mo\u017ee printati bez zatvorenog pisa\u010da, ali <\/span><b>toplo preporu\u010dujemo kori\u0161tenje ku\u0107i\u0161ta ili zatvorenog 3D pisa\u010da<\/b><span style=\"font-weight: 400\">.<\/span><\/p>\n<p><span style=\"font-weight: 400\">Kako biste saznali vi\u0161e o ASA filamentima, pro\u010ditajte na\u0161 <a href=\"https:\/\/azurefilm.com\/hr\/2023\/07\/10\/asa-filamenti\/\" target=\"_blank\" rel=\"noopener\">blog<\/a>.\u00a0<\/span><\/p>\n<p><span style=\"font-weight: 400\">Ovdje mo\u017eete pristupiti <a href=\"https:\/\/azurefilm.com\/hr\/technical-data-sheets\/\" target=\"_blank\" rel=\"noopener\"> tehni\u010dkim informacijama<\/a>.<\/span><\/p>\n<h3><strong>Preporuke za printanje:<\/strong><\/h3>\n<ul>\n<li style=\"font-weight: 400\"><span style=\"font-weight: 400\">Za najbolje rezultate, printati na 240\u2013260\u00b0C.\u00a0<\/span><\/li>\n<li style=\"font-weight: 400\"><span style=\"font-weight: 400\">Preporu\u010dena temperatura postolja za printanje je 90\u2013120\u00b0C. Preporu\u010dujemo kori\u0161tenje ku\u0107i\u0161ta ili zatvorenog 3D pisa\u010da.<\/span><\/li>\n<li style=\"font-weight: 400\"><span style=\"font-weight: 400\">Koristite stakleno postolje, PEI plo\u010du, kapton ili plavu traku za izradnu platformu s 3Dlac sprejem.<\/span><\/li>\n<\/ul>\n<p><i><span style=\"font-weight: 400\">*Idealna temperatura mo\u017ee varirati ovisno o kori\u0161tenom pisa\u010du.<\/span><\/i><\/p>\n","protected":false},"excerpt":{"rendered":"<p>Odaberite na\u0161 ASA filament Dark Grey za elegantan dizajn s glatkom zavr\u0161nom obradom.<\/p>\n","protected":false},"featured_media":91246,"comment_status":"closed","ping_status":"closed","template":"","meta":{"_acf_changed":false},"product_brand":[],"product_cat":[378,375,1572,2800,377],"product_tag":[1534],"brand":[821],"class_list":{"0":"post-90031","1":"product","2":"type-product","3":"status-publish","4":"has-post-thumbnail","6":"product_cat-asa-filamenti-hr","7":"product_cat-3d-filamenti-hr","8":"product_cat-asa-original-hr","9":"product_cat-back-to-school-hr","10":"product_cat-svi-filamenti","11":"product_tag-high-speed","12":"pa_colour-sivo","13":"pa_filament-diameter-1-75mm-hr","14":"pa_filament-weight-1000g-hr","15":"brand-azurefilm-hr","17":"first","18":"instock","19":"taxable","20":"shipping-taxable","21":"purchasable","22":"product-type-variable","23":"has-default-attributes"},"acf":[],"_links":{"self":[{"href":"https:\/\/azurefilm.com\/hr\/wp-json\/wp\/v2\/product\/90031","targetHints":{"allow":["GET"]}}],"collection":[{"href":"https:\/\/azurefilm.com\/hr\/wp-json\/wp\/v2\/product"}],"about":[{"href":"https:\/\/azurefilm.com\/hr\/wp-json\/wp\/v2\/types\/product"}],"replies":[{"embeddable":true,"href":"https:\/\/azurefilm.com\/hr\/wp-json\/wp\/v2\/comments?post=90031"}],"wp:featuredmedia":[{"embeddable":true,"href":"https:\/\/azurefilm.com\/hr\/wp-json\/wp\/v2\/media\/91246"}],"wp:attachment":[{"href":"https:\/\/azurefilm.com\/hr\/wp-json\/wp\/v2\/media?parent=90031"}],"wp:term":[{"taxonomy":"product_brand","embeddable":true,"href":"https:\/\/azurefilm.com\/hr\/wp-json\/wp\/v2\/product_brand?post=90031"},{"taxonomy":"product_cat","embeddable":true,"href":"https:\/\/azurefilm.com\/hr\/wp-json\/wp\/v2\/product_cat?post=90031"},{"taxonomy":"product_tag","embeddable":true,"href":"https:\/\/azurefilm.com\/hr\/wp-json\/wp\/v2\/product_tag?post=90031"},{"taxonomy":"brand","embeddable":true,"href":"https:\/\/azurefilm.com\/hr\/wp-json\/wp\/v2\/brand?post=90031"}],"curies":[{"name":"wp","href":"https:\/\/api.w.org\/{rel}","templated":true}]}}