
{"id":91872,"date":"2025-09-09T06:59:17","date_gmt":"2025-09-09T06:59:17","guid":{"rendered":"https:\/\/azurefilm.com\/?post_type=product&#038;p=91872"},"modified":"2026-04-03T12:18:09","modified_gmt":"2026-04-03T12:18:09","slug":"bambu-lab-h2s-combo","status":"publish","type":"product","link":"https:\/\/azurefilm.com\/hr\/proizvod\/bambu-lab-h2s-combo\/","title":{"rendered":"Bambu Lab H2S Combo"},"content":{"rendered":"<h2><strong>Bambu Lab H2S \u2013 Va\u0161e osobno sredi\u0161te za proizvodnju<\/strong><\/h2>\n<p><b>Do\u017eivite nevi\u0111enu veli\u010dinu i preciznost. <\/b><span style=\"font-weight: 400;\">Bambu <\/span><b>Lab H2S <\/b><span style=\"font-weight: 400;\">je visokou\u010dinkoviti 3D printer s jednom mlaznicom dizajniran za redefiniranje izrade stolnih ra\u010dunala. S <\/span><b>ogromnim volumenom izrade od 340 \u00d7 320 \u00d7 340 mm\u00b3 <\/b><span style=\"font-weight: 400;\">, H2S pru\u017ea 120% ve\u0107u povr\u0161inu ispisa od popularnog X1 Carbona, omogu\u0107uju\u0107i vam ispis modela u punoj veli\u010dini odjednom bez potrebe za pove\u0107anjem skale ili sastavljanjem.<\/span><\/p>\n<h2><strong>Ultrabrze performanse industrijske klase<\/strong><\/h2>\n<p><span style=\"font-weight: 400;\">Opremljen Bambuovim vlasni\u010dkim <\/span><b>servo ekstruzijskim sustavom PMSM <\/b><span style=\"font-weight: 400;\">, H2S pru\u017ea <\/span><b>67% ve\u0107u silu ekstruzije <\/b><span style=\"font-weight: 400;\">od konvencionalnih dizajna. Uparen s brzinama glave alata do <\/span><b>1000 mm\/s <\/b><span style=\"font-weight: 400;\">i ubrzanjem od <\/span><b>20 000 mm\/s\u00b2 <\/b><span style=\"font-weight: 400;\">, smanjuje vrijeme ispisa do 30% u odnosu na starije modele &#8211; bez \u017ertvovanja kvalitete.<\/span><\/p>\n<h2><strong>Iznimna preciznost koja traje<\/strong><\/h2>\n<p><span style=\"font-weight: 400;\">Zahvaljuju\u0107i naprednoj tehnologiji mehani\u010dke korekcije, <\/span><b>Vision Encoder <\/b><span style=\"font-weight: 400;\">osigurava <\/span><b>to\u010dnost ispod 50 \u03bcm <\/b><span style=\"font-weight: 400;\">, automatski kompenziraju\u0107i pomak kalibracije &#8211; odr\u017eavaju\u0107i tolerancije industrijske razine iz ispisa u ispis. Njegova <\/span><b>automatska kompenzacija rupa\/konture <\/b><span style=\"font-weight: 400;\">pru\u017ea preciznost na razini obrade, savr\u0161eno za dijelove koji zahtijevaju to\u010dno prileganje.<\/span><\/p>\n<h2><strong>In\u017eenjerski materijali? Nema problema!<\/strong><\/h2>\n<p><span style=\"font-weight: 400;\">S vru\u0107im <\/span><b>gornjim dijelom od 350\u00b0C <\/b><span style=\"font-weight: 400;\">, <\/span><b>grijanim slojem do 120\u00b0C <\/b><span style=\"font-weight: 400;\">i <\/span><b>aktivno grijanom komorom od 65\u00b0C <\/b><span style=\"font-weight: 400;\">, H2S je konstruiran za napredne materijale &#8211; od PLA i PETG do ABS-a, ASA-e, najlona, mje\u0161avina karbonskih vlakana i drugih.<\/span><\/p>\n<h2><strong>Pametniji, sigurniji i pouzdaniji ispis<\/strong><\/h2>\n<p><span style=\"font-weight: 400;\">Unesite visokotehnolo\u0161ku pouzdanost u svaki ispis. S <\/span><b>23 senzora i 3 ugra\u0111ene kamere <\/b><span style=\"font-weight: 400;\">, H2S kontinuirano prati svaki trenutak posla, uo\u010dava pogre\u0161ke i odmah pauzira kako bi za\u0161titio materijal i vrijeme. Detekcija omogu\u0107ena umjetnom inteligencijom maksimizira uspjeh ispisa &#8211; \u010dak i u zahtjevnim uvjetima.<\/span><\/p>\n<h2><strong>Pro\u0161irite svoje kreativne horizonte<\/strong><\/h2>\n<p><span style=\"font-weight: 400;\">H2S je vi\u0161e od obi\u010dnog 3D printera &#8211; to je proizvodni pogon. S opcionalnim dodacima poput <\/span><b>lasera od 10 W <\/b><span style=\"font-weight: 400;\">, modula za rezanje i crtanje, dobivate mogu\u0107nost <\/span><b>graviranja, rezanja i crtanja <\/b><span style=\"font-weight: 400;\">, sve s iste platforme. Osim toga, <\/span><b>sustav za protok zraka i filtriranje Flap Switch <\/b><span style=\"font-weight: 400;\">podr\u017eava tri razli\u010dita na\u010dina rada &#8211; visoka temperatura, niska temperatura i laser. To osigurava \u010dist zrak i stabilne toplinske uvjete bez obzira na va\u0161 zadatak.<\/span><\/p>\n<p><b>AMS 2 Pro sustav <\/b><span style=\"font-weight: 400;\">bogat zna\u010dajkama omogu\u0107uje besprijekoran <\/span><b>vi\u0161ebojni i vi\u0161ematerijalni ispis<\/b><span style=\"font-weight: 400;\">, s integriranim <\/span><b>su\u0161enjem filamenta <\/b><span style=\"font-weight: 400;\">za ve\u0107u pouzdanost &#8211; \u010dak i s filamentima osjetljivim na vlagu.<\/span><\/p>\n<h2><strong>Vizualno intuitivan i izra\u0111en za izdr\u017eljivost<\/strong><\/h2>\n<p><span style=\"font-weight: 400;\">Omotan <\/span><b>ku\u0107i\u0161tem od lijevanog aluminija <\/b><span style=\"font-weight: 400;\">, H2S nudi iznimno \u010dvrstu stabilnost za brze operacije velikog formata. Njegovo elegantno su\u010delje osjetljivo na dodir responzivno je i jednostavno za kori\u0161tenje, nude\u0107i fluidnu kontrolu nad svakim aspektom va\u0161eg ispisa.<\/span><\/p>\n<h2><strong>Za\u0161to se H2S isti\u010de<\/strong><\/h2>\n<ul>\n<li style=\"font-weight: 400;\" aria-level=\"1\"><b>Gigantski volumen izrade <\/b><span style=\"font-weight: 400;\">\u2013 Ispisujte kreacije pune veli\u010dine bez segmentacije<\/span><\/li>\n<li style=\"font-weight: 400;\" aria-level=\"1\"><b>Velika brzina ispisa <\/b><span style=\"font-weight: 400;\">\u2013 do 1000 mm\/s; ispis se dovr\u0161ava 30% br\u017ee<\/span><\/li>\n<li style=\"font-weight: 400;\" aria-level=\"1\"><b>Industrijska preciznost <\/b><span style=\"font-weight: 400;\">\u2013 Vizualni enkoder osigurava to\u010dnost ispod 50 \u03bcm<\/span><\/li>\n<li style=\"font-weight: 400;\" aria-level=\"1\"><b>Svestranost materijala <\/b><span style=\"font-weight: 400;\">\u2013 Podnosi temperaturno osjetljive i napredne filamente<\/span><\/li>\n<li style=\"font-weight: 400;\" aria-level=\"1\"><b>Pametno pra\u0107enje <\/b><span style=\"font-weight: 400;\">\u2013 sigurnosni sustavi s umjetnom inteligencijom prate ispise<\/span><\/li>\n<li style=\"font-weight: 400;\" aria-level=\"1\"><b>Vi\u0161enamjenske mogu\u0107nosti <\/b><span style=\"font-weight: 400;\">\u2013 od 3D ispisa do laserskog graviranja i rezanja<\/span><\/li>\n<li aria-level=\"1\"><strong>Robustan i elegantan dizajn<\/strong> \u2013 izdr\u017eljiva konstrukcija i jednostavno su\u010delje<\/li>\n<\/ul>\n","protected":false},"excerpt":{"rendered":"<p><span style=\"font-weight: 400;\">Bambu Lab H2S Combo redefinira stolnu proizvodnju svojim <\/span><b>gigantskim volumenom ispisa od 340\u00d7320\u00d7340 mm\u00b3<\/b><span style=\"font-weight: 400;\">, <\/span><b>brzinom ispisa od 1000 mm\/s<\/b><span style=\"font-weight: 400;\">, <\/span><b>ubrzanjem od 20 000 mm\/s\u00b2 <\/b><span style=\"font-weight: 400;\">i <\/span><b>to\u010dno\u0161\u0107u kretanja ispod 50 \u03bcm <\/b><span style=\"font-weight: 400;\">.<\/span><\/p>\n<p><span style=\"font-weight: 400;\">Opremljen <\/span><b>vru\u0107im gornjim dijelom od 350 \u00b0C, grijanim slojem od 120 \u00b0C i aktivno grijanom komorom od 65 \u00b0C <\/b><span style=\"font-weight: 400;\">, konstruiran je za napredne tehni\u010dke materijale poput najlona, ABS-a, ASA-e i kompozita od karbonskih vlakana.<\/span><\/p>\n<p><span style=\"font-weight: 400;\">S <\/span><b>23 senzora, trostrukom kamerom s umjetnom inteligencijom i tehnologijom automatske kompenzacije <\/b><span style=\"font-weight: 400;\">, jam\u010di besprijekorne, pouzdane ispise s precizno\u0161\u0107u industrijske razine.<\/span><\/p>\n<p><span style=\"font-weight: 400;\">Dodajte <\/span><b>AMS 2 Pro <\/b><span style=\"font-weight: 400;\">za besprijekoran ispis s vi\u0161e materijala s ugra\u0111enim su\u0161enjem filamenta ili nadogradite modulima za lasersko graviranje\/rezanje za pravi vi\u0161enamjenski proizvodni pogon.<\/span><\/p>\n<p><span style=\"font-weight: 400;\">H2S nije samo brz &#8211; pametan je, svestran i napravljen za one koji od svakog ispisa tra\u017ee vi\u0161e.<\/span><\/p>\n<p><span style=\"color: #ed1c24;\"><b>Va\u017eno: Laserski i rezni modul od 10 W je opcionalan. H2S u na\u0161oj ponudi ne uklju\u010duje laser.<\/b><\/span><\/p>\n","protected":false},"featured_media":91874,"comment_status":"closed","ping_status":"closed","template":"","meta":{"_acf_changed":false},"product_brand":[],"product_cat":[453,481,516,457,456],"product_tag":[],"brand":[],"class_list":{"0":"post-91872","1":"product","2":"type-product","3":"status-publish","4":"has-post-thumbnail","6":"product_cat-3d-printer","7":"product_cat-akcija","8":"product_cat-bambu-lab-hr","9":"product_cat-fdm-printer","10":"product_cat-svi-3d-pisaci","12":"first","13":"outofstock","14":"sale","15":"featured","16":"taxable","17":"shipping-taxable","18":"purchasable","19":"product-type-simple"},"acf":[],"_links":{"self":[{"href":"https:\/\/azurefilm.com\/hr\/wp-json\/wp\/v2\/product\/91872","targetHints":{"allow":["GET"]}}],"collection":[{"href":"https:\/\/azurefilm.com\/hr\/wp-json\/wp\/v2\/product"}],"about":[{"href":"https:\/\/azurefilm.com\/hr\/wp-json\/wp\/v2\/types\/product"}],"replies":[{"embeddable":true,"href":"https:\/\/azurefilm.com\/hr\/wp-json\/wp\/v2\/comments?post=91872"}],"wp:featuredmedia":[{"embeddable":true,"href":"https:\/\/azurefilm.com\/hr\/wp-json\/wp\/v2\/media\/91874"}],"wp:attachment":[{"href":"https:\/\/azurefilm.com\/hr\/wp-json\/wp\/v2\/media?parent=91872"}],"wp:term":[{"taxonomy":"product_brand","embeddable":true,"href":"https:\/\/azurefilm.com\/hr\/wp-json\/wp\/v2\/product_brand?post=91872"},{"taxonomy":"product_cat","embeddable":true,"href":"https:\/\/azurefilm.com\/hr\/wp-json\/wp\/v2\/product_cat?post=91872"},{"taxonomy":"product_tag","embeddable":true,"href":"https:\/\/azurefilm.com\/hr\/wp-json\/wp\/v2\/product_tag?post=91872"},{"taxonomy":"brand","embeddable":true,"href":"https:\/\/azurefilm.com\/hr\/wp-json\/wp\/v2\/brand?post=91872"}],"curies":[{"name":"wp","href":"https:\/\/api.w.org\/{rel}","templated":true}]}}