
{"id":92185,"date":"2025-09-10T07:59:52","date_gmt":"2025-09-10T07:59:52","guid":{"rendered":"https:\/\/azurefilm.com\/?post_type=product&#038;p=92185"},"modified":"2025-09-10T07:59:52","modified_gmt":"2025-09-10T07:59:52","slug":"bambu-lab-h2d-i-h2s-mlaznica-visokog-protoka-04-mm","status":"publish","type":"product","link":"https:\/\/azurefilm.com\/hr\/proizvod\/bambu-lab-h2d-i-h2s-mlaznica-visokog-protoka-04-mm\/","title":{"rendered":"Bambu Lab H2D i H2S mlaznica visokog protoka 0,4 mm"},"content":{"rendered":"<p><span style=\"font-weight: 400;\">Bambu <\/span><b>Lab Hi Flow mlaznica <\/b><span style=\"font-weight: 400;\">dizajnirana je za <\/span><b>H2D, H2S i H2D Pro <\/b><span style=\"font-weight: 400;\">3D printere, optimizirana za <\/span><b>brzi ispis <\/b><span style=\"font-weight: 400;\">i <\/span><b>ekstruziju velikih volumena <\/b><span style=\"font-weight: 400;\">. Savr\u0161ena je za korisnike koji \u017eele br\u017ei ispis bez \u017ertvovanja kvalitete.<\/span><\/p>\n<h3><strong>Klju\u010dne zna\u010dajke:<\/strong><\/h3>\n<ul>\n<li style=\"font-weight: 400;\" aria-level=\"1\"><b>Veli\u010dina mlaznice: <\/b><span style=\"font-weight: 400;\">0,4 mm za uravnote\u017eenu preciznost i ispis visokog protoka<\/span><\/li>\n<li style=\"font-weight: 400;\" aria-level=\"1\"><b>Dizajn visokog protoka: <\/b><span style=\"font-weight: 400;\">Podr\u017eava pove\u0107ane brzine ekstruzije za br\u017ee nano\u0161enje slojeva<\/span><\/li>\n<li style=\"font-weight: 400;\" aria-level=\"1\"><b>Kompatibilnost: <\/b><span style=\"font-weight: 400;\">Radi s <\/span><b>Bambu Lab H2D, H2S i H2D Pro<\/b><\/li>\n<li style=\"font-weight: 400;\" aria-level=\"1\"><b>Primjer upotrebe: <\/b><span style=\"font-weight: 400;\">Idealno za ispis <\/span><b>velikih dijelova <\/b><span style=\"font-weight: 400;\">ili projekata koji zahtijevaju <\/span><b>brzu proizvodnju<\/b><\/li>\n<\/ul>\n<p><span style=\"font-weight: 400;\">Nadogradite na <\/span><b>Hi Flow mlaznicu <\/b><span style=\"font-weight: 400;\">za <\/span><b>pouzdano brzo ispisivanje <\/b><span style=\"font-weight: 400;\">s dosljednim rezultatima i smanjenim vremenom ispisa.<\/span><\/p>\n","protected":false},"excerpt":{"rendered":"<p><span style=\"font-weight: 400;\">Bambu Lab Hi Flow mlaznica od 0,4 mm omogu\u0107uje <\/span><b>brzi ispis velikih koli\u010dina <\/b><span style=\"font-weight: 400;\">bez kompromisa u kvaliteti.<\/span><\/p>\n<p><span style=\"font-weight: 400;\">Kompatibilan s <\/span><b>H2D, H2S i H2D Pro <\/b><span style=\"font-weight: 400;\">, osigurava <\/span><b>konzistentnu ekstruziju <\/b><span style=\"font-weight: 400;\">za <\/span><b>velike dijelove i brzu proizvodnju<\/b><span style=\"font-weight: 400;\">.<\/span><\/p>\n","protected":false},"featured_media":92228,"comment_status":"closed","ping_status":"closed","template":"","meta":{"_acf_changed":false},"product_brand":[],"product_cat":[482,509,510,483],"product_tag":[],"brand":[],"class_list":{"0":"post-92185","1":"product","2":"type-product","3":"status-publish","4":"has-post-thumbnail","6":"product_cat-rezervni-dijelovi","7":"product_cat-mlaznice","8":"product_cat-otvrdnute-i-mlaznice-otporne-na-abraziju","9":"product_cat-svi-rezervni-dijelovi","10":"pa_compatible-with-bambulab-fdm-3d-printers","11":"pa_fits-printer-bambu-lab-h2d-h2d-pro-h2s","13":"first","14":"outofstock","15":"taxable","16":"shipping-taxable","17":"purchasable","18":"product-type-simple"},"acf":[],"_links":{"self":[{"href":"https:\/\/azurefilm.com\/hr\/wp-json\/wp\/v2\/product\/92185","targetHints":{"allow":["GET"]}}],"collection":[{"href":"https:\/\/azurefilm.com\/hr\/wp-json\/wp\/v2\/product"}],"about":[{"href":"https:\/\/azurefilm.com\/hr\/wp-json\/wp\/v2\/types\/product"}],"replies":[{"embeddable":true,"href":"https:\/\/azurefilm.com\/hr\/wp-json\/wp\/v2\/comments?post=92185"}],"wp:featuredmedia":[{"embeddable":true,"href":"https:\/\/azurefilm.com\/hr\/wp-json\/wp\/v2\/media\/92228"}],"wp:attachment":[{"href":"https:\/\/azurefilm.com\/hr\/wp-json\/wp\/v2\/media?parent=92185"}],"wp:term":[{"taxonomy":"product_brand","embeddable":true,"href":"https:\/\/azurefilm.com\/hr\/wp-json\/wp\/v2\/product_brand?post=92185"},{"taxonomy":"product_cat","embeddable":true,"href":"https:\/\/azurefilm.com\/hr\/wp-json\/wp\/v2\/product_cat?post=92185"},{"taxonomy":"product_tag","embeddable":true,"href":"https:\/\/azurefilm.com\/hr\/wp-json\/wp\/v2\/product_tag?post=92185"},{"taxonomy":"brand","embeddable":true,"href":"https:\/\/azurefilm.com\/hr\/wp-json\/wp\/v2\/brand?post=92185"}],"curies":[{"name":"wp","href":"https:\/\/api.w.org\/{rel}","templated":true}]}}