
{"id":93487,"date":"2025-09-25T04:39:17","date_gmt":"2025-09-25T04:39:17","guid":{"rendered":"https:\/\/azurefilm.com\/?post_type=product&#038;p=93487"},"modified":"2026-03-31T17:28:54","modified_gmt":"2026-03-31T17:28:54","slug":"refill-pla-lumos-filament-glow-in-the-dark-white","status":"publish","type":"product","link":"https:\/\/azurefilm.com\/hr\/proizvod\/refill-pla-lumos-filament-glow-in-the-dark-white\/","title":{"rendered":"Refill PLA Lumos filament Glow in the dark White"},"content":{"rendered":"<h2><b>PLA Lumos<\/b><\/h2>\n<p><span style=\"font-weight: 400;\">Upoznajte Lumos kolekciju filamenata koji imaju <\/span><b>\u017eivopisan UV sjaj, propu\u0161taju svjetlo i imaju blistavi no\u0107ni efekt<\/b><span style=\"font-weight: 400;\">. Ova posebna PLA kolekcija je jednostavna za printanje i savr\u0161ena za po\u010detnike.<\/span><\/p>\n<p><b>PLA Lumos filament UV Light Yellow <\/b><span style=\"font-weight: 400;\">svijetlit \u0107e pod bilo kojim UV svjetlom. <\/span><b>PLA Lumos filament Glow in the dark White <\/b><span style=\"font-weight: 400;\">puni se na sun\u010devoj svjetlosti, a zatim emitira suptilan sjaj u mraku.<\/span><b> PLA Lumos filament Litho White <\/b><span style=\"font-weight: 400;\">omogu\u0107uje stvaranje 3D slika koje se bude u \u017eivot kada svjetlo pro\u0111e kroz njih. Koju \u0107ete odabrati?\u00a0<\/span><\/p>\n<p><span style=\"font-weight: 400;\">Kako biste saznali vi\u0161e o PLA filamentima, pro\u010ditajte na\u0161 <a href=\"https:\/\/azurefilm.com\/hr\/2023\/07\/04\/pla-filamenti\/\" target=\"_blank\" rel=\"noopener\">blog<\/a>.\u00a0<\/span><\/p>\n<p><span style=\"font-weight: 400;\">Ovdje mo\u017eete pristupiti<a href=\"https:\/\/azurefilm.com\/hr\/technical-data-sheets\/\" target=\"_blank\" rel=\"noopener\"> tehni\u010dkim informacijama<\/a>.<\/span><\/p>\n<h3><strong>Preporuke za printanje:<\/strong><\/h3>\n<ul>\n<li style=\"font-weight: 400;\" aria-level=\"1\"><span style=\"font-weight: 400;\">Za najbolje rezultate, printati na 200\u2013230\u00b0C. <\/span><\/li>\n<li style=\"font-weight: 400;\" aria-level=\"1\"><span style=\"font-weight: 400;\">Preporu\u010dena temperatura postolja za printanje je 60\u00b0C.<\/span><\/li>\n<li style=\"font-weight: 400;\" aria-level=\"1\"><span style=\"font-weight: 400;\">Koristite stakleno postolje, PEI plo\u010du, kapton ili plavu traku za izradnu platformu s 3Dlac sprejem.<\/span><\/li>\n<\/ul>\n<p><i><span style=\"font-weight: 400;\">*Idealna temperatura mo\u017ee varirati ovisno o kori\u0161tenom pisa\u010du.<\/span><\/i><\/p>\n","protected":false},"excerpt":{"rendered":"<p>Napravite dizajne nove razine i zasvijetlite ih u mraku s na\u0161im Refill PLA Lumos filamentom Glow in the dark White.<\/p>\n","protected":false},"featured_media":113888,"comment_status":"closed","ping_status":"closed","template":"","meta":{"_acf_changed":false},"product_brand":[],"product_cat":[803,375,402,404,414,377],"product_tag":[],"brand":[],"class_list":{"0":"post-93487","1":"product","2":"type-product","3":"status-publish","4":"has-post-thumbnail","6":"product_cat-refill-pla-original-hr","7":"product_cat-3d-filamenti-hr","8":"product_cat-pla-filamenti-hr","9":"product_cat-pla-lumos-hr","10":"product_cat-refill-filamenti-hr","11":"product_cat-svi-filamenti","12":"pa_colour-white","13":"pa_filament-diameter-1-75mm","14":"pa_filament-weight-1000g","16":"first","17":"instock","18":"taxable","19":"shipping-taxable","20":"purchasable","21":"product-type-variable","22":"has-default-attributes"},"acf":[],"_links":{"self":[{"href":"https:\/\/azurefilm.com\/hr\/wp-json\/wp\/v2\/product\/93487","targetHints":{"allow":["GET"]}}],"collection":[{"href":"https:\/\/azurefilm.com\/hr\/wp-json\/wp\/v2\/product"}],"about":[{"href":"https:\/\/azurefilm.com\/hr\/wp-json\/wp\/v2\/types\/product"}],"replies":[{"embeddable":true,"href":"https:\/\/azurefilm.com\/hr\/wp-json\/wp\/v2\/comments?post=93487"}],"wp:featuredmedia":[{"embeddable":true,"href":"https:\/\/azurefilm.com\/hr\/wp-json\/wp\/v2\/media\/113888"}],"wp:attachment":[{"href":"https:\/\/azurefilm.com\/hr\/wp-json\/wp\/v2\/media?parent=93487"}],"wp:term":[{"taxonomy":"product_brand","embeddable":true,"href":"https:\/\/azurefilm.com\/hr\/wp-json\/wp\/v2\/product_brand?post=93487"},{"taxonomy":"product_cat","embeddable":true,"href":"https:\/\/azurefilm.com\/hr\/wp-json\/wp\/v2\/product_cat?post=93487"},{"taxonomy":"product_tag","embeddable":true,"href":"https:\/\/azurefilm.com\/hr\/wp-json\/wp\/v2\/product_tag?post=93487"},{"taxonomy":"brand","embeddable":true,"href":"https:\/\/azurefilm.com\/hr\/wp-json\/wp\/v2\/brand?post=93487"}],"curies":[{"name":"wp","href":"https:\/\/api.w.org\/{rel}","templated":true}]}}