
{"id":95253,"date":"2025-10-15T08:44:29","date_gmt":"2025-10-15T08:44:29","guid":{"rendered":"https:\/\/azurefilm.com\/?post_type=product&#038;p=95253"},"modified":"2026-03-23T08:21:48","modified_gmt":"2026-03-23T08:21:48","slug":"bambu-lab-p2s","status":"publish","type":"product","link":"https:\/\/azurefilm.com\/hr\/proizvod\/bambu-lab-p2s\/","title":{"rendered":"Bambu Lab P2S"},"content":{"rendered":"<h2><strong>Bambu Lab P2S \u2013 Pametan, brz i pouzdan<\/strong><\/h2>\n<h3><strong>Snaga susre\u0107e preciznost<\/strong><\/h3>\n<p><span style=\"font-weight: 400;\">Bambu Lab P2S redefinira \u0161to profesionalni stolni 3D printer mo\u017ee. Dizajniran za kreatore koji zahtijevaju preciznost, brzinu i automatizaciju, P2S pru\u017ea performanse industrijske razine u kompaktnom obliku. Od vi\u0161ebojnih dizajna do in\u017eenjerskih materijala, to je va\u0161 sveobuhvatni ure\u0111aj za ispis.<\/span><\/p>\n<h3><strong>Pametnije iskustvo ispisa<\/strong><\/h3>\n<p><span style=\"font-weight: 400;\">Nova generacija 5-in\u010dnog zaslona osjetljivog na dodir i nadogra\u0111eno korisni\u010dko su\u010delje \u010dine rad glatkijim nego ikad prije. Svaka je funkcija dostupna na prvi pogled, dok ugra\u0111ena umjetna inteligencija odr\u017eava va\u0161 tijek rada jednostavnim i intuitivnim.<\/span><\/p>\n<h3><strong>Ja\u010di, br\u017ei, bolji<\/strong><\/h3>\n<p><b>Servo motorom <\/b><span style=\"font-weight: 400;\">sljede\u0107e generacije PMSM, P2S pru\u017ea do <\/span><b>8,5 kg sile ekstruzije <\/b><span style=\"font-weight: 400;\">&#8211; 70% vi\u0161e od prethodnih modela. Njegovi adaptivni algoritmi fino pode\u0161avaju tok ekstruzije u stvarnom vremenu, osiguravaju\u0107i konzistentne, besprijekorne slojeve \u010dak i pri velikim brzinama.<\/span><\/p>\n<h3><strong>Kontrolirano okru\u017eenje za svaki materijal<\/strong><\/h3>\n<p><span style=\"font-weight: 400;\">S <\/span><b>grijanom komorom do 50\u00b0C <\/b><span style=\"font-weight: 400;\">i <\/span><b>filtriranim protokom zraka<\/b><span style=\"font-weight: 400;\">, P2S odr\u017eava stabilne uvjete ispisa za napredne materijale. Prilagodljivi sustav protoka zraka dovodi hladan zrak kako bi se pobolj\u0161ale performanse prevjesa &#8211; \u010dak i kada je komora potpuno zatvorena.<\/span><\/p>\n<h3><strong>Inteligentno pra\u0107enje i otkrivanje pogre\u0161aka<\/strong><\/h3>\n<p><span style=\"font-weight: 400;\">Detekcija gre\u0161aka uz pomo\u0107 umjetne inteligencije kontinuirano prati va\u0161 ispis, prepoznaju\u0107i pogre\u0161ke poput &#8220;\u0161pageta&#8221;, odvajanje ili lo\u0161e prve slojeve prije nego \u0161to uzalud tro\u0161e materijal ili vrijeme. P2S vam omogu\u0107uje bezbri\u017ean ispis, svaki put.<\/span><\/p>\n<h3><strong>Brza zamjena mlaznica i pobolj\u0161ana izdr\u017eljivost<\/strong><\/h3>\n<p><span style=\"font-weight: 400;\">Zamjena materijala ili odr\u017eavanje? Dizajn <\/span><b>hotenda s brzom zamjenom <\/b><span style=\"font-weight: 400;\">omogu\u0107uje trenutnu zamjenu mlaznica &#8211; bez kabela, bez muke. Oja\u010dani \u010deli\u010dni zup\u010danici i mlaznice otporne na habanje s pouzdanjem rukuju abrazivnim materijalima.<\/span><\/p>\n<h3><strong>Dizajnirano za moderne proizvo\u0111a\u010de<\/strong><\/h3>\n<p><span style=\"font-weight: 400;\">Od <\/span><b>snimanja usporenog vremena od 1080p <\/b><span style=\"font-weight: 400;\">do <\/span><b>Wi-Fi upravljanja <\/b><span style=\"font-weight: 400;\">i <\/span><b>pra\u0107enja u oblaku <\/b><span style=\"font-weight: 400;\">, svaka zna\u010dajka P2S ure\u0111aja napravljena je kako bi 3D ispis bio pametniji, br\u017ei i lak\u0161i nego ikad prije.<\/span><\/p>\n<h2><strong>Tehni\u010dke specifikacije<\/strong><\/h2>\n<ul>\n<li style=\"font-weight: 400;\" aria-level=\"1\"><b>Tehnologija ispisa: <\/b><span style=\"font-weight: 400;\">FFF\/FDM s AMS integracijom<\/span><\/li>\n<li style=\"font-weight: 400;\" aria-level=\"1\"><b>Volumen izrade: <\/b><span style=\"font-weight: 400;\">(TBA \u2013 nije navedeno u slu\u017ebenim specifikacijama)<\/span><\/li>\n<li style=\"font-weight: 400;\" aria-level=\"1\"><b>Komora: <\/b><span style=\"font-weight: 400;\">Zagrijana do 50 \u00b0C s filtriranim protokom zraka<\/span><\/li>\n<li style=\"font-weight: 400;\" aria-level=\"1\"><b>Korisni\u010dko su\u010delje: <\/b><span style=\"font-weight: 400;\">5\u201d zaslon osjetljiv na dodir, nadogra\u0111eno UI 2.0<\/span><\/li>\n<li style=\"font-weight: 400;\" aria-level=\"1\"><b>Motor ekstrudera: <\/b><span style=\"font-weight: 400;\">PMSM servo motor s ekstruzijskom silom do 8,5 kg<\/span><\/li>\n<li style=\"font-weight: 400;\" aria-level=\"1\"><b>Kontrola protoka: <\/b><span style=\"font-weight: 400;\">Senzor vrtlo\u017enih struja s adaptivnom kompenzacijom u stvarnom vremenu<\/span><\/li>\n<li style=\"font-weight: 400;\" aria-level=\"1\"><b>Sustav hla\u0111enja: <\/b><span style=\"font-weight: 400;\">Prilagodljivi protok zraka s vanjskim usisom hladnog zraka<\/span><\/li>\n<li style=\"font-weight: 400;\" aria-level=\"1\"><b>Hotend: <\/b><span style=\"font-weight: 400;\">Dizajn za brzu zamjenu, bez kabela i alata<\/span><\/li>\n<li style=\"font-weight: 400;\" aria-level=\"1\"><b>Nadzor umjetne inteligencije: <\/b><span style=\"font-weight: 400;\">Otkriva pogre\u0161ke \u0161pageta, odvajanje i probleme prvog sloja<\/span><\/li>\n<li style=\"font-weight: 400;\" aria-level=\"1\"><b>Oja\u010dane komponente: <\/b><span style=\"font-weight: 400;\">Kaljene mlaznice i zup\u010danici za abrazivne materijale<\/span><\/li>\n<li style=\"font-weight: 400;\" aria-level=\"1\"><b>Povezivost: <\/b><span style=\"font-weight: 400;\">Wi-Fi, nadzor u oblaku i 1080p timelapse kamera<\/span><\/li>\n<\/ul>\n","protected":false},"excerpt":{"rendered":"<p><span style=\"font-weight: 400;\">Bambu <\/span><b>Lab P2S <\/b><span style=\"font-weight: 400;\">podi\u017ee 3D ispis na stolu na nove visine svojim inteligentnim PMSM servo motorom koji isporu\u010duje <\/span><b>silu ekstruzije do 8,5 kg<\/b><span style=\"font-weight: 400;\">, adaptivnom kontrolom protoka i <\/span><b>grijanom komorom od 50\u00b0C <\/b><span style=\"font-weight: 400;\">za savr\u0161enu stabilnost.<\/span><\/p>\n<p><span style=\"font-weight: 400;\">Opremljen <\/span><b>hotendom s brzom zamjenom <\/b><span style=\"font-weight: 400;\">i <\/span><b>nadzorom ispisa pokretanim umjetnom inteligencijom<\/b><span style=\"font-weight: 400;\">, P2S osigurava da je svaki ispis brz, besprijekoran i bezbri\u017ean \u2014 <\/span><b>AMS 2 Pro nije uklju\u010den <\/b><span style=\"font-weight: 400;\">u ovaj paket.<\/span><\/p>\n","protected":false},"featured_media":95261,"comment_status":"closed","ping_status":"closed","template":"","meta":{"_acf_changed":false},"product_brand":[],"product_cat":[453,481,516,457,456],"product_tag":[],"brand":[],"class_list":{"0":"post-95253","1":"product","2":"type-product","3":"status-publish","4":"has-post-thumbnail","6":"product_cat-3d-printer","7":"product_cat-akcija","8":"product_cat-bambu-lab-hr","9":"product_cat-fdm-printer","10":"product_cat-svi-3d-pisaci","12":"first","13":"outofstock","14":"sale","15":"featured","16":"taxable","17":"shipping-taxable","18":"purchasable","19":"product-type-simple"},"acf":[],"_links":{"self":[{"href":"https:\/\/azurefilm.com\/hr\/wp-json\/wp\/v2\/product\/95253","targetHints":{"allow":["GET"]}}],"collection":[{"href":"https:\/\/azurefilm.com\/hr\/wp-json\/wp\/v2\/product"}],"about":[{"href":"https:\/\/azurefilm.com\/hr\/wp-json\/wp\/v2\/types\/product"}],"replies":[{"embeddable":true,"href":"https:\/\/azurefilm.com\/hr\/wp-json\/wp\/v2\/comments?post=95253"}],"wp:featuredmedia":[{"embeddable":true,"href":"https:\/\/azurefilm.com\/hr\/wp-json\/wp\/v2\/media\/95261"}],"wp:attachment":[{"href":"https:\/\/azurefilm.com\/hr\/wp-json\/wp\/v2\/media?parent=95253"}],"wp:term":[{"taxonomy":"product_brand","embeddable":true,"href":"https:\/\/azurefilm.com\/hr\/wp-json\/wp\/v2\/product_brand?post=95253"},{"taxonomy":"product_cat","embeddable":true,"href":"https:\/\/azurefilm.com\/hr\/wp-json\/wp\/v2\/product_cat?post=95253"},{"taxonomy":"product_tag","embeddable":true,"href":"https:\/\/azurefilm.com\/hr\/wp-json\/wp\/v2\/product_tag?post=95253"},{"taxonomy":"brand","embeddable":true,"href":"https:\/\/azurefilm.com\/hr\/wp-json\/wp\/v2\/brand?post=95253"}],"curies":[{"name":"wp","href":"https:\/\/api.w.org\/{rel}","templated":true}]}}