
{"id":96840,"date":"2025-10-21T04:25:43","date_gmt":"2025-10-21T04:25:43","guid":{"rendered":"https:\/\/azurefilm.com\/product\/e50-gift-card\/"},"modified":"2025-10-28T06:29:43","modified_gmt":"2025-10-28T06:29:43","slug":"e50-darovna-kartica","status":"publish","type":"product","link":"https:\/\/azurefilm.com\/hr\/proizvod\/e50-darovna-kartica\/","title":{"rendered":"\u20ac50 Darovna kartica"},"content":{"rendered":"","protected":false},"excerpt":{"rendered":"<p><b>\u20ac50 Darovna kartica<\/b><span style=\"font-weight: 400;\"> \u2013 Kupite ovu karticu, vrijedi za bilo koji proizvod na azurefilm.com.<\/span><\/p>\n<p><span style=\"font-weight: 400;\">Darovna kartica dolazi u fizi\u010dkom obliku i \u0161alje se po\u0161tom.<\/span><\/p>\n","protected":false},"featured_media":96951,"comment_status":"closed","ping_status":"closed","template":"","meta":{"_acf_changed":false},"product_brand":[],"product_cat":[2812],"product_tag":[],"brand":[],"class_list":{"0":"post-96840","1":"product","2":"type-product","3":"status-publish","4":"has-post-thumbnail","6":"product_cat-darovne-kartice","8":"first","9":"instock","10":"purchasable","11":"product-type-simple"},"acf":[],"_links":{"self":[{"href":"https:\/\/azurefilm.com\/hr\/wp-json\/wp\/v2\/product\/96840","targetHints":{"allow":["GET"]}}],"collection":[{"href":"https:\/\/azurefilm.com\/hr\/wp-json\/wp\/v2\/product"}],"about":[{"href":"https:\/\/azurefilm.com\/hr\/wp-json\/wp\/v2\/types\/product"}],"replies":[{"embeddable":true,"href":"https:\/\/azurefilm.com\/hr\/wp-json\/wp\/v2\/comments?post=96840"}],"wp:featuredmedia":[{"embeddable":true,"href":"https:\/\/azurefilm.com\/hr\/wp-json\/wp\/v2\/media\/96951"}],"wp:attachment":[{"href":"https:\/\/azurefilm.com\/hr\/wp-json\/wp\/v2\/media?parent=96840"}],"wp:term":[{"taxonomy":"product_brand","embeddable":true,"href":"https:\/\/azurefilm.com\/hr\/wp-json\/wp\/v2\/product_brand?post=96840"},{"taxonomy":"product_cat","embeddable":true,"href":"https:\/\/azurefilm.com\/hr\/wp-json\/wp\/v2\/product_cat?post=96840"},{"taxonomy":"product_tag","embeddable":true,"href":"https:\/\/azurefilm.com\/hr\/wp-json\/wp\/v2\/product_tag?post=96840"},{"taxonomy":"brand","embeddable":true,"href":"https:\/\/azurefilm.com\/hr\/wp-json\/wp\/v2\/brand?post=96840"}],"curies":[{"name":"wp","href":"https:\/\/api.w.org\/{rel}","templated":true}]}}