
{"id":96871,"date":"2025-10-27T09:20:13","date_gmt":"2025-10-27T09:20:13","guid":{"rendered":"https:\/\/azurefilm.com\/?post_type=product&#038;p=96871"},"modified":"2025-10-28T06:35:27","modified_gmt":"2025-10-28T06:35:27","slug":"e100-darovna-kartica","status":"publish","type":"product","link":"https:\/\/azurefilm.com\/hr\/proizvod\/e100-darovna-kartica\/","title":{"rendered":"\u20ac100 Darovna kartica"},"content":{"rendered":"","protected":false},"excerpt":{"rendered":"<p><b>\u20ac100 Darovna kartica<\/b><span style=\"font-weight: 400;\"> \u2013 Kupite ovu karticu, vrijedi za bilo koji proizvod na azurefilm.com.<\/span><\/p>\n<p><span style=\"font-weight: 400;\">Darovna kartica dolazi u fizi\u010dkom obliku i \u0161alje se po\u0161tom.<\/span><\/p>\n","protected":false},"featured_media":96943,"comment_status":"closed","ping_status":"closed","template":"","meta":{"_acf_changed":false},"product_brand":[],"product_cat":[2812],"product_tag":[],"brand":[],"class_list":{"0":"post-96871","1":"product","2":"type-product","3":"status-publish","4":"has-post-thumbnail","6":"product_cat-darovne-kartice","8":"first","9":"instock","10":"purchasable","11":"product-type-simple"},"acf":[],"_links":{"self":[{"href":"https:\/\/azurefilm.com\/hr\/wp-json\/wp\/v2\/product\/96871","targetHints":{"allow":["GET"]}}],"collection":[{"href":"https:\/\/azurefilm.com\/hr\/wp-json\/wp\/v2\/product"}],"about":[{"href":"https:\/\/azurefilm.com\/hr\/wp-json\/wp\/v2\/types\/product"}],"replies":[{"embeddable":true,"href":"https:\/\/azurefilm.com\/hr\/wp-json\/wp\/v2\/comments?post=96871"}],"wp:featuredmedia":[{"embeddable":true,"href":"https:\/\/azurefilm.com\/hr\/wp-json\/wp\/v2\/media\/96943"}],"wp:attachment":[{"href":"https:\/\/azurefilm.com\/hr\/wp-json\/wp\/v2\/media?parent=96871"}],"wp:term":[{"taxonomy":"product_brand","embeddable":true,"href":"https:\/\/azurefilm.com\/hr\/wp-json\/wp\/v2\/product_brand?post=96871"},{"taxonomy":"product_cat","embeddable":true,"href":"https:\/\/azurefilm.com\/hr\/wp-json\/wp\/v2\/product_cat?post=96871"},{"taxonomy":"product_tag","embeddable":true,"href":"https:\/\/azurefilm.com\/hr\/wp-json\/wp\/v2\/product_tag?post=96871"},{"taxonomy":"brand","embeddable":true,"href":"https:\/\/azurefilm.com\/hr\/wp-json\/wp\/v2\/brand?post=96871"}],"curies":[{"name":"wp","href":"https:\/\/api.w.org\/{rel}","templated":true}]}}