
{"id":44969,"date":"2023-10-30T04:12:20","date_gmt":"2023-10-30T04:12:20","guid":{"rendered":"https:\/\/azurefilm.com\/feltetelek-es-feltetelek\/"},"modified":"2025-04-11T12:37:49","modified_gmt":"2025-04-11T12:37:49","slug":"feltetelek-es-feltetelek","status":"publish","type":"page","link":"https:\/\/azurefilm.com\/hu\/feltetelek-es-feltetelek\/","title":{"rendered":"Felt\u00e9telek \u00e9s felt\u00e9telek"},"content":{"rendered":"\n\t<section class=\"section\" id=\"section_727330461\">\n\t\t<div class=\"section-bg fill\" >\n\t\t\t\t\t\t\t\t\t\n\t\t\t\n\n\t\t<\/div>\n\n\t\t\n\n\t\t<div class=\"section-content relative\">\n\t\t\t\n<div class=\"row\"  id=\"row-264106695\">\n\n\t<div id=\"col-826448774\" class=\"col small-12 large-12\"  >\n\t\t\t\t<div class=\"col-inner\"  >\n\t\t\t\n\t\t\t\n<h1>Felt\u00e9telek \u00e9s felt\u00e9telek<\/h1>\n<p><span style=\"font-weight: 400;\">A v\u00e1s\u00e1rl\u00e1s el\u0151felt\u00e9tele, hogy \u00d6n elfogadja ezeket az \u00e1ltal\u00e1nos felt\u00e9teleket.<br \/>\nEz\u00e9rt javasoljuk, hogy a v\u00e1s\u00e1rl\u00e1s el\u0151tt figyelmesen olvassa \u00e1t \u0151ket.<br \/>\nEzek az \u00e1ltal\u00e1nos felt\u00e9telek k\u00f6rvonalazz\u00e1k az \u00d6n jogait \u00e9s k\u00f6telezetts\u00e9geit, valamint a v\u00e1s\u00e1rl\u00e1s felt\u00e9teleit.<br \/>\nMinden, az online \u00e1ruh\u00e1zunkon kereszt\u00fcl v\u00e9grehajtott tranzakci\u00f3 azt jelenti, hogy \u00d6n tudom\u00e1sul veszi ezen \u00e1ltal\u00e1nos felt\u00e9telek teljes tartalm\u00e1t \u00e9s teljes m\u00e9rt\u00e9kben elfogadja azokat. <\/span><b><\/b><\/p>\n<h2>1. A megrendel\u00e9s lead\u00e1sa <b><\/b><\/h2>\n<p><b>1.1<\/b><span style=\"font-weight: 400;\">. <\/span><b>Be\u00e9rkezett megrendel\u00e9s<\/b><\/p>\n<p><span style=\"font-weight: 400;\">A megrendel\u00e9s lead\u00e1sa ut\u00e1n a vev\u0151 e-mailben kap visszaigazol\u00e1st arr\u00f3l, hogy a megrendel\u00e9s sikeresen meg\u00e9rkezett.<br \/>\nRegisztr\u00e1lt felhaszn\u00e1l\u00f3k eset\u00e9ben a vev\u0151 korl\u00e1tlan hozz\u00e1f\u00e9r\u00e9st kap a megrendel\u00e9s r\u00e9szletes st\u00e1tusz\u00e1hoz \u00e9s a kapcsolattart\u00e1si adatokhoz.<br \/>\nEllenkez\u0151 esetben a vev\u0151 a k\u00f6vetkez\u0151 c\u00edmen k\u00e9rhet inform\u00e1ci\u00f3kat <\/span><a href=\"mailto:info@azurefilm.com\"><span style=\"font-weight: 400;\">info@azurefilm.com<\/span><\/a><span style=\"font-weight: 400;\">. <\/span><\/p>\n<p><b>1.2. Order confirmation <\/b><\/p>\n<p><span style=\"font-weight: 400;\">Az elad\u00f3 megvizsg\u00e1lja a megrendel\u00e9st, meger\u0151s\u00edti a megrendelt term\u00e9kek el\u00e9rhet\u0151s\u00e9g\u00e9t, \u00e9s \u00e9sszer\u0171 indokok alapj\u00e1n meger\u0151s\u00edti a megrendel\u00e9st vagy elutas\u00edtja azt.<br \/>\nAz elad\u00f3 a megadott telefonsz\u00e1mon vagy e-mail c\u00edmen kereszt\u00fcl kapcsolatba l\u00e9phet a vev\u0151vel az adatok vagy a sz\u00e1ll\u00edt\u00e1si c\u00edm ellen\u0151rz\u00e9se vagy tov\u00e1bbi inform\u00e1ci\u00f3k beszerz\u00e9se \u00e9rdek\u00e9ben, hogy a megrendel\u00e9st sikeresen elk\u00fcldhesse a vev\u0151nek. <\/span><\/p>\n<p><b>1.3. Term\u00e9k sz\u00e1ll\u00edt\u00e1s <\/b><\/p>\n<p><span style=\"font-weight: 400;\">Az elad\u00f3 a megbesz\u00e9lt hat\u00e1rid\u0151n bel\u00fcl elk\u00e9sz\u00edti a term\u00e9keket \u00e9s elk\u00fcldi azokat, mik\u00f6zben a vev\u0151t e-mailben \u00e9rtes\u00edti a sz\u00e1ll\u00edt\u00e1sr\u00f3l.<\/span><\/p>\n<p><b>1.4. Term\u00e9klemond\u00e1s <\/b><\/p>\n<p><span style=\"font-weight: 400;\">Rendk\u00edv\u00fcl hossz\u00fa sz\u00e1ll\u00edt\u00e1si id\u0151 \u00e9s a vev\u0151 nem hajland\u00f3 v\u00e1rni, a vev\u0151 e-mailben kapcsolatba l\u00e9phet az elad\u00f3val a info@azurefilm.com c\u00edmen, aki elt\u00e1vol\u00edtja a term\u00e9ket a megrendel\u00e9sb\u0151l, \u00e9s visszat\u00e9r\u00edti a vev\u0151nek az esetlegesen befizetett \u00f6sszegeket, mik\u00f6zben a vev\u0151 d\u00f6nt\u00e9se szerint vagy lesz\u00e1ll\u00edtja, vagy t\u00f6rli a fennmarad\u00f3 rendel\u00e9si r\u00e9szt.<\/span><\/p>\n<p><span style=\"font-weight: 400;\">Amennyiben a vev\u0151 \u00fagy d\u00f6nt, hogy lemondja a megrendel\u00e9st, a vev\u0151nek halad\u00e9ktalanul \u00e9rtes\u00edtenie kell a lemond\u00e1sr\u00f3l a info@azurefilm.com c\u00edmen.<br \/>\nAmennyiben a megrendel\u00e9st m\u00e1r elk\u00fcldt\u00e9k, a k\u00fcldem\u00e9nyt a vev\u0151 a k\u00e9zbes\u00edt\u00e9skor visszautas\u00edtja.<br \/>\nSzem\u00e9lyes \u00e1tv\u00e9tel eset\u00e9n (azaz amikor a term\u00e9keket m\u00e1r el\u0151k\u00e9sz\u00edtett\u00e9k az \u00e1tad\u00e1sra), a vev\u0151 szint\u00e9n a <a href=\"mailto:info@azurefilm.com\">info@azurefilm.com<\/a> e-mail c\u00edmen k\u00f6zli a megrendel\u00e9s lemond\u00e1s\u00e1ra vonatkoz\u00f3 sz\u00e1nd\u00e9k\u00e1t <a href=\"mailto:info@azurefilm.com\">.<\/a> <\/span><\/p>\n<p><b>1.5. Jogi szem\u00e9lyek \u00e1ltali v\u00e1s\u00e1rl\u00e1sok <\/b><\/p>\n<p><span style=\"font-weight: 400;\">A jogi szem\u00e9lyek beszerz\u00e9sei pontosan ugyan\u00fagy t\u00f6rt\u00e9nnek, mint a term\u00e9szetes szem\u00e9lyek\u00e9, egyetlen kiv\u00e9tellel, hogy <\/span><b>a jogi szem\u00e9lyek k\u00f6telesek kit\u00f6lteni a c\u00e9gnevet \u00e9s az ad\u00f3sz\u00e1mot.<\/b><span style=\"font-weight: 400;\"> a c\u00e9get a P\u00e9nzt\u00e1r adatai k\u00f6z\u00f6tt. <\/span><\/p>\n<p><span style=\"font-weight: 400;\">Ha nagyobb mennyis\u00e9get szeretne rendelni \u00e9s mennyis\u00e9gi kedvezm\u00e9nyt szeretne kapni, k\u00e9rj\u00fck, l\u00e9pjen kapcsolatba vel\u00fcnk a k\u00f6vetkez\u0151 c\u00edmen <\/span><a href=\"mailto:info@azurefilm.com\"><span style=\"font-weight: 400;\">info@azurefilm.com<\/span><\/a><span style=\"font-weight: 400;\"> \u00e9s tov\u00e1bbi inform\u00e1ci\u00f3kat fogunk ny\u00fajtani a B2B online rendel\u00e9si platformunkr\u00f3l. <\/span><\/p>\n<h2>2. Term\u00e9k \u00e1raz\u00e1s<\/h2>\n<p><b>2.1. \u00c1ltal\u00e1nos <\/b><\/p>\n<p><span style=\"font-weight: 400;\">A www.azurefilm.com oldalon minden \u00e1r eur\u00f3ban \u00e9rtend\u0151, \u00e9s a v\u00e1s\u00e1rl\u00e1s vagy a megrendel\u00e9s visszaigazol\u00e1s\u00e1nak napj\u00e1n \u00e9rv\u00e9nyesnek tekintend\u0151.<br \/>\nMinden \u00e1r tartalmazza az \u00c1FA-t, kiv\u00e9ve, ha m\u00e1sk\u00e9nt van felt\u00fcntetve. <\/span><\/p>\n<p><span style=\"font-weight: 400;\">\u00c1rak a <\/span><a href=\"https:\/\/azurefilm.com\/hu\"><span style=\"font-weight: 400;\">www.azurefilm.com\/hu<\/span><\/a><span style=\"font-weight: 400;\"> forintban \u00e9rtend\u0151k, az \u00e1f\u00e1t is tartalmazz\u00e1k. <\/span><span style=\"font-weight: 400;\">Az online felt\u00fcntetett \u00e1rak \u00e9rv\u00e9nyesek, azonban minden \u00e1r el\u0151zetes \u00e9rtes\u00edt\u00e9s n\u00e9lk\u00fcl v\u00e1ltozhat.<\/span><\/p>\n<p><b>2.2. Sz\u00e1mla gener\u00e1l\u00e1sa <\/b><\/p>\n<p><span style=\"font-weight: 400;\">Az \u00fcgyf\u00e9l a sz\u00e1ml\u00e1t elektronikus form\u00e1ban (e-mail mell\u00e9kletk\u00e9nt) kapja meg azon az e-mail c\u00edmen, amelyet az \u00fcgyf\u00e9l a megrendel\u00e9s lead\u00e1sakor megadott, \u00e9s amelyhez a sz\u00e1mla kapcsol\u00f3dik.<\/span><\/p>\n<p><span style=\"font-weight: 400;\">A vev\u0151nek a k\u00e9zhezv\u00e9telt\u0151l sz\u00e1m\u00edtott nyolc napon bel\u00fcl meg kell er\u0151s\u00edtenie a sz\u00e1mla adatainak \u00e9rv\u00e9nyess\u00e9g\u00e9t, \u00e9s az esetleges hib\u00e1kr\u00f3l \u00e9rtes\u00edtenie kell az elad\u00f3t.<br \/>\nA ki\u00e1ll\u00edtott sz\u00e1ml\u00e1k helyess\u00e9g\u00e9vel kapcsolatos esetleges reklam\u00e1ci\u00f3kat ut\u00f3lag nem fogadjuk el. <\/span><\/p>\n<p><span style=\"font-weight: 400;\">Az ad\u00e1sv\u00e9teli szerz\u0151d\u00e9s (megrendel\u00e9s) elektronikus form\u00e1ban az elad\u00f3 szerver\u00e9n t\u00e1rol\u00f3dik, \u00e9s a vev\u0151 b\u00e1rmikor hozz\u00e1f\u00e9rhet a felhaszn\u00e1l\u00f3i profilj\u00e1n (Saj\u00e1t profil) kereszt\u00fcl.<\/span><b><\/b><\/p>\n<h2>3. Delivery <b><\/b><\/h2>\n<p><b>3.1. \u00c1ltal\u00e1nos <\/b><\/p>\n<p><span style=\"font-weight: 400;\">Az elad\u00f3 a term\u00e9keket vagy szolg\u00e1ltat\u00e1sokat a meg\u00e1llap\u00edtott hat\u00e1rid\u0151n bel\u00fcl sz\u00e1ll\u00edtja.<br \/>\nAz elad\u00f3 a DPD-vel \u00e9s a GLS-szel k\u00f6t\u00f6tt partners\u00e9get, amelyek csomagsz\u00e1ll\u00edt\u00e1si szolg\u00e1ltat\u00e1sokat ny\u00fajtanak.<br \/>\nAz elad\u00f3 azonban fenntartja mag\u00e1nak a jogot, hogy m\u00e1s sz\u00e1ll\u00edt\u00e1si szolg\u00e1ltat\u00e1st v\u00e1lasszon, ha az hat\u00e9konyabb rendel\u00e9smegval\u00f3s\u00edt\u00e1st eredm\u00e9nyezhet. <\/span><\/p>\n<p><b>3.2. Postak\u00f6lts\u00e9gek <\/b><\/p>\n<p><span style=\"font-weight: 400;\">A postak\u00f6lts\u00e9get a vev\u0151nek kell kisz\u00e1ml\u00e1zni.<\/span><\/p>\n<p><b>3.3. Szem\u00e9lyes \u00e1tv\u00e9tel <\/b><\/p>\n<p><span style=\"font-weight: 400;\">A megrendel\u00e9s szem\u00e9lyesen, postak\u00f6lts\u00e9gmentesen \u00e1tvehet\u0151 az AzureFilm, Orle\u0161ka cesta 16, 6210 Se\u017eana c\u00edmen.<\/span><\/p>\n<p><span style=\"font-weight: 400;\">Szem\u00e9lyes \u00e1tv\u00e9telhez v\u00e1lassza a &#8220;Szem\u00e9lyes \u00e1tv\u00e9tel SE\u017dANA-ban t\u00f6rt\u00e9n\u0151 el\u0151refizet\u00e9ssel (0,00 \u20ac)&#8221; lehet\u0151s\u00e9get.<br \/>\nHa a vev\u0151 ezt az opci\u00f3t v\u00e1lasztja, akkor a v\u00e1s\u00e1rl\u00e1st el\u0151re ki kell fizetnie. <\/span><\/p>\n<p><b>3.4. Sz\u00e1ll\u00edt\u00e1si id\u0151k <\/b><\/p>\n<p><span style=\"font-weight: 400;\">\u00c1tlagosan a csomagot a megrendel\u00e9st\u0151l sz\u00e1m\u00edtott 1-5 munkanapon bel\u00fcl k\u00fcldj\u00fck ki rakt\u00e1runkb\u00f3l.<br \/>\nA sz\u00e1ll\u00edt\u00e1si id\u0151 a csomagk\u00fcld\u00e9s orsz\u00e1g\u00e1t\u00f3l f\u00fcgg.<br \/>\nK\u00e9rj\u00fck, ebben a t\u00e1bl\u00e1zatban ellen\u0151rizze a k\u00edv\u00e1nt orsz\u00e1gra vonatkoz\u00f3 szabv\u00e1nyos csomagk\u00fcld\u00e9si id\u0151t. <\/span><\/p>\n<p><span style=\"font-weight: 400;\">K\u00e9rj\u00fck, vegye figyelembe: <\/span><\/p>\n<ul>\n<li style=\"font-weight: 400;\" aria-level=\"1\"><span style=\"font-weight: 400;\">Helytelen sz\u00e1ll\u00edt\u00e1si adatok eset\u00e9n a sz\u00e1ll\u00edt\u00e1si id\u0151 megn\u00f6vekedhet.<\/span><\/li>\n<li style=\"font-weight: 400;\" aria-level=\"1\"><span style=\"font-weight: 400;\">A sz\u00e1ll\u00edt\u00e1si id\u0151k megn\u00f6vekedhetnek nagyobb kamp\u00e1nyok idej\u00e9n, p\u00e9ld\u00e1ul a fekete p\u00e9nteki vagy a kar\u00e1csonyi le\u00e1raz\u00e1sok idej\u00e9n.<br \/>\nAz \u00fcgyfeleket t\u00e1j\u00e9koztatjuk a hosszabb sz\u00e1ll\u00edt\u00e1si id\u0151 lehet\u0151s\u00e9g\u00e9r\u0151l. <\/span><\/li>\n<li style=\"font-weight: 400;\" aria-level=\"1\"><span style=\"font-weight: 400;\">A h\u00e9tv\u00e9g\u00e9n leadott megrendel\u00e9seket a h\u00e9t els\u0151 munkanapj\u00e1n (\u00e1ltal\u00e1ban h\u00e9tf\u0151n, figyelembe v\u00e9ve az esetleges munkasz\u00fcneti napokat) k\u00fcldj\u00fck ki a k\u00edv\u00e1nt c\u00edmre.<\/span><\/li>\n<\/ul>\n<h2>4. Term\u00e9kvisszat\u00e9r\u00edt\u00e9s<b><\/b><\/h2>\n<p><span style=\"font-weight: 400;\">Ha a v\u00e1s\u00e1rl\u00f3k nem el\u00e9gedettek a term\u00e9kekkel, a kisz\u00e1ll\u00edt\u00e1st\u00f3l sz\u00e1m\u00edtott 14 napon bel\u00fcl visszak\u00fcldhetik a megrendelt term\u00e9keket. <\/span><span style=\"font-weight: 400;\">A visszak\u00fcld\u00e9si folyamat 3 l\u00e9p\u00e9sb\u0151l \u00e1ll: <\/span><strong><br \/>\n1. A v\u00e1s\u00e1rl\u00f3nak t\u00e1j\u00e9koztatnia kell az elad\u00f3t a visszak\u00fcld\u00e9sr\u0151l. <\/strong><span style=\"font-weight: 400;\">A v\u00e1s\u00e1rl\u00f3nak e-mailben kell t\u00e1j\u00e9koztatnia az elad\u00f3t. <\/span><a href=\"mailto:info@azurefilm.com\"><span style=\"font-weight: 400;\">info@azurefilm.com<\/span><\/a><span style=\"font-weight: 400;\"> a sz\u00e1ll\u00edt\u00e1st\u00f3l sz\u00e1m\u00edtott 14 napon bel\u00fcl.<\/span><strong><br \/>\n2. A v\u00e1s\u00e1rl\u00f3nak ki kell t\u00f6ltenie az \u0171rlapot \u00e9s el\u0151 kell k\u00e9sz\u00edtenie a csomagot.<\/strong><\/p>\n<p><span style=\"font-weight: 400;\">A v\u00e1s\u00e1rl\u00f3nak ki kell t\u00f6ltenie a visszak\u00fcld\u00e9si \u0171rlap minden mez\u0151j\u00e9t, \u00e9s biztons\u00e1gosan csomagolnia kell a csomagot.<br \/>\nA term\u00e9keket eredeti csomagol\u00e1sban, s\u00e9rtetlen\u00fcl \u00e9s haszn\u00e1latlanul kell visszak\u00fcldeni.<br \/>\nA visszak\u00fcld\u00e9si \u0171rlap \u00e9s a term\u00e9k mellett az eredeti sz\u00e1ml\u00e1t is csatolni kell. <\/span><\/p>\n<p><span style=\"font-weight: 400;\">A term\u00e9keket tov\u00e1bbi v\u00e9d\u0151csomagol\u00e1sba kell helyezni, hogy megv\u00e9dj\u00e9k a term\u00e9k eredeti csomagol\u00e1s\u00e1t (pl. kartondoboz).<br \/>\nA csomagot az AzureFilm d.o.o., Orle\u0161ka 16, 6210 Se\u017eana, Szlov\u00e9nia c\u00edmre k\u00fcldje vagy hozza el. <\/span><\/p>\n<p><span style=\"font-weight: 400;\">A visszak\u00fcld\u00f6tt term\u00e9keket a vev\u0151nek a csomag \u00e1tv\u00e9tel\u00e9t\u0151l sz\u00e1m\u00edtott 30 napon bel\u00fcl kell eljuttatnia hozz\u00e1nk. <\/span><strong><br \/>\n3. P\u00e9nzvisszat\u00e9r\u00edt\u00e9s <\/strong><\/p>\n<p><span style=\"font-weight: 400;\">Amikor a csomagot az AzureFilmhez sz\u00e1ll\u00edtj\u00e1k, a term\u00e9ket megvizsg\u00e1lj\u00e1k az esetleges s\u00e9r\u00fcl\u00e9sek \u00e9s hib\u00e1k szempontj\u00e1b\u00f3l.<br \/>\nHa minden rendben van a visszak\u00fcld\u00f6tt term\u00e9kkel, a vev\u0151nek legfeljebb 14 napon bel\u00fcl visszat\u00e9r\u00edtj\u00fck a befizetett \u00f6sszeget, mivel megkapjuk az \u00f6sszes sz\u00fcks\u00e9ges dokumentumot \u00e9s a term\u00e9ket. <\/span><\/p>\n<p><strong>30 napos el\u00e9gedetts\u00e9gi garancia<\/strong> 30 napos el\u00e9gedetts\u00e9gi garanci\u00e1t k\u00edn\u00e1lunk, ha nem teljesen el\u00e9gedett a 3D sz\u00e1lak megv\u00e1s\u00e1rl\u00e1s\u00e1val.<br \/>\nEgyszer\u0171en k\u00fcldje vissza a term\u00e9ket a felhaszn\u00e1lt filament legfeljebb 50%-\u00e1val egy\u00fctt, \u00e9s visszakapja a p\u00e9nz\u00e9t.<br \/>\nHa \u00fagy d\u00f6nt, hogy megteszi ezt a l\u00e9p\u00e9st, k\u00e9rj\u00fck, adjon visszajelz\u00e9st arr\u00f3l, hogy mi\u00e9rt nem volt el\u00e9gedett (az \u0171rlapon).<br \/>\nBiztosak vagyunk benne, hogy nem lesz sz\u00fcks\u00e9ge a garanci\u00e1ra, de mi \u00edgy biztos\u00edtjuk \u00d6nnek a nyugalmat!<br \/>\nMegjegyz\u00e9s: A sz\u00e1ll\u00edt\u00e1si k\u00f6lts\u00e9gek a v\u00e1s\u00e1rl\u00f3t terhelik. <span style=\"font-weight: 400;\">A visszak\u00fcld\u00e9si \u0171rlapot <a href=\"\/wp-content\/uploads\/2023\/11\/return-form-fillable.pdf\">ITT<\/a> tal\u00e1lja.<\/span><\/p>\n<h2>5. Panaszok<\/h2>\n<p><span style=\"font-weight: 400;\">Az \u00fcgyfeleknek t\u00f6rt\u00e9n\u0151 sz\u00e1ll\u00edt\u00e1s el\u0151tt minden term\u00e9ket ellen\u0151riznek, hogy garant\u00e1lj\u00e1k az \u00f6sszes term\u00e9k s\u00e9rtetlen \u00e1llapot\u00e1t.<br \/>\nA term\u00e9keket gondosan csomagoljuk a sz\u00e1ll\u00edt\u00e1si dobozokba, hogy biztosan s\u00e9r\u00fcl\u00e9smentesen \u00e9s eredeti csomagol\u00e1sban \u00e9rkezzenek meg \u00d6nh\u00f6z. <\/span><\/p>\n<p><span style=\"font-weight: 400;\">K\u00edn\u00e1latunk kiz\u00e1r\u00f3lag pr\u00e9mium min\u0151s\u00e9g\u0171 term\u00e9kekb\u0151l \u00e1ll.<br \/>\nEtt\u0151l f\u00fcggetlen\u00fcl el\u0151fordulhat, hogy a megrendelt term\u00e9k a sz\u00e1ll\u00edt\u00e1s sor\u00e1n megs\u00e9r\u00fcl, vagy gy\u00e1ri hib\u00e1t tartalmazhat.<br \/>\nMinden ilyen esetet igyeksz\u00fcnk gyorsan \u00e9s az \u00d6n elv\u00e1r\u00e1sainak megfelel\u0151en megoldani. <\/span><\/p>\n<p><b>Vev\u0151i jogok<\/b><span style=\"font-weight: 400;\">A term\u00e9k hib\u00e1ja eset\u00e9n a vev\u0151 jogosult a term\u00e9k kicser\u00e9l\u00e9s\u00e9t egy \u00faj, kifog\u00e1stalan \u00e1llapot\u00fa term\u00e9kre, vagy a kifizetett \u00f6sszeg visszat\u00e9r\u00edt\u00e9s\u00e9t, vagy a term\u00e9k hib\u00e1j\u00e1nak elh\u00e1r\u00edt\u00e1s\u00e1t, vagy a kifizetett \u00f6sszeg egy r\u00e9sz\u00e9nek visszat\u00e9r\u00edt\u00e9s\u00e9t k\u00f6vetelni a hib\u00e1ra tekintettel.<\/span><span style=\"font-weight: 400;\">Amennyiben a kiv\u00e1lasztott term\u00e9k dr\u00e1g\u00e1bb, a vev\u0151t az \u00e1rk\u00fcl\u00f6nb\u00f6zet terheli.<\/span><span style=\"font-weight: 400;\">A term\u00e9kek cser\u00e9je csak az eredeti sz\u00e1mla vagy a sz\u00e1mla m\u00e1solata alapj\u00e1n lehets\u00e9ges az <a href=\"\/wp-content\/uploads\/2024\/03\/complaint-form_en.pdf\">itt<\/a> tal\u00e1lhat\u00f3 kit\u00f6lt\u00f6tt \u0171rlap k\u00eds\u00e9ret\u00e9ben.<\/span><\/p>\n<p><span style=\"font-weight: 400;\">A panasz\u00e1val kapcsolatos d\u00f6nt\u00e9s\u00fcnket a panasz be\u00e9rkez\u00e9s\u00e9t\u0151l sz\u00e1m\u00edtott legfeljebb 30 napon bel\u00fcl k\u00f6z\u00f6lj\u00fck.<br \/>\n\u00c1ltal\u00e1ban a d\u00f6nt\u00e9st k\u00f6r\u00fclbel\u00fcl 7 napon bel\u00fcl v\u00e9gleges\u00edtj\u00fck. <\/span><\/p>\n<p><span style=\"font-weight: 400;\">Ha a reklam\u00e1ci\u00f3t elfogadj\u00e1k, a vev\u0151 jogosult lesz \u00faj term\u00e9ket v\u00e1lasztani.<br \/>\nAmennyiben a kiv\u00e1lasztott term\u00e9k dr\u00e1g\u00e1bb, a v\u00e1s\u00e1rl\u00f3t az \u00e1rk\u00fcl\u00f6nb\u00f6zet terheli. <\/span><\/p>\n<p><span style=\"font-weight: 400;\">A reklam\u00e1ci\u00f3val \u00e9rintett term\u00e9kek sz\u00e1ll\u00edt\u00e1si k\u00f6lts\u00e9geit a vev\u0151 \u00e1llja.<\/span><span style=\"font-weight: 400;\">FONTOS<\/span><span style=\"font-weight: 400;\">A reklam\u00e1ci\u00f3 automatikusan elutas\u00edt\u00e1sra ker\u00fcl a k\u00f6vetkez\u0151 esetekben:<\/span><\/p>\n<ul>\n<li style=\"font-weight: 400;\" aria-level=\"1\"><span style=\"font-weight: 400;\">A reklam\u00e1ci\u00f3 t\u00e1rgy\u00e1t k\u00e9pez\u0151 term\u00e9khez nem csatoltak ki\u00e1ll\u00edtott sz\u00e1ml\u00e1t vagy reklam\u00e1ci\u00f3s nyomtatv\u00e1nyt.<\/span><\/li>\n<li style=\"font-weight: 400;\" aria-level=\"1\"><span style=\"font-weight: 400;\">A reklam\u00e1ci\u00f3 beny\u00fajt\u00e1s\u00e1ra nem k\u00f6zvetlen\u00fcl a term\u00e9kben bek\u00f6vetkezett k\u00e1r vagy term\u00e9khiba meg\u00e1llap\u00edt\u00e1sa ut\u00e1n ker\u00fcl sor.<\/span><\/li>\n<li style=\"font-weight: 400;\" aria-level=\"1\"><span style=\"font-weight: 400;\">A term\u00e9k k\u00e1rosod\u00e1sa a nem rendeltet\u00e9sszer\u0171 haszn\u00e1lat k\u00f6vetkezm\u00e9nye.<\/span><\/li>\n<\/ul>\n<p><span style=\"font-weight: 400;\">A term\u00e9kvisszav\u00e9telek c\u00edme reklam\u00e1ci\u00f3 t\u00e1rgy\u00e1t k\u00e9pezi: <\/span><span style=\"font-weight: 400;\">AzureFilm d.o.o.<\/span><span style=\"font-weight: 400;\">Orle\u0161ka cesta 16<\/span><span style=\"font-weight: 400;\">6210 Se\u017eana<\/span><span style=\"font-weight: 400;\">Szlov\u00e9nia<\/span><span style=\"font-weight: 400;\">A reklam\u00e1ci\u00f3s \u0171rlap <a href=\"\/wp-content\/uploads\/2024\/03\/complaint-form_en.pdf\">itt<\/a> \u00e9rhet\u0151 el. <\/span><\/p>\n<h2>6. Mag\u00e1n\u00e9let \u00e9s szem\u00e9lyes adatok v\u00e9delme<\/h2>\n<p><span style=\"font-weight: 400;\">A mag\u00e1n\u00e9let \u00e9s a szem\u00e9lyes adatok v\u00e9delm\u00e9t az Adatv\u00e9delmi szab\u00e1lyzatunk szab\u00e1lyozza.<\/span><\/p>\n<h2>7. Vitarendez\u00e9s<\/h2>\n<p><span style=\"font-weight: 400;\">A vev\u0151 \u00e9s az AzureFilm k\u00f6z\u00f6tti esetleges vit\u00e1s k\u00e9rd\u00e9seket, amelyek a www.azurefilm.com web\u00e1ruh\u00e1z haszn\u00e1lat\u00e1b\u00f3l ad\u00f3dhatnak, mindk\u00e9t f\u00e9l b\u00e9k\u00e9s \u00faton rendezi, m\u00edg a megoldatlan konfliktusokat az illet\u00e9kes b\u00edr\u00f3s\u00e1g el\u00e9 viszik.<\/span><\/p>\n<p>&nbsp;<\/p>\n\t\t<\/div>\n\t\t\t\t\t<\/div>\n\n\t\n<\/div>\n\t\t<\/div>\n\n\t\t\n<style>\n#section_727330461 {\n  padding-top: 0px;\n  padding-bottom: 0px;\n}\n<\/style>\n\t<\/section>\n\t\n","protected":false},"excerpt":{"rendered":"","protected":false},"author":1,"featured_media":0,"parent":0,"menu_order":0,"comment_status":"closed","ping_status":"closed","template":"","meta":{"_acf_changed":false,"footnotes":""},"class_list":["post-44969","page","type-page","status-publish","hentry"],"acf":[],"_links":{"self":[{"href":"https:\/\/azurefilm.com\/hu\/wp-json\/wp\/v2\/pages\/44969","targetHints":{"allow":["GET"]}}],"collection":[{"href":"https:\/\/azurefilm.com\/hu\/wp-json\/wp\/v2\/pages"}],"about":[{"href":"https:\/\/azurefilm.com\/hu\/wp-json\/wp\/v2\/types\/page"}],"author":[{"embeddable":true,"href":"https:\/\/azurefilm.com\/hu\/wp-json\/wp\/v2\/users\/1"}],"replies":[{"embeddable":true,"href":"https:\/\/azurefilm.com\/hu\/wp-json\/wp\/v2\/comments?post=44969"}],"version-history":[{"count":0,"href":"https:\/\/azurefilm.com\/hu\/wp-json\/wp\/v2\/pages\/44969\/revisions"}],"wp:attachment":[{"href":"https:\/\/azurefilm.com\/hu\/wp-json\/wp\/v2\/media?parent=44969"}],"curies":[{"name":"wp","href":"https:\/\/api.w.org\/{rel}","templated":true}]}}