
{"id":54962,"date":"2024-10-28T15:45:35","date_gmt":"2024-10-28T15:45:35","guid":{"rendered":"https:\/\/azurefilm.com\/?page_id=54962"},"modified":"2025-05-28T10:16:36","modified_gmt":"2025-05-28T10:16:36","slug":"formnext-2024","status":"publish","type":"page","link":"https:\/\/azurefilm.com\/hu\/formnext-2024\/","title":{"rendered":"Formnext 2024"},"content":{"rendered":"\n  <div class=\"banner has-hover\" id=\"banner-1364991813\">\n          <div class=\"banner-inner fill\">\n        <div class=\"banner-bg fill\" >\n            <img loading=\"lazy\" decoding=\"async\" width=\"2560\" height=\"600\" src=\"https:\/\/azurefilm.com\/wp-content\/uploads\/2024\/06\/EN_1000x450px-scaled.jpg\" class=\"bg attachment-original size-original\" alt=\"\" title=\"\">                                    \n                    <\/div>\n\t\t\n        <div class=\"banner-layers container\">\n            <div class=\"fill banner-link\"><\/div>            \n   <div id=\"text-box-1353182070\" class=\"text-box banner-layer x50 md-x50 lg-x50 y50 md-y50 lg-y50 res-text\">\n                                <div class=\"text-box-content text dark\">\n              \n              <div class=\"text-inner text-center\">\n                  \n              <\/div>\n           <\/div>\n                            \n<style>\n#text-box-1353182070 {\n  width: 60%;\n}\n#text-box-1353182070 .text-box-content {\n  font-size: 100%;\n}\n<\/style>\n    <\/div>\n \n        <\/div>\n      <\/div>\n\n            \n<style>\n#banner-1364991813 {\n  padding-top: 500px;\n}\n<\/style>\n  <\/div>\n\n\n\t<div id=\"gap-736429556\" class=\"gap-element clearfix\" style=\"display:block; height:auto;\">\n\t\t\n<style>\n#gap-736429556 {\n  padding-top: 30px;\n}\n<\/style>\n\t<\/div>\n\t\n<div class=\"row\"  id=\"row-1785502854\">\n\n\t<div id=\"col-1957473531\" class=\"col small-12 large-12\"  >\n\t\t\t\t<div class=\"col-inner\"  >\n\t\t\t\n\t\t\t\n\t<div id=\"text-1235997901\" class=\"text\">\n\t\t\n<h3>Csatlakozzon hozz\u00e1nk a Formnext 2024-en!<\/h3>\n<p><strong>Fedezze fel a legmodernebb 3D nyomtat\u00e1si megold\u00e1sokat<\/strong><\/p>\n<p>\u00d6r\u00f6mmel megh\u00edvjuk \u00d6nt a <strong>Formnext 2024-re<\/strong>, a vil\u00e1g vezet\u0151 <strong>addit\u00edv gy\u00e1rt\u00e1si<\/strong> \u00e9s <strong>ipari 3D nyomtat\u00e1si<\/strong> rendezv\u00e9ny\u00e9re. Az idei ki\u00e1ll\u00edt\u00e1sra a <strong>n\u00e9metorsz\u00e1gi Frankfurtban<\/strong> ker\u00fcl sor <strong>2024. november 19-22.<\/strong> k\u00f6z\u00f6tt. <\/p>\n<h3>Mi\u00e9rt l\u00e1togasson el hozz\u00e1nk?<\/h3>\n<p>A <strong>12.1 csarnok B19-es standj\u00e1n<\/strong> az els\u0151k k\u00f6z\u00f6tt fedezheti fel <strong>leg\u00fajabb kollekci\u00f3inkat<\/strong>, \u00e9s szemtan\u00faja lehet <strong>exkluz\u00edv term\u00e9kbemutat\u00f3knak<\/strong>, amelyek c\u00e9lja a 3D nyomtat\u00e1s \u00e9lm\u00e9ny\u00e9nek n\u00f6vel\u00e9se.<\/p>\n<p><strong>Mire sz\u00e1m\u00edthat:<\/strong><\/p>\n<ul>\n<li><strong>Exkluz\u00edv term\u00e9kbemutat\u00f3k:<\/strong> Legyen az els\u0151, aki felfedezi leg\u00fajabb innov\u00e1ci\u00f3inkat.<\/li>\n<li><strong>Meglepet\u00e9sek:<\/strong> Izgalmas, \u00faj term\u00e9kek bemutat\u00e1sa a ki\u00e1ll\u00edt\u00e1son.<\/li>\n<li><strong>\u00dczleti lehet\u0151s\u00e9gek:<\/strong> Besz\u00e9lje meg, hogyan tudjuk t\u00e1mogatni 3D nyomtat\u00e1si c\u00e9ljait.<\/li>\n<li><strong>D\u00edjak l\u00e1togat\u00f3inknak:  <\/strong><\/li>\n<\/ul>\n<h3>Let&#8217;s Connect!<\/h3>\n<p>Szeretne tal\u00e1lkoz\u00f3t szervezni vagy k\u00e9rd\u00e9se van? <strong>T\u00f6ltse ki<\/strong> az al\u00e1bbi <strong>\u0171rlapot<\/strong>, hogy szem\u00e9lyre szabott megbesz\u00e9l\u00e9st szervezzen csapatunkkal, vagy egyszer\u0171en t\u00e9rjen be standunkra. V\u00e1rjuk \u00d6nt a <strong>Formnext 2024 &#8211;<\/strong><strong>B19<\/strong> <strong>stand<\/strong><strong>, 12.1 csarnok<\/strong>. Ne hagyja ki!<\/p>\n\t\t\n<style>\n#text-1235997901 {\n  text-align: left;\n}\n<\/style>\n\t<\/div>\n\t\n\t\t<\/div>\n\t\t\t\t\t<\/div>\n\n\t\n<\/div>\n<div class=\"row align-middle align-center\"  id=\"row-468909173\">\n<style>\n#row-468909173 > .col > .col-inner {\n  padding: 0px 0px 0px 0px;\n}\n<\/style>\n<\/div>\n\n\t<div id=\"col-545359357\" class=\"col medium-6 small-12 large-6\"  >\n\t\t\t\t<div class=\"col-inner text-left\"  >\n\t\t\t\n\t\t\t\t\t<\/div>\n\t\t\t\t\t<\/div>\n\n\t\n\n\t<section class=\"section pt-0\" id=\"section_2141859898\">\n\t\t<div class=\"section-bg fill\" >\n\t\t\t\t\t\t\t\t\t\n\t\t\t\n\n\t\t<\/div>\n\n\t\t\n\n\t\t<div class=\"section-content relative\">\n\t\t\t\t\t<\/div>\n\n\t\t\n<style>\n#section_2141859898 {\n  padding-top: 30px;\n  padding-bottom: 30px;\n}\n<\/style>\n\t<\/section>\n\t\n<div class=\"row\"  id=\"row-1254578189\"><\/div>\n\n\t<div id=\"col-1739456538\" class=\"col medium-12 small-12 large-12\"  >\n\t\t\t\t<div class=\"col-inner\"  >\n\t\t\t\n\t\t\t\t\t<\/div>\n\t\t\t\t\t<\/div>\n\n\t\n<div class=\"fake-h1\">KAPCSOLATFELV\u00c9TEL<\/div>\n<div>\n<div class=\"wpcf7 no-js\" id=\"wpcf7-f57606-o1\" lang=\"hu-HU\" dir=\"ltr\" data-wpcf7-id=\"57606\">\n<div class=\"screen-reader-response\"><p role=\"status\" aria-live=\"polite\" aria-atomic=\"true\"><\/p> <ul><\/ul><\/div>\n<form action=\"\/hu\/wp-json\/wp\/v2\/pages\/54962#wpcf7-f57606-o1\" method=\"post\" class=\"wpcf7-form init\" aria-label=\"Kapcsolatfelv\u00e9teli \u0171rlap\" novalidate=\"novalidate\" data-status=\"init\">\n<fieldset class=\"hidden-fields-container\"><input type=\"hidden\" name=\"_wpcf7\" value=\"57606\" \/><input type=\"hidden\" name=\"_wpcf7_version\" value=\"6.1.5\" \/><input type=\"hidden\" name=\"_wpcf7_locale\" value=\"hu_HU\" \/><input type=\"hidden\" name=\"_wpcf7_unit_tag\" value=\"wpcf7-f57606-o1\" \/><input type=\"hidden\" name=\"_wpcf7_container_post\" value=\"0\" \/><input type=\"hidden\" name=\"_wpcf7_posted_data_hash\" value=\"\" \/>\n<\/fieldset>\n<div class=\"wpcf7-turnstile cf-turnstile\" data-sitekey=\"0x4AAAAAAB5R05neHM8iS1aG\" data-response-field-name=\"_wpcf7_turnstile_response\"><\/div>\n\n<div class=\"contact-us-form\">\n\t<div class=\"contact-content\">\n\t\t<p><label><br \/>\n<span class=\"wpcf7-form-control-wrap\" data-name=\"your-name\"><input size=\"40\" maxlength=\"400\" class=\"wpcf7-form-control wpcf7-text wpcf7-validates-as-required\" aria-required=\"true\" aria-invalid=\"false\" placeholder=\"N\u00e9v*\" value=\"\" type=\"text\" name=\"your-name\" \/><\/span> <\/label>\n\t\t<\/p>\n\t\t<p><label><br \/>\n<span class=\"wpcf7-form-control-wrap\" data-name=\"your-email\"><input size=\"40\" maxlength=\"400\" class=\"wpcf7-form-control wpcf7-email wpcf7-validates-as-required wpcf7-text wpcf7-validates-as-email\" aria-required=\"true\" aria-invalid=\"false\" placeholder=\"E-mail*\" value=\"\" type=\"email\" name=\"your-email\" \/><\/span> <\/label>\n\t\t<\/p>\n\t\t<p><label><br \/>\n<span class=\"wpcf7-form-control-wrap\" data-name=\"text-223\"><input size=\"40\" maxlength=\"400\" class=\"wpcf7-form-control wpcf7-text wpcf7-validates-as-required\" aria-required=\"true\" aria-invalid=\"false\" placeholder=\"T\u00e1rgy*\" value=\"\" type=\"text\" name=\"text-223\" \/><\/span><\/label>\n\t\t<\/p>\n\t<\/div>\n\t<div class=\"contact-text\">\n\t\t<p><label><br \/>\n<span class=\"wpcf7-form-control-wrap\" data-name=\"your-message\"><textarea cols=\"40\" rows=\"10\" maxlength=\"2000\" class=\"wpcf7-form-control wpcf7-textarea wpcf7-validates-as-required\" aria-required=\"true\" aria-invalid=\"false\" placeholder=\"Az \u00e9n \u00fczenetem*\" name=\"your-message\"><\/textarea><\/span> <\/label>\n\t\t<\/p>\n\t<\/div>\n\t<p class=\"contact-form-notice\">A kapcsolatfelv\u00e9teli \u0171rlapon megadott inform\u00e1ci\u00f3kat kiz\u00e1r\u00f3lag az \u00d6n \u00fczenet\u00e9nek megv\u00e1laszol\u00e1s\u00e1ra \u00e9s megv\u00e1laszol\u00e1s\u00e1ra haszn\u00e1ljuk fel. Tiszteletben tartjuk a mag\u00e1n\u00e9let\u00e9t, \u00e9s nem haszn\u00e1ljuk fel adatait m\u00e1s c\u00e9lokra, \u00e9s nem osztjuk meg harmadik f\u00e9llel.\n\t<\/p>\n<\/div>\n<div class=\"contact-us-button-container\">\n\t<p><input class=\"wpcf7-form-control wpcf7-submit has-spinner\" type=\"submit\" value=\"K\u00fcldje be a\" \/>\n\t<\/p>\n<\/div><div class=\"wpcf7-response-output\" aria-hidden=\"true\"><\/div>\n<\/form>\n<\/div>\n<\/div>\n","protected":false},"excerpt":{"rendered":"<p>KAPCSOLATFELV\u00c9TEL<\/p>\n","protected":false},"author":11,"featured_media":60696,"parent":0,"menu_order":0,"comment_status":"closed","ping_status":"closed","template":"","meta":{"_acf_changed":false,"footnotes":""},"class_list":["post-54962","page","type-page","status-publish","has-post-thumbnail","hentry"],"acf":[],"_links":{"self":[{"href":"https:\/\/azurefilm.com\/hu\/wp-json\/wp\/v2\/pages\/54962","targetHints":{"allow":["GET"]}}],"collection":[{"href":"https:\/\/azurefilm.com\/hu\/wp-json\/wp\/v2\/pages"}],"about":[{"href":"https:\/\/azurefilm.com\/hu\/wp-json\/wp\/v2\/types\/page"}],"author":[{"embeddable":true,"href":"https:\/\/azurefilm.com\/hu\/wp-json\/wp\/v2\/users\/11"}],"replies":[{"embeddable":true,"href":"https:\/\/azurefilm.com\/hu\/wp-json\/wp\/v2\/comments?post=54962"}],"version-history":[{"count":0,"href":"https:\/\/azurefilm.com\/hu\/wp-json\/wp\/v2\/pages\/54962\/revisions"}],"wp:featuredmedia":[{"embeddable":true,"href":"https:\/\/azurefilm.com\/hu\/wp-json\/wp\/v2\/media\/60696"}],"wp:attachment":[{"href":"https:\/\/azurefilm.com\/hu\/wp-json\/wp\/v2\/media?parent=54962"}],"curies":[{"name":"wp","href":"https:\/\/api.w.org\/{rel}","templated":true}]}}