
{"id":55324,"date":"2023-10-30T01:55:20","date_gmt":"2023-10-30T01:55:20","guid":{"rendered":"https:\/\/azurefilm.com\/kapcsolatfelvetel\/"},"modified":"2025-04-02T07:09:57","modified_gmt":"2025-04-02T07:09:57","slug":"kapcsolatfelvetel","status":"publish","type":"page","link":"https:\/\/azurefilm.com\/hu\/kapcsolatfelvetel\/","title":{"rendered":"Kapcsolatfelv\u00e9tel"},"content":{"rendered":"\n\t<section class=\"section pt-0\" id=\"section_1366668035\">\n\t\t<div class=\"section-bg fill\" >\n\t\t\t\t\t\t\t\t\t\n\t\t\t\n\n\t\t<\/div>\n\n\t\t\n\n\t\t<div class=\"section-content relative\">\n\t\t\t\n<div class=\"row\"  id=\"row-45671186\">\n\n\t<div id=\"col-2101001896\" class=\"col medium-12 small-12 large-12\"  >\n\t\t\t\t<div class=\"col-inner\"  >\n\t\t\t\n\t\t\t\n<h1>KAPCSOLATFELV\u00c9TEL<\/h1>\n<p><span style=\"font-weight: 400;\">Szeretn\u00e9nk hallani \u00d6nr\u0151l! Ak\u00e1r k\u00e9rd\u00e9se, visszajelz\u00e9se vagy \u00fczleti k\u00e9r\u00e9se van, elk\u00f6telezett csapatunk k\u00e9szs\u00e9ggel \u00e1ll rendelkez\u00e9s\u00e9re.  Keressen minket az al\u00e1bbi kapcsolatfelv\u00e9teli \u0171rlapon kereszt\u00fcl vagy e-mailben  <\/span><a href=\"mailto:info@azurefilm.com\"><span style=\"font-weight: 400;\">info@azurefilm.com<\/span><\/a><span style=\"font-weight: 400;\">. <\/span> <\/p>\n\t\t<\/div>\n\t\t\t\t\t<\/div>\n\n\t\n\n\t<div id=\"col-280577688\" class=\"col small-12 large-12\"  >\n\t\t\t\t<div class=\"col-inner\"  >\n\t\t\t\n\t\t\t\n\n<div class=\"wpcf7 no-js\" id=\"wpcf7-f57600-o1\" lang=\"hu-HU\" dir=\"ltr\" data-wpcf7-id=\"57600\">\n<div class=\"screen-reader-response\"><p role=\"status\" aria-live=\"polite\" aria-atomic=\"true\"><\/p> <ul><\/ul><\/div>\n<form action=\"\/hu\/wp-json\/wp\/v2\/pages\/55324#wpcf7-f57600-o1\" method=\"post\" class=\"wpcf7-form init\" aria-label=\"Kapcsolatfelv\u00e9teli \u0171rlap\" enctype=\"multipart\/form-data\" novalidate=\"novalidate\" data-status=\"init\">\n<fieldset class=\"hidden-fields-container\"><input type=\"hidden\" name=\"_wpcf7\" value=\"57600\" \/><input type=\"hidden\" name=\"_wpcf7_version\" value=\"6.1.5\" \/><input type=\"hidden\" name=\"_wpcf7_locale\" value=\"hu_HU\" \/><input type=\"hidden\" name=\"_wpcf7_unit_tag\" value=\"wpcf7-f57600-o1\" \/><input type=\"hidden\" name=\"_wpcf7_container_post\" value=\"0\" \/><input type=\"hidden\" name=\"_wpcf7_posted_data_hash\" value=\"\" \/>\n<\/fieldset>\n<div class=\"wpcf7-turnstile cf-turnstile\" data-sitekey=\"0x4AAAAAAB5R05neHM8iS1aG\" data-response-field-name=\"_wpcf7_turnstile_response\"><\/div>\n\n<div class=\"contact-us-form\">\n\t<div class=\"contact-content\">\n\t\t<p><label><br \/>\n<span class=\"wpcf7-form-control-wrap\" data-name=\"your-name\"><input size=\"40\" maxlength=\"400\" class=\"wpcf7-form-control wpcf7-text wpcf7-validates-as-required\" aria-required=\"true\" aria-invalid=\"false\" placeholder=\"N\u00e9v*\" value=\"\" type=\"text\" name=\"your-name\" \/><\/span> <\/label>\n\t\t<\/p>\n\t\t<p><label><br \/>\n<span class=\"wpcf7-form-control-wrap\" data-name=\"your-email\"><input size=\"40\" maxlength=\"400\" class=\"wpcf7-form-control wpcf7-email wpcf7-validates-as-required wpcf7-text wpcf7-validates-as-email\" aria-required=\"true\" aria-invalid=\"false\" placeholder=\"E-mail*\" value=\"\" type=\"email\" name=\"your-email\" \/><\/span> <\/label>\n\t\t<\/p>\n\t\t<p><label><br \/>\n<span class=\"wpcf7-form-control-wrap\" data-name=\"text-223\"><input size=\"40\" maxlength=\"400\" class=\"wpcf7-form-control wpcf7-text wpcf7-validates-as-required\" aria-required=\"true\" aria-invalid=\"false\" placeholder=\"T\u00e1rgy*\" value=\"\" type=\"text\" name=\"text-223\" \/><\/span><\/label>\n\t\t<\/p>\n\t<\/div>\n\t<div class=\"contact-text\">\n\t\t<p><label><br \/>\n<span class=\"wpcf7-form-control-wrap\" data-name=\"your-message\"><textarea cols=\"40\" rows=\"10\" maxlength=\"2000\" class=\"wpcf7-form-control wpcf7-textarea wpcf7-validates-as-required\" aria-required=\"true\" aria-invalid=\"false\" placeholder=\"Az \u00e9n k\u00e9rd\u00e9sem*\" name=\"your-message\"><\/textarea><\/span> <\/label>\n\t\t<\/p>\n\t<\/div>\n\t<div class=\"file-upload-container\">\n\t\t<p><span class=\"wpcf7-form-control-wrap\" data-name=\"file-464\"><input size=\"40\" class=\"wpcf7-form-control wpcf7-file hidden\" id=\"upload-button\" accept=\"audio\/*,video\/*,image\/*\" aria-invalid=\"false\" type=\"file\" name=\"file-464\" \/><\/span><br \/>\n<label class=\"upload-button-label button secondary is-outline\" for=\"upload-button\">F\u00e1jl kiv\u00e1laszt\u00e1sa<\/label><br \/>\n<span id=\"file-chosen\"><\/span>\n\t\t<\/p>\n\t<\/div>\n\t<p class=\"contact-form-notice\">A kapcsolatfelv\u00e9teli \u0171rlapon megadott inform\u00e1ci\u00f3kat kiz\u00e1r\u00f3lag az \u00d6n k\u00e9rd\u00e9s\u00e9nek megv\u00e1laszol\u00e1s\u00e1ra \u00e9s megv\u00e1laszol\u00e1s\u00e1ra haszn\u00e1ljuk fel. Tiszteletben tartjuk a mag\u00e1n\u00e9let\u00e9t, \u00e9s nem haszn\u00e1ljuk fel adatait m\u00e1s c\u00e9lokra, \u00e9s nem osztjuk meg harmadik f\u00e9llel.\n\t<\/p>\n<\/div>\n<div class=\"contact-us-button-container\">\n\t<p><input class=\"wpcf7-form-control wpcf7-submit has-spinner\" type=\"submit\" value=\"K\u00fcldje el a k\u00e9rd\u00e9semet\" \/>\n\t<\/p>\n<\/div><div class=\"wpcf7-response-output\" aria-hidden=\"true\"><\/div>\n<\/form>\n<\/div>\n\n\t\t<\/div>\n\t\t\t\t\t<\/div>\n\n\t\n<\/div>\n\t\t<\/div>\n\n\t\t\n<style>\n#section_1366668035 {\n  padding-top: 30px;\n  padding-bottom: 30px;\n}\n<\/style>\n\t<\/section>\n\t\n\n\t<section class=\"section\" id=\"section_612915354\">\n\t\t<div class=\"section-bg fill\" >\n\t\t\t\t\t\t\t\t\t\n\t\t\t\n\n\t\t<\/div>\n\n\t\t\n\n\t\t<div class=\"section-content relative\">\n\t\t\t\n<div class=\"row\"  id=\"row-1078441219\">\n\n\t<div id=\"col-1674875535\" class=\"col small-12 large-12\"  >\n\t\t\t\t<div class=\"col-inner\"  >\n\t\t\t\n\t\t\t\n<h2>KAPCSOLAT \u00c9S HELYSZ\u00cdN<\/h2>\n\t\t<\/div>\n\t\t\t\t\t<\/div>\n\n\t\n\n\t<div id=\"col-287906518\" class=\"col pb-0 medium-12 small-12 large-8\"  >\n\t\t\t\t<div class=\"col-inner\"  >\n\t\t\t\n\t\t\t\n\n\t<script type=\"text\/javascript\">\n  jQuery( document ).ready(function() {\n    function initialize() {\n        var styles = {\n            'flatsome':  [{\n            \"featureType\": \"administrative\",\n            \"stylers\": [\n              { \"visibility\": \"on\" }\n            ]\n          },\n          {\n            \"featureType\": \"road\",\n            \"stylers\": [\n              { \"visibility\": \"on\" },\n              { \"hue\": \"\" }\n            ]\n          },\n          {\n            \"stylers\": [\n\t\t\t  { \"visibility\": \"on\" },\n\t\t\t  { \"hue\": \"\" },\n\t\t\t  { \"saturation\": -30 }\n            ]\n          }\n        ]};\n\n        var myLatlng = new google.maps.LatLng(45.7032459, 13.8683196);\n        var myOptions = {\n            zoom: 9,\n            center: myLatlng,\n            mapTypeId: google.maps.MapTypeId.ROADMAP,\n            disableDefaultUI: true,\n            mapTypeId: 'flatsome',\n            draggable: true,\n            zoomControl: true,\n            zoomControlOptions: {\n              position: google.maps.ControlPosition.TOP_LEFT\n            },\n      \t\t\tmapTypeControl: true,\n            mapTypeControlOptions: {\n              position: google.maps.ControlPosition.TOP_LEFT\n            },\n      \t\t\tstreetViewControl: true,\n            streetViewControlOptions: {\n              position: google.maps.ControlPosition.TOP_LEFT\n            },\n            scrollwheel: false,\n            disableDoubleClickZoom: true\n        }\n        var map = new google.maps.Map(document.getElementById(\"map-1548290448-inner\"), myOptions);\n        var styledMapType = new google.maps.StyledMapType(styles['flatsome'], {name: 'flatsome'});\n        map.mapTypes.set('flatsome', styledMapType);\n\n        var marker = new google.maps.Marker({\n            position: myLatlng,\n            map: map,\n            title:\"\"\n        });\n    }\n\n    \/\/ Required to proceed\n    if (!(typeof google === 'object' && typeof google.maps === 'object')) {\n      return\n    }\n\n    initialize()\n    google.maps.event.addDomListener(window, 'resize', initialize);\n    });\n    <\/script>\n\n    <div class=\"google-map relative mb\" id=\"map-1548290448\">\n        <div class=\"map-height\" id=\"map-1548290448-inner\"><\/div>\n        <div id=\"map_overlay_top\"><\/div>\n        <div id=\"map_overlay_bottom\"><\/div>\n         \n       \n<style>\n#map-1548290448 .map-inner {\n  background-color: #fff;\n  max-width: 100%;\n}\n#map-1548290448 .map-height {\n  height: 400px;\n}\n@media (min-width:550px) {\n  #map-1548290448 .map-inner {\n    max-width: 40%;\n  }\n}\n@media (min-width:850px) {\n  #map-1548290448 .map-inner {\n    max-width: 30%;\n  }\n}\n<\/style>\n    <\/div>\n\n\t\n\t\t<\/div>\n\t\t\t\t\t<\/div>\n\n\t\n\n\t<div id=\"col-625844645\" class=\"col pb-0 medium-12 small-12 large-4\"  >\n\t\t\t\t<div class=\"col-inner\"  >\n\t\t\t\n\t\t\t\n\n\t\t<div class=\"icon-box featured-box contact-icon-box icon-box-left text-left\"  >\n\t\t\t\t\t<div class=\"icon-box-img\" style=\"width: 60px\">\n\t\t\t\t<div class=\"icon\">\n\t\t\t\t\t<div class=\"icon-inner\" >\n\t\t\t\t\t\t<img loading=\"lazy\" decoding=\"async\" width=\"83\" height=\"83\" src=\"https:\/\/azurefilm.com\/wp-content\/uploads\/2023\/10\/Group-423-1.svg\" class=\"attachment-medium size-medium\" alt=\"\" title=\"\">\t\t\t\t\t<\/div>\n\t\t\t\t<\/div>\n\t\t\t<\/div>\n\t\t\t\t<div class=\"icon-box-text last-reset\">\n\t\t\t\t\t\t\t\t\t\n<p><a href=\"#\">Orle\u0161ka cesta 16, 6210 Se\u017eana<\/a><\/p>\n\t\t<\/div>\n\t<\/div>\n\t\n\t\n\n\t\t<div class=\"icon-box featured-box contact-icon-box icon-box-left text-left\"  >\n\t\t\t\t\t<div class=\"icon-box-img\" style=\"width: 60px\">\n\t\t\t\t<div class=\"icon\">\n\t\t\t\t\t<div class=\"icon-inner\" >\n\t\t\t\t\t\t<img loading=\"lazy\" decoding=\"async\" width=\"83\" height=\"83\" src=\"https:\/\/azurefilm.com\/wp-content\/uploads\/2023\/10\/Group-424.svg\" class=\"attachment-medium size-medium\" alt=\"\" title=\"\">\t\t\t\t\t<\/div>\n\t\t\t\t<\/div>\n\t\t\t<\/div>\n\t\t\t\t<div class=\"icon-box-text last-reset\">\n\t\t\t\t\t\t\t\t\t\n<p><a href=\"mailto:info@azurefilm.com\">info@azurefilm.com<\/a><\/p>\n\t\t<\/div>\n\t<\/div>\n\t\n\t\n\t<div id=\"gap-1274354943\" class=\"gap-element clearfix\" style=\"display:block; height:auto;\">\n\t\t\n<style>\n#gap-1274354943 {\n  padding-top: 0px;\n}\n<\/style>\n\t<\/div>\n\t\n\t<div id=\"gap-1126401917\" class=\"gap-element clearfix\" style=\"display:block; height:auto;\">\n\t\t\n<style>\n#gap-1126401917 {\n  padding-top: 30px;\n}\n<\/style>\n\t<\/div>\n\t\n<div class=\"row\"  id=\"row-2136974345\">\n\n\t<div id=\"col-1065889198\" class=\"col pb-0 small-12 large-12\"  >\n\t\t\t\t<div class=\"col-inner\"  >\n\t\t\t\n\t\t\t\n\t\t<\/div>\n\t\t\t\t\t<\/div>\n\n\t\n\n\t<div id=\"col-1402266886\" class=\"col pb-0 medium-6 small-12 large-6\"  >\n\t\t\t\t<div class=\"col-inner\"  >\n\t\t\t\n\t\t\t\n\t\t<\/div>\n\t\t\t\t\t<\/div>\n\n\t\n\n\t<div id=\"col-579836725\" class=\"col pb-0 medium-6 small-12 large-6\"  >\n\t\t\t\t<div class=\"col-inner\"  >\n\t\t\t\n\t\t\t\n\t\t<\/div>\n\t\t\t\t\t<\/div>\n\n\t\n<\/div>\n\t\t<\/div>\n\t\t\t\t\n<style>\n#col-625844645 > .col-inner {\n  padding: 0px 0px 0px 0px;\n}\n@media (min-width:550px) {\n  #col-625844645 > .col-inner {\n    padding: 0px 0px 0px 30px;\n  }\n}\n<\/style>\n\t<\/div>\n\n\t\n<\/div>\n\t\t<\/div>\n\n\t\t\n<style>\n#section_612915354 {\n  padding-top: 30px;\n  padding-bottom: 30px;\n}\n<\/style>\n\t<\/section>\n\t\n\n\t<section class=\"section\" id=\"section_573811894\">\n\t\t<div class=\"section-bg fill\" >\n\t\t\t\t\t\t\t\t\t\n\t\t\t\n\n\t\t<\/div>\n\n\t\t\n\n\t\t<div class=\"section-content relative\">\n\t\t\t\n<div class=\"row align-equal archive-footer-color-block\"  id=\"row-944707891\">\n\n\t<div id=\"col-1920326208\" class=\"col colored-block-column medium-12 small-12 large-6\"  >\n\t\t\t\t<div class=\"col-inner\" style=\"background-color:rgb(12, 40, 75);\" >\n\t\t\t\n\t\t\t\n<div class=\"row align-middle\"  id=\"row-173934488\">\n\n\t<div id=\"col-1280603682\" class=\"col pb-0 medium-4 small-12 large-4\"  >\n\t\t\t\t<div class=\"col-inner text-center\"  >\n\t\t\t\n\t\t\t\n\t<div class=\"img has-hover x md-x lg-x y md-y lg-y\" id=\"image_1033491745\">\n\t\t\t\t\t\t\t\t<div class=\"img-inner dark\" >\n\t\t\t<img loading=\"lazy\" decoding=\"async\" width=\"287\" height=\"255\" src=\"https:\/\/azurefilm.com\/wp-content\/uploads\/2023\/10\/electrical-cable-energy-technology-equipment-isolated-white-1-1.svg\" class=\"attachment-large size-large\" alt=\"\" title=\"\">\t\t\t\t\t\t\n\t\t\t\t\t<\/div>\n\t\t\t\t\t\t\t\t\n<style>\n#image_1033491745 {\n  width: 50%;\n}\n@media (min-width:550px) {\n  #image_1033491745 {\n    width: 100%;\n  }\n}\n<\/style>\n\t<\/div>\n\t\n\t\t<\/div>\n\t\t\t\t\t<\/div>\n\n\t\n\n\t<div id=\"col-1700818986\" class=\"col pb-0 medium-8 small-12 large-8\"  >\n\t\t\t\t<div class=\"col-inner\"  >\n\t\t\t\n\t\t\t\n\n<h3 class=\"uppercase\">Szolg\u00e1ltat\u00e1sok<\/h3>\n<p>  A k\u00fcl\u00f6nb\u00f6z\u0151 3D-filament t\u00edpusok \u00e9s sz\u00ednek sz\u00e9les v\u00e1laszt\u00e9k\u00e1n k\u00edv\u00fcl k\u00edn\u00e1lunk 3D nyomtat\u00f3kat, p\u00f3talkatr\u00e9szeket, ig\u00e9ny szerinti sz\u00edneket, saj\u00e1t m\u00e1rk\u00e1s lehet\u0151s\u00e9geket \u00e9s m\u00e9g sok m\u00e1st is &#8211; mindezek egy\u00fcttesen az AzureFilmet a megfelel\u0151 helly\u00e9 teszik, ahol \u00e1lmait 3D val\u00f3s\u00e1gg\u00e1 v\u00e1ltoztathatja!  <\/p>\n\n<a href=\"https:\/\/azurefilm.com\/our-services\/\" class=\"button white is-outline\" >\n\t\t<span>OLVASSA TOV\u00c1BB<\/span>\n\t<\/a>\n\n\t\t<\/div>\n\t\t\t\t\t<\/div>\n\n\t\n<\/div>\n\t\t<\/div>\n\t\t\t\t\n<style>\n#col-1920326208 > .col-inner {\n  padding: 1em 1em 1em 1em;\n}\n@media (min-width:550px) {\n  #col-1920326208 > .col-inner {\n    padding: 0.5em 2em 2em 2em;\n  }\n}\n<\/style>\n\t<\/div>\n\n\t\n\n\t<div id=\"col-1035353988\" class=\"col colored-block-column medium-12 small-12 large-6\"  >\n\t\t\t\t<div class=\"col-inner\" style=\"background-color:rgb(26, 28, 28);\" >\n\t\t\t\n\t\t\t\n<div class=\"row align-middle\"  id=\"row-1413995714\">\n\n\t<div id=\"col-574507099\" class=\"col pb-0 medium-4 small-12 large-4\"  >\n\t\t\t\t<div class=\"col-inner text-center\"  >\n\t\t\t\n\t\t\t\n\t<div class=\"img has-hover x md-x lg-x y md-y lg-y\" id=\"image_1520906424\">\n\t\t\t\t\t\t\t\t<div class=\"img-inner dark\" >\n\t\t\t<img loading=\"lazy\" decoding=\"async\" width=\"250\" height=\"209\" src=\"https:\/\/azurefilm.com\/wp-content\/uploads\/2023\/10\/printing-3d-1-1.png\" class=\"attachment-large size-large\" alt=\"\" title=\"\">\t\t\t\t\t\t\n\t\t\t\t\t<\/div>\n\t\t\t\t\t\t\t\t\n<style>\n#image_1520906424 {\n  width: 50%;\n}\n@media (min-width:550px) {\n  #image_1520906424 {\n    width: 100%;\n  }\n}\n<\/style>\n\t<\/div>\n\t\n\t\t<\/div>\n\t\t\t\t\t<\/div>\n\n\t\n\n\t<div id=\"col-654903612\" class=\"col pb-0 medium-8 small-12 large-8\"  >\n\t\t\t\t<div class=\"col-inner\"  >\n\t\t\t\n\t\t\t\n\n<h3 class=\"uppercase\">R\u00f3lunk<\/h3>\n<p>  Mi egy szlov\u00e9niai addit\u00edv gy\u00e1rt\u00e1si v\u00e1llalat vagyunk, t\u00f6bb mint 30 \u00e9ves tapasztalattal a m\u0171anyagiparban. Szak\u00e9rt\u0151i csapatunk, h\u00e1zon bel\u00fcli gy\u00e1rt\u00f3sorunk \u00e9s a 3D nyomtat\u00e1s ir\u00e1nti szenved\u00e9ly\u00fcnk lehet\u0151v\u00e9 teszi, hogy kiv\u00e1l\u00f3 min\u0151s\u00e9g\u0171 sz\u00e1lakat \u00e9s egy\u00e9b, a 3D nyomtat\u00e1shoz sz\u00fcks\u00e9ges term\u00e9keket k\u00edn\u00e1ljunk.   <\/p>\n\n<a href=\"https:\/\/azurefilm.com\/hu\/rolunk\/\" class=\"button white is-outline\" >\n\t\t<span>OLVASSA TOV\u00c1BB<\/span>\n\t<\/a>\n\n\t\t<\/div>\n\t\t\t\t\t<\/div>\n\n\t\n<\/div>\n\t\t<\/div>\n\t\t\t\t\n<style>\n#col-1035353988 > .col-inner {\n  padding: 1em 1em 1em 1em;\n}\n@media (min-width:550px) {\n  #col-1035353988 > .col-inner {\n    padding: 2em 2em 2em 2em;\n  }\n}\n<\/style>\n\t<\/div>\n\n\t\n<\/div>\n\t\t<\/div>\n\n\t\t\n<style>\n#section_573811894 {\n  padding-top: 30px;\n  padding-bottom: 30px;\n}\n<\/style>\n\t<\/section>\n\t\n","protected":false},"excerpt":{"rendered":"","protected":false},"author":1,"featured_media":0,"parent":0,"menu_order":0,"comment_status":"closed","ping_status":"closed","template":"","meta":{"_acf_changed":false,"footnotes":""},"class_list":["post-55324","page","type-page","status-publish","hentry"],"acf":[],"_links":{"self":[{"href":"https:\/\/azurefilm.com\/hu\/wp-json\/wp\/v2\/pages\/55324","targetHints":{"allow":["GET"]}}],"collection":[{"href":"https:\/\/azurefilm.com\/hu\/wp-json\/wp\/v2\/pages"}],"about":[{"href":"https:\/\/azurefilm.com\/hu\/wp-json\/wp\/v2\/types\/page"}],"author":[{"embeddable":true,"href":"https:\/\/azurefilm.com\/hu\/wp-json\/wp\/v2\/users\/1"}],"replies":[{"embeddable":true,"href":"https:\/\/azurefilm.com\/hu\/wp-json\/wp\/v2\/comments?post=55324"}],"version-history":[{"count":0,"href":"https:\/\/azurefilm.com\/hu\/wp-json\/wp\/v2\/pages\/55324\/revisions"}],"wp:attachment":[{"href":"https:\/\/azurefilm.com\/hu\/wp-json\/wp\/v2\/media?parent=55324"}],"curies":[{"name":"wp","href":"https:\/\/api.w.org\/{rel}","templated":true}]}}