
{"id":55331,"date":"2023-10-30T03:16:53","date_gmt":"2023-10-30T03:16:53","guid":{"rendered":"https:\/\/azurefilm.com\/szolgaltatasaink\/"},"modified":"2025-05-28T11:25:46","modified_gmt":"2025-05-28T11:25:46","slug":"szolgaltatasaink","status":"publish","type":"page","link":"https:\/\/azurefilm.com\/hu\/szolgaltatasaink\/","title":{"rendered":"Szolg\u00e1ltat\u00e1saink"},"content":{"rendered":"\n\t<section class=\"section pt-0\" id=\"section_483323047\">\n\t\t<div class=\"section-bg fill\" >\n\t\t\t\t\t\t\t\t\t\n\t\t\t\n\n\t\t<\/div>\n\n\t\t\n\n\t\t<div class=\"section-content relative\">\n\t\t\t\n<div class=\"row align-middle\"  id=\"row-81988822\">\n\n\t<div id=\"col-1106707412\" class=\"col medium-7 small-12 large-6\"  >\n\t\t\t\t<div class=\"col-inner\"  >\n\t\t\t\n\t\t\t\n<h1 class=\"uppercase\">Szolg\u00e1ltat\u00e1saink<\/h1>\n<p>A k\u00fcl\u00f6nb\u00f6z\u0151 3D-filament t\u00edpusok \u00e9s sz\u00ednek sz\u00e9les v\u00e1laszt\u00e9k\u00e1n k\u00edv\u00fcl k\u00edn\u00e1lunk 3D nyomtat\u00f3kat, p\u00f3talkatr\u00e9szeket, ig\u00e9ny szerinti sz\u00edneket, saj\u00e1t m\u00e1rk\u00e1s lehet\u0151s\u00e9geket \u00e9s m\u00e9g sok m\u00e1st is &#8211; mindezek egy\u00fcttesen az AzureFilmet a megfelel\u0151 helly\u00e9 teszik, ahol \u00e1lmait 3D val\u00f3s\u00e1gg\u00e1 v\u00e1ltoztathatja!<\/p>\n\t\t<\/div>\n\t\t\t\t\n<style>\n#col-1106707412 > .col-inner {\n  padding: 0px 0px 0px 0px;\n}\n@media (min-width:550px) {\n  #col-1106707412 > .col-inner {\n    padding: 0px 50px 0px 0px;\n  }\n}\n<\/style>\n\t<\/div>\n\n\t\n\n\t<div id=\"col-2051631574\" class=\"col medium-5 small-12 large-6\"  >\n\t\t\t\t<div class=\"col-inner\"  >\n\t\t\t\n\t\t\t\n\t<div class=\"img has-hover x md-x lg-x y md-y lg-y\" id=\"image_1034169594\">\n\t\t\t\t\t\t\t\t<div class=\"img-inner dark\" >\n\t\t\t<img loading=\"lazy\" decoding=\"async\" width=\"884\" height=\"453\" src=\"https:\/\/azurefilm.com\/wp-content\/uploads\/2023\/10\/Rectangle-227.png\" class=\"attachment-large size-large\" alt=\"\" srcset=\"https:\/\/azurefilm.com\/wp-content\/uploads\/2023\/10\/Rectangle-227.png 884w, https:\/\/azurefilm.com\/wp-content\/uploads\/2023\/10\/Rectangle-227-510x261.png 510w, https:\/\/azurefilm.com\/wp-content\/uploads\/2023\/10\/Rectangle-227-300x154.png 300w, https:\/\/azurefilm.com\/wp-content\/uploads\/2023\/10\/Rectangle-227-768x394.png 768w\" sizes=\"auto, (max-width: 884px) 100vw, 884px\" title=\"\">\t\t\t\t\t\t\n\t\t\t\t\t<\/div>\n\t\t\t\t\t\t\t\t\n<style>\n#image_1034169594 {\n  width: 100%;\n}\n<\/style>\n\t<\/div>\n\t\n\t\t<\/div>\n\t\t\t\t\t<\/div>\n\n\t\n<\/div>\n\t\t<\/div>\n\n\t\t\n<style>\n#section_483323047 {\n  padding-top: 30px;\n  padding-bottom: 30px;\n}\n<\/style>\n\t<\/section>\n\t\n\n\t<section class=\"section\" id=\"section_1365573599\">\n\t\t<div class=\"section-bg fill\" >\n\t\t\t\t\t\t\t\t\t\n\t\t\t\n\n\t\t<\/div>\n\n\t\t\n\n\t\t<div class=\"section-content relative\">\n\t\t\t\n<div class=\"row align-equal our-services-list-row\"  id=\"row-1476454976\">\n\n\t<div id=\"col-1967461467\" class=\"col service-column medium-6 small-12 large-6\"  >\n\t\t\t\t<div class=\"col-inner box-shadow-2\"  >\n\t\t\t\n\t\t\t\n<div class=\"row align-middle\"  id=\"row-340141004\">\n\n\t<div id=\"col-1209601566\" class=\"col pb-0 medium-4 small-12 large-4\"  >\n\t\t\t\t<div class=\"col-inner text-center\"  >\n\t\t\t\n\t\t\t\n\t<div class=\"img has-hover x md-x lg-x y md-y lg-y\" id=\"image_1841488245\">\n\t\t\t\t\t\t\t\t<div class=\"img-inner dark\" >\n\t\t\t<img loading=\"lazy\" decoding=\"async\" width=\"1020\" height=\"1020\" src=\"https:\/\/azurefilm.com\/wp-content\/uploads\/2023\/10\/Manufacturing-1024x1024.jpeg\" class=\"attachment-large size-large\" alt=\"\" srcset=\"https:\/\/azurefilm.com\/wp-content\/uploads\/2023\/10\/Manufacturing-1024x1024.jpeg 1024w, https:\/\/azurefilm.com\/wp-content\/uploads\/2023\/10\/Manufacturing-274x274.jpeg 274w, https:\/\/azurefilm.com\/wp-content\/uploads\/2023\/10\/Manufacturing-100x100.jpeg 100w, https:\/\/azurefilm.com\/wp-content\/uploads\/2023\/10\/Manufacturing-510x510.jpeg 510w, https:\/\/azurefilm.com\/wp-content\/uploads\/2023\/10\/Manufacturing-300x300.jpeg 300w, https:\/\/azurefilm.com\/wp-content\/uploads\/2023\/10\/Manufacturing-150x150.jpeg 150w, https:\/\/azurefilm.com\/wp-content\/uploads\/2023\/10\/Manufacturing-768x768.jpeg 768w, https:\/\/azurefilm.com\/wp-content\/uploads\/2023\/10\/Manufacturing.jpeg 1200w\" sizes=\"auto, (max-width: 1020px) 100vw, 1020px\" title=\"\">\t\t\t\t\t\t\n\t\t\t\t\t<\/div>\n\t\t\t\t\t\t\t\t\n<style>\n#image_1841488245 {\n  width: 60%;\n}\n@media (min-width:550px) {\n  #image_1841488245 {\n    width: 100%;\n  }\n}\n<\/style>\n\t<\/div>\n\t\n\t\t<\/div>\n\t\t\t\t\t<\/div>\n\n\t\n\n\t<div id=\"col-881300937\" class=\"col pb-0 medium-8 small-12 large-8\"  >\n\t\t\t\t<div class=\"col-inner\"  >\n\t\t\t\n\t\t\t\n<h2>Sz\u00e1lgy\u00e1rt\u00e1s<\/h2>\n<p>A 3D nyomtat\u00e1si sz\u00e1lak vezet\u0151 gy\u00e1rt\u00f3jak\u00e9nt kiv\u00e1l\u00f3 min\u0151s\u00e9g\u0171 sz\u00e1lakat k\u00edn\u00e1lunk k\u00fcl\u00f6nb\u00f6z\u0151 anyagokban \u00e9s sz\u00ednekben, amelyek kiv\u00e9teles teljes\u00edtm\u00e9nyt \u00e9s leny\u0171g\u00f6z\u0151 eredm\u00e9nyeket biztos\u00edtanak 3D nyomtat\u00e1si projektjeihez.<\/p>\n\t\t<\/div>\n\t\t\t\t\t<\/div>\n\n\t\n<\/div>\n\t\t<\/div>\n\t\t\t\t\n<style>\n#col-1967461467 > .col-inner {\n  padding: 20px 20px 0px 20px;\n}\n<\/style>\n\t<\/div>\n\n\t\n\n\t<div id=\"col-1242852422\" class=\"col service-column medium-6 small-12 large-6\"  >\n\t\t\t\t<div class=\"col-inner box-shadow-2\"  >\n\t\t\t\n\t\t\t\n<div class=\"row align-middle\"  id=\"row-1156268116\">\n\n\t<div id=\"col-231459174\" class=\"col pb-0 medium-4 small-12 large-4\"  >\n\t\t\t\t<div class=\"col-inner text-center\"  >\n\t\t\t\n\t\t\t\n\t<div class=\"img has-hover x md-x lg-x y md-y lg-y\" id=\"image_1866391206\">\n\t\t\t\t\t\t\t\t<div class=\"img-inner dark\" >\n\t\t\t<img loading=\"lazy\" decoding=\"async\" width=\"1020\" height=\"1020\" src=\"https:\/\/azurefilm.com\/wp-content\/uploads\/2023\/10\/everything-1024x1024.jpeg\" class=\"attachment-large size-large\" alt=\"\" srcset=\"https:\/\/azurefilm.com\/wp-content\/uploads\/2023\/10\/everything-1024x1024.jpeg 1024w, https:\/\/azurefilm.com\/wp-content\/uploads\/2023\/10\/everything-274x274.jpeg 274w, https:\/\/azurefilm.com\/wp-content\/uploads\/2023\/10\/everything-100x100.jpeg 100w, https:\/\/azurefilm.com\/wp-content\/uploads\/2023\/10\/everything-510x510.jpeg 510w, https:\/\/azurefilm.com\/wp-content\/uploads\/2023\/10\/everything-300x300.jpeg 300w, https:\/\/azurefilm.com\/wp-content\/uploads\/2023\/10\/everything-150x150.jpeg 150w, https:\/\/azurefilm.com\/wp-content\/uploads\/2023\/10\/everything-768x768.jpeg 768w, https:\/\/azurefilm.com\/wp-content\/uploads\/2023\/10\/everything.jpeg 1200w\" sizes=\"auto, (max-width: 1020px) 100vw, 1020px\" title=\"\">\t\t\t\t\t\t\n\t\t\t\t\t<\/div>\n\t\t\t\t\t\t\t\t\n<style>\n#image_1866391206 {\n  width: 60%;\n}\n@media (min-width:550px) {\n  #image_1866391206 {\n    width: 100%;\n  }\n}\n<\/style>\n\t<\/div>\n\t\n\t\t<\/div>\n\t\t\t\t\t<\/div>\n\n\t\n\n\t<div id=\"col-409430548\" class=\"col pb-0 medium-8 small-12 large-8\"  >\n\t\t\t\t<div class=\"col-inner\"  >\n\t\t\t\n\t\t\t\n<h2>Minden a 3D nyomtat\u00e1shoz egy helyen<\/h2>\n<p>\u00c1tfog\u00f3 v\u00e1laszt\u00e9kot k\u00edn\u00e1lunk 3D nyomtat\u00e1si term\u00e9kekb\u0151l, bele\u00e9rtve a sz\u00e1lakat, nyomtat\u00f3kat, szkennereket, alkatr\u00e9szeket \u00e9s tartoz\u00e9kokat, \u00edgy minden 3D nyomtat\u00e1si ig\u00e9ny\u00e9t egyablakos rendszerben el\u00e9g\u00edthetj\u00fck ki.<\/p>\n\t\t<\/div>\n\t\t\t\t\t<\/div>\n\n\t\n<\/div>\n\t\t<\/div>\n\t\t\t\t\n<style>\n#col-1242852422 > .col-inner {\n  padding: 20px 20px 0px 20px;\n}\n<\/style>\n\t<\/div>\n\n\t\n\n\t<div id=\"col-370995686\" class=\"col service-column medium-6 small-12 large-6\"  >\n\t\t\t\t<div class=\"col-inner box-shadow-2\"  >\n\t\t\t\n\t\t\t\n<div class=\"row align-middle\"  id=\"row-1849610066\">\n\n\t<div id=\"col-389175089\" class=\"col pb-0 medium-4 small-12 large-4\"  >\n\t\t\t\t<div class=\"col-inner text-center\"  >\n\t\t\t\n\t\t\t\n\t<div class=\"img has-hover x md-x lg-x y md-y lg-y\" id=\"image_697719590\">\n\t\t\t\t\t\t\t\t<div class=\"img-inner dark\" >\n\t\t\t<img loading=\"lazy\" decoding=\"async\" width=\"1020\" height=\"1020\" src=\"https:\/\/azurefilm.com\/wp-content\/uploads\/2023\/10\/innovations-1024x1024.jpeg\" class=\"attachment-large size-large\" alt=\"\" srcset=\"https:\/\/azurefilm.com\/wp-content\/uploads\/2023\/10\/innovations-1024x1024.jpeg 1024w, https:\/\/azurefilm.com\/wp-content\/uploads\/2023\/10\/innovations-274x274.jpeg 274w, https:\/\/azurefilm.com\/wp-content\/uploads\/2023\/10\/innovations-100x100.jpeg 100w, https:\/\/azurefilm.com\/wp-content\/uploads\/2023\/10\/innovations-510x510.jpeg 510w, https:\/\/azurefilm.com\/wp-content\/uploads\/2023\/10\/innovations-300x300.jpeg 300w, https:\/\/azurefilm.com\/wp-content\/uploads\/2023\/10\/innovations-150x150.jpeg 150w, https:\/\/azurefilm.com\/wp-content\/uploads\/2023\/10\/innovations-768x768.jpeg 768w, https:\/\/azurefilm.com\/wp-content\/uploads\/2023\/10\/innovations.jpeg 1200w\" sizes=\"auto, (max-width: 1020px) 100vw, 1020px\" title=\"\">\t\t\t\t\t\t\n\t\t\t\t\t<\/div>\n\t\t\t\t\t\t\t\t\n<style>\n#image_697719590 {\n  width: 60%;\n}\n@media (min-width:550px) {\n  #image_697719590 {\n    width: 100%;\n  }\n}\n<\/style>\n\t<\/div>\n\t\n\t\t<\/div>\n\t\t\t\t\t<\/div>\n\n\t\n\n\t<div id=\"col-395969127\" class=\"col pb-0 medium-8 small-12 large-8\"  >\n\t\t\t\t<div class=\"col-inner\"  >\n\t\t\t\n\t\t\t\n<h2>Innov\u00e1ci\u00f3k<\/h2>\n<p>Folyamatosan \u00faj technol\u00f3gi\u00e1kat, anyagokat \u00e9s technik\u00e1kat fedez\u00fcnk fel, \u00e9s a 3D nyomtat\u00e1s leg\u00fajabb v\u00edvm\u00e1nyait hozzuk el \u00d6nnek, hogy biztos\u00edtsuk term\u00e9keink lehet\u0151 legjobb k\u00edn\u00e1lat\u00e1t \u00e9s min\u0151s\u00e9g\u00e9t.<\/p>\n\t\t<\/div>\n\t\t\t\t\t<\/div>\n\n\t\n<\/div>\n\t\t<\/div>\n\t\t\t\t\n<style>\n#col-370995686 > .col-inner {\n  padding: 20px 20px 0px 20px;\n}\n<\/style>\n\t<\/div>\n\n\t\n\n\t<div id=\"col-1912116498\" class=\"col service-column medium-6 small-12 large-6\"  >\n\t\t\t\t<div class=\"col-inner box-shadow-2\"  >\n\t\t\t\n\t\t\t\n<div class=\"row align-middle\"  id=\"row-493362197\">\n\n\t<div id=\"col-1437843326\" class=\"col pb-0 medium-4 small-12 large-4\"  >\n\t\t\t\t<div class=\"col-inner text-center\"  >\n\t\t\t\n\t\t\t\n\t<div class=\"img has-hover x md-x lg-x y md-y lg-y\" id=\"image_1586711582\">\n\t\t\t\t\t\t\t\t<div class=\"img-inner dark\" >\n\t\t\t<img loading=\"lazy\" decoding=\"async\" width=\"1020\" height=\"1020\" src=\"https:\/\/azurefilm.com\/wp-content\/uploads\/2023\/10\/Private-Label-win-1024x1024.jpeg\" class=\"attachment-large size-large\" alt=\"\" srcset=\"https:\/\/azurefilm.com\/wp-content\/uploads\/2023\/10\/Private-Label-win-1024x1024.jpeg 1024w, https:\/\/azurefilm.com\/wp-content\/uploads\/2023\/10\/Private-Label-win-274x274.jpeg 274w, https:\/\/azurefilm.com\/wp-content\/uploads\/2023\/10\/Private-Label-win-100x100.jpeg 100w, https:\/\/azurefilm.com\/wp-content\/uploads\/2023\/10\/Private-Label-win-510x510.jpeg 510w, https:\/\/azurefilm.com\/wp-content\/uploads\/2023\/10\/Private-Label-win-300x300.jpeg 300w, https:\/\/azurefilm.com\/wp-content\/uploads\/2023\/10\/Private-Label-win-150x150.jpeg 150w, https:\/\/azurefilm.com\/wp-content\/uploads\/2023\/10\/Private-Label-win-768x768.jpeg 768w, https:\/\/azurefilm.com\/wp-content\/uploads\/2023\/10\/Private-Label-win.jpeg 1200w\" sizes=\"auto, (max-width: 1020px) 100vw, 1020px\" title=\"\">\t\t\t\t\t\t\n\t\t\t\t\t<\/div>\n\t\t\t\t\t\t\t\t\n<style>\n#image_1586711582 {\n  width: 60%;\n}\n@media (min-width:550px) {\n  #image_1586711582 {\n    width: 100%;\n  }\n}\n<\/style>\n\t<\/div>\n\t\n\t\t<\/div>\n\t\t\t\t\t<\/div>\n\n\t\n\n\t<div id=\"col-456327690\" class=\"col pb-0 medium-8 small-12 large-8\"  >\n\t\t\t\t<div class=\"col-inner\"  >\n\t\t\t\n\t\t\t\n<h2>Saj\u00e1t m\u00e1rka<\/h2>\n<p>Testreszab\u00e1si lehet\u0151s\u00e9geket k\u00edn\u00e1lunk, amelyek lehet\u0151v\u00e9 teszik, hogy saj\u00e1t m\u00e1rk\u00e1s sz\u00e1lakkal rendelkezzen, az \u00d6n ig\u00e9nyeihez igaz\u00edtva.<\/p>\n\t\t<\/div>\n\t\t\t\t\t<\/div>\n\n\t\n<\/div>\n\t\t<\/div>\n\t\t\t\t\n<style>\n#col-1912116498 > .col-inner {\n  padding: 20px 20px 0px 20px;\n}\n<\/style>\n\t<\/div>\n\n\t\n\n\t<div id=\"col-2056969062\" class=\"col service-column medium-6 small-12 large-6\"  >\n\t\t\t\t<div class=\"col-inner box-shadow-2\"  >\n\t\t\t\n\t\t\t\n<div class=\"row align-middle\"  id=\"row-1349096475\">\n\n\t<div id=\"col-61582450\" class=\"col pb-0 medium-4 small-12 large-4\"  >\n\t\t\t\t<div class=\"col-inner text-center\"  >\n\t\t\t\n\t\t\t\n\t<div class=\"img has-hover x md-x lg-x y md-y lg-y\" id=\"image_665186041\">\n\t\t\t\t\t\t\t\t<div class=\"img-inner dark\" >\n\t\t\t<img loading=\"lazy\" decoding=\"async\" width=\"1020\" height=\"1020\" src=\"https:\/\/azurefilm.com\/wp-content\/uploads\/2023\/10\/Color-win-1024x1024.jpeg\" class=\"attachment-large size-large\" alt=\"\" srcset=\"https:\/\/azurefilm.com\/wp-content\/uploads\/2023\/10\/Color-win-1024x1024.jpeg 1024w, https:\/\/azurefilm.com\/wp-content\/uploads\/2023\/10\/Color-win-274x274.jpeg 274w, https:\/\/azurefilm.com\/wp-content\/uploads\/2023\/10\/Color-win-100x100.jpeg 100w, https:\/\/azurefilm.com\/wp-content\/uploads\/2023\/10\/Color-win-510x510.jpeg 510w, https:\/\/azurefilm.com\/wp-content\/uploads\/2023\/10\/Color-win-300x300.jpeg 300w, https:\/\/azurefilm.com\/wp-content\/uploads\/2023\/10\/Color-win-150x150.jpeg 150w, https:\/\/azurefilm.com\/wp-content\/uploads\/2023\/10\/Color-win-768x768.jpeg 768w, https:\/\/azurefilm.com\/wp-content\/uploads\/2023\/10\/Color-win.jpeg 1200w\" sizes=\"auto, (max-width: 1020px) 100vw, 1020px\" title=\"\">\t\t\t\t\t\t\n\t\t\t\t\t<\/div>\n\t\t\t\t\t\t\t\t\n<style>\n#image_665186041 {\n  width: 60%;\n}\n@media (min-width:550px) {\n  #image_665186041 {\n    width: 100%;\n  }\n}\n<\/style>\n\t<\/div>\n\t\n\t\t<\/div>\n\t\t\t\t\t<\/div>\n\n\t\n\n\t<div id=\"col-2113827912\" class=\"col pb-0 medium-8 small-12 large-8\"  >\n\t\t\t\t<div class=\"col-inner\"  >\n\t\t\t\n\t\t\t\n<h2>Sz\u00edn ig\u00e9ny szerint<\/h2>\n<p>Engedje szabadj\u00e1ra kreativit\u00e1s\u00e1t, \u00e9s szabja a sz\u00e1lakat a pontos sz\u00ednpreferenci\u00e1inak megfelel\u0151en.<\/p>\n\t\t<\/div>\n\t\t\t\t\t<\/div>\n\n\t\n<\/div>\n\t\t<\/div>\n\t\t\t\t\n<style>\n#col-2056969062 > .col-inner {\n  padding: 20px 20px 0px 20px;\n}\n<\/style>\n\t<\/div>\n\n\t\n\n\t<div id=\"col-1856703756\" class=\"col service-column medium-6 small-12 large-6\"  >\n\t\t\t\t<div class=\"col-inner box-shadow-2\"  >\n\t\t\t\n\t\t\t\n<div class=\"row align-middle\"  id=\"row-1279249653\">\n\n\t<div id=\"col-1611688040\" class=\"col pb-0 medium-4 small-12 large-4\"  >\n\t\t\t\t<div class=\"col-inner text-center\"  >\n\t\t\t\n\t\t\t\n\t<div class=\"img has-hover x md-x lg-x y md-y lg-y\" id=\"image_1046884606\">\n\t\t\t\t\t\t\t\t<div class=\"img-inner dark\" >\n\t\t\t<img loading=\"lazy\" decoding=\"async\" width=\"1020\" height=\"1020\" src=\"https:\/\/azurefilm.com\/wp-content\/uploads\/2023\/10\/b2b-v2-win-1024x1024.jpeg\" class=\"attachment-large size-large\" alt=\"\" srcset=\"https:\/\/azurefilm.com\/wp-content\/uploads\/2023\/10\/b2b-v2-win-1024x1024.jpeg 1024w, https:\/\/azurefilm.com\/wp-content\/uploads\/2023\/10\/b2b-v2-win-274x274.jpeg 274w, https:\/\/azurefilm.com\/wp-content\/uploads\/2023\/10\/b2b-v2-win-100x100.jpeg 100w, https:\/\/azurefilm.com\/wp-content\/uploads\/2023\/10\/b2b-v2-win-510x510.jpeg 510w, https:\/\/azurefilm.com\/wp-content\/uploads\/2023\/10\/b2b-v2-win-300x300.jpeg 300w, https:\/\/azurefilm.com\/wp-content\/uploads\/2023\/10\/b2b-v2-win-150x150.jpeg 150w, https:\/\/azurefilm.com\/wp-content\/uploads\/2023\/10\/b2b-v2-win-768x768.jpeg 768w, https:\/\/azurefilm.com\/wp-content\/uploads\/2023\/10\/b2b-v2-win.jpeg 1200w\" sizes=\"auto, (max-width: 1020px) 100vw, 1020px\" title=\"\">\t\t\t\t\t\t\n\t\t\t\t\t<\/div>\n\t\t\t\t\t\t\t\t\n<style>\n#image_1046884606 {\n  width: 60%;\n}\n@media (min-width:550px) {\n  #image_1046884606 {\n    width: 100%;\n  }\n}\n<\/style>\n\t<\/div>\n\t\n\t\t<\/div>\n\t\t\t\t\t<\/div>\n\n\t\n\n\t<div id=\"col-115488289\" class=\"col pb-0 medium-8 small-12 large-8\"  >\n\t\t\t\t<div class=\"col-inner\"  >\n\t\t\t\n\t\t\t\n<h2>Teljes k\u00f6r\u0171 B2B t\u00e1mogat\u00e1s<\/h2>\n<p>Meg\u00e9rtj\u00fck a 3D nyomtat\u00e1si ipar\u00e1gban m\u0171k\u00f6d\u0151 v\u00e1llalkoz\u00e1sok egyedi ig\u00e9nyeit, \u00e9s olyan c\u00e9lzott szolg\u00e1ltat\u00e1sokat k\u00edn\u00e1lunk, mint p\u00e9ld\u00e1ul a t\u00f6meges megrendel\u00e9s, testreszabott megold\u00e1sok, innovat\u00edv term\u00e9kek, megb\u00edzhat\u00f3 technikai t\u00e1mogat\u00e1s \u00e9s marketing tartalom, hogy biztos\u00edtsuk az \u00d6n siker\u00e9t a piacon.<\/p>\n\t\t<\/div>\n\t\t\t\t\t<\/div>\n\n\t\n<\/div>\n\t\t<\/div>\n\t\t\t\t\n<style>\n#col-1856703756 > .col-inner {\n  padding: 20px 20px 0px 20px;\n}\n<\/style>\n\t<\/div>\n\n\t\n\n<style>\n#row-1476454976 > .col > .col-inner {\n  padding: 2em 1em 2em 1em;\n}\n<\/style>\n<\/div>\n\t\t<\/div>\n\n\t\t\n<style>\n#section_1365573599 {\n  padding-top: 30px;\n  padding-bottom: 30px;\n}\n<\/style>\n\t<\/section>\n\t\n\n\t<section class=\"section\" id=\"section_448039693\">\n\t\t<div class=\"section-bg fill\" >\n\t\t\t\t\t\t\t\t\t\n\t\t\t\n\n\t\t<\/div>\n\n\t\t\n\n\t\t<div class=\"section-content relative\">\n\t\t\t\n<div class=\"row\"  id=\"row-207497970\">\n\n\t<div id=\"col-1586576278\" class=\"col small-12 large-12\"  >\n\t\t\t\t<div class=\"col-inner\"  >\n\t\t\t\n\t\t\t\n<h3>Kapcsolatfelv\u00e9tel<\/h3>\n\t\t<\/div>\n\t\t\t\t\t<\/div>\n\n\t\n\n\t<div id=\"col-1580885356\" class=\"col small-12 large-12\"  >\n\t\t\t\t<div class=\"col-inner\"  >\n\t\t\t\n\t\t\t\n\n<div class=\"wpcf7 no-js\" id=\"wpcf7-f57600-o1\" lang=\"hu-HU\" dir=\"ltr\" data-wpcf7-id=\"57600\">\n<div class=\"screen-reader-response\"><p role=\"status\" aria-live=\"polite\" aria-atomic=\"true\"><\/p> <ul><\/ul><\/div>\n<form action=\"\/hu\/wp-json\/wp\/v2\/pages\/55331#wpcf7-f57600-o1\" method=\"post\" class=\"wpcf7-form init\" aria-label=\"Kapcsolatfelv\u00e9teli \u0171rlap\" enctype=\"multipart\/form-data\" novalidate=\"novalidate\" data-status=\"init\">\n<fieldset class=\"hidden-fields-container\"><input type=\"hidden\" name=\"_wpcf7\" value=\"57600\" \/><input type=\"hidden\" name=\"_wpcf7_version\" value=\"6.1.5\" \/><input type=\"hidden\" name=\"_wpcf7_locale\" value=\"hu_HU\" \/><input type=\"hidden\" name=\"_wpcf7_unit_tag\" value=\"wpcf7-f57600-o1\" \/><input type=\"hidden\" name=\"_wpcf7_container_post\" value=\"0\" \/><input type=\"hidden\" name=\"_wpcf7_posted_data_hash\" value=\"\" \/>\n<\/fieldset>\n<div class=\"wpcf7-turnstile cf-turnstile\" data-sitekey=\"0x4AAAAAAB5R05neHM8iS1aG\" data-response-field-name=\"_wpcf7_turnstile_response\"><\/div>\n\n<div class=\"contact-us-form\">\n\t<div class=\"contact-content\">\n\t\t<p><label><br \/>\n<span class=\"wpcf7-form-control-wrap\" data-name=\"your-name\"><input size=\"40\" maxlength=\"400\" class=\"wpcf7-form-control wpcf7-text wpcf7-validates-as-required\" aria-required=\"true\" aria-invalid=\"false\" placeholder=\"N\u00e9v*\" value=\"\" type=\"text\" name=\"your-name\" \/><\/span> <\/label>\n\t\t<\/p>\n\t\t<p><label><br \/>\n<span class=\"wpcf7-form-control-wrap\" data-name=\"your-email\"><input size=\"40\" maxlength=\"400\" class=\"wpcf7-form-control wpcf7-email wpcf7-validates-as-required wpcf7-text wpcf7-validates-as-email\" aria-required=\"true\" aria-invalid=\"false\" placeholder=\"E-mail*\" value=\"\" type=\"email\" name=\"your-email\" \/><\/span> <\/label>\n\t\t<\/p>\n\t\t<p><label><br \/>\n<span class=\"wpcf7-form-control-wrap\" data-name=\"text-223\"><input size=\"40\" maxlength=\"400\" class=\"wpcf7-form-control wpcf7-text wpcf7-validates-as-required\" aria-required=\"true\" aria-invalid=\"false\" placeholder=\"T\u00e1rgy*\" value=\"\" type=\"text\" name=\"text-223\" \/><\/span><\/label>\n\t\t<\/p>\n\t<\/div>\n\t<div class=\"contact-text\">\n\t\t<p><label><br \/>\n<span class=\"wpcf7-form-control-wrap\" data-name=\"your-message\"><textarea cols=\"40\" rows=\"10\" maxlength=\"2000\" class=\"wpcf7-form-control wpcf7-textarea wpcf7-validates-as-required\" aria-required=\"true\" aria-invalid=\"false\" placeholder=\"Az \u00e9n k\u00e9rd\u00e9sem*\" name=\"your-message\"><\/textarea><\/span> <\/label>\n\t\t<\/p>\n\t<\/div>\n\t<div class=\"file-upload-container\">\n\t\t<p><span class=\"wpcf7-form-control-wrap\" data-name=\"file-464\"><input size=\"40\" class=\"wpcf7-form-control wpcf7-file hidden\" id=\"upload-button\" accept=\"audio\/*,video\/*,image\/*\" aria-invalid=\"false\" type=\"file\" name=\"file-464\" \/><\/span><br \/>\n<label class=\"upload-button-label button secondary is-outline\" for=\"upload-button\">F\u00e1jl kiv\u00e1laszt\u00e1sa<\/label><br \/>\n<span id=\"file-chosen\"><\/span>\n\t\t<\/p>\n\t<\/div>\n\t<p class=\"contact-form-notice\">A kapcsolatfelv\u00e9teli \u0171rlapon megadott inform\u00e1ci\u00f3kat kiz\u00e1r\u00f3lag az \u00d6n k\u00e9rd\u00e9s\u00e9nek megv\u00e1laszol\u00e1s\u00e1ra \u00e9s megv\u00e1laszol\u00e1s\u00e1ra haszn\u00e1ljuk fel. Tiszteletben tartjuk a mag\u00e1n\u00e9let\u00e9t, \u00e9s nem haszn\u00e1ljuk fel adatait m\u00e1s c\u00e9lokra, \u00e9s nem osztjuk meg harmadik f\u00e9llel.\n\t<\/p>\n<\/div>\n<div class=\"contact-us-button-container\">\n\t<p><input class=\"wpcf7-form-control wpcf7-submit has-spinner\" type=\"submit\" value=\"K\u00fcldje el a k\u00e9rd\u00e9semet\" \/>\n\t<\/p>\n<\/div><div class=\"wpcf7-response-output\" aria-hidden=\"true\"><\/div>\n<\/form>\n<\/div>\n\n\t\t<\/div>\n\t\t\t\t\t<\/div>\n\n\t\n<\/div>\n\t\t<\/div>\n\n\t\t\n<style>\n#section_448039693 {\n  padding-top: 30px;\n  padding-bottom: 30px;\n}\n<\/style>\n\t<\/section>\n\t\n","protected":false},"excerpt":{"rendered":"","protected":false},"author":1,"featured_media":0,"parent":0,"menu_order":0,"comment_status":"closed","ping_status":"closed","template":"","meta":{"_acf_changed":false,"footnotes":""},"class_list":["post-55331","page","type-page","status-publish","hentry"],"acf":[],"_links":{"self":[{"href":"https:\/\/azurefilm.com\/hu\/wp-json\/wp\/v2\/pages\/55331","targetHints":{"allow":["GET"]}}],"collection":[{"href":"https:\/\/azurefilm.com\/hu\/wp-json\/wp\/v2\/pages"}],"about":[{"href":"https:\/\/azurefilm.com\/hu\/wp-json\/wp\/v2\/types\/page"}],"author":[{"embeddable":true,"href":"https:\/\/azurefilm.com\/hu\/wp-json\/wp\/v2\/users\/1"}],"replies":[{"embeddable":true,"href":"https:\/\/azurefilm.com\/hu\/wp-json\/wp\/v2\/comments?post=55331"}],"version-history":[{"count":0,"href":"https:\/\/azurefilm.com\/hu\/wp-json\/wp\/v2\/pages\/55331\/revisions"}],"wp:attachment":[{"href":"https:\/\/azurefilm.com\/hu\/wp-json\/wp\/v2\/media?parent=55331"}],"curies":[{"name":"wp","href":"https:\/\/api.w.org\/{rel}","templated":true}]}}