
{"id":55344,"date":"2023-10-30T03:44:57","date_gmt":"2023-10-30T03:44:57","guid":{"rendered":"https:\/\/azurefilm.com\/szallitas-es-visszakuldes\/"},"modified":"2026-01-08T05:51:41","modified_gmt":"2026-01-08T05:51:41","slug":"szallitas-es-visszakuldes","status":"publish","type":"page","link":"https:\/\/azurefilm.com\/hu\/szallitas-es-visszakuldes\/","title":{"rendered":"Sz\u00e1ll\u00edt\u00e1s \u00e9s visszak\u00fcld\u00e9s"},"content":{"rendered":"\n\t<section class=\"section pt-0\" id=\"section_1329399750\">\n\t\t<div class=\"section-bg fill\" >\n\t\t\t\t\t\t\t\t\t\n\t\t\t\n\n\t\t<\/div>\n\n\t\t\n\n\t\t<div class=\"section-content relative\">\n\t\t\t\n<div class=\"row\"  id=\"row-163487506\">\n\n\t<div id=\"col-2080741433\" class=\"col small-12 large-12\"  >\n\t\t\t\t<div class=\"col-inner\"  >\n\t\t\t\n\t\t\t\n<h1>SZ\u00c1LL\u00cdT\u00c1S \u00c9S VISSZAK\u00dcLD\u00c9S<\/h1>\n<p>Az AzureFilmn\u00e9l arra t\u00f6reksz\u00fcnk, hogy a v\u00e1s\u00e1rl\u00e1si \u00e9lm\u00e9ny az elej\u00e9t\u0151l a v\u00e9g\u00e9ig z\u00f6kken\u0151mentes legyen. A kiv\u00e1l\u00f3 min\u0151s\u00e9g\u0171 3D nyomtat\u00e1si term\u00e9kek sz\u00e9les v\u00e1laszt\u00e9k\u00e1val, a gyors \u00fcgyf\u00e9lszolg\u00e1lattal \u00e9s a hat\u00e9kony rendel\u00e9sfeldolgoz\u00e1ssal mindent megtesz\u00fcnk az \u00d6n el\u00e9gedetts\u00e9g\u00e9nek biztos\u00edt\u00e1sa \u00e9rdek\u00e9ben.<\/p>\n<p>Annak \u00e9rdek\u00e9ben, hogy a folyamat 100%-ban egy\u00e9rtelm\u0171 legyen, ezen az oldalon b\u00f6ng\u00e9szhet, \u00e9s felfedezheti sz\u00e1ll\u00edt\u00e1si lehet\u0151s\u00e9geinket \u00e9s a visszak\u00fcld\u00e9si folyamatot.<\/p>\n<p>Most m\u00e1r csak h\u00e1trad\u0151lhet \u00e9s laz\u00edthat, mik\u00f6zben mi gondoskodunk a logisztik\u00e1r\u00f3l! \ud83d\ude42<\/p>\n<div class=\"row row-large align-equal off-bg-image-row\"  id=\"row-467739031\">\n\n\t<div id=\"col-1705850588\" class=\"col pb-0 off-bg-image-col shipping-link-anchor medium-5 small-12 large-5\"  >\n\t\t\t\t<div class=\"col-inner\" style=\"background-color:rgb(26, 28, 28);\" >\n\t\t\t\n\t\t\t\n<div class=\"row row-small align-middle align-center\"  id=\"row-139125377\">\n\n\t<div id=\"col-1484952531\" class=\"col pb-0 medium-4 small-12 large-4\"  >\n\t\t\t\t<div class=\"col-inner text-center\"  >\n\t\t\t\n\t\t\t\n\t<div class=\"img has-hover shipping-link-anchor x md-x lg-x y md-y lg-y\" id=\"image_2008750842\">\n\t\t\t\t\t\t\t\t<div class=\"img-inner dark\" >\n\t\t\t<img loading=\"lazy\" decoding=\"async\" width=\"1\" height=\"1\" src=\"https:\/\/azurefilm.com\/wp-content\/uploads\/2023\/10\/delivery-1.svg\" class=\"attachment-large size-large\" alt=\"\" title=\"\">\t\t\t\t\t\t\n\t\t\t\t\t<\/div>\n\t\t\t\t\t\t\t\t\n<style>\n#image_2008750842 {\n  width: 60%;\n}\n@media (min-width:550px) {\n  #image_2008750842 {\n    width: 100%;\n  }\n}\n<\/style>\n\t<\/div>\n\t\n\t\t<\/div>\n\t\t\t\t\n<style>\n#col-1484952531 > .col-inner {\n  margin: 0px 0px 0px 0px;\n}\n<\/style>\n\t<\/div>\n\n\t\n\n\t<div id=\"col-485027378\" class=\"col pb-0 medium-8 small-12 large-8\"  >\n\t\t\t\t<div class=\"col-inner dark\"  >\n\t\t\t\n\t\t\t\n\t\t<div class=\"off-bg-image-text\">\n\t\t\t\t\n<h3>Sz\u00e1ll\u00edt\u00e1s<\/h3>\n<p>Gyors \u00e9s megb\u00edzhat\u00f3 sz\u00e1ll\u00edt\u00e1st k\u00edn\u00e1lunk eg\u00e9sz Eur\u00f3p\u00e1ban. A sz\u00e1ll\u00edt\u00e1si d\u00edjak \u00e9s a sz\u00e1ll\u00edt\u00e1si id\u0151 orsz\u00e1gonk\u00e9nt v\u00e1ltozik. Elk\u00f6telezett csapatunk gondoskodik arr\u00f3l, hogy megrendel\u00e9seit gondosan becsomagoljuk \u00e9s a lehet\u0151 leggyorsabban feladjuk. Itt nyomon k\u00f6vetheti k\u00fcldem\u00e9ny\u00e9t, hogy naprak\u00e9szen \u00e9rtes\u00fclj\u00f6n annak el\u0151rehalad\u00e1s\u00e1r\u00f3l.<br \/>\n\t\t<\/div>\n\t\n\t\t<\/div>\n\t\t\t\t\n<style>\n#col-485027378 > .col-inner {\n  padding: 1em 1em 1em 1em;\n}\n<\/style>\n\t<\/div>\n\n\t\n<\/div>\n\t\t<\/div>\n\t\t\t\t\n<style>\n#col-1705850588 > .col-inner {\n  padding: 1em 0px 1em 0px;\n}\n@media (min-width:550px) {\n  #col-1705850588 > .col-inner {\n    padding: 2em 0px 2em 0px;\n  }\n}\n<\/style>\n\t<\/div>\n\n\t\n\n\t<div id=\"col-580082768\" class=\"col pb-0 off-bg-image-col returns-link-anchor medium-5 small-12 large-5\"  >\n\t\t\t\t<div class=\"col-inner\" style=\"background-color:rgb(12, 40, 75);\" >\n\t\t\t\n\t\t\t\n<div class=\"row row-small align-middle align-center\"  id=\"row-1165249690\">\n\n\t<div id=\"col-1744807613\" class=\"col pb-0 medium-4 small-12 large-4\"  >\n\t\t\t\t<div class=\"col-inner text-center\"  >\n\t\t\t\n\t\t\t\n\t<div class=\"img has-hover returns-link-anchor x md-x lg-x y md-y lg-y\" id=\"image_1645406256\">\n\t\t\t\t\t\t\t\t<div class=\"img-inner dark\" >\n\t\t\t<img loading=\"lazy\" decoding=\"async\" width=\"1\" height=\"1\" src=\"https:\/\/azurefilm.com\/wp-content\/uploads\/2023\/10\/returns-1.svg\" class=\"attachment-large size-large\" alt=\"\" title=\"\">\t\t\t\t\t\t\n\t\t\t\t\t<\/div>\n\t\t\t\t\t\t\t\t\n<style>\n#image_1645406256 {\n  width: 60%;\n}\n@media (min-width:550px) {\n  #image_1645406256 {\n    width: 100%;\n  }\n}\n<\/style>\n\t<\/div>\n\t\n\t\t<\/div>\n\t\t\t\t\n<style>\n#col-1744807613 > .col-inner {\n  margin: 0px 0px 0px 0px;\n}\n<\/style>\n\t<\/div>\n\n\t\n\n\t<div id=\"col-1565454625\" class=\"col pb-0 medium-8 small-12 large-8\"  >\n\t\t\t\t<div class=\"col-inner dark\"  >\n\t\t\t\n\t\t\t\n\t\t<div class=\"off-bg-image-text\">\n\t\t\t\t\n<h3>Visszat\u00e9r\u00edt\u00e9s<\/h3>\n<p>Azt szeretn\u00e9nk, ha teljesen el\u00e9gedett lenne a v\u00e1s\u00e1rl\u00e1ssal. Ha b\u00e1rmilyen okb\u00f3l kifoly\u00f3lag nem el\u00e9gedett a megrendel\u00e9s\u00e9vel, semmi gond! A megrendelt term\u00e9keket a kisz\u00e1ll\u00edt\u00e1st\u00f3l sz\u00e1m\u00edtott 14 napon bel\u00fcl visszak\u00fcldheti.<br \/>\n\t\t<\/div>\n\t\n\t\t<\/div>\n\t\t\t\t\n<style>\n#col-1565454625 > .col-inner {\n  padding: 1em 1em 1em 1em;\n}\n<\/style>\n\t<\/div>\n\n\t\n<\/div>\n\t\t<\/div>\n\t\t\t\t\n<style>\n#col-580082768 > .col-inner {\n  padding: 1em 0px 1em 0px;\n}\n@media (min-width:550px) {\n  #col-580082768 > .col-inner {\n    padding: 2em 0px 2em 0px;\n  }\n}\n<\/style>\n\t<\/div>\n\n\t\n<\/div>\n\t\t<\/div>\n\t\t\t\t\t<\/div>\n\n\t\n<\/div>\n\t\t<\/div>\n\n\t\t\n<style>\n#section_1329399750 {\n  padding-top: 0px;\n  padding-bottom: 0px;\n}\n<\/style>\n\t<\/section>\n\t\n\n\t<section class=\"section\" id=\"section_973954800\">\n\t\t<div class=\"section-bg fill\" >\n\t\t\t\t\t\t\t\t\t\n\t\t\t\n\n\t\t<\/div>\n\n\t\t\n\n\t\t<div class=\"section-content relative\">\n\t\t\t\n<div class=\"row\"  id=\"row-321122252\">\n\n\t<div id=\"col-1816580724\" class=\"col small-12 large-12 small-col-first\"  >\n\t\t\t\t<div class=\"col-inner\"  >\n\t\t\t\n\t\t\t\n\n<div id=\"shipping\">\n<h2 class=\"uppercase\">Sz\u00e1ll\u00edt\u00e1si d\u00edjak<\/h2>\n<div class=\"shipping-rates-table\">\n<div class=\"shipping-rates-row hide-for-small row row-collapse hide-for-small\">\n<div class=\"shipping-rates-header-country col medium-8 small-12 large-8\">\n<div class=\"col-inner\">\n<h3>Orsz\u00e1g<\/h3>\n<\/div>\n<\/div>\n<div class=\"shipping-rates-header-shipping-rates col medium-2 small-12 large-2\">\n<div class=\"col-inner\">\n<h3>Sz\u00e1ll\u00edt\u00e1si d\u00edjak<\/h3>\n<\/div>\n<\/div>\n<div class=\"shipping-rates-header-free-over col medium-2 small-12 large-2\">\n<div class=\"col-inner\">\n<h3>Szabadon \u00e1t<\/h3>\n<\/div>\n<\/div>\n<\/div>\n<div class=\"shipping-rates-row row row-collapse\">\n<div class=\"shipping-rates-country col medium-8 small-12 large-8\">\n<div class=\"col-inner\">Szlov\u00e9nia &#8211; DPD dostava (2-3 delovne dni)<\/div>\n<\/div>\n<div class=\"shipping-rates-shipping-rates col medium-2 small-12 large-2\">\n<div class=\"col-inner\"><span data-attribute=\"Shipping rates:\">3,90 EUR<\/span><\/div>\n<\/div>\n<div class=\"shipping-rates-free-over col medium-2 small-12 large-2\">\n<div class=\"col-inner\"><span data-attribute=\"Free over:\">50,00 EUR<\/span><\/div>\n<\/div>\n<\/div>\n<div class=\"shipping-rates-row row row-collapse\">\n<div class=\"shipping-rates-country col medium-8 small-12 large-8\">\n<div class=\"col-inner\">Horv\u00e1torsz\u00e1g &#8211; GLS sz\u00e1ll\u00edt\u00e1s (2-3 nap)<\/div>\n<\/div>\n<div class=\"shipping-rates-shipping-rates col medium-2 small-12 large-2\">\n<div class=\"col-inner\"><span data-attribute=\"Shipping rates:\">5,90 EUR<\/span><\/div>\n<\/div>\n<div class=\"shipping-rates-free-over col medium-2 small-12 large-2\">\n<div class=\"col-inner\"><span data-attribute=\"Free over:\">50,00 EUR<\/span><\/div>\n<\/div>\n<\/div>\n<div class=\"shipping-rates-row row row-collapse\">\n<div class=\"shipping-rates-country col medium-8 small-12 large-8\">\n<div class=\"col-inner\">Olaszorsz\u00e1g &#8211; GLS sz\u00e1ll\u00edt\u00e1s (2-3 nap)<\/div>\n<\/div>\n<div class=\"shipping-rates-shipping-rates col medium-2 small-12 large-2\">\n<div class=\"col-inner\"><span data-attribute=\"Shipping rates:\">5,90 EUR<\/span><\/div>\n<\/div>\n<div class=\"shipping-rates-free-over col medium-2 small-12 large-2\">\n<div class=\"col-inner\"><span data-attribute=\"Free over:\">50,00 EUR<\/span><\/div>\n<\/div>\n<\/div>\n<div class=\"shipping-rates-row row row-collapse\">\n<div class=\"shipping-rates-country col medium-8 small-12 large-8\">\n<div class=\"col-inner\">Ausztria &#8211; DPD AT sz\u00e1ll\u00edt\u00e1s (3-5 munkanap)<\/div>\n<\/div>\n<div class=\"shipping-rates-shipping-rates col medium-2 small-12 large-2\">\n<div class=\"col-inner\"><span data-attribute=\"Shipping rates:\">6,90 EUR<\/span><\/div>\n<\/div>\n<div class=\"shipping-rates-free-over col medium-2 small-12 large-2\">\n<div class=\"col-inner\"><span data-attribute=\"Free over:\">80,00 EUR<\/span><\/div>\n<\/div>\n<\/div>\n<div class=\"shipping-rates-row row row-collapse\">\n<div class=\"shipping-rates-country col medium-8 small-12 large-8\">\n<div class=\"col-inner\">N\u00e9metorsz\u00e1g &#8211; DPD DE sz\u00e1ll\u00edt\u00e1s (3-5 munkanap)<\/div>\n<\/div>\n<div class=\"shipping-rates-shipping-rates col medium-2 small-12 large-2\">\n<div class=\"col-inner\"><span data-attribute=\"Shipping rates:\">6,90 EUR<\/span><\/div>\n<\/div>\n<div class=\"shipping-rates-free-over col medium-2 small-12 large-2\">\n<div class=\"col-inner\"><span data-attribute=\"Free over:\">80,00 EUR<\/span><\/div>\n<\/div>\n<\/div>\n<div class=\"shipping-rates-row row row-collapse\">\n<div class=\"shipping-rates-country col medium-8 small-12 large-8\">\n<div class=\"col-inner\">Belgium &#8211; DPD BG NL sz\u00e1ll\u00edt\u00e1s (3-5 munkanap)<\/div>\n<\/div>\n<div class=\"shipping-rates-shipping-rates col medium-2 small-12 large-2\">\n<div class=\"col-inner\"><span data-attribute=\"Shipping rates:\">7,90 EUR<\/span><\/div>\n<\/div>\n<div class=\"shipping-rates-free-over col medium-2 small-12 large-2\">\n<div class=\"col-inner\"><span data-attribute=\"Free over:\">80,00 EUR<\/span><\/div>\n<\/div>\n<\/div>\n<div class=\"shipping-rates-row row row-collapse\">\n<div class=\"shipping-rates-country col medium-8 small-12 large-8\">\n<div class=\"col-inner\">Hollandia &#8211; DPD NL sz\u00e1ll\u00edt\u00e1s (3-5 munkanap)<\/div>\n<\/div>\n<div class=\"shipping-rates-shipping-rates col medium-2 small-12 large-2\">\n<div class=\"col-inner\"><span data-attribute=\"Shipping rates:\">7,90 EUR<\/span><\/div>\n<\/div>\n<div class=\"shipping-rates-free-over col medium-2 small-12 large-2\">\n<div class=\"col-inner\"><span data-attribute=\"Free over:\">80,00 EUR<\/span><\/div>\n<\/div>\n<\/div>\n<div class=\"shipping-rates-row row row-collapse\">\n<div class=\"shipping-rates-country col medium-8 small-12 large-8\">\n<div class=\"col-inner\">Luxemburg &#8211; DPD LU sz\u00e1ll\u00edt\u00e1s (3-5 munkanap)<\/div>\n<\/div>\n<div class=\"shipping-rates-shipping-rates col medium-2 small-12 large-2\">\n<div class=\"col-inner\"><span data-attribute=\"Shipping rates:\">7,90 EUR<\/span><\/div>\n<\/div>\n<div class=\"shipping-rates-free-over col medium-2 small-12 large-2\">\n<div class=\"col-inner\"><span data-attribute=\"Free over:\">80,00 EUR<\/span><\/div>\n<\/div>\n<\/div>\n<div class=\"shipping-rates-row row row-collapse\">\n<div class=\"shipping-rates-country col medium-8 small-12 large-8\">\n<div class=\"col-inner\">Bulg\u00e1ria &#8211; Sameday BG sz\u00e1ll\u00edt\u00e1s (4-7 munkanap)<\/div>\n<\/div>\n<div class=\"shipping-rates-shipping-rates col medium-2 small-12 large-2\">\n<div class=\"col-inner\"><span data-attribute=\"Shipping rates:\">7,90 EUR<\/span><\/div>\n<\/div>\n<div class=\"shipping-rates-free-over col medium-2 small-12 large-2\">\n<div class=\"col-inner\"><span data-attribute=\"Free over:\">80,00 EUR<\/span><\/div>\n<\/div>\n<\/div>\n<div class=\"shipping-rates-row row row-collapse\">\n<div class=\"shipping-rates-country col medium-8 small-12 large-8\">\n<div class=\"col-inner\">Csehorsz\u00e1g &#8211; WEDO CZ sz\u00e1ll\u00edt\u00e1s (3-5 munkanap)<\/div>\n<\/div>\n<div class=\"shipping-rates-shipping-rates col medium-2 small-12 large-2\">\n<div class=\"col-inner\"><span data-attribute=\"Shipping rates:\">5,90 EUR<\/span><\/div>\n<\/div>\n<div class=\"shipping-rates-free-over col medium-2 small-12 large-2\">\n<div class=\"col-inner\"><span data-attribute=\"Free over:\">80,00 EUR<\/span><\/div>\n<\/div>\n<\/div>\n<div class=\"shipping-rates-row row row-collapse\">\n<div class=\"shipping-rates-country col medium-8 small-12 large-8\">\n<div class=\"col-inner\">D\u00e1nia &#8211; DPD DNK sz\u00e1ll\u00edt\u00e1s (4-7 munkanap)<\/div>\n<\/div>\n<div class=\"shipping-rates-shipping-rates col medium-2 small-12 large-2\">\n<div class=\"col-inner\"><span data-attribute=\"Shipping rates:\">9,90 EUR<\/span><\/div>\n<\/div>\n<div class=\"shipping-rates-free-over col medium-2 small-12 large-2\">\n<div class=\"col-inner\"><span data-attribute=\"Free over:\">80,00 EUR<\/span><\/div>\n<\/div>\n<\/div>\n<div class=\"shipping-rates-row row row-collapse\">\n<div class=\"shipping-rates-country col medium-8 small-12 large-8\">\n<div class=\"col-inner\">\u00c9sztorsz\u00e1g &#8211; DPD EST sz\u00e1ll\u00edt\u00e1s (4-7 munkanap)<\/div>\n<\/div>\n<div class=\"shipping-rates-shipping-rates col medium-2 small-12 large-2\">\n<div class=\"col-inner\"><span data-attribute=\"Shipping rates:\">11,90 EUR<\/span><\/div>\n<\/div>\n<div class=\"shipping-rates-free-over col medium-2 small-12 large-2\">\n<div class=\"col-inner\"><span data-attribute=\"Free over:\">80,00 EUR<\/span><\/div>\n<\/div>\n<\/div>\n<div class=\"shipping-rates-row row row-collapse\">\n<div class=\"shipping-rates-country col medium-8 small-12 large-8\">\n<div class=\"col-inner\">Franciaorsz\u00e1g &#8211; DPD FRA sz\u00e1ll\u00edt\u00e1s (4-7 munkanap)<\/div>\n<\/div>\n<div class=\"shipping-rates-shipping-rates col medium-2 small-12 large-2\">\n<div class=\"col-inner\"><span data-attribute=\"Shipping rates:\">9,90 EUR<\/span><\/div>\n<\/div>\n<div class=\"shipping-rates-free-over col medium-2 small-12 large-2\">\n<div class=\"col-inner\"><span data-attribute=\"Free over:\">80,00 EUR<\/span><\/div>\n<\/div>\n<\/div>\n<div class=\"shipping-rates-row row row-collapse\">\n<div class=\"shipping-rates-country col medium-8 small-12 large-8\">\n<div class=\"col-inner\">G\u00f6r\u00f6gorsz\u00e1g (3-5 munkanap)<\/div>\n<\/div>\n<div class=\"shipping-rates-shipping-rates col medium-2 small-12 large-2\">\n<div class=\"col-inner\"><span data-attribute=\"Shipping rates:\">14,90 EUR<\/span><\/div>\n<\/div>\n<div class=\"shipping-rates-free-over col medium-2 small-12 large-2\">\n<div class=\"col-inner\"><span data-attribute=\"Free over:\">80,00 EUR<\/span><\/div>\n<\/div>\n<\/div>\n<div class=\"shipping-rates-row row row-collapse\">\n<div class=\"shipping-rates-country col medium-8 small-12 large-8\">\n<div class=\"col-inner\">G\u00f6r\u00f6gorsz\u00e1g (3-5 munkanap)<\/div>\n<\/div>\n<div class=\"shipping-rates-shipping-rates col medium-2 small-12 large-2\">\n<div class=\"col-inner\"><span data-attribute=\"Shipping rates:\">14,90 EUR<\/span><\/div>\n<\/div>\n<div class=\"shipping-rates-free-over col medium-2 small-12 large-2\">\n<div class=\"col-inner\"><span data-attribute=\"Free over:\">80,00 EUR<\/span><\/div>\n<\/div>\n<\/div>\n<div class=\"shipping-rates-row row row-collapse\">\n<div class=\"shipping-rates-country col medium-8 small-12 large-8\">\n<div class=\"col-inner\">Magyarorsz\u00e1g &#8211; GLS HU sz\u00e1ll\u00edt\u00e1s (4-7 munkanap)<\/div>\n<\/div>\n<div class=\"shipping-rates-shipping-rates col medium-2 small-12 large-2\">\n<div class=\"col-inner\"><span data-attribute=\"Shipping rates:\">5,90 EUR<\/span><\/div>\n<\/div>\n<div class=\"shipping-rates-free-over col medium-2 small-12 large-2\">\n<div class=\"col-inner\"><span data-attribute=\"Free over:\">80,00 EUR<\/span><\/div>\n<\/div>\n<\/div>\n<div class=\"shipping-rates-row row row-collapse\">\n<div class=\"shipping-rates-country col medium-8 small-12 large-8\">\n<div class=\"col-inner\">\u00cdrorsz\u00e1g &#8211; DPD IRL sz\u00e1ll\u00edt\u00e1s (4-7 munkanap)<\/div>\n<\/div>\n<div class=\"shipping-rates-shipping-rates col medium-2 small-12 large-2\">\n<div class=\"col-inner\"><span data-attribute=\"Shipping rates:\">11,90 EUR<\/span><\/div>\n<\/div>\n<div class=\"shipping-rates-free-over col medium-2 small-12 large-2\">\n<div class=\"col-inner\"><span data-attribute=\"Free over:\">80,00 EUR<\/span><\/div>\n<\/div>\n<\/div>\n<div class=\"shipping-rates-row row row-collapse\">\n<div class=\"shipping-rates-country col medium-8 small-12 large-8\">\n<div class=\"col-inner\">Litv\u00e1nia &#8211; DPD LT sz\u00e1ll\u00edt\u00e1s (4-7 munkanap)<\/div>\n<\/div>\n<div class=\"shipping-rates-shipping-rates col medium-2 small-12 large-2\">\n<div class=\"col-inner\"><span data-attribute=\"Shipping rates:\">9,90 EUR<\/span><\/div>\n<\/div>\n<div class=\"shipping-rates-free-over col medium-2 small-12 large-2\">\n<div class=\"col-inner\"><span data-attribute=\"Free over:\">80,00 EUR<\/span><\/div>\n<\/div>\n<\/div>\n<div class=\"shipping-rates-row row row-collapse\">\n<div class=\"shipping-rates-country col medium-8 small-12 large-8\">\n<div class=\"col-inner\">Lettorsz\u00e1g &#8211; DPD LT sz\u00e1ll\u00edt\u00e1s (4-7 munkanap)<\/div>\n<\/div>\n<div class=\"shipping-rates-shipping-rates col medium-2 small-12 large-2\">\n<div class=\"col-inner\"><span data-attribute=\"Shipping rates:\">9,90 EUR<\/span><\/div>\n<\/div>\n<div class=\"shipping-rates-free-over col medium-2 small-12 large-2\">\n<div class=\"col-inner\"><span data-attribute=\"Free over:\">80,00 EUR<\/span><\/div>\n<\/div>\n<\/div>\n<div class=\"shipping-rates-row row row-collapse\">\n<div class=\"shipping-rates-country col medium-8 small-12 large-8\">\n<div class=\"col-inner\">Lengyelorsz\u00e1g &#8211; InPost POL sz\u00e1ll\u00edt\u00e1s (3-5 munkanap)<\/div>\n<\/div>\n<div class=\"shipping-rates-shipping-rates col medium-2 small-12 large-2\">\n<div class=\"col-inner\"><span data-attribute=\"Shipping rates:\">5,90 EUR<\/span><\/div>\n<\/div>\n<div class=\"shipping-rates-free-over col medium-2 small-12 large-2\">\n<div class=\"col-inner\"><span data-attribute=\"Free over:\">80,00 EUR<\/span><\/div>\n<\/div>\n<\/div>\n<div class=\"shipping-rates-row row row-collapse\">\n<div class=\"shipping-rates-country col medium-8 small-12 large-8\">\n<div class=\"col-inner\">Portug\u00e1lia &#8211; DPD PT sz\u00e1ll\u00edt\u00e1s (4-7 munkanap)<\/div>\n<\/div>\n<div class=\"shipping-rates-shipping-rates col medium-2 small-12 large-2\">\n<div class=\"col-inner\"><span data-attribute=\"Shipping rates:\">9,90 EUR<\/span><\/div>\n<\/div>\n<div class=\"shipping-rates-free-over col medium-2 small-12 large-2\">\n<div class=\"col-inner\"><span data-attribute=\"Free over:\">80,00 EUR<\/span><\/div>\n<\/div>\n<\/div>\n<div class=\"shipping-rates-row row row-collapse\">\n<div class=\"shipping-rates-country col medium-8 small-12 large-8\">\n<div class=\"col-inner\">Szlov\u00e1kia &#8211; GLS SK sz\u00e1ll\u00edt\u00e1s (3-5 munkanap)<\/div>\n<\/div>\n<div class=\"shipping-rates-shipping-rates col medium-2 small-12 large-2\">\n<div class=\"col-inner\"><span data-attribute=\"Shipping rates:\">5,90 EUR<\/span><\/div>\n<\/div>\n<div class=\"shipping-rates-free-over col medium-2 small-12 large-2\">\n<div class=\"col-inner\"><span data-attribute=\"Free over:\">80,00 EUR<\/span><\/div>\n<\/div>\n<\/div>\n<div class=\"shipping-rates-row row row-collapse\">\n<div class=\"shipping-rates-country col medium-8 small-12 large-8\">\n<div class=\"col-inner\">Spanyolorsz\u00e1g &#8211; DPD ESP sz\u00e1ll\u00edt\u00e1s (4-7 munkanap)<\/div>\n<\/div>\n<div class=\"shipping-rates-shipping-rates col medium-2 small-12 large-2\">\n<div class=\"col-inner\"><span data-attribute=\"Shipping rates:\">11,90 EUR<\/span><\/div>\n<\/div>\n<div class=\"shipping-rates-free-over col medium-2 small-12 large-2\">\n<div class=\"col-inner\"><span data-attribute=\"Free over:\">80,00 EUR<\/span><\/div>\n<\/div>\n<\/div>\n<div class=\"shipping-rates-row row row-collapse\">\n<div class=\"shipping-rates-country col medium-8 small-12 large-8\">\n<div class=\"col-inner\">Sv\u00e9dorsz\u00e1g &#8211; DPD SWE sz\u00e1ll\u00edt\u00e1s (4-7 munkanap)<\/div>\n<\/div>\n<div class=\"shipping-rates-shipping-rates col medium-2 small-12 large-2\">\n<div class=\"col-inner\"><span data-attribute=\"Shipping rates:\">14,90 EUR<\/span><\/div>\n<\/div>\n<div class=\"shipping-rates-free-over col medium-2 small-12 large-2\">\n<div class=\"col-inner\"><span data-attribute=\"Free over:\">80,00 EUR<\/span><\/div>\n<\/div>\n<\/div>\n<div class=\"shipping-rates-row row row-collapse\">\n<div class=\"shipping-rates-country col medium-8 small-12 large-8\">\n<div class=\"col-inner\">Rom\u00e1nia &#8211; DPD RO sz\u00e1ll\u00edt\u00e1s (4-7 munkanap)<\/div>\n<\/div>\n<div class=\"shipping-rates-shipping-rates col medium-2 small-12 large-2\">\n<div class=\"col-inner\"><span data-attribute=\"Shipping rates:\">7,90 EUR<\/span><\/div>\n<\/div>\n<div class=\"shipping-rates-free-over col medium-2 small-12 large-2\">\n<div class=\"col-inner\"><span data-attribute=\"Free over:\">80,00 EUR<\/span><\/div>\n<\/div>\n<\/div>\n<\/div>\n<\/div>\n\n\t\t<\/div>\n\t\t\t\t\t<\/div>\n\n\t\n<\/div>\n\t\t<\/div>\n\n\t\t\n<style>\n#section_973954800 {\n  padding-top: 0px;\n  padding-bottom: 0px;\n}\n<\/style>\n\t<\/section>\n\t\n\n\t<section class=\"section\" id=\"section_407323173\">\n\t\t<div class=\"section-bg fill\" >\n\t\t\t\t\t\t\t\t\t\n\t\t\t\n\n\t\t<\/div>\n\n\t\t\n\n\t\t<div class=\"section-content relative\">\n\t\t\t\n<div class=\"row\"  id=\"row-941951605\">\n\n\t<div id=\"col-46206825\" class=\"col small-12 large-12 small-col-first\"  >\n\t\t\t\t<div class=\"col-inner\"  >\n\t\t\t\n\t\t\t\n<h2 id=\"returns\">VISSZAFIZET\u00c9SEK<\/h2>\n<p>N\u00e9ha el\u0151fordulhat, hogy a kiv\u00e1lasztott term\u00e9kek nem felelnek meg teljesen az elv\u00e1r\u00e1sainknak, vagy meggondoljuk magunkat vel\u00fck kapcsolatban. Semmi gond, a megrendelt term\u00e9ket a kisz\u00e1ll\u00edt\u00e1st\u00f3l sz\u00e1m\u00edtott 14 napon bel\u00fcl b\u00e1rmikor visszak\u00fcldheti.<\/p>\n<p>\u00cdme a 3 egyszer\u0171 l\u00e9p\u00e9s a term\u00e9k visszaszolg\u00e1ltat\u00e1s\u00e1hoz.<\/p>\n<ol>\n<li><strong>\u00c9rtes\u00edtsen minket a visszak\u00fcld\u00e9sr\u0151l<\/strong> Miut\u00e1n a csomagj\u00e1t kisz\u00e1ll\u00edtott\u00e1k, de \u00d6n nem teljesen el\u00e9gedett a megrendel\u00e9s\u00e9vel, \u00e9s szeretn\u00e9 visszak\u00fcldeni, k\u00e9rj\u00fck, l\u00e9pjen kapcsolatba vel\u00fcnk a kisz\u00e1ll\u00edt\u00e1st\u00f3l sz\u00e1m\u00edtott 14 napon bel\u00fcl. Err\u0151l a <a href=\"mailto:info@azurefilm.com\">info@azurefilm.com<\/a> e-mail c\u00edmen kereszt\u00fcl t\u00e1j\u00e9koztathat minket.<\/li>\n<li><strong> T\u00f6ltse ki az \u0171rlapot \u00e9s k\u00e9sz\u00edtse el\u0151 a csomagot<\/strong> T\u00f6ltse ki a <a href=\"\/wp-content\/uploads\/return-form-fillable-hu.pdf\">visszak\u00fcld\u00e9si \u0171r<\/a> lap \u00f6sszes mez\u0151j\u00e9t, \u00e9s csomagolja biztons\u00e1gosan a csomagot. A term\u00e9keket <b>eredeti csomagol\u00e1sban, s\u00e9rtetlen\u00fcl \u00e9s haszn\u00e1latlanul<\/b> kell visszak\u00fcldeni. A <strong>visszak\u00fcld\u00e9si \u0171rlap<\/strong> \u00e9s a term\u00e9k mellett csatolnia kell az <strong>eredeti sz\u00e1ml\u00e1t<\/strong> is.A term\u00e9keket <b>tov\u00e1bbi v\u00e9d\u0151csomagol\u00e1sba<\/b> kell helyezni, hogy megv\u00e9dj\u00e9k a term\u00e9k eredeti csomagol\u00e1s\u00e1t (pl. kartondoboz). A csomagot az <a href=\"https:\/\/www.google.com\/maps?sca_esv=580046813&amp;output=search&amp;q=AzureFilm+d.o.o.,+Orle%C5%A1ka+16,+6210+Se%C5%BEana,+Slovenia&amp;source=lnms&amp;entry=mc&amp;sa=X&amp;ved=2ahUKEwiiybibpLGCAxW8_rsIHUF1BpwQ0pQJegQIDBAB\" target=\"_blank\" rel=\"noopener\">AzureFilm d.o.o., Orle\u0161ka 16, 6210 Se\u017eana, Szlov\u00e9nia<\/a> c\u00edmre k\u00fcldje vagy hozza el.A visszak\u00fcld\u00f6tt term\u00e9keket a csomag k\u00e9zhezv\u00e9tel\u00e9t\u0151l sz\u00e1m\u00edtott 30 napon bel\u00fcl kell eljuttatni hozz\u00e1nk.<\/li>\n<li><strong>P\u00e9nzvisszat\u00e9r\u00edt\u00e9sAmikor<\/strong>a csomagot az AzureFilmhez sz\u00e1ll\u00edtj\u00e1k, a term\u00e9ket megvizsg\u00e1lj\u00e1k az esetleges s\u00e9r\u00fcl\u00e9sek \u00e9s hib\u00e1k szempontj\u00e1b\u00f3l. Ha minden rendben van a visszak\u00fcld\u00f6tt term\u00e9kkel, akkor <b>a befizetett \u00f6sszeget legfeljebb 14 napon bel\u00fcl visszat\u00e9r\u00edtj\u00fck<\/b> \u00d6nnek, mivel megkaptuk az \u00f6sszes sz\u00fcks\u00e9ges dokumentumot \u00e9s a term\u00e9ket.<br \/>\nA visszat\u00e9r\u00edt\u00e9si \u0171rlapot tal\u00e1lja <a href=\"\/wp-content\/uploads\/return-form-fillable-hu.pdf\"> ITT. <\/a><\/li>\n<\/ol>\n\t\t<\/div>\n\t\t\t\t\t<\/div>\n\n\t\n<\/div>\n\t\t<\/div>\n\n\t\t\n<style>\n#section_407323173 {\n  padding-top: 0px;\n  padding-bottom: 0px;\n}\n<\/style>\n\t<\/section>\n\t\n","protected":false},"excerpt":{"rendered":"","protected":false},"author":1,"featured_media":0,"parent":0,"menu_order":0,"comment_status":"closed","ping_status":"closed","template":"page-blank.php","meta":{"_acf_changed":false,"footnotes":""},"class_list":["post-55344","page","type-page","status-publish","hentry"],"acf":[],"_links":{"self":[{"href":"https:\/\/azurefilm.com\/hu\/wp-json\/wp\/v2\/pages\/55344","targetHints":{"allow":["GET"]}}],"collection":[{"href":"https:\/\/azurefilm.com\/hu\/wp-json\/wp\/v2\/pages"}],"about":[{"href":"https:\/\/azurefilm.com\/hu\/wp-json\/wp\/v2\/types\/page"}],"author":[{"embeddable":true,"href":"https:\/\/azurefilm.com\/hu\/wp-json\/wp\/v2\/users\/1"}],"replies":[{"embeddable":true,"href":"https:\/\/azurefilm.com\/hu\/wp-json\/wp\/v2\/comments?post=55344"}],"version-history":[{"count":2,"href":"https:\/\/azurefilm.com\/hu\/wp-json\/wp\/v2\/pages\/55344\/revisions"}],"predecessor-version":[{"id":104653,"href":"https:\/\/azurefilm.com\/hu\/wp-json\/wp\/v2\/pages\/55344\/revisions\/104653"}],"wp:attachment":[{"href":"https:\/\/azurefilm.com\/hu\/wp-json\/wp\/v2\/media?parent=55344"}],"curies":[{"name":"wp","href":"https:\/\/api.w.org\/{rel}","templated":true}]}}