
{"id":55350,"date":"2023-10-30T04:20:59","date_gmt":"2023-10-30T04:20:59","guid":{"rendered":"https:\/\/azurefilm.com\/rendelesenek-nyomon-kovetese\/"},"modified":"2023-10-30T04:20:59","modified_gmt":"2023-10-30T04:20:59","slug":"rendelesenek-nyomon-kovetese","status":"publish","type":"page","link":"https:\/\/azurefilm.com\/hu\/rendelesenek-nyomon-kovetese\/","title":{"rendered":"Rendel\u00e9s\u00e9nek nyomon k\u00f6vet\u00e9se"},"content":{"rendered":"","protected":false},"excerpt":{"rendered":"","protected":false},"author":1,"featured_media":0,"parent":0,"menu_order":0,"comment_status":"closed","ping_status":"closed","template":"page-track-your-order.php","meta":{"_acf_changed":false,"footnotes":""},"class_list":["post-55350","page","type-page","status-publish","hentry"],"acf":[],"_links":{"self":[{"href":"https:\/\/azurefilm.com\/hu\/wp-json\/wp\/v2\/pages\/55350","targetHints":{"allow":["GET"]}}],"collection":[{"href":"https:\/\/azurefilm.com\/hu\/wp-json\/wp\/v2\/pages"}],"about":[{"href":"https:\/\/azurefilm.com\/hu\/wp-json\/wp\/v2\/types\/page"}],"author":[{"embeddable":true,"href":"https:\/\/azurefilm.com\/hu\/wp-json\/wp\/v2\/users\/1"}],"replies":[{"embeddable":true,"href":"https:\/\/azurefilm.com\/hu\/wp-json\/wp\/v2\/comments?post=55350"}],"version-history":[{"count":0,"href":"https:\/\/azurefilm.com\/hu\/wp-json\/wp\/v2\/pages\/55350\/revisions"}],"wp:attachment":[{"href":"https:\/\/azurefilm.com\/hu\/wp-json\/wp\/v2\/media?parent=55350"}],"curies":[{"name":"wp","href":"https:\/\/api.w.org\/{rel}","templated":true}]}}