
{"id":55355,"date":"2023-10-30T04:51:47","date_gmt":"2023-10-30T04:51:47","guid":{"rendered":"https:\/\/azurefilm.com\/kivansaglista\/"},"modified":"2024-10-24T13:30:46","modified_gmt":"2024-10-24T13:30:46","slug":"kivansaglista","status":"publish","type":"page","link":"https:\/\/azurefilm.com\/hu\/kivansaglista\/","title":{"rendered":"K\u00edv\u00e1ns\u00e1glista"},"content":{"rendered":"[yith_wcwl_wishlist]\n","protected":false},"excerpt":{"rendered":"","protected":false},"author":1,"featured_media":0,"parent":0,"menu_order":0,"comment_status":"closed","ping_status":"closed","template":"","meta":{"_acf_changed":false,"footnotes":""},"class_list":["post-55355","page","type-page","status-publish","hentry"],"acf":[],"_links":{"self":[{"href":"https:\/\/azurefilm.com\/hu\/wp-json\/wp\/v2\/pages\/55355","targetHints":{"allow":["GET"]}}],"collection":[{"href":"https:\/\/azurefilm.com\/hu\/wp-json\/wp\/v2\/pages"}],"about":[{"href":"https:\/\/azurefilm.com\/hu\/wp-json\/wp\/v2\/types\/page"}],"author":[{"embeddable":true,"href":"https:\/\/azurefilm.com\/hu\/wp-json\/wp\/v2\/users\/1"}],"replies":[{"embeddable":true,"href":"https:\/\/azurefilm.com\/hu\/wp-json\/wp\/v2\/comments?post=55355"}],"version-history":[{"count":0,"href":"https:\/\/azurefilm.com\/hu\/wp-json\/wp\/v2\/pages\/55355\/revisions"}],"wp:attachment":[{"href":"https:\/\/azurefilm.com\/hu\/wp-json\/wp\/v2\/media?parent=55355"}],"curies":[{"name":"wp","href":"https:\/\/api.w.org\/{rel}","templated":true}]}}