
{"id":55356,"date":"2024-04-10T07:45:57","date_gmt":"2024-04-10T07:45:57","guid":{"rendered":"https:\/\/azurefilm.com\/hirlevel\/"},"modified":"2024-10-24T13:30:59","modified_gmt":"2024-10-24T13:30:59","slug":"hirlevel","status":"publish","type":"page","link":"https:\/\/azurefilm.com\/hu\/hirlevel\/","title":{"rendered":"H\u00edrlev\u00e9l"},"content":{"rendered":"\n\t<section class=\"section\" id=\"section_697192869\">\n\t\t<div class=\"section-bg fill\" >\n\t\t\t\t\t\t\t\t\t\n\t\t\t\n\n\t\t<\/div>\n\n\t\t\n\n\t\t<div class=\"section-content relative\">\n\t\t\t\n<div class=\"row row-collapse align-center\"  id=\"row-723996725\">\n\n\t<div id=\"col-743358020\" class=\"col pb-0 medium-3 small-12 large-3\"  >\n\t\t\t\t<div class=\"col-inner text-center\"  >\n\t\t\t\n\t\t\t\n\t<div class=\"img has-hover x md-x lg-x y md-y lg-y\" id=\"image_593234998\">\n\t\t<a class=\"\" href=\"https:\/\/azurefilm.com\/hu\/\" target=\"_blank\" rel=\"noopener\" >\t\t\t\t\t\t<div class=\"img-inner dark\" >\n\t\t\t<img loading=\"lazy\" decoding=\"async\" width=\"1020\" height=\"536\" src=\"https:\/\/azurefilm.com\/wp-content\/uploads\/2024\/01\/AF_horizontal_LOGO_1200x630-1024x538.webp\" class=\"attachment-large size-large\" alt=\"\" srcset=\"https:\/\/azurefilm.com\/wp-content\/uploads\/2024\/01\/AF_horizontal_LOGO_1200x630-1024x538.webp 1024w, https:\/\/azurefilm.com\/wp-content\/uploads\/2024\/01\/AF_horizontal_LOGO_1200x630-510x268.webp 510w, https:\/\/azurefilm.com\/wp-content\/uploads\/2024\/01\/AF_horizontal_LOGO_1200x630-300x158.webp 300w, https:\/\/azurefilm.com\/wp-content\/uploads\/2024\/01\/AF_horizontal_LOGO_1200x630-768x404.webp 768w, https:\/\/azurefilm.com\/wp-content\/uploads\/2024\/01\/AF_horizontal_LOGO_1200x630.webp 1075w\" sizes=\"auto, (max-width: 1020px) 100vw, 1020px\" title=\"\">\t\t\t\t\t\t\n\t\t\t\t\t<\/div>\n\t\t\t\t\t\t<\/a>\t\t\n<style>\n#image_593234998 {\n  width: 60%;\n}\n@media (min-width:550px) {\n  #image_593234998 {\n    width: 69%;\n  }\n}\n<\/style>\n\t<\/div>\n\t\n\t\t<\/div>\n\t\t\t\t\t<\/div>\n\n\t\n\n\t<div id=\"col-1179014867\" class=\"col small-12 large-12\"  >\n\t\t\t\t<div class=\"col-inner text-center\"  >\n\t\t\t\n\t\t\t\n\t<div id=\"text-2021155912\" class=\"text\">\n\t\t\n<p>Ne hagyja ki ezt a lehet\u0151s\u00e9get, hogy kapcsolatban maradjon \u00e9s<strong> sp\u00f3roljon a k\u00f6vetkez\u0151 v\u00e1s\u00e1rl\u00e1s\u00e1n.<\/strong><\/p>\n<p>Egyszer\u0171en t\u00f6ltse ki a h\u00edrlev\u00e9l feliratkoz\u00e1si \u0171rlapot \u00e9s ig\u00e9nyelje <strong>a kedvezm\u00e9nyt<\/strong>!<\/p>\n\t\t\n<style>\n#text-2021155912 {\n  text-align: center;\n}\n<\/style>\n\t<\/div>\n\t\n\t\t<\/div>\n\t\t\t\t\n<style>\n#col-1179014867 > .col-inner {\n  padding: 0px 15px 0px 0px;\n}\n<\/style>\n\t<\/div>\n\n\t\n<\/div>\n<div class=\"row row-collapse align-equal align-center\"  id=\"row-1415988755\">\n\n\t<div id=\"col-974927420\" class=\"col small-12 large-12\"  >\n\t\t\t\t<div class=\"col-inner\"  >\n\t\t\t\n\t\t\t\n\t\t<div class=\"newsletter-iframe\">\n\t\t\t\t\n<p><iframe loading=\"lazy\" width=\"600\" height=\"900\" class=\"newsletterform\" src=\"https:\/\/71a52b77.sibforms.com\/serve\/MUIFAFzJRHTRcQLHo-iTnN1KmlOrd5CTqROiSr9hYx1R1grNTW63woN7gXdZON7k448IFJx3QugSXXed84QCg8fh0JhbX29tZoovm3Rhi33y4H0k4L7Ft31RyJHCZIB_509Ba0nDADtrwd5SzRgdphOBEspVIYjozqqZJuXqt8R7HdyiHTL58MLIhfT3f3uiki9gZkM4uDqyI4cS\" frameborder=\"0\" scrolling=\"auto\" allowfullscreen=\"\" style=\"display: block;margin-left: auto;margin-right: auto;max-width: 100%;\"><\/iframe><br \/>\n\t\t<\/div>\n\t\n\t\t<\/div>\n\t\t\t\t\t<\/div>\n\n\t\n<\/div>\n\t<div id=\"gap-1138645784\" class=\"gap-element clearfix\" style=\"display:block; height:auto;\">\n\t\t\n<style>\n#gap-1138645784 {\n  padding-top: 0px;\n}\n<\/style>\n\t<\/div>\n\t\n\t\t<\/div>\n\n\t\t\n<style>\n#section_697192869 {\n  padding-top: 30px;\n  padding-bottom: 30px;\n}\n@media (min-width:550px) {\n  #section_697192869 {\n    padding-top: 60px;\n    padding-bottom: 60px;\n  }\n}\n<\/style>\n\t<\/section>\n\t\n","protected":false},"excerpt":{"rendered":"","protected":false},"author":1,"featured_media":0,"parent":0,"menu_order":0,"comment_status":"closed","ping_status":"closed","template":"page-blank-landingpage.php","meta":{"_acf_changed":false,"footnotes":""},"class_list":["post-55356","page","type-page","status-publish","hentry"],"acf":[],"_links":{"self":[{"href":"https:\/\/azurefilm.com\/hu\/wp-json\/wp\/v2\/pages\/55356","targetHints":{"allow":["GET"]}}],"collection":[{"href":"https:\/\/azurefilm.com\/hu\/wp-json\/wp\/v2\/pages"}],"about":[{"href":"https:\/\/azurefilm.com\/hu\/wp-json\/wp\/v2\/types\/page"}],"author":[{"embeddable":true,"href":"https:\/\/azurefilm.com\/hu\/wp-json\/wp\/v2\/users\/1"}],"replies":[{"embeddable":true,"href":"https:\/\/azurefilm.com\/hu\/wp-json\/wp\/v2\/comments?post=55356"}],"version-history":[{"count":0,"href":"https:\/\/azurefilm.com\/hu\/wp-json\/wp\/v2\/pages\/55356\/revisions"}],"wp:attachment":[{"href":"https:\/\/azurefilm.com\/hu\/wp-json\/wp\/v2\/media?parent=55356"}],"curies":[{"name":"wp","href":"https:\/\/api.w.org\/{rel}","templated":true}]}}