
{"id":55360,"date":"2023-11-15T07:15:22","date_gmt":"2023-11-15T07:15:22","guid":{"rendered":"https:\/\/azurefilm.com\/leanpay-informacios-oldal\/"},"modified":"2023-11-15T07:15:22","modified_gmt":"2023-11-15T07:15:22","slug":"leanpay-informacios-oldal","status":"publish","type":"page","link":"https:\/\/azurefilm.com\/hu\/leanpay-informacios-oldal\/","title":{"rendered":"Leanpay inform\u00e1ci\u00f3s oldal"},"content":{"rendered":"<p>    <!--CSS custom-->\n    <link rel=\"stylesheet\" href=\"https:\/\/azurefilm.com\/wp-content\/plugins\/leanpay-obrocne-cene\/assets\/css\/style.css\">\n    <!--Google fonts-->\n    <link rel=\"preconnect\" href=\"https:\/\/fonts.googleapis.com\">\n    <link rel=\"preconnect\" href=\"https:\/\/fonts.gstatic.com\" crossorigin=\"\">\n    <link href=\"https:\/\/fonts.googleapis.com\/css2?family=Raleway:wght@400;500;600;700&amp;display=swap\" rel=\"stylesheet\">\n<section id=\"hero\">\n<div class=\"container\">\n<div class=\"row\">\n<div class=\"col-lg-7 col-sm-12\">\n              <img decoding=\"async\" class=\"logo\" src=\"https:\/\/azurefilm.com\/wp-content\/plugins\/leanpay-obrocne-cene\/images\/info_page\/leanpay-logo-dark.svg\" alt=\"Leanpay log\u00f3\" title=\"\"><\/p>\n<h1 class=\"title\">Enostavna obro\u010dna pla\u010dila<\/h1>\n<p class=\"subtitle-hero\">  Z Leanpay lahko pla\u010da\u0161 na obroke tudi v na\u0161i spletni trgovini.  <br \/>  Vse kar potrebuje\u0161 je mobilni telefon in osebni dokument.  <br \/>  Ves postopek traja le nekaj minut.  <\/p>\n<div class=\"offer-button-container position-relative\">\n<div class=\"free-offer-btn position-absolute\">Brezpla\u010dno<\/div>\n<p>                <a style=\"color: #fff !important; overflow: visible !important; -webkit-appearance: button;\" class=\"leanpay-button\" href=\"https:\/\/azurefilm.com\/\">El\u0151re meghat\u00e1rozott hat\u00e1r\u00e9rt\u00e9k<\/a>\n              <\/div>\n<\/p><\/div>\n<div class=\"col-lg-5 col-sm-12\">\n<div class=\"girl-phone-box position-relative\">\n<div class=\"triangle-box-left position-absolute\">\n                    <img decoding=\"async\" src=\"https:\/\/azurefilm.com\/wp-content\/plugins\/leanpay-obrocne-cene\/images\/info_page\/Triangle-big.png\" alt=\"H\u00e1romsz\u00f6g nagy\" title=\"\"><br \/>\n                    <img decoding=\"async\" class=\"small-triangle-left position-absolute\" src=\"https:\/\/azurefilm.com\/wp-content\/plugins\/leanpay-obrocne-cene\/images\/info_page\/Triangle-small.png\" alt=\"H\u00e1romsz\u00f6g kicsi\" title=\"\">\n                  <\/div>\n<div class=\"girl-phone\">\n                    <img decoding=\"async\" src=\"https:\/\/azurefilm.com\/wp-content\/plugins\/leanpay-obrocne-cene\/images\/info_page\/Smatrphone-wow-girl.png\" alt=\"L\u00e1ny okostelefon\" title=\"\">\n                  <\/div>\n<div class=\"triangle-box-right position-absolute\">\n                    <img decoding=\"async\" src=\"https:\/\/azurefilm.com\/wp-content\/plugins\/leanpay-obrocne-cene\/images\/info_page\/Triangle-Big-dark.png\" alt=\"H\u00e1romsz\u00f6g nagy\" title=\"\"><br \/>\n                    <img decoding=\"async\" class=\"small-triangle-right position-absolute\" src=\"https:\/\/azurefilm.com\/wp-content\/plugins\/leanpay-obrocne-cene\/images\/info_page\/Triangle-small-dark.png\" alt=\"H\u00e1romsz\u00f6g kicsi\" title=\"\">\n                <\/div>\n<\/p><\/div>\n<\/p><\/div>\n<\/p><\/div>\n<\/p><\/div>\n<\/section>\n<section id=\"info\">\n<div class=\"container\">\n<div class=\"subtitle-box\">\n<h2 class=\"subtitle\">Zakaj pla\u010devati<br \/> na obroke z Leanpay?<\/h2>\n<\/p><\/div>\n<div class=\"row\">\n<div class=\"col-sm-7\">\n<div class=\"partner__FeaturesItems\">\n<div class=\"partner__FeaturesList\">\n<div class=\"partner__FeaturesListItem\">\n<div class=\"partner__FeaturesText\">\n                    <span>  1.  <\/span> <\/p>\n<div>\n<h4>Hipna odlo\u010ditev<br \/> o odobritvi nakupa s samo nekaj podatki.<\/h4>\n<\/p><\/div>\n<\/p><\/div>\n<\/p><\/div>\n<div class=\"partner__FeaturesListItem\">\n<div class=\"partner__FeaturesText\">\n                    <span>  2.  <\/span><\/p>\n<div>\n<h4>Brez dokumentacije, brez<br \/> obiska banke, brez skritih stro\u0161kov.<\/h4>\n<\/p><\/div>\n<\/p><\/div>\n<\/p><\/div>\n<div class=\"partner__FeaturesListItem\">\n<div class=\"partner__FeaturesText\">\n                    <span>  3.  <\/span><\/p>\n<div>\n<h4>Pregled nad pla\u010dili<br \/> preko Moj Leanpay spletne aplikacije.<\/h4>\n<\/p><\/div>\n<\/p><\/div>\n<\/p><\/div>\n<div class=\"partner__FeaturesListItem\">\n<div class=\"partner__FeaturesText\">\n                    <span>  4.  <\/span><\/p>\n<div>\n<h4>Fleksibilnost, sam izbere\u0161<br \/> znesek in \u0161tevilo obrokov.<\/h4>\n<\/p><\/div>\n<\/p><\/div>\n<\/p><\/div>\n<\/p><\/div>\n<\/p><\/div>\n<\/p><\/div>\n<div class=\"col-sm-5\">\n<div class=\"mobile-box position-relative\">\n              <img decoding=\"async\" src=\"https:\/\/azurefilm.com\/wp-content\/plugins\/leanpay-obrocne-cene\/images\/info_page\/mobile-circle.png\" alt=\"Mobil k\u00f6r h\u00e1tt\u00e9r\" title=\"\"><br \/>\n              <img decoding=\"async\" class=\"mobile position-absolute\" src=\"https:\/\/azurefilm.com\/wp-content\/plugins\/leanpay-obrocne-cene\/images\/info_page\/mobile-device.png\" alt=\"Mobil eszk\u00f6z\" title=\"\">\n            <\/div>\n<\/p><\/div>\n<\/p><\/div>\n<\/p><\/div>\n<\/section>\n<section id=\"presentation\">\n<div class=\"container\">\n<div class=\"d-flex flex-column align-items-center\">\n<h2 class=\"subtitle text-center\">Predstavitveni vide\u00f3 Leanpay<\/h2>\n<div class=\"position-relative\">\n            <!--\n\n<div class=\"play-button position-absolute\">--><br \/>\n              <!--<img decoding=\"async\" src=\"https:\/\/azurefilm.com\/wp-content\/plugins\/leanpay-obrocne-cene\/images\/info_page\/play-button.svg\" alt=\"Play button\" title=\"\">--><br \/>\n              <iframe loading=\"lazy\" width=\"560\" height=\"315\" src=\"https:\/\/www.youtube.com\/embed\/wt5iS5owVpk\" title=\"YouTube vide\u00f3 lej\u00e1tsz\u00f3\" frameborder=\"0\" allow=\"accelerometer; autoplay; clipboard-write; encrypted-media; gyroscope; picture-in-picture\" allowfullscreen=\"\"><\/iframe><br \/>\n            <!--<\/div>\n\n-->\n          <\/div>\n<\/p><\/div>\n<\/p><\/div>\n<\/section>\n<section id=\"accordion-info\">\n<div class=\"container\">\n<div class=\"d-flex flex-column align-items-center\">\n<h3 class=\"small-title text-center\">Info  <\/p>\n<div class=\"accordion-box\">\n<p>              <button class=\"accordion\">1. Koliko me stane nakup na obroke z Leanpay?<\/button><\/p>\n<div class=\"panel\">\n<p>Pri Leanpay ni drobnega tiska in skritih stro\u0161kov. Vse lahko dobro preveri\u0161 preden se odlo\u010di\u0161 za mo\u017enost, ki ti najbolj ustreza. <b>Splo\u0161ne pogoje si lahko ogleda\u0161 <a href=\"https:\/\/app.leanpay.si\/terms-of-use\" target=\"_blank\" rel=\"noopener\">tukaj<\/a><\/b>. Spodaj lahko vidi\u0161 primere nakupa dveh izdelkov v razli\u010dnih cenovnih rangih glede na to ali si \u017eeli\u0161 izdelek \u010dim pred odpla\u010dati ali \u010de si \u017eeli\u0161 \u010dim manj\u0161i obrok&#8221;  <\/p>\n<p>                <iframe loading=\"lazy\" src=\"https:\/\/drive.google.com\/file\/d\/1gsP_2VlgRkFMlIu5fCT6Y1D_bx41tByh\/preview\" width=\"640\" height=\"480\" allow=\"autoplay\"><\/iframe>\n              <\/div>\n<p>              <button class=\"accordion\">2. Kaj potrebujem za uspe\u0161en nakup na obroke z Leanpay?<\/button><\/p>\n<div class=\"panel\">\n<ul>\n<li>osebni dokument Republike Slovenije<\/li>\n<li>mobilni telefon<\/li>\n<li>dav\u010dno \u0161tevilko<\/li>\n<li>\u0161tevilko svojega transakcijskega ra\u010duna, iz katerega bom pla\u010deval obroke<\/li>\n<li>poznati vi\u0161ino svojih rednih mese\u010dnih prilivov in izdatkov<\/li>\n<\/ul><\/div>\n<p>              <button class=\"accordion\">3. Kako pla\u010dam z Leanpay na spletni trgovini?<\/button><\/p>\n<div class=\"panel\">\n<ol>\n<li>V spletni trgovini izberi \u017eeljen izdelek in sledi korakom.<\/li>\n<li>V spletni trgovini izberi \u017eeljen izdelek in sledi korakom.<\/li>\n<li>Nato izbere\u0161 \u0161tevilo obrokov in mese\u010dni znesek pla\u010dila, ki ti najbolj ustreza<\/li>\n<li>Vnese\u0161 svoje osebne podatke in v prejme\u0161 takoj\u0161njo odlo\u010ditev o odobritvi pla\u010dila<\/li>\n<li>Mese\u010dno poravna\u0161 obveznosti s pomo\u010djo SEPA naloga &#8211; trajnika brez obiska banke<\/li>\n<\/ol><\/div>\n<p>              <button class=\"accordion\">4. A lahko \u017ee pred nakupom preverim, koliko imam limita pri Leanpay?<\/button><\/p>\n<div class=\"panel\">\n<p>Seveda, to lahko opravi\u0161 digitalno preko postopka <a href=\"https:\/\/azurefilm.com\/\" target=\"_blank\" rel=\"noopener\">Preveri svoj limit<\/a>, ki traja le nekaj minut in ne zahteva nobene dokumentacije, le vnos nekaj podatkov v spletni obrazec.<\/p>\n<p>Na tak na\u010din se tudi registrira\u0161 v Leanpay in ko bo\u0161 v trgovini prosil prodajalca za ponudbo bo dovolj, da mu pove\u0161 samo svojo telefonsko \u0161tevilko.<\/p>\n<p>Ve\u010d o tem <a href=\"https:\/\/leanpay.zendesk.com\/hc\/sl\/articles\/360013186019-Kako-lahko-vnaprej-preverim-ali-bi-dobil-limit-pri-Leanpay-Kaj-pomeni-gumb-Preveri-svoj-limit-\" target=\"_blank\" rel=\"noopener\">lahko preber\u0161 tukaj.<\/a><\/p>\n<\/p><\/div>\n<p>              <button class=\"accordion\">5. Kaj pa ko zaklju\u010dim nakup?<\/button><\/p>\n<div class=\"panel\">\n<p>Tvoji izdelki bodo prispeli na tvoj dom z izbranim na\u010dinom dostave.<\/p>\n<p>Na <a href=\"https:\/\/app.leanpay.si\/\" target=\"_blank\" rel=\"noopener\">Moj Leanpay<\/a> spletni aplikaciji pa lahko spremlja\u0161 svoja pla\u010dila, bodo\u010de nakupe in novosti. Dostop pridobi\u0161 s prvim zaklju\u010denim nakupom ali z zaklju\u010denim postopkom <a href=\"https:\/\/azurefilm.com\/\" target=\"_blank\" rel=\"noopener\">Preveri svoj limit.<\/a> <\/p>\n<\/p><\/div>\n<p>              <button class=\"accordion\">6. Imam \u0161e nekaj vpra\u0161anj<\/button><\/p>\n<div class=\"panel\">\n<p>Vsa pogosto zastavljena vpra\u0161anja najdete na <a href=\"https:\/\/leanpay.zendesk.com\/hc\/sl\/categories\/360002454660-Za-kupce\" target=\"_blank\" rel=\"noopener\">Leanpay spletni strani.<\/a><\/p>\n<\/p><\/div>\n<\/p><\/div>\n<\/h3>\n<\/div><\/div>\n<\/section>\n<p>    <script src=\"https:\/\/azurefilm.com\/wp-content\/plugins\/leanpay-obrocne-cene\/assets\/js\/leanpay.js\"><\/script><\/p>\n","protected":false},"excerpt":{"rendered":"<p>Enostavna obro\u010dna pla\u010dila Z Leanpay lahko pla\u010da\u0161 na obroke tudi v na\u0161i spletni trgovini. Vse kar potrebuje\u0161 je mobilni telefon in osebni dokument. Ves postopek traja le nekaj minut. Brezpla\u010dno El\u0151re meghat\u00e1rozott hat\u00e1r\u00e9rt\u00e9k Zakaj pla\u010devati na obroke z Leanpay? 1. Hipna odlo\u010ditev o odobritvi nakupa s samo nekaj podatki. 2. Brez dokumentacije, brez obiska banke, [&#8230;]\n","protected":false},"author":1,"featured_media":0,"parent":0,"menu_order":0,"comment_status":"closed","ping_status":"closed","template":"","meta":{"_acf_changed":false,"footnotes":""},"class_list":["post-55360","page","type-page","status-publish","hentry"],"acf":[],"_links":{"self":[{"href":"https:\/\/azurefilm.com\/hu\/wp-json\/wp\/v2\/pages\/55360","targetHints":{"allow":["GET"]}}],"collection":[{"href":"https:\/\/azurefilm.com\/hu\/wp-json\/wp\/v2\/pages"}],"about":[{"href":"https:\/\/azurefilm.com\/hu\/wp-json\/wp\/v2\/types\/page"}],"author":[{"embeddable":true,"href":"https:\/\/azurefilm.com\/hu\/wp-json\/wp\/v2\/users\/1"}],"replies":[{"embeddable":true,"href":"https:\/\/azurefilm.com\/hu\/wp-json\/wp\/v2\/comments?post=55360"}],"version-history":[{"count":0,"href":"https:\/\/azurefilm.com\/hu\/wp-json\/wp\/v2\/pages\/55360\/revisions"}],"wp:attachment":[{"href":"https:\/\/azurefilm.com\/hu\/wp-json\/wp\/v2\/media?parent=55360"}],"curies":[{"name":"wp","href":"https:\/\/api.w.org\/{rel}","templated":true}]}}