
{"id":55362,"date":"2024-04-12T12:21:21","date_gmt":"2024-04-12T12:21:21","guid":{"rendered":"https:\/\/azurefilm.com\/gyakran-ismetelt-kerdesek\/"},"modified":"2024-04-12T12:21:21","modified_gmt":"2024-04-12T12:21:21","slug":"gyakran-ismetelt-kerdesek","status":"publish","type":"page","link":"https:\/\/azurefilm.com\/hu\/gyakran-ismetelt-kerdesek\/","title":{"rendered":"Gyakran ism\u00e9telt k\u00e9rd\u00e9sek"},"content":{"rendered":"\n\t<section class=\"section\" id=\"section_2080918959\">\n\t\t<div class=\"section-bg fill\" >\n\t\t\t\t\t\t\t\t\t\n\t\t\t\n\n\t\t<\/div>\n\n\t\t\n\n\t\t<div class=\"section-content relative\">\n\t\t\t\r\n\r\n<div class=\"row\"  id=\"row-1617767495\">\r\n\r\n\n\t<div id=\"col-1797129289\" class=\"col small-12 large-12\"  >\n\t\t\t\t<div class=\"col-inner\"  >\n\t\t\t\n\t\t\t\r\n\r\n\t<div id=\"text-3815687746\" class=\"text\">\n\t\t\r\n<h2 class=\"uppercase\">Gyakran ism\u00e9telt k\u00e9rd\u00e9sek<\/h2>\r\n\t\t\n<style>\n#text-3815687746 {\n  text-align: center;\n}\n<\/style>\n\t<\/div>\n\t\r\n<div class=\"accordion\">\r\n\r\n\t<div id=\"accordion-149513917\" class=\"accordion-item\">\n\t\t<a id=\"accordion-149513917-label\" class=\"accordion-title plain\" href=\"#accordion-item-mi-az-a-3d-nyomtat\u00e1s?\" aria-expanded=\"false\" aria-controls=\"accordion-149513917-content\">\n\t\t\t<button class=\"toggle\" aria-label=\"Toggle\"><i class=\"icon-angle-down\" aria-hidden=\"true\"><\/i><\/button>\n\t\t\t<span>Mi az a 3D nyomtat\u00e1s?<\/span>\n\t\t<\/a>\n\t\t<div id=\"accordion-149513917-content\" class=\"accordion-inner\" aria-labelledby=\"accordion-149513917-label\">\n\t\t\t\r\n\r\nA 3D-nyomtat\u00e1s vagy addit\u00edv gy\u00e1rt\u00e1s <b>digit\u00e1lis modellekb\u0151l h\u00e1romdimenzi\u00f3s t\u00e1rgyakat k\u00e9sz\u00edt, r\u00e9tegr\u0151l r\u00e9tegre anyagot adva hozz\u00e1<\/b>. Ez lehet\u0151v\u00e9 teszi az \u00f6sszetett form\u00e1k l\u00e9trehoz\u00e1s\u00e1t hat\u00e9kony anyagfelhaszn\u00e1l\u00e1s mellett. A precizit\u00e1s \u00e9s az anyagv\u00e1laszt\u00e9k javult, \u00edgy a technol\u00f3gia kulcsfontoss\u00e1g\u00fa ipari technol\u00f3gi\u00e1v\u00e1 v\u00e1lt.\r\n\r\nSz\u00e1mos k\u00fcl\u00f6nb\u00f6z\u0151 3D nyomtat\u00e1si technol\u00f3gia l\u00e9tezik, de a legn\u00e9pszer\u0171bbek a Fused Deposition Modeling (FDM) \u00e9s a sztereolitogr\u00e1fia (SLA).\r\n\r\nAz <b>FDM technol\u00f3gia<\/b> a legn\u00e9pszer\u0171bb \u00e9s legolcs\u00f3bb. <b>Ez a technol\u00f3gia 3D nyomtat\u00f3kat haszn\u00e1l 3D-s sz\u00e1lakb\u00f3l k\u00e9sz\u00fclt t\u00e1rgyak l\u00e9trehoz\u00e1s\u00e1ra<\/b>. A filamentet egy cs\u0151be vezetik, amely egy forr\u00f3 extruderbe nyomja. A filament ezut\u00e1n egy f\u00fav\u00f3k\u00e1n kereszt\u00fcl j\u00f6n ki, \u00e9s r\u00e9tegr\u0151l r\u00e9tegre nyomtat\u00f3dik a build platformra. <a href=\"https:\/\/azurefilm.com\/hu\/termekkategoria\/fdm-3d-nyomtatok\/\">Az FDM-nyomtat\u00f3k<\/a> t\u00f6k\u00e9letesek kezd\u0151knek, de el\u00e9g alkalmasak a halad\u00f3 projektekhez is.\r\n\r\nTudjon meg t\u00f6bbet az FDM nyomtat\u00e1sr\u00f3l <a href=\"https:\/\/azurefilm.com\/hu\/2023\/10\/28\/fdm-nyomtatas-mi-az-fdm\/\" target=\"_blank\" rel=\"noopener\">itt<\/a>.\r\n\r\n<b>Az SLA nyomtat\u00f3k olyan gyantaanyagokat haszn\u00e1lnak, amelyek UV megvil\u00e1g\u00edt\u00e1s hat\u00e1s\u00e1ra kem\u00e9nyednek meg<\/b>. M\u00e1s nyomtat\u00f3kkal \u00f6sszehasonl\u00edtva az SLA technol\u00f3gia lehet\u0151v\u00e9 teszi, hogy a t\u00e1rgyak r\u00e9szletesebbek legyenek. A nyomtat\u00e1s hosszabb id\u0151t vesz ig\u00e9nybe, \u00e9s a nyomtat\u00e1si t\u00e9rfogat sokkal kisebb. Ezeket a nyomtat\u00f3kat \u00e1ltal\u00e1ban az \u00e9kszeriparban \u00e9s az orvostudom\u00e1nyban haszn\u00e1lj\u00e1k.\r\n\r\n\t\t<\/div>\n\t<\/div>\n\t\r\n\t<div id=\"accordion-3641628814\" class=\"accordion-item\">\n\t\t<a id=\"accordion-3641628814-label\" class=\"accordion-title plain\" href=\"#accordion-item-milyen-t\u00edpus\u00fa-3d-nyomtat\u00f3k-\u00e1llnak-rendelkez\u00e9sre?\" aria-expanded=\"false\" aria-controls=\"accordion-3641628814-content\">\n\t\t\t<button class=\"toggle\" aria-label=\"Toggle\"><i class=\"icon-angle-down\" aria-hidden=\"true\"><\/i><\/button>\n\t\t\t<span>Milyen t\u00edpus\u00fa 3D nyomtat\u00f3k \u00e1llnak rendelkez\u00e9sre?<\/span>\n\t\t<\/a>\n\t\t<div id=\"accordion-3641628814-content\" class=\"accordion-inner\" aria-labelledby=\"accordion-3641628814-label\">\n\t\t\t\r\n\r\nFedezze fel web\u00e1ruh\u00e1zunk kiterjedt 3D nyomtat\u00f3 kollekci\u00f3j\u00e1t. Ak\u00e1r az FDM, ak\u00e1r a gyanta 3D nyomtat\u00f3kat r\u00e9szes\u00edti el\u0151nyben, fedezze fel az \u00d6n ig\u00e9nyeinek megfelel\u0151t. V\u00e1laszt\u00e9kunkban megtal\u00e1lhat\u00f3ak t\u00f6bbek k\u00f6z\u00f6tt:\r\n<ul>\r\n \t<li><a href=\"https:\/\/azurefilm.com\/hu\/termekkategoria\/fdm-3d-nyomtatok\/\">FDM 3D nyomtat\u00f3k:<\/a> A FDM (Fused Deposition Modeling) technol\u00f3gia kezd\u0151k \u00e9s halad\u00f3 felhaszn\u00e1l\u00f3k sz\u00e1m\u00e1ra egyar\u00e1nt alkalmas. Ezek a nyomtat\u00f3k egy extruderen kereszt\u00fcl megolvasztott 3D-sz\u00e1lakat haszn\u00e1lnak a t\u00e1rgyak r\u00e9tegenk\u00e9nti fel\u00e9p\u00edt\u00e9s\u00e9hez.<\/li>\r\n \t<li><a href=\"https:\/\/azurefilm.com\/hu\/termekkategoria\/3d-nyomtatok\/gyanta-3d-nyomtatok\/\">SLA vagy gyanta 3D nyomtat\u00f3k<\/a>: Ezek a nyomtat\u00f3k sztereolitogr\u00e1fi\u00e1val m\u0171k\u00f6dnek, UV-f\u00e9nnyel kem\u00e9ny\u00edtett gyantaanyagokat haszn\u00e1lnak. Ez a technol\u00f3gia ide\u00e1lis a r\u00e9szletes t\u00e1rgyakhoz, \u00e9s legink\u00e1bb az olyan ipar\u00e1gakban haszn\u00e1lj\u00e1k, mint az \u00e9kszeripar \u00e9s az orvostudom\u00e1ny.<\/li>\r\n \t<li><a href=\"https:\/\/azurefilm.com\/product\/3d-pen\/\">3D tollak<\/a>: H\u00e1romdimenzi\u00f3s rajzok k\u00e9sz\u00edt\u00e9se a leveg\u0151ben PLA-filamentek seg\u00edts\u00e9g\u00e9vel, gyermekek, tizen\u00e9vesek \u00e9s kreat\u00edv rajong\u00f3k sz\u00e1m\u00e1ra.<\/li>\r\n<\/ul>\r\n\t\t<\/div>\n\t<\/div>\n\t\r\n\t<div id=\"accordion-3556207214\" class=\"accordion-item\">\n\t\t<a id=\"accordion-3556207214-label\" class=\"accordion-title plain\" href=\"#accordion-item-milyen-anyagok-haszn\u00e1lhat\u00f3k-a-3d-nyomtat\u00e1sban?\" aria-expanded=\"false\" aria-controls=\"accordion-3556207214-content\">\n\t\t\t<button class=\"toggle\" aria-label=\"Toggle\"><i class=\"icon-angle-down\" aria-hidden=\"true\"><\/i><\/button>\n\t\t\t<span>Milyen anyagok haszn\u00e1lhat\u00f3k a 3D nyomtat\u00e1sban?<\/span>\n\t\t<\/a>\n\t\t<div id=\"accordion-3556207214-content\" class=\"accordion-inner\" aria-labelledby=\"accordion-3556207214-label\">\n\t\t\t\r\n\r\nA piacon sz\u00e1mos k\u00fcl\u00f6nb\u00f6z\u0151 3D nyomtat\u00e1si anyagot haszn\u00e1lnak. Az al\u00e1bbiakban megtal\u00e1lja az \u00f6sszes \u00e1ltalunk k\u00edn\u00e1lt anyagot.\r\n\r\n<a href=\"https:\/\/azurefilm.com\/hu\/termekkategoria\/pla-szalak\/\"><strong>PLA<\/strong><\/a>: Biol\u00f3giailag leboml\u00f3 \u00e9s k\u00f6nnyen nyomtathat\u00f3, ide\u00e1lis kezd\u0151knek. T\u00f6bbf\u00e9le kiad\u00e1sban kaphat\u00f3, t\u00f6bbek k\u00f6z\u00f6tt selyem, fa, neon \u00e9s egy\u00e9b. Ha t\u00f6bbet szeretne megtudni a PLA filamentekr\u0151l, <a href=\"https:\/\/azurefilm.com\/hu\/2023\/07\/04\/pla-szalak-minden-amit-tudnia-kell\/\" target=\"_blank\" rel=\"noopener\">olvassa el blogunkat<\/a>.\r\n\r\n<a href=\"https:\/\/azurefilm.com\/3d-filmek\/petg-filaments\/\"><strong>PETG<\/strong><\/a>: Az ABS \u00e9s a PLA tulajdons\u00e1gait egyes\u00edti, szil\u00e1rd, h\u0151\u00e1ll\u00f3 \u00e9s tart\u00f3s eredm\u00e9nyeket k\u00edn\u00e1l. \u00c9lelmiszer-min\u0151s\u00edt\u00e9ssel j\u00f3v\u00e1hagyott. Ha t\u00f6bbet szeretne megtudni a PETG sz\u00e1lakr\u00f3l, <a href=\"https:\/\/azurefilm.com\/hu\/2023\/07\/10\/petg-szalak-minden-amit-tudnia-kell\/\" target=\"_blank\" rel=\"noopener\">olvassa el blogunkat<\/a>.\r\n\r\n<a href=\"https:\/\/azurefilm.com\/3d-filmek\/pctg-filaments\/\"><strong>PCTG<\/strong><\/a>: Tov\u00e1bbfejlesztett PETG minim\u00e1lis zsugorod\u00e1ssal \u00e9s fokozott h\u0151m\u00e9rs\u00e9klet-ellen\u00e1ll\u00e1ssal. Ha t\u00f6bbet szeretne megtudni a PCTG sz\u00e1lakr\u00f3l, <a href=\"https:\/\/azurefilm.com\/hu\/2023\/10\/12\/pctg-szalak-minden-amit-tudnia-kell\/\" target=\"_blank\" rel=\"noopener\">olvassa el blogunkat<\/a>.\r\n\r\n<a href=\"https:\/\/azurefilm.com\/3d-filmek\/asa-filaments\/\"><strong>ASA<\/strong><\/a>: Kiv\u00e1l\u00f3 UV-, v\u00edz- \u00e9s vegyszer\u00e1ll\u00f3s\u00e1got biztos\u00edt, alkalmas k\u00fclt\u00e9ri k\u00e9sz\u00fcl\u00e9kekhez \u00e9s ig\u00e9nyes k\u00f6rnyezetekhez. Ha t\u00f6bbet szeretne megtudni az ASA sz\u00e1lakr\u00f3l, <a href=\"https:\/\/azurefilm.com\/hu\/2023\/07\/10\/asa-szalak-minden-amit-tudnia-kell\/\" target=\"_blank\" rel=\"noopener\">olvassa el blogunkat<\/a>.\r\n\r\n<a href=\"https:\/\/azurefilm.com\/3d-filmek\/abs-filaments\/abs-plus-filaments\/\"><strong>ABS PLUS<\/strong><\/a>: Ismert a nagy \u00fct\u00e9s\u00e1ll\u00f3s\u00e1g\u00e1r\u00f3l, h\u0151\u00e1ll\u00f3s\u00e1g\u00e1r\u00f3l \u00e9s megfizethet\u0151s\u00e9g\u00e9r\u0151l. J\u00f3 a tart\u00f3ss\u00e1got ig\u00e9nyl\u0151 alkalmaz\u00e1sokhoz. o tudjon meg t\u00f6bbet az ASA sz\u00e1lakr\u00f3l, <a href=\"https:\/\/azurefilm.com\/hu\/2023\/07\/11\/abs-szalak-minden-amit-tudnia-kell\/\" target=\"_blank\" rel=\"noopener\">olvassa el blogunkat<\/a>.\r\n\r\n<a href=\"https:\/\/azurefilm.com\/3d-filmek\/abs-filaments\/pc-abs-filaments\/\"><strong>PC ABS<\/strong><\/a>: A polikarbon\u00e1t \u00e9s az ABS kombin\u00e1ci\u00f3ja, amely kiv\u00e9teles mechanikai teljes\u00edtm\u00e9nyt, h\u0151m\u00e9rs\u00e9klet- \u00e9s vegyszer\u00e1ll\u00f3s\u00e1got biztos\u00edt. Ha t\u00f6bbet szeretne megtudni az ABS-sz\u00e1lakr\u00f3l, <a href=\"https:\/\/azurefilm.com\/hu\/2023\/07\/11\/abs-szalak-minden-amit-tudnia-kell\/\" target=\"_blank\" rel=\"noopener\">olvassa el blogunkat<\/a>.\r\n\r\n<a href=\"https:\/\/azurefilm.com\/3d-filmek\/carbon-fiber-filaments\/\"><strong>Sz\u00e9nsz\u00e1las<\/strong><\/a>: Sz\u00e9nsz\u00e1lakkal er\u0151s\u00edtett, kiv\u00e9teles szil\u00e1rds\u00e1got \u00e9s k\u00f6nny\u0171 s\u00falyt biztos\u00edt. Alkalmas ipari alkalmaz\u00e1sokhoz. Ha t\u00f6bbet szeretne megtudni a sz\u00e9nsz\u00e1las sz\u00e1lakr\u00f3l, <a href=\"https:\/\/azurefilm.com\/hu\/2023\/07\/26\/szenszalas-szalak-minden-amit-tudnia-kell\/\" target=\"_blank\" rel=\"noopener\">olvassa el blogunkat<\/a>.\r\n\r\n<strong>Nylon<\/strong>: Mechanikai, k\u00e9miai \u00e9s rugalmas tulajdons\u00e1gair\u00f3l ismert, \u00edgy sokoldal\u00faan alkalmazhat\u00f3 a k\u00fcl\u00f6nb\u00f6z\u0151 m\u0171szaki k\u00f6vetelm\u00e9nyekhez.\r\n\r\n<a href=\"https:\/\/azurefilm.com\/3d-filmek\/flexible-filaments\/\"><strong>Rugalmas<\/strong><\/a>: Gumiszer\u0171 tulajdons\u00e1gokkal rendelkezik, a l\u00e1bbeli-, rep\u00fcl\u0151g\u00e9p- \u00e9s aut\u00f3iparban haszn\u00e1lj\u00e1k. Ha t\u00f6bbet szeretne megtudni a hajl\u00e9kony sz\u00e1lakr\u00f3l, <a href=\"https:\/\/azurefilm.com\/hu\/2023\/08\/09\/hogyan-nyomtassunk-rugalmas-szalakat\/\" target=\"_blank\" rel=\"noopener\">olvassa el blogunkat<\/a>.\r\n\r\n<a href=\"https:\/\/azurefilm.com\/3d-filmek\/support-filaments\/\"><strong>T\u00e1mogat\u00e1s (PVA)<\/strong><\/a>: Oldhat\u00f3 hordoz\u00f3anyag, amely megakad\u00e1lyozza a t\u00falny\u00fal\u00e1sokat, v\u00edzben felold\u00f3dik, \u00edgy a nyomtatott t\u00e1rgy \u00e9rintetlen marad. Ha t\u00f6bbet szeretne megtudni a Support filamentekr\u0151l, <a href=\"https:\/\/azurefilm.com\/hu\/2023\/10\/28\/tamogatoszalak-minden-amit-tudnia-kell\/\" target=\"_blank\" rel=\"noopener\">olvassa el blogunkat<\/a>.\r\n\r\nItt tal\u00e1lja meg a sz\u00e1lak \u00f6sszehasonl\u00edt\u00f3 t\u00e1bl\u00e1zat\u00e1t, hogy k\u00f6nnyed\u00e9n megn\u00e9zhesse, mi felel meg az \u00d6n ig\u00e9nyeinek.\r\n\r\n<a href=\"https:\/\/azurefilm.com\/3d-filmek\/resin\/\"><strong>Gyanta<\/strong><\/a>: Kiv\u00e9teles r\u00e9szletess\u00e9g \u00e9s sima fel\u00fclet el\u00e9r\u00e9s\u00e9re haszn\u00e1lj\u00e1k, k\u00fcl\u00f6n\u00f6sen a fog\u00e1szati \u00e9s \u00e9kszeriparban.\r\n\r\nEzek az anyagok az alkalmaz\u00e1sok sz\u00e9les sk\u00e1l\u00e1j\u00e1t szolg\u00e1lj\u00e1k ki, \u00e9s k\u00fcl\u00f6nb\u00f6z\u0151 tulajdons\u00e1gokkal rendelkeznek, hogy megfeleljenek az egyedi 3D nyomtat\u00e1si ig\u00e9nyeknek.\r\n\r\n\t\t<\/div>\n\t<\/div>\n\t\r\n\t<div id=\"accordion-2933014403\" class=\"accordion-item\">\n\t\t<a id=\"accordion-2933014403-label\" class=\"accordion-title plain\" href=\"#accordion-item-hogyan-tervezhetek-vagy-k\u00e9sz\u00edthetek-3d-nyomtathat\u00f3-t\u00e1rgyakat?\" aria-expanded=\"false\" aria-controls=\"accordion-2933014403-content\">\n\t\t\t<button class=\"toggle\" aria-label=\"Toggle\"><i class=\"icon-angle-down\" aria-hidden=\"true\"><\/i><\/button>\n\t\t\t<span>Hogyan tervezhetek vagy k\u00e9sz\u00edthetek 3D nyomtathat\u00f3 t\u00e1rgyakat?<\/span>\n\t\t<\/a>\n\t\t<div id=\"accordion-2933014403-content\" class=\"accordion-inner\" aria-labelledby=\"accordion-2933014403-label\">\n\t\t\t\r\n\r\nMinden 3D nyomtat\u00e1s egy modellez\u0151 szoftverrel k\u00e9sz\u00edtett 3D modellel kezd\u0151dik. Sz\u00e1mos felhaszn\u00e1l\u00f3bar\u00e1t modellez\u0151 program \u00e1ll rendelkez\u00e9sre, amelyek k\u00f6z\u00fcl n\u00e9h\u00e1ny ingyenes. \u00cdme n\u00e9h\u00e1ny n\u00e9pszer\u0171 lehet\u0151s\u00e9g:\r\n<ul>\r\n \t<li><strong>Tinkercad<\/strong>: A Tinkercad hatalmas f\u00e1jlk\u00f6nyvt\u00e1rat k\u00edn\u00e1l, \u00e9s lehet\u0151v\u00e9 teszi a felhaszn\u00e1l\u00f3k sz\u00e1m\u00e1ra, hogy felfedezz\u00e9k a megfelel\u0151 form\u00e1kat \u00e9s testre szabj\u00e1k azokat. Kiv\u00e1l\u00f3 platformk\u00e9nt szolg\u00e1l a 3D modellez\u00e9s elsaj\u00e1t\u00edt\u00e1s\u00e1hoz.<\/li>\r\n \t<li><strong>SketchUp<\/strong>: A SketchUp a haszn\u00e1lhat\u00f3s\u00e1g \u00e9s a funkcionalit\u00e1s k\u00f6z\u00f6tti egyens\u00faly\u00e1r\u00f3l ismert, \u00e9s a k\u00e9szs\u00e9gszintek sz\u00e9les sk\u00e1l\u00e1j\u00e1nak megfelel, \u00edgy sokak sz\u00e1m\u00e1ra ide\u00e1lis v\u00e1laszt\u00e1s.<\/li>\r\n \t<li><strong>Blender<\/strong>: B\u00e1r a Blender, mint ny\u00edlt forr\u00e1sk\u00f3d\u00fa szoftver, meredek tanul\u00e1si g\u00f6rb\u00e9vel rendelkezik, t\u00f6k\u00e9letes a felhaszn\u00e1l\u00f3k sz\u00e1m\u00e1ra, akik k\u00e9szen \u00e1llnak arra, hogy \u00f6sszetett 3D modellekkel foglalkozzanak.<\/li>\r\n<\/ul>\r\nAlternat\u00edvak\u00e9nt v\u00e1laszthatja <strong>az egyszer\u0171bb utat is, \u00e9s let\u00f6ltheti<\/strong> az <strong>el\u0151re elk\u00e9sz\u00edtett 3D modelleket<\/strong> a projektjeihez. Sz\u00e1mos weboldal \u00e9s 3D arch\u00edvum k\u00edn\u00e1l ingyenes 3D modelleket, t\u00f6bbek k\u00f6z\u00f6tt:\r\n<ul>\r\n \t<li><strong>Thingiverse<\/strong>: A k\u00f6z\u00f6ss\u00e9g \u00e9s a design-megoszt\u00f3 platform, ahol 3D nyomtathat\u00f3 terveket fedezhet fel \u00e9s terjeszthet.<\/li>\r\n \t<li><strong>Turbosquid<\/strong>: A 3D modellek keres\u0151helye, jelent\u0151s v\u00e1laszt\u00e9kkal. Sok kiv\u00e1l\u00f3 ingyenes modellt tal\u00e1lhatsz, ha egyszer\u0171en r\u00e1keresel az \"ingyenes\" kifejez\u00e9sre.<\/li>\r\n \t<li><strong>Free3d<\/strong>: A platform, ahol ingyenesen megoszthatod 3D eszk\u00f6zeidet, \u00e9s azonnal let\u00f6lthetsz m\u00e1sokat.<\/li>\r\n<\/ul>\r\nHa megvan a 3D modell (amelyet modellez\u0151 szoftverrel k\u00e9sz\u00edtett vagy egy arch\u00edvumb\u00f3l t\u00f6lt\u00f6tt le), a k\u00f6vetkez\u0151 l\u00e9p\u00e9s a szeletel\u0151szoftverbe val\u00f3 bevitel.\r\n\r\n<strong>Mi az a \"szeletel\u0151\" a 3D nyomtat\u00e1sban?<\/strong>\r\nA szeletel\u0151k leegyszer\u0171s\u00edtik a 3D modellb\u0151l a nyomtatott t\u00e1rgyba val\u00f3 \u00e1tmenetet az\u00e1ltal, hogy a CAD modellt r\u00e9tegekre osztj\u00e1k \u00e9s G-k\u00f3dd\u00e1 alak\u00edtj\u00e1k.\r\n\r\nA Slicer szoftver a 3D nyomtat\u00f3 olyan fontos be\u00e1ll\u00edt\u00e1sait is tartalmazza, mint a h\u0151m\u00e9rs\u00e9klet, a r\u00e9tegmagass\u00e1g \u00e9s a nyomtat\u00e1si sebess\u00e9g, amelyek be\u00e9p\u00fclnek a G-k\u00f3dba. Ha a modell G-k\u00f3dd\u00e1 alakult \u00e1t, akkor \u00e1tviheti azt a Micro SD-k\u00e1rty\u00e1ra (8 GB j\u00f3l m\u0171k\u00f6dik). \u00dcgyeljen arra, hogy a f\u00e1jl neve legfeljebb h\u00e9t karaktert tartalmazzon.\r\n\r\nA 3D nyomtat\u00f3 \u00e9rtelmezi a G-k\u00f3dot, \u00e9s a G-k\u00f3dban szerepl\u0151 utas\u00edt\u00e1sokat k\u00f6vetve r\u00e9tegenk\u00e9nt gy\u00e1rtja le a modellt.\r\nA kezd\u0151knek aj\u00e1nlott szeletel\u0151 szoftverek k\u00f6z\u00e9 tartozik:\r\n<ul>\r\n \t<li><strong>Cura<\/strong>: Szinte b\u00e1rmilyen 3D nyomtat\u00f3val kompatibilis ny\u00edlt forr\u00e1sk\u00f3d\u00fa szeletel\u0151, amely felhaszn\u00e1l\u00f3bar\u00e1t, gyorsas\u00e1g\u00e1r\u00f3l \u00e9s sokoldal\u00fas\u00e1g\u00e1r\u00f3l h\u00edres.<\/li>\r\n \t<li><strong>Simplify3D<\/strong>: A szeletel\u00e9s mellett a Simplify3D korrig\u00e1lja a modell probl\u00e9m\u00e1it, el\u0151n\u00e9zetet ny\u00fajt a v\u00e9geredm\u00e9nyr\u0151l, \u00e9s seg\u00edt a lehets\u00e9ges probl\u00e9m\u00e1k azonos\u00edt\u00e1s\u00e1ban.<\/li>\r\n \t<li><strong>Slic3r<\/strong>: Ny\u00edlt forr\u00e1sk\u00f3d\u00fa szoftver, amely val\u00f3s idej\u0171 inkrement\u00e1lis szeletel\u00e9ssel, 3D el\u0151n\u00e9zeti lehet\u0151s\u00e9gekkel \u00e9s a 3D nyomtat\u00e1si k\u00f6z\u00f6ss\u00e9gben sz\u00e9les k\u00f6rben elterjedt felhaszn\u00e1l\u00e1ssal rendelkezik.<\/li>\r\n<\/ul>\r\n\t\t<\/div>\n\t<\/div>\n\t\r\n\t<div id=\"accordion-3470540370\" class=\"accordion-item\">\n\t\t<a id=\"accordion-3470540370-label\" class=\"accordion-title plain\" href=\"#accordion-item-milyen-gyakori-probl\u00e9m\u00e1k-\u00e9s-hibaelh\u00e1r\u00edt\u00e1si-tippek-vannak-a-3d-nyomtat\u00e1sban?\" aria-expanded=\"false\" aria-controls=\"accordion-3470540370-content\">\n\t\t\t<button class=\"toggle\" aria-label=\"Toggle\"><i class=\"icon-angle-down\" aria-hidden=\"true\"><\/i><\/button>\n\t\t\t<span>Milyen gyakori probl\u00e9m\u00e1k \u00e9s hibaelh\u00e1r\u00edt\u00e1si tippek vannak a 3D nyomtat\u00e1sban?<\/span>\n\t\t<\/a>\n\t\t<div id=\"accordion-3470540370-content\" class=\"accordion-inner\" aria-labelledby=\"accordion-3470540370-label\">\n\t\t\t\r\n\r\n<strong>Rossz t\u00falny\u00fal\u00e1sok<\/strong>: Rossz t\u00falny\u00fal\u00e1sok akkor fordulnak el\u0151, ha a sz\u00f6gletes vagy v\u00edzszintes fel\u00fcletek megereszkednek vagy lecs\u00fcngnek. Ennek kijav\u00edt\u00e1s\u00e1ra haszn\u00e1lja a szeletel\u0151szoftver \u00e1ltal biztos\u00edtott t\u00e1maszt\u00f3szerkezeteket, cs\u00f6kkentse a nyomtat\u00e1si sebess\u00e9get, hogy a r\u00e9tegek megszil\u00e1rdulhassanak, fokozza a h\u0171t\u00e9st, \u00e9s fontolja meg peremek vagy tutajok haszn\u00e1lat\u00e1t a jobb tapad\u00e1s \u00e9s al\u00e1t\u00e1maszt\u00e1s \u00e9rdek\u00e9ben.\r\n\r\n<strong>Elt\u00f6m\u0151d\u00f6tt f\u00fav\u00f3ka<\/strong>: A f\u00fav\u00f3ka elt\u00f6m\u0151d\u00e9se a marad\u00e9k sz\u00e1lak, a helytelen beh\u00faz\u00e1si be\u00e1ll\u00edt\u00e1sok, a h\u0151m\u00e9rs\u00e9klet, a t\u00f6rmel\u00e9k vagy a por miatt alakul ki. Az elt\u00f6m\u0151d\u00f6tt f\u00fav\u00f3ka tiszt\u00edt\u00e1s\u00e1hoz meleg\u00edtse fel az aj\u00e1nlott sz\u00e1lh\u0151m\u00e9rs\u00e9kletre, extrud\u00e1lja ki a sz\u00e1lat, zsebl\u00e1mp\u00e1val vizsg\u00e1lja meg, hogy nincs-e benne t\u00f6rmel\u00e9k, \u00e9s haszn\u00e1lja a hidegh\u00faz\u00e1si technik\u00e1t egy m\u00e1sik sz\u00edn\u0171 sz\u00e1lb\u00f3l, am\u00edg a f\u00fav\u00f3ka tiszta nem lesz.\r\n\r\n<strong>Els\u0151 r\u00e9teg tapad\u00e1sa<\/strong>: A megfelel\u0151 els\u0151 r\u00e9teg tapad\u00e1s megakad\u00e1lyozza a nyomtat\u00e1si hib\u00e1kat, a sz\u00e1lk\u00e1sod\u00e1st \u00e9s a vetemed\u00e9st. Ezt a nyomtat\u00f3\u00e1gy pontos kiegyenl\u00edt\u00e9s\u00e9vel, tiszt\u00edt\u00e1s\u00e1val, olyan ragaszt\u00f3anyagok, mint a hajlakk vagy a ragaszt\u00f3szalag haszn\u00e1lat\u00e1val, a f\u00fav\u00f3ka magass\u00e1g\u00e1nak be\u00e1ll\u00edt\u00e1s\u00e1val \u00e9s a nyomtat\u00e1si h\u0151m\u00e9rs\u00e9klet n\u00f6vel\u00e9s\u00e9vel \u00e9rheti el a jobb tapad\u00e1s \u00e9rdek\u00e9ben.\r\n\r\n<strong>F\u0171z\u00e9s<\/strong>: A felf\u0171z\u0151d\u00e9st az alacsony beh\u00faz\u00e1si sebess\u00e9g, a nem megfelel\u0151 h\u0171t\u00e9s, a t\u00falzott beh\u00faz\u00e1si t\u00e1vols\u00e1g, a sz\u00e1l\u00e1tm\u00e9r\u0151 be\u00e1ll\u00edt\u00e1sa vagy a szeletel\u0151g\u00e9p hib\u00e1ja okozza. Cs\u00f6kkentse a felf\u0171z\u0151d\u00e9st a visszah\u00faz\u00e1si be\u00e1ll\u00edt\u00e1sok \u00e9s a f\u00fav\u00f3ka h\u0151m\u00e9rs\u00e9klet\u00e9nek m\u00f3dos\u00edt\u00e1s\u00e1val, t\u00f6bb ventil\u00e1tor haszn\u00e1lat\u00e1val, a szeletel\u0151g\u00e9p \u00e9s a sz\u00e1l\u00e1tm\u00e9r\u0151 kalibr\u00e1l\u00e1s\u00e1val, valamint a szeletel\u0151g\u00e9p funkci\u00f3inak enged\u00e9lyez\u00e9s\u00e9vel a felf\u0171z\u00e9s cs\u00f6kkent\u00e9se \u00e9rdek\u00e9ben.\r\n\r\n<strong>Torz\u00edt\u00e1s<\/strong>: A vetemed\u00e9s a rossz \u00e1gytapad\u00e1s, a t\u00e1masz hi\u00e1nya, a h\u0151terhel\u00e9s vagy a nem megfelel\u0151 h\u0171t\u00e9s miatt megemelkedett vagy deform\u00e1l\u00f3dott nyomtat\u00e1si sarkokat jelent. A vetemed\u00e9s megel\u0151z\u00e9se ragaszt\u00e1si seg\u00e9danyagok, burkolat vagy f\u0171t\u00f6tt nyomtat\u00f3\u00e1gy haszn\u00e1lat\u00e1val, megfelel\u0151 kiegyenl\u00edt\u00e9ssel, a stabilit\u00e1s \u00e9rdek\u00e9ben peremek vagy tutajok alkalmaz\u00e1s\u00e1val, alacsony vetemed\u00e9s\u0171 sz\u00e1lak kiv\u00e1laszt\u00e1s\u00e1val, valamint a nyomtat\u00e1si sebess\u00e9g \u00e9s h\u0151m\u00e9rs\u00e9klet be\u00e1ll\u00edt\u00e1s\u00e1val t\u00f6rt\u00e9nik.\r\n\r\nHa t\u00f6bbet szeretne megtudni a 3D nyomtat\u00e1si probl\u00e9m\u00e1k megold\u00e1s\u00e1r\u00f3l \u00e9s hibaelh\u00e1r\u00edt\u00e1s\u00e1r\u00f3l, olvassa el az <a href=\"https:\/\/azurefilm.com\/hu\/2023\/10\/28\/5-gyakori-3d-nyomtatasi-problema-es-megoldasok\/\" target=\"_blank\" rel=\"noopener\">5 leggyakoribb 3D nyomtat\u00e1si probl\u00e9m\u00e1r\u00f3l \u00e9s megold\u00e1sokr\u00f3l<\/a> sz\u00f3l\u00f3 blogunkat <a href=\"https:\/\/azurefilm.com\/hu\/2023\/10\/28\/5-gyakori-3d-nyomtatasi-problema-es-megoldasok\/\" target=\"_blank\" rel=\"noopener\">.<\/a>\r\n\r\n\t\t<\/div>\n\t<\/div>\n\t\r\n\r\n<\/div>\r\n<div class=\"accordion\">\r\n\r\n\t<div id=\"accordion-883326150\" class=\"accordion-item\">\n\t\t<a id=\"accordion-883326150-label\" class=\"accordion-title plain\" href=\"#accordion-item-milyen-\u00e1tm\u00e9r\u0151j\u0171ek-az-ors\u00f3ink?\" aria-expanded=\"false\" aria-controls=\"accordion-883326150-content\">\n\t\t\t<button class=\"toggle\" aria-label=\"Toggle\"><i class=\"icon-angle-down\" aria-hidden=\"true\"><\/i><\/button>\n\t\t\t<span>Milyen \u00e1tm\u00e9r\u0151j\u0171ek az ors\u00f3ink?<\/span>\n\t\t<\/a>\n\t\t<div id=\"accordion-883326150-content\" class=\"accordion-inner\" aria-labelledby=\"accordion-883326150-label\">\n\t\t\t\r\n\r\n<span style=\"font-weight: 400;\">K\u00fcl\u00f6nb\u00f6z\u0151 m\u00e9ret\u0171, \u00e1tm\u00e9r\u0151j\u0171 ors\u00f3kon k\u00edn\u00e1lunk fonalakat az al\u00e1bbiak szerint:<\/span><b><\/b>\r\n<ul>\r\n \t<li aria-level=\"1\"><b>300g-os ors\u00f3<\/b><\/li>\r\n<\/ul>\r\n<span style=\"font-weight: 400;\">49mm (sz\u00e9less\u00e9g) x 130mm (magass\u00e1g) x 53mm (bels\u0151 lyuk \u00e1tm\u00e9r\u0151)<\/span><b><\/b>\r\n<ul>\r\n \t<li aria-level=\"1\"><b>1 kg-os ors\u00f3<\/b><\/li>\r\n<\/ul>\r\n<span style=\"font-weight: 400;\">63,40mm x 200mm x 60mm<\/span><b><\/b>\r\n<ul>\r\n \t<li aria-level=\"1\"><b>2,1 kg-os ors\u00f3<\/b><\/li>\r\n<\/ul>\r\n<span style=\"font-weight: 400;\">110mm x 208mm x 55mm <\/span><b><\/b>\r\n<ul>\r\n \t<li aria-level=\"1\"><b>5 kg-os ors\u00f3<\/b><\/li>\r\n<\/ul>\r\n<span style=\"font-weight: 400;\">150mm x 305mm x 50mm <\/span><b><\/b>\r\n<ul>\r\n \t<li aria-level=\"1\"><b>10 kg-os ors\u00f3<\/b><\/li>\r\n<\/ul>\r\n<span style=\"font-weight: 400;\">230mm x 305mm x 50mm<\/span>\r\n\r\n\t\t<\/div>\n\t<\/div>\n\t\r\n\t<div id=\"accordion-3507554246\" class=\"accordion-item\">\n\t\t<a id=\"accordion-3507554246-label\" class=\"accordion-title plain\" href=\"#accordion-item-mi-az-a-f\u0151ors\u00f3?\" aria-expanded=\"false\" aria-controls=\"accordion-3507554246-content\">\n\t\t\t<button class=\"toggle\" aria-label=\"Toggle\"><i class=\"icon-angle-down\" aria-hidden=\"true\"><\/i><\/button>\n\t\t\t<span>Mi az a f\u0151ors\u00f3?<\/span>\n\t\t<\/a>\n\t\t<div id=\"accordion-3507554246-content\" class=\"accordion-inner\" aria-labelledby=\"accordion-3507554246-label\">\n\t\t\t\r\n\r\n<span style=\"font-weight: 400;\">A f\u0151ors\u00f3 egy <\/span><b>\u00fajrafelhaszn\u00e1lhat\u00f3 ors\u00f3<\/b><span style=\"font-weight: 400;\"> az izz\u00f3sz\u00e1l ut\u00e1nt\u00f6lt\u0151k t\u00e1rol\u00e1s\u00e1ra tervezt\u00e9k. Ahelyett, hogy egyszer haszn\u00e1latos m\u0171anyag ors\u00f3kon v\u00e1s\u00e1roln\u00e1nak sz\u00e1lakat, a felhaszn\u00e1l\u00f3k a f\u0151 ors\u00f3ba behelyezhet\u0151 ut\u00e1nt\u00f6lt\u0151 sz\u00e1lakat v\u00e1s\u00e1rolhatnak. Ez cs\u00f6kkenti a m\u0171anyaghullad\u00e9kot, \u00e9s k\u00f6lts\u00e9ghat\u00e9konyabb lehet. <\/span>\r\n\r\n<span style=\"font-weight: 400;\">Mi <\/span><span style=\"font-weight: 400;\">hisz\u00fcnk abban, hogy az ut\u00e1nt\u00f6lt\u0151k jelentik a 3D nyomtat\u00e1si ipar\u00e1g j\u00f6v\u0151j\u00e9t, \u00e9s hat\u00e1rozottan t\u00e1mogatjuk a haszn\u00e1latukat. Arra b\u00e1tor\u00edtjuk, hogy t\u00f6ltse fel a k\u00e9szleteit <\/span><a href=\"https:\/\/azurefilm.com\/product\/azurefilm-master-spool-11-free\/\" target=\"_blank\" rel=\"noopener\"><b>AzureFilm mester ors\u00f3k<\/b><\/a><span style=\"font-weight: 400;\"> az \u00d6n ig\u00e9nyeinek megfelel\u0151en, \u00e9s v\u00e1ltson a hagyom\u00e1nyos ors\u00f3kr\u00f3l az ut\u00e1nt\u00f6lt\u0151 opci\u00f3kr\u00f3l. Master ors\u00f3nk t\u00f6k\u00e9letesen kompatibilis a <\/span><a href=\"https:\/\/azurefilm.com\/hu\/3d-filmek\/refill-szalak\/\" target=\"_blank\" rel=\"noopener\"><b>\u00dajrat\u00f6lt\u0151 sz\u00e1lak<\/b><\/a><span style=\"font-weight: 400;\">.<\/span>\r\n\r\n<span style=\"font-weight: 400;\">Az AzureFilm Master Spool \u00e1tm\u00e9r\u0151je:<\/span> <span style=\"font-weight: 400;\">55mm x 200mm x 55mm<\/span>\r\n\r\n\t\t<\/div>\n\t<\/div>\n\t\r\n\r\n<\/div>\r\n\r\n\t\t<\/div>\n\t\t\t\t\t<\/div>\n\n\t\r\n\r\n<\/div>\r\n\r\n\t\t<\/div>\n\n\t\t\n<style>\n#section_2080918959 {\n  padding-top: 30px;\n  padding-bottom: 30px;\n}\n<\/style>\n\t<\/section>\n\t\n","protected":false},"excerpt":{"rendered":"","protected":false},"author":1,"featured_media":0,"parent":0,"menu_order":0,"comment_status":"closed","ping_status":"closed","template":"","meta":{"_acf_changed":false,"footnotes":""},"class_list":["post-55362","page","type-page","status-publish","hentry"],"acf":[],"_links":{"self":[{"href":"https:\/\/azurefilm.com\/hu\/wp-json\/wp\/v2\/pages\/55362","targetHints":{"allow":["GET"]}}],"collection":[{"href":"https:\/\/azurefilm.com\/hu\/wp-json\/wp\/v2\/pages"}],"about":[{"href":"https:\/\/azurefilm.com\/hu\/wp-json\/wp\/v2\/types\/page"}],"author":[{"embeddable":true,"href":"https:\/\/azurefilm.com\/hu\/wp-json\/wp\/v2\/users\/1"}],"replies":[{"embeddable":true,"href":"https:\/\/azurefilm.com\/hu\/wp-json\/wp\/v2\/comments?post=55362"}],"version-history":[{"count":0,"href":"https:\/\/azurefilm.com\/hu\/wp-json\/wp\/v2\/pages\/55362\/revisions"}],"wp:attachment":[{"href":"https:\/\/azurefilm.com\/hu\/wp-json\/wp\/v2\/media?parent=55362"}],"curies":[{"name":"wp","href":"https:\/\/api.w.org\/{rel}","templated":true}]}}