
{"id":55368,"date":"2024-01-24T10:08:47","date_gmt":"2024-01-24T10:08:47","guid":{"rendered":"https:\/\/azurefilm.com\/szal-osszehasonlito-tablazat\/"},"modified":"2024-10-24T13:30:52","modified_gmt":"2024-10-24T13:30:52","slug":"szal-osszehasonlito-tablazat","status":"publish","type":"page","link":"https:\/\/azurefilm.com\/hu\/szal-osszehasonlito-tablazat\/","title":{"rendered":"Sz\u00e1l \u00f6sszehasonl\u00edt\u00f3 t\u00e1bl\u00e1zat"},"content":{"rendered":"\n\t<section class=\"section\" id=\"section_31479368\">\n\t\t<div class=\"section-bg fill\" >\n\t\t\t\t\t\t\t\t\t\n\t\t\t\n\n\t\t<\/div>\n\n\t\t\n\n\t\t<div class=\"section-content relative\">\n\t\t\t\n<div class=\"row\"  id=\"row-1261474542\">\n\n\t<div id=\"col-2068234010\" class=\"col small-12 large-12\"  >\n\t\t\t\t<div class=\"col-inner\"  >\n\t\t\t\n\t\t\t\n\t<div class=\"img has-hover x md-x lg-x y md-y lg-y\" id=\"image_605689669\">\n\t\t<a class=\"image-lightbox lightbox-gallery\" title=\"\" href=\"https:\/\/azurefilm.com\/wp-content\/uploads\/2024\/01\/EN_Complete-filamet-comparison-chart-1-1024x752.png\">\t\t\t\t\t\t<div class=\"img-inner dark\" >\n\t\t\t<img loading=\"lazy\" decoding=\"async\" width=\"1020\" height=\"749\" src=\"https:\/\/azurefilm.com\/wp-content\/uploads\/2024\/01\/EN_Complete-filamet-comparison-chart-1-1024x752.png\" class=\"attachment-large size-large\" alt=\"\" srcset=\"https:\/\/azurefilm.com\/wp-content\/uploads\/2024\/01\/EN_Complete-filamet-comparison-chart-1-1024x752.png 1024w, https:\/\/azurefilm.com\/wp-content\/uploads\/2024\/01\/EN_Complete-filamet-comparison-chart-1-510x375.png 510w, https:\/\/azurefilm.com\/wp-content\/uploads\/2024\/01\/EN_Complete-filamet-comparison-chart-1-300x220.png 300w, https:\/\/azurefilm.com\/wp-content\/uploads\/2024\/01\/EN_Complete-filamet-comparison-chart-1-768x564.png 768w, https:\/\/azurefilm.com\/wp-content\/uploads\/2024\/01\/EN_Complete-filamet-comparison-chart-1-1536x1128.png 1536w, https:\/\/azurefilm.com\/wp-content\/uploads\/2024\/01\/EN_Complete-filamet-comparison-chart-1-2048x1504.png 2048w\" sizes=\"auto, (max-width: 1020px) 100vw, 1020px\" title=\"\">\t\t\t\t\t\t\n\t\t\t\t\t<\/div>\n\t\t\t\t\t\t<\/a>\t\t\n<style>\n#image_605689669 {\n  width: 100%;\n}\n<\/style>\n\t<\/div>\n\t\n\t\t<\/div>\n\t\t\t\t\t<\/div>\n\n\t\n<\/div>\n\t\t<\/div>\n\n\t\t\n<style>\n#section_31479368 {\n  padding-top: 30px;\n  padding-bottom: 30px;\n}\n<\/style>\n\t<\/section>\n\t\n","protected":false},"excerpt":{"rendered":"","protected":false},"author":1,"featured_media":0,"parent":0,"menu_order":0,"comment_status":"closed","ping_status":"closed","template":"","meta":{"_acf_changed":false,"footnotes":""},"class_list":["post-55368","page","type-page","status-publish","hentry"],"acf":[],"_links":{"self":[{"href":"https:\/\/azurefilm.com\/hu\/wp-json\/wp\/v2\/pages\/55368","targetHints":{"allow":["GET"]}}],"collection":[{"href":"https:\/\/azurefilm.com\/hu\/wp-json\/wp\/v2\/pages"}],"about":[{"href":"https:\/\/azurefilm.com\/hu\/wp-json\/wp\/v2\/types\/page"}],"author":[{"embeddable":true,"href":"https:\/\/azurefilm.com\/hu\/wp-json\/wp\/v2\/users\/1"}],"replies":[{"embeddable":true,"href":"https:\/\/azurefilm.com\/hu\/wp-json\/wp\/v2\/comments?post=55368"}],"version-history":[{"count":0,"href":"https:\/\/azurefilm.com\/hu\/wp-json\/wp\/v2\/pages\/55368\/revisions"}],"wp:attachment":[{"href":"https:\/\/azurefilm.com\/hu\/wp-json\/wp\/v2\/media?parent=55368"}],"curies":[{"name":"wp","href":"https:\/\/api.w.org\/{rel}","templated":true}]}}