
{"id":55391,"date":"2024-06-11T12:04:55","date_gmt":"2024-06-11T12:04:55","guid":{"rendered":"https:\/\/azurefilm.com\/dijpalyazatok\/"},"modified":"2024-10-24T13:31:00","modified_gmt":"2024-10-24T13:31:00","slug":"dijpalyazatok","status":"publish","type":"page","link":"https:\/\/azurefilm.com\/hu\/dijpalyazatok\/","title":{"rendered":"D\u00edjp\u00e1ly\u00e1zatok"},"content":{"rendered":"\n\t<section class=\"section\" id=\"section_1908674419\">\n\t\t<div class=\"section-bg fill\" >\n\t\t\t\t\t\t\t\t\t\n\t\t\t\n\n\t\t<\/div>\n\n\t\t\n\n\t\t<div class=\"section-content relative\">\n\t\t\t\n<div class=\"row\"  id=\"row-95285815\">\n\n\t<div id=\"col-1231948992\" class=\"col small-12 large-12\"  >\n\t\t\t\t<div class=\"col-inner\"  >\n\t\t\t\n\t\t\t\n<h1>D\u00edjp\u00e1ly\u00e1zatok<\/h1>\n\t<div id=\"gap-1794905766\" class=\"gap-element clearfix\" style=\"display:block; height:auto;\">\n\t\t\n<style>\n#gap-1794905766 {\n  padding-top: 50px;\n}\n<\/style>\n\t<\/div>\n\t\n<h2>Bel\u00e9p\u00e9si m\u00f3dszerek<\/h2>\n<p>A r\u00e9szv\u00e9teli m\u00f3dokat a hivatalos Facebook- \u00e9s Instagram-oldalainkon tal\u00e1lhat\u00f3 nyerem\u00e9nyj\u00e1t\u00e9k-ki\u00edr\u00e1sokban adjuk meg. A r\u00e9szv\u00e9telt csak a megadott k\u00f6z\u00f6ss\u00e9gi m\u00e9dia platformon kereszt\u00fcl fogadjuk el, ahogyan az a nyerem\u00e9nyj\u00e1t\u00e9k bejegyz\u00e9sben szerepel. <\/p>\n<h2>D\u00edjak<\/h2>\n<p>A nyerem\u00e9nyek nem \u00e1truh\u00e1zhat\u00f3k vagy m\u00e1s t\u00e1rgyakra cser\u00e9lhet\u0151k. A nyerem\u00e9nyek nem v\u00e1lthat\u00f3k k\u00e9szp\u00e9nzre vagy annak p\u00e9nzbeli ellen\u00e9rt\u00e9k\u00e9re. Fenntartjuk a jogot, hogy b\u00e1rmely nyerem\u00e9nyt egy m\u00e1sik, azonos \u00e9rt\u00e9k\u0171 nyerem\u00e9nnyel helyettes\u00edts\u00fcnk, el\u0151zetes \u00e9rtes\u00edt\u00e9s n\u00e9lk\u00fcl.  <\/p>\n<h2>Gy\u0151ztes kiv\u00e1laszt\u00e1sa<\/h2>\n<p>A nyerteseket v\u00e9letlenszer\u0171 sorsol\u00e1ssal v\u00e1lasztj\u00e1k ki az \u00f6sszes jogosult p\u00e1ly\u00e1zat k\u00f6z\u00fcl.<\/p>\n<h2>\u00c9rtes\u00edt\u00e9s<\/h2>\n<p>A nyerteseket \u00fagy \u00e9rtes\u00edtj\u00fck, hogy megjel\u00f6lj\u00fck \u0151ket a t\u00f6rt\u00e9net\u00fcnkben vagy az adott k\u00f6z\u00f6ss\u00e9gi m\u00e9diaplatformon a nyerem\u00e9nyj\u00e1t\u00e9k bejegyz\u00e9s kommentszekci\u00f3j\u00e1ban. A nyerteseknek az \u00e9rtes\u00edt\u00e9st\u0151l sz\u00e1m\u00edtott 7 napon bel\u00fcl kell v\u00e1laszolniuk, hogy \u00e1tvehess\u00e9k nyerem\u00e9ny\u00fcket. Ha ezen id\u0151szakon bel\u00fcl nem \u00e9rkezik v\u00e1lasz, \u00faj nyertest v\u00e1laszthatunk.  <\/p>\n<h2>T\u00e1mogathat\u00f3s\u00e1g<\/h2>\n<p>A nyerem\u00e9nyj\u00e1t\u00e9kban csak az Eur\u00f3pai Uni\u00f3 lakosai vehetnek r\u00e9szt. A r\u00e9sztvev\u0151knek a nevez\u00e9s id\u0151pontj\u00e1ban legal\u00e1bb 18 \u00e9vesnek kell lenni\u00fck. A nyerem\u00e9ny \u00e1tv\u00e9tel\u00e9hez a lak\u00f3hely \u00e9s az \u00e9letkor igazol\u00e1sa sz\u00fcks\u00e9ges lehet.  <\/p>\n<h2>Adatgy\u0171jt\u00e9s<\/h2>\n<p>Az \u00e1ltal\u00e1nos adatokat (n\u00e9v, vezet\u00e9kn\u00e9v, c\u00edm, ir\u00e1ny\u00edt\u00f3sz\u00e1m, orsz\u00e1g, e-mail c\u00edm \u00e9s telefonsz\u00e1m) kiz\u00e1r\u00f3lag a nyerem\u00e9ny nyerteseknek t\u00f6rt\u00e9n\u0151 k\u00e9zbes\u00edt\u00e9se c\u00e9lj\u00e1b\u00f3l gy\u0171jtj\u00fck. A szem\u00e9lyes adatokat adatv\u00e9delmi szab\u00e1lyzatunknak megfelel\u0151en kezelj\u00fck, \u00e9s a r\u00e9sztvev\u0151 beleegyez\u00e9se n\u00e9lk\u00fcl semmilyen m\u00e1s c\u00e9lra nem haszn\u00e1ljuk fel. <\/p>\n<h2>V\u00e1ltoz\u00e1sok a felt\u00e9telekben<\/h2>\n<p>Az AzureFilm fenntartja a jogot, hogy az aj\u00e1nd\u00e9koz\u00e1s felt\u00e9teleit b\u00e1rmikor, el\u0151zetes \u00e9rtes\u00edt\u00e9s n\u00e9lk\u00fcl megv\u00e1ltoztassa. A nyerem\u00e9nyj\u00e1t\u00e9kban val\u00f3 r\u00e9szv\u00e9tellel a r\u00e9sztvev\u0151k elfogadj\u00e1k, hogy betartj\u00e1k ezeket a felt\u00e9teleket \u00e9s azok b\u00e1rmilyen m\u00f3dos\u00edt\u00e1s\u00e1t. <\/p>\n<h2>Kapcsolattart\u00e1si inform\u00e1ci\u00f3k<\/h2>\n<p>Tov\u00e1bbi inform\u00e1ci\u00f3k\u00e9rt vagy az aj\u00e1nd\u00e9koz\u00e1ssal kapcsolatos k\u00e9rd\u00e9sek\u00e9rt a r\u00e9sztvev\u0151k a <a href=\"mailto:info@azurefilm.com\">info@azurefilm.com<\/a> c\u00edmen vehetik fel vel\u00fcnk a kapcsolatot.<\/p>\n\t\t<\/div>\n\t\t\t\t\t<\/div>\n\n\t\n<\/div>\n\t\t<\/div>\n\n\t\t\n<style>\n#section_1908674419 {\n  padding-top: 30px;\n  padding-bottom: 30px;\n}\n<\/style>\n\t<\/section>\n\t\n","protected":false},"excerpt":{"rendered":"","protected":false},"author":1,"featured_media":0,"parent":0,"menu_order":0,"comment_status":"closed","ping_status":"closed","template":"","meta":{"_acf_changed":false,"footnotes":""},"class_list":["post-55391","page","type-page","status-publish","hentry"],"acf":[],"_links":{"self":[{"href":"https:\/\/azurefilm.com\/hu\/wp-json\/wp\/v2\/pages\/55391","targetHints":{"allow":["GET"]}}],"collection":[{"href":"https:\/\/azurefilm.com\/hu\/wp-json\/wp\/v2\/pages"}],"about":[{"href":"https:\/\/azurefilm.com\/hu\/wp-json\/wp\/v2\/types\/page"}],"author":[{"embeddable":true,"href":"https:\/\/azurefilm.com\/hu\/wp-json\/wp\/v2\/users\/1"}],"replies":[{"embeddable":true,"href":"https:\/\/azurefilm.com\/hu\/wp-json\/wp\/v2\/comments?post=55391"}],"version-history":[{"count":0,"href":"https:\/\/azurefilm.com\/hu\/wp-json\/wp\/v2\/pages\/55391\/revisions"}],"wp:attachment":[{"href":"https:\/\/azurefilm.com\/hu\/wp-json\/wp\/v2\/media?parent=55391"}],"curies":[{"name":"wp","href":"https:\/\/api.w.org\/{rel}","templated":true}]}}