
{"id":74860,"date":"2024-12-24T10:34:17","date_gmt":"2024-12-24T10:34:17","guid":{"rendered":"https:\/\/azurefilm.com\/?page_id=74860"},"modified":"2025-04-15T06:17:24","modified_gmt":"2025-04-15T06:17:24","slug":"3d-nyomtatasi-profilok","status":"publish","type":"page","link":"https:\/\/azurefilm.com\/hu\/3d-nyomtatasi-profilok\/","title":{"rendered":"3D nyomtat\u00e1si profilok AzureFilm sz\u00e1lakhoz"},"content":{"rendered":"<p>Meg\u00e9rtj\u00fck, milyen fontos a megb\u00edzhat\u00f3 \u00e9s kiv\u00e1l\u00f3 min\u0151s\u00e9g\u0171 eredm\u00e9nyek el\u00e9r\u00e9se 3D nyomtat\u00e1si projektjein\u00e9l. Annak \u00e9rdek\u00e9ben, hogy a lehet\u0151 legk\u00f6nnyebb\u00e9 tegy\u00fck a nyomtat\u00e1si \u00e9lm\u00e9nyt, optimaliz\u00e1lt 3D nyomtat\u00e1si profilokat hoztunk l\u00e9tre az \u00e1ltalunk gy\u00e1rtott sz\u00e1lakhoz. V\u00e1lassza ki az al\u00e1bbi list\u00e1b\u00f3l a sz\u00e1l \u00e9s nyomtat\u00f3 kombin\u00e1ci\u00f3j\u00e1t, t\u00f6ltse le a profilt, \u00e9s \u00e9lvezze a gondtalan nyomtat\u00e1st az anyagainkhoz igaz\u00edtott be\u00e1ll\u00edt\u00e1sokkal.<\/p>\n","protected":false},"excerpt":{"rendered":"<p>Meg\u00e9rtj\u00fck, milyen fontos a megb\u00edzhat\u00f3 \u00e9s kiv\u00e1l\u00f3 min\u0151s\u00e9g\u0171 eredm\u00e9nyek el\u00e9r\u00e9se 3D nyomtat\u00e1si projektjein\u00e9l. Annak \u00e9rdek\u00e9ben, hogy a lehet\u0151 legk\u00f6nnyebb\u00e9 tegy\u00fck a nyomtat\u00e1si \u00e9lm\u00e9nyt, optimaliz\u00e1lt 3D nyomtat\u00e1si profilokat hoztunk l\u00e9tre az \u00e1ltalunk gy\u00e1rtott sz\u00e1lakhoz. V\u00e1lassza ki az al\u00e1bbi list\u00e1b\u00f3l a sz\u00e1l \u00e9s nyomtat\u00f3 kombin\u00e1ci\u00f3j\u00e1t, t\u00f6ltse le a profilt, \u00e9s \u00e9lvezze a gondtalan nyomtat\u00e1st az anyagainkhoz igaz\u00edtott [&#8230;]\n","protected":false},"author":1,"featured_media":0,"parent":0,"menu_order":0,"comment_status":"closed","ping_status":"closed","template":"page-3d-profiles.php","meta":{"_acf_changed":false,"footnotes":""},"class_list":["post-74860","page","type-page","status-publish","hentry"],"acf":[],"_links":{"self":[{"href":"https:\/\/azurefilm.com\/hu\/wp-json\/wp\/v2\/pages\/74860","targetHints":{"allow":["GET"]}}],"collection":[{"href":"https:\/\/azurefilm.com\/hu\/wp-json\/wp\/v2\/pages"}],"about":[{"href":"https:\/\/azurefilm.com\/hu\/wp-json\/wp\/v2\/types\/page"}],"author":[{"embeddable":true,"href":"https:\/\/azurefilm.com\/hu\/wp-json\/wp\/v2\/users\/1"}],"replies":[{"embeddable":true,"href":"https:\/\/azurefilm.com\/hu\/wp-json\/wp\/v2\/comments?post=74860"}],"version-history":[{"count":0,"href":"https:\/\/azurefilm.com\/hu\/wp-json\/wp\/v2\/pages\/74860\/revisions"}],"wp:attachment":[{"href":"https:\/\/azurefilm.com\/hu\/wp-json\/wp\/v2\/media?parent=74860"}],"curies":[{"name":"wp","href":"https:\/\/api.w.org\/{rel}","templated":true}]}}