
{"id":81322,"date":"2025-06-16T07:08:01","date_gmt":"2025-06-16T07:08:01","guid":{"rendered":"https:\/\/azurefilm.com\/azurefilm-discord-group\/"},"modified":"2025-07-01T08:09:36","modified_gmt":"2025-07-01T08:09:36","slug":"azurefilm-discord-csoportjat","status":"publish","type":"page","link":"https:\/\/azurefilm.com\/hu\/azurefilm-discord-csoportjat\/","title":{"rendered":"AzureFilm Discord-csoportj\u00e1t"},"content":{"rendered":"\n  <div class=\"banner has-hover hide-for-medium\" id=\"banner-1531811457\">\n          <div class=\"banner-inner fill\">\n        <div class=\"banner-bg fill\" >\n            <img loading=\"lazy\" decoding=\"async\" width=\"2560\" height=\"921\" src=\"https:\/\/azurefilm.com\/wp-content\/uploads\/HU-DISCORD-LANDING-HERO-DESKTOP-3-scaled.png\" class=\"bg attachment-original size-original\" alt=\"\" title=\"\">                                    \n                    <\/div>\n\t\t\n        <div class=\"banner-layers container\">\n            <div class=\"fill banner-link\"><\/div>            \n   <div id=\"text-box-1243999217\" class=\"text-box banner-layer x50 md-x50 lg-x50 y50 md-y50 lg-y50 res-text\">\n                                <div class=\"text-box-content text dark\">\n              \n              <div class=\"text-inner text-center\">\n                  \n              <\/div>\n           <\/div>\n                            \n<style>\n#text-box-1243999217 {\n  width: 60%;\n}\n#text-box-1243999217 .text-box-content {\n  font-size: 100%;\n}\n@media (min-width:550px) {\n  #text-box-1243999217 {\n    width: 60%;\n  }\n}\n<\/style>\n    <\/div>\n \n        <\/div>\n      <\/div>\n\n            \n<style>\n#banner-1531811457 {\n  padding-top: 500px;\n}\n<\/style>\n  <\/div>\n\n\n\n  <div class=\"banner has-hover show-for-small\" id=\"banner-1407470127\">\n          <div class=\"banner-inner fill\">\n        <div class=\"banner-bg fill\" >\n            <img loading=\"lazy\" decoding=\"async\" width=\"800\" height=\"1000\" src=\"https:\/\/azurefilm.com\/wp-content\/uploads\/DE-DISCORD-LANDING-HERO-MOBILE-2-1.png\" class=\"bg attachment-original size-original\" alt=\"\" title=\"\">                                    \n                    <\/div>\n\t\t\n        <div class=\"banner-layers container\">\n            <div class=\"fill banner-link\"><\/div>            \n   <div id=\"text-box-815939545\" class=\"text-box banner-layer x50 md-x50 lg-x50 y50 md-y50 lg-y50 res-text\">\n                                <div class=\"text-box-content text dark\">\n              \n              <div class=\"text-inner text-center\">\n                  \n              <\/div>\n           <\/div>\n                            \n<style>\n#text-box-815939545 {\n  width: 60%;\n}\n#text-box-815939545 .text-box-content {\n  font-size: 100%;\n}\n@media (min-width:550px) {\n  #text-box-815939545 {\n    width: 60%;\n  }\n}\n<\/style>\n    <\/div>\n \n        <\/div>\n      <\/div>\n\n            \n<style>\n#banner-1407470127 {\n  padding-top: 500px;\n}\n<\/style>\n  <\/div>\n\n\n\t<div id=\"gap-241804045\" class=\"gap-element clearfix\" style=\"display:block; height:auto;\">\n\t\t\n<style>\n#gap-241804045 {\n  padding-top: 15px;\n}\n<\/style>\n\t<\/div>\n\t\n<h2>Maker-ek, egyes\u00fcljetek!<\/h2>\n<p><b><\/b><span style=\"font-weight: 400;\">Elind\u00edtottuk az <\/span><b>AzureFilm hivatalos Discord-csoportj\u00e1t<\/b><span style=\"font-weight: 400;\"> \u2013 \u00e9s te is hivatalos vagy!<\/span><\/p>\n<ul>\n<li style=\"font-weight: 400;\" aria-level=\"1\"><span style=\"font-weight: 400;\">Mutasd meg a nyomataidat<\/span><\/li>\n<li style=\"font-weight: 400;\" aria-level=\"1\"><span style=\"font-weight: 400;\">Ossz meg \u00f6tleteket \u00e9s tippeket<\/span><\/li>\n<li style=\"font-weight: 400;\" aria-level=\"1\"><span style=\"font-weight: 400;\">Kapcsol\u00f3dj m\u00e1s tehets\u00e9ges maker-ekkel<\/span><\/li>\n<li style=\"font-weight: 400;\" aria-level=\"1\"><span style=\"font-weight: 400;\">Ne maradj le az akci\u00f3kr\u00f3l<\/span><\/li>\n<li style=\"font-weight: 400;\" aria-level=\"1\"><span style=\"font-weight: 400;\">\u00c9rtes\u00fclj els\u0151k\u00e9nt nyerem\u00e9nyj\u00e1t\u00e9kokr\u00f3l \u00e9s \u00faj filamentekr\u0151l<\/span><\/li>\n<\/ul>\n<p><span style=\"font-weight: 400;\">Legy\u00e9l ak\u00e1r hobbista, ak\u00e1r profi \u2013 ez lesz az \u00faj kreat\u00edv otthonod.<\/span><span style=\"font-weight: 400;\"><br \/>\n<\/span><b>Alkossunk valami nagyszer\u0171t \u2013 egy\u00fctt!<\/b><\/p>\n<p><span style=\"font-weight: 400;\">Tal\u00e1lkozunk a csoportban!<\/span><\/p>\n<a href=\"https:\/\/discord.gg\/qbrCyVXCSD\" target=\"_blank\" class=\"button primary\" rel=\"noopener\">\n\t\t<span>CSATLAKOZZ ITT<\/span>\n\t<\/a>\n\n\n  \n    <div class=\"row large-columns-4 medium-columns-3 small-columns-2\" >\n  <div class=\"gallery-col col\" >\n          <div class=\"col-inner\">\n            <a class=\"image-lightbox lightbox-gallery\" href=\"https:\/\/azurefilm.com\/wp-content\/uploads\/1-1-1024x1024.png\" title=\"\">            <div class=\"box has-hover gallery-box box-overlay dark\">\n              <div class=\"box-image\" >\n                <img loading=\"lazy\" decoding=\"async\" width=\"300\" height=\"300\" src=\"https:\/\/azurefilm.com\/wp-content\/uploads\/1-1-300x300.png\" class=\"attachment-medium size-medium\" alt=\"\" ids=\"81470,81488,81476,81494,81482,81500,81512,81506\" srcset=\"https:\/\/azurefilm.com\/wp-content\/uploads\/1-1-300x300.png 300w, https:\/\/azurefilm.com\/wp-content\/uploads\/1-1-274x274.png 274w, https:\/\/azurefilm.com\/wp-content\/uploads\/1-1-100x100.png 100w, https:\/\/azurefilm.com\/wp-content\/uploads\/1-1-510x510.png 510w, https:\/\/azurefilm.com\/wp-content\/uploads\/1-1-1024x1024.png 1024w, https:\/\/azurefilm.com\/wp-content\/uploads\/1-1-150x150.png 150w, https:\/\/azurefilm.com\/wp-content\/uploads\/1-1-768x768.png 768w, https:\/\/azurefilm.com\/wp-content\/uploads\/1-1.png 1200w\" sizes=\"auto, (max-width: 300px) 100vw, 300px\" title=\"\">                                  <div class=\"overlay fill\"\n                      style=\"background-color: rgba(0,0,0,.15)\">\n                  <\/div>\n                                                              <\/div>\n              <div class=\"box-text text-left\" >\n                 <p><\/p>\n              <\/div>\n            <\/div>\n            <\/a>          <\/div>\n         <\/div><div class=\"gallery-col col\" >\n          <div class=\"col-inner\">\n            <a class=\"image-lightbox lightbox-gallery\" href=\"https:\/\/azurefilm.com\/wp-content\/uploads\/4-1024x1024.png\" title=\"\">            <div class=\"box has-hover gallery-box box-overlay dark\">\n              <div class=\"box-image\" >\n                <img loading=\"lazy\" decoding=\"async\" width=\"300\" height=\"300\" src=\"https:\/\/azurefilm.com\/wp-content\/uploads\/4-300x300.png\" class=\"attachment-medium size-medium\" alt=\"\" ids=\"81470,81488,81476,81494,81482,81500,81512,81506\" srcset=\"https:\/\/azurefilm.com\/wp-content\/uploads\/4-300x300.png 300w, https:\/\/azurefilm.com\/wp-content\/uploads\/4-274x274.png 274w, https:\/\/azurefilm.com\/wp-content\/uploads\/4-100x100.png 100w, https:\/\/azurefilm.com\/wp-content\/uploads\/4-510x510.png 510w, https:\/\/azurefilm.com\/wp-content\/uploads\/4-1024x1024.png 1024w, https:\/\/azurefilm.com\/wp-content\/uploads\/4-150x150.png 150w, https:\/\/azurefilm.com\/wp-content\/uploads\/4-768x768.png 768w, https:\/\/azurefilm.com\/wp-content\/uploads\/4.png 1200w\" sizes=\"auto, (max-width: 300px) 100vw, 300px\" title=\"\">                                  <div class=\"overlay fill\"\n                      style=\"background-color: rgba(0,0,0,.15)\">\n                  <\/div>\n                                                              <\/div>\n              <div class=\"box-text text-left\" >\n                 <p><\/p>\n              <\/div>\n            <\/div>\n            <\/a>          <\/div>\n         <\/div><div class=\"gallery-col col\" >\n          <div class=\"col-inner\">\n            <a class=\"image-lightbox lightbox-gallery\" href=\"https:\/\/azurefilm.com\/wp-content\/uploads\/2-1-1024x1024.png\" title=\"\">            <div class=\"box has-hover gallery-box box-overlay dark\">\n              <div class=\"box-image\" >\n                <img loading=\"lazy\" decoding=\"async\" width=\"300\" height=\"300\" src=\"https:\/\/azurefilm.com\/wp-content\/uploads\/2-1-300x300.png\" class=\"attachment-medium size-medium\" alt=\"\" ids=\"81470,81488,81476,81494,81482,81500,81512,81506\" srcset=\"https:\/\/azurefilm.com\/wp-content\/uploads\/2-1-300x300.png 300w, https:\/\/azurefilm.com\/wp-content\/uploads\/2-1-274x274.png 274w, https:\/\/azurefilm.com\/wp-content\/uploads\/2-1-100x100.png 100w, https:\/\/azurefilm.com\/wp-content\/uploads\/2-1-510x510.png 510w, https:\/\/azurefilm.com\/wp-content\/uploads\/2-1-1024x1024.png 1024w, https:\/\/azurefilm.com\/wp-content\/uploads\/2-1-150x150.png 150w, https:\/\/azurefilm.com\/wp-content\/uploads\/2-1-768x768.png 768w, https:\/\/azurefilm.com\/wp-content\/uploads\/2-1.png 1200w\" sizes=\"auto, (max-width: 300px) 100vw, 300px\" title=\"\">                                  <div class=\"overlay fill\"\n                      style=\"background-color: rgba(0,0,0,.15)\">\n                  <\/div>\n                                                              <\/div>\n              <div class=\"box-text text-left\" >\n                 <p><\/p>\n              <\/div>\n            <\/div>\n            <\/a>          <\/div>\n         <\/div><div class=\"gallery-col col\" >\n          <div class=\"col-inner\">\n            <a class=\"image-lightbox lightbox-gallery\" href=\"https:\/\/azurefilm.com\/wp-content\/uploads\/5-1024x1024.png\" title=\"\">            <div class=\"box has-hover gallery-box box-overlay dark\">\n              <div class=\"box-image\" >\n                <img loading=\"lazy\" decoding=\"async\" width=\"300\" height=\"300\" src=\"https:\/\/azurefilm.com\/wp-content\/uploads\/5-300x300.png\" class=\"attachment-medium size-medium\" alt=\"\" ids=\"81470,81488,81476,81494,81482,81500,81512,81506\" srcset=\"https:\/\/azurefilm.com\/wp-content\/uploads\/5-300x300.png 300w, https:\/\/azurefilm.com\/wp-content\/uploads\/5-274x274.png 274w, https:\/\/azurefilm.com\/wp-content\/uploads\/5-100x100.png 100w, https:\/\/azurefilm.com\/wp-content\/uploads\/5-510x510.png 510w, https:\/\/azurefilm.com\/wp-content\/uploads\/5-1024x1024.png 1024w, https:\/\/azurefilm.com\/wp-content\/uploads\/5-150x150.png 150w, https:\/\/azurefilm.com\/wp-content\/uploads\/5-768x768.png 768w, https:\/\/azurefilm.com\/wp-content\/uploads\/5.png 1200w\" sizes=\"auto, (max-width: 300px) 100vw, 300px\" title=\"\">                                  <div class=\"overlay fill\"\n                      style=\"background-color: rgba(0,0,0,.15)\">\n                  <\/div>\n                                                              <\/div>\n              <div class=\"box-text text-left\" >\n                 <p><\/p>\n              <\/div>\n            <\/div>\n            <\/a>          <\/div>\n         <\/div><div class=\"gallery-col col\" >\n          <div class=\"col-inner\">\n            <a class=\"image-lightbox lightbox-gallery\" href=\"https:\/\/azurefilm.com\/wp-content\/uploads\/3-1024x1024.png\" title=\"\">            <div class=\"box has-hover gallery-box box-overlay dark\">\n              <div class=\"box-image\" >\n                <img loading=\"lazy\" decoding=\"async\" width=\"300\" height=\"300\" src=\"https:\/\/azurefilm.com\/wp-content\/uploads\/3-300x300.png\" class=\"attachment-medium size-medium\" alt=\"\" ids=\"81470,81488,81476,81494,81482,81500,81512,81506\" srcset=\"https:\/\/azurefilm.com\/wp-content\/uploads\/3-300x300.png 300w, https:\/\/azurefilm.com\/wp-content\/uploads\/3-274x274.png 274w, https:\/\/azurefilm.com\/wp-content\/uploads\/3-100x100.png 100w, https:\/\/azurefilm.com\/wp-content\/uploads\/3-510x510.png 510w, https:\/\/azurefilm.com\/wp-content\/uploads\/3-1024x1024.png 1024w, https:\/\/azurefilm.com\/wp-content\/uploads\/3-150x150.png 150w, https:\/\/azurefilm.com\/wp-content\/uploads\/3-768x768.png 768w, https:\/\/azurefilm.com\/wp-content\/uploads\/3.png 1200w\" sizes=\"auto, (max-width: 300px) 100vw, 300px\" title=\"\">                                  <div class=\"overlay fill\"\n                      style=\"background-color: rgba(0,0,0,.15)\">\n                  <\/div>\n                                                              <\/div>\n              <div class=\"box-text text-left\" >\n                 <p><\/p>\n              <\/div>\n            <\/div>\n            <\/a>          <\/div>\n         <\/div><div class=\"gallery-col col\" >\n          <div class=\"col-inner\">\n            <a class=\"image-lightbox lightbox-gallery\" href=\"https:\/\/azurefilm.com\/wp-content\/uploads\/6-1024x1024.png\" title=\"\">            <div class=\"box has-hover gallery-box box-overlay dark\">\n              <div class=\"box-image\" >\n                <img loading=\"lazy\" decoding=\"async\" width=\"300\" height=\"300\" src=\"https:\/\/azurefilm.com\/wp-content\/uploads\/6-300x300.png\" class=\"attachment-medium size-medium\" alt=\"\" ids=\"81470,81488,81476,81494,81482,81500,81512,81506\" srcset=\"https:\/\/azurefilm.com\/wp-content\/uploads\/6-300x300.png 300w, https:\/\/azurefilm.com\/wp-content\/uploads\/6-274x274.png 274w, https:\/\/azurefilm.com\/wp-content\/uploads\/6-100x100.png 100w, https:\/\/azurefilm.com\/wp-content\/uploads\/6-510x510.png 510w, https:\/\/azurefilm.com\/wp-content\/uploads\/6-1024x1024.png 1024w, https:\/\/azurefilm.com\/wp-content\/uploads\/6-150x150.png 150w, https:\/\/azurefilm.com\/wp-content\/uploads\/6-768x768.png 768w, https:\/\/azurefilm.com\/wp-content\/uploads\/6.png 1200w\" sizes=\"auto, (max-width: 300px) 100vw, 300px\" title=\"\">                                  <div class=\"overlay fill\"\n                      style=\"background-color: rgba(0,0,0,.15)\">\n                  <\/div>\n                                                              <\/div>\n              <div class=\"box-text text-left\" >\n                 <p><\/p>\n              <\/div>\n            <\/div>\n            <\/a>          <\/div>\n         <\/div><div class=\"gallery-col col\" >\n          <div class=\"col-inner\">\n            <a class=\"image-lightbox lightbox-gallery\" href=\"https:\/\/azurefilm.com\/wp-content\/uploads\/8-1024x1024.png\" title=\"\">            <div class=\"box has-hover gallery-box box-overlay dark\">\n              <div class=\"box-image\" >\n                <img loading=\"lazy\" decoding=\"async\" width=\"300\" height=\"300\" src=\"https:\/\/azurefilm.com\/wp-content\/uploads\/8-300x300.png\" class=\"attachment-medium size-medium\" alt=\"\" ids=\"81470,81488,81476,81494,81482,81500,81512,81506\" srcset=\"https:\/\/azurefilm.com\/wp-content\/uploads\/8-300x300.png 300w, https:\/\/azurefilm.com\/wp-content\/uploads\/8-274x274.png 274w, https:\/\/azurefilm.com\/wp-content\/uploads\/8-100x100.png 100w, https:\/\/azurefilm.com\/wp-content\/uploads\/8-510x510.png 510w, https:\/\/azurefilm.com\/wp-content\/uploads\/8-1024x1024.png 1024w, https:\/\/azurefilm.com\/wp-content\/uploads\/8-150x150.png 150w, https:\/\/azurefilm.com\/wp-content\/uploads\/8-768x768.png 768w, https:\/\/azurefilm.com\/wp-content\/uploads\/8.png 1200w\" sizes=\"auto, (max-width: 300px) 100vw, 300px\" title=\"\">                                  <div class=\"overlay fill\"\n                      style=\"background-color: rgba(0,0,0,.15)\">\n                  <\/div>\n                                                              <\/div>\n              <div class=\"box-text text-left\" >\n                 <p><\/p>\n              <\/div>\n            <\/div>\n            <\/a>          <\/div>\n         <\/div><div class=\"gallery-col col\" >\n          <div class=\"col-inner\">\n            <a class=\"image-lightbox lightbox-gallery\" href=\"https:\/\/azurefilm.com\/wp-content\/uploads\/7-1024x1024.png\" title=\"\">            <div class=\"box has-hover gallery-box box-overlay dark\">\n              <div class=\"box-image\" >\n                <img loading=\"lazy\" decoding=\"async\" width=\"300\" height=\"300\" src=\"https:\/\/azurefilm.com\/wp-content\/uploads\/7-300x300.png\" class=\"attachment-medium size-medium\" alt=\"\" ids=\"81470,81488,81476,81494,81482,81500,81512,81506\" srcset=\"https:\/\/azurefilm.com\/wp-content\/uploads\/7-300x300.png 300w, https:\/\/azurefilm.com\/wp-content\/uploads\/7-274x274.png 274w, https:\/\/azurefilm.com\/wp-content\/uploads\/7-100x100.png 100w, https:\/\/azurefilm.com\/wp-content\/uploads\/7-510x510.png 510w, https:\/\/azurefilm.com\/wp-content\/uploads\/7-1024x1024.png 1024w, https:\/\/azurefilm.com\/wp-content\/uploads\/7-150x150.png 150w, https:\/\/azurefilm.com\/wp-content\/uploads\/7-768x768.png 768w, https:\/\/azurefilm.com\/wp-content\/uploads\/7.png 1200w\" sizes=\"auto, (max-width: 300px) 100vw, 300px\" title=\"\">                                  <div class=\"overlay fill\"\n                      style=\"background-color: rgba(0,0,0,.15)\">\n                  <\/div>\n                                                              <\/div>\n              <div class=\"box-text text-left\" >\n                 <p><\/p>\n              <\/div>\n            <\/div>\n            <\/a>          <\/div>\n         <\/div><\/div>\n","protected":false},"excerpt":{"rendered":"<p>Maker-ek, egyes\u00fcljetek! Elind\u00edtottuk az AzureFilm hivatalos Discord-csoportj\u00e1t \u2013 \u00e9s te is hivatalos vagy! Mutasd meg a nyomataidat Ossz meg \u00f6tleteket \u00e9s tippeket Kapcsol\u00f3dj m\u00e1s tehets\u00e9ges maker-ekkel Ne maradj le az akci\u00f3kr\u00f3l \u00c9rtes\u00fclj els\u0151k\u00e9nt nyerem\u00e9nyj\u00e1t\u00e9kokr\u00f3l \u00e9s \u00faj filamentekr\u0151l Legy\u00e9l ak\u00e1r hobbista, ak\u00e1r profi \u2013 ez lesz az \u00faj kreat\u00edv otthonod. Alkossunk valami nagyszer\u0171t \u2013 egy\u00fctt! Tal\u00e1lkozunk [&#8230;]\n","protected":false},"author":11,"featured_media":0,"parent":0,"menu_order":0,"comment_status":"closed","ping_status":"closed","template":"","meta":{"_acf_changed":false,"footnotes":""},"class_list":["post-81322","page","type-page","status-publish","hentry"],"acf":[],"_links":{"self":[{"href":"https:\/\/azurefilm.com\/hu\/wp-json\/wp\/v2\/pages\/81322","targetHints":{"allow":["GET"]}}],"collection":[{"href":"https:\/\/azurefilm.com\/hu\/wp-json\/wp\/v2\/pages"}],"about":[{"href":"https:\/\/azurefilm.com\/hu\/wp-json\/wp\/v2\/types\/page"}],"author":[{"embeddable":true,"href":"https:\/\/azurefilm.com\/hu\/wp-json\/wp\/v2\/users\/11"}],"replies":[{"embeddable":true,"href":"https:\/\/azurefilm.com\/hu\/wp-json\/wp\/v2\/comments?post=81322"}],"version-history":[{"count":0,"href":"https:\/\/azurefilm.com\/hu\/wp-json\/wp\/v2\/pages\/81322\/revisions"}],"wp:attachment":[{"href":"https:\/\/azurefilm.com\/hu\/wp-json\/wp\/v2\/media?parent=81322"}],"curies":[{"name":"wp","href":"https:\/\/api.w.org\/{rel}","templated":true}]}}