
{"id":100119,"date":"2025-11-14T10:42:15","date_gmt":"2025-11-14T10:42:15","guid":{"rendered":"https:\/\/azurefilm.com\/?post_type=product&#038;p=100119"},"modified":"2026-01-26T16:03:26","modified_gmt":"2026-01-26T16:03:26","slug":"pla-silk-love-fire","status":"publish","type":"product","link":"https:\/\/azurefilm.com\/hu\/termek\/pla-silk-love-fire\/","title":{"rendered":"PLA Silk Love Fire"},"content":{"rendered":"<h2><b>PLA selyem<\/b><\/h2>\n<p><span style=\"font-weight: 400\">Ismerje meg a PLA Silk sz\u00e1lakat, a PLA Original term\u00e9kcsal\u00e1d k\u00fcl\u00f6nleges kiad\u00e1s\u00e1t. A PLA Silk sz\u00e1lak a klasszikus PLA sz\u00e1lakhoz k\u00e9pest k\u00fcl\u00f6nleges kieg\u00e9sz\u00edt\u00e9seket tartalmaznak, amelyek a megjelen\u00e9s\u00fcket <\/span><b>f\u00e9nyes, enyh\u00e9n \u00e1ttetsz\u0151 \u00e9s selymes fel\u00fclet\u0171<\/b><span style=\"font-weight: 400\">. Moreover, this material <\/span><b>seg\u00edt elrejteni a r\u00e9tegek k\u00f6z\u00f6tti \u00e1tmeneteket<\/b><span style=\"font-weight: 400\"> nyomtat\u00e1skor. A PLA Silk sz\u00e1lak minden hagyom\u00e1nyos PLA tulajdons\u00e1ggal rendelkeznek, \u00e9s a k\u00f6vetkez\u0151kkel rendelkeznek <\/span><b>k\u00f6vetkezetes eredm\u00e9nyek<\/b><span style=\"font-weight: 400\">. They are the best choice for 3D printing of decorative elements like vases, figurines, accessories, home gadgets and much more. <\/span><\/p>\n<p><span style=\"font-weight: 400\">Ha t\u00f6bbet szeretne megtudni a PLA sz\u00e1lakr\u00f3l, olvassa el <a href=\"https:\/\/azurefilm.com\/hu\/2023\/07\/04\/pla-szalak-minden-amit-tudnia-kell\/\" target=\"_blank\" rel=\"noopener\">blogunkat<\/a>. <\/span><\/p>\n<p><span style=\"font-weight: 400\">Hozz\u00e1f\u00e9rhet a <\/span><b>M\u0171szaki adatlap<\/b><span style=\"font-weight: 400\"><a href=\"https:\/\/azurefilm.com\/hu\/technical-data-sheets\/\" target=\"_blank\" rel=\"noopener\"> itt<\/a>.<\/span><\/p>\n<h3><strong>Nyomtat\u00e1si aj\u00e1nl\u00e1sok:<\/strong><\/h3>\n<ul>\n<li style=\"font-weight: 400\"><span style=\"font-weight: 400\">A legjobb eredm\u00e9ny \u00e9rdek\u00e9ben 220-240\u00b0C-on nyomtasson. <\/span><\/li>\n<li style=\"font-weight: 400\"><span style=\"font-weight: 400\">A nyomtat\u00f3asztal aj\u00e1nlott h\u0151m\u00e9rs\u00e9klete 80\u00b0C.<\/span><\/li>\n<li style=\"font-weight: 400\"><span style=\"font-weight: 400\">Haszn\u00e1ljon \u00fcveg\u00e1gyat, PEI lapot, Kapton vagy k\u00e9k szalagot az \u00e9p\u00edt\u00e9si platformhoz 3Dlac spray-vel.<\/span><\/li>\n<\/ul>\n<p><i><span style=\"font-weight: 400\">*A k\u00fcl\u00f6nb\u00f6z\u0151 nyomtat\u00f3k haszn\u00e1lata eset\u00e9n az ide\u00e1lis h\u0151m\u00e9rs\u00e9klet elt\u00e9r\u0151 lehet.<\/span><\/i><\/p>\n","protected":false},"excerpt":{"rendered":"<p>L\u00e9pjen be a leny\u0171g\u00f6z\u0151, f\u00e9ny\u0171z\u0151 \u00e9s ragyog\u00f3 3D nyomatok vil\u00e1g\u00e1ba, \u00e9s pr\u00f3b\u00e1lja ki a PLA Silk Love Fire sz\u00e1lunkat.<\/p>\n","protected":false},"featured_media":106565,"comment_status":"closed","ping_status":"closed","template":"","meta":{"_acf_changed":false},"product_brand":[],"product_cat":[2196,1686,1688,1687],"product_tag":[],"brand":[1682],"class_list":{"0":"post-100119","1":"product","2":"type-product","3":"status-publish","4":"has-post-thumbnail","6":"product_cat-pla-selyem","7":"product_cat-3d-filmek","8":"product_cat-minden-film","9":"product_cat-pla-szalak","10":"pa_colour-piros","11":"pa_filament-diameter-1-75mm-hu","12":"pa_filament-weight-1000g-hu","13":"brand-azurefilm-hu","15":"first","16":"instock","17":"taxable","18":"shipping-taxable","19":"purchasable","20":"product-type-variable","21":"has-default-attributes"},"acf":[],"_links":{"self":[{"href":"https:\/\/azurefilm.com\/hu\/wp-json\/wp\/v2\/product\/100119","targetHints":{"allow":["GET"]}}],"collection":[{"href":"https:\/\/azurefilm.com\/hu\/wp-json\/wp\/v2\/product"}],"about":[{"href":"https:\/\/azurefilm.com\/hu\/wp-json\/wp\/v2\/types\/product"}],"replies":[{"embeddable":true,"href":"https:\/\/azurefilm.com\/hu\/wp-json\/wp\/v2\/comments?post=100119"}],"wp:featuredmedia":[{"embeddable":true,"href":"https:\/\/azurefilm.com\/hu\/wp-json\/wp\/v2\/media\/106565"}],"wp:attachment":[{"href":"https:\/\/azurefilm.com\/hu\/wp-json\/wp\/v2\/media?parent=100119"}],"wp:term":[{"taxonomy":"product_brand","embeddable":true,"href":"https:\/\/azurefilm.com\/hu\/wp-json\/wp\/v2\/product_brand?post=100119"},{"taxonomy":"product_cat","embeddable":true,"href":"https:\/\/azurefilm.com\/hu\/wp-json\/wp\/v2\/product_cat?post=100119"},{"taxonomy":"product_tag","embeddable":true,"href":"https:\/\/azurefilm.com\/hu\/wp-json\/wp\/v2\/product_tag?post=100119"},{"taxonomy":"brand","embeddable":true,"href":"https:\/\/azurefilm.com\/hu\/wp-json\/wp\/v2\/brand?post=100119"}],"curies":[{"name":"wp","href":"https:\/\/api.w.org\/{rel}","templated":true}]}}