
{"id":100824,"date":"2025-11-26T09:05:03","date_gmt":"2025-11-26T09:05:03","guid":{"rendered":"https:\/\/azurefilm.com\/?post_type=product&#038;p=100824"},"modified":"2025-12-17T07:50:12","modified_gmt":"2025-12-17T07:50:12","slug":"tpu-flexible-95a-blue","status":"publish","type":"product","link":"https:\/\/azurefilm.com\/hu\/termek\/tpu-flexible-95a-blue\/","title":{"rendered":"TPU Flexible 95A Blue"},"content":{"rendered":"<h2><b>Flexible 95A<\/b><b><br \/>\n<\/b><\/h2>\n<p><span style=\"font-weight: 400;\">A Flexible 95A filamentek<\/span><b> TPU-b\u00f3l (Thermoplasztikus Poliuret\u00e1n) k\u00e9sz\u00fclnek<\/b><span style=\"font-weight: 400;\">, \u00e9s er\u0151teljes, gumiszer\u0171 tulajdons\u00e1gokkal rendelkeznek. A kem\u00e9nyebb TPU-khoz k\u00e9pest a 95A l\u00e1gyabb, rugalmasabb, \u00e9s kiv\u00e1l\u00f3 hajl\u00e9konys\u00e1got biztos\u00edt. Ide\u00e1lis olyan alkatr\u00e9szekhez, amelyeknek hajlaniuk, ny\u00fajt\u00f3dniuk, \u00f6sszenyom\u00f3dniuk vagy \u00fct\u00e9seket elnyelni\u00fck kell, mik\u00f6zben tart\u00f3sak maradnak. Gyakori alkalmaz\u00e1sok: telefon tokok, t\u00f6m\u00edt\u00e9sek, l\u00f6kh\u00e1r\u00edt\u00f3k, foganty\u00fak, v\u00e9d\u0151bor\u00edt\u00e1sok, j\u00e1t\u00e9kok, valamint k\u00fcl\u00f6nf\u00e9le h\u00e1ztart\u00e1si vagy aut\u00f3ipari alkatr\u00e9szek.<\/span><\/p>\n<p><span style=\"font-weight: 400;\">A <\/span><b>flexibilis filamenteket a Shore kem\u00e9nys\u00e9gi sk\u00e1la alapj\u00e1n oszt\u00e1lyozz\u00e1k<\/b><span style=\"font-weight: 400;\">, amely 0-t\u00f3l 100-ig terjed, \u00e9s kateg\u00f3ri\u00e1kra oszlik, mint a Shore A \u00e9s Shore D. Az alacsonyabb sz\u00e1m l\u00e1gyabb \u00e9s hajl\u00e9konyabb anyagot jelent. A TPU 95A Shore kem\u00e9nys\u00e9ggel hasonl\u00f3an viselkedik, mint a kem\u00e9ny gumi \u2014 rugalmas \u00e9s hajl\u00edthat\u00f3, de el\u00e9g er\u0151s ahhoz, hogy terhel\u00e9s alatt megtartsa az alakj\u00e1t.<\/span><\/p>\n<p><b>Figyelmeztet\u00e9s<\/b><span style=\"font-weight: 400;\">: Ha nyomtat\u00e1s k\u00f6zben pattog\u00f3 vagy recseg\u0151 hangot hall, a filament nedvess\u00e9get sz\u00edvott fel. Haszn\u00e1lat el\u0151tt sz\u00e1r\u00edtsa meg a filamentet a legjobb eredm\u00e9nyek\u00e9rt. Filamentsz\u00e1r\u00edt\u00f3 doboz haszn\u00e1lata aj\u00e1nlott.<\/span><\/p>\n<p>&nbsp;<\/p>\n<h2 style=\"font-size: 23.04px;\"><b><img decoding=\"async\" class=\"size-medium wp-image-17898 alignnone\" src=\"https:\/\/azurefilm.com\/wp-content\/uploads\/2023\/10\/Flexible-filament-table.jpg\" alt=\" Sz\u00e9less\u00e9g...\" height=\"400\" title=\"\"><\/b><span style=\"font-weight: 400;\">. <\/span><\/h2>\n<h3><b>Nyomtat\u00e1si aj\u00e1nl\u00e1sok:<\/b><\/h3>\n<ul>\n<li style=\"font-weight: 400;\" aria-level=\"1\"><span style=\"font-weight: 400;\">A legjobb eredm\u00e9ny \u00e9rdek\u00e9ben <\/span><b>220\u2013240 \u00b0C-on nyomtasson<\/b><span style=\"font-weight: 400;\">.<\/span><span style=\"font-weight: 400;\"><br \/>\n<\/span><\/li>\n<li style=\"font-weight: 400;\" aria-level=\"1\"><span style=\"font-weight: 400;\">Aj\u00e1nlott nyomtat\u00f3asztal h\u0151m\u00e9rs\u00e9klete: <\/span><b>40\u201360 \u00b0C<\/b><span style=\"font-weight: 400;\">.<\/span><span style=\"font-weight: 400;\"><br \/>\n<\/span><\/li>\n<li style=\"font-weight: 400;\" aria-level=\"1\"><span style=\"font-weight: 400;\">Nyomtat\u00e1si sebess\u00e9g: <\/span><b>10\u201330 mm\/s<\/b><span style=\"font-weight: 400;\">, lassan nyomtasson.<\/span><span style=\"font-weight: 400;\"><br \/>\n<\/span><\/li>\n<li style=\"font-weight: 400;\" aria-level=\"1\"><span style=\"font-weight: 400;\">Haszn\u00e1ljon \u00fcveglapot, PEI lapot, Kapton vagy k\u00e9k szalagot 3Dlac spray-vel.<\/span><\/li>\n<\/ul>\n<p><i><span style=\"font-weight: 400;\">Az ide\u00e1lis h\u0151m\u00e9rs\u00e9klet a nyomtat\u00f3t\u00f3l f\u00fcgg\u0151en v\u00e1ltozhat.<\/span><\/i><\/p>\n<p><span style=\"font-weight: 400;\">Hozz\u00e1f\u00e9rhet a <\/span><b>M\u0171szaki adatlap<\/b><span style=\"font-weight: 400;\"><a href=\"https:\/\/azurefilm.com\/hu\/technical-data-sheets\/\" target=\"_blank\" rel=\"noopener\"><strong> itt<\/strong><\/a>.<\/span><\/p>\n","protected":false},"excerpt":{"rendered":"<p><span style=\"font-weight: 400;\">TPU Flexible 95A Blue: a puhas\u00e1g \u00e9s az er\u0151 t\u00f6k\u00e9letes egyens\u00falya, gumiszer\u0171 rugalmass\u00e1got biztos\u00edtva az olyan alkatr\u00e9szekhez, amelyeknek hajlaniuk, \u00f6sszenyom\u00f3dniuk \u00e9s hossz\u00fa \u00e9let\u0171nek kell lenni\u00fck.<\/span><\/p>\n","protected":false},"featured_media":101957,"comment_status":"closed","ping_status":"closed","template":"","meta":{"_acf_changed":false},"product_brand":[],"product_cat":[2827,1686,1688,2413],"product_tag":[],"brand":[1682],"class_list":{"0":"post-100824","1":"product","2":"type-product","3":"status-publish","4":"has-post-thumbnail","6":"product_cat-tpu-95a","7":"product_cat-3d-filmek","8":"product_cat-minden-film","9":"product_cat-rugalmas-szalak","10":"pa_colour-kek","11":"pa_filament-diameter-1-75mm-hu","12":"pa_filament-weight-1000g-hu","13":"brand-azurefilm-hu","15":"first","16":"outofstock","17":"taxable","18":"shipping-taxable","19":"purchasable","20":"product-type-variable","21":"has-default-attributes"},"acf":[],"_links":{"self":[{"href":"https:\/\/azurefilm.com\/hu\/wp-json\/wp\/v2\/product\/100824","targetHints":{"allow":["GET"]}}],"collection":[{"href":"https:\/\/azurefilm.com\/hu\/wp-json\/wp\/v2\/product"}],"about":[{"href":"https:\/\/azurefilm.com\/hu\/wp-json\/wp\/v2\/types\/product"}],"replies":[{"embeddable":true,"href":"https:\/\/azurefilm.com\/hu\/wp-json\/wp\/v2\/comments?post=100824"}],"wp:featuredmedia":[{"embeddable":true,"href":"https:\/\/azurefilm.com\/hu\/wp-json\/wp\/v2\/media\/101957"}],"wp:attachment":[{"href":"https:\/\/azurefilm.com\/hu\/wp-json\/wp\/v2\/media?parent=100824"}],"wp:term":[{"taxonomy":"product_brand","embeddable":true,"href":"https:\/\/azurefilm.com\/hu\/wp-json\/wp\/v2\/product_brand?post=100824"},{"taxonomy":"product_cat","embeddable":true,"href":"https:\/\/azurefilm.com\/hu\/wp-json\/wp\/v2\/product_cat?post=100824"},{"taxonomy":"product_tag","embeddable":true,"href":"https:\/\/azurefilm.com\/hu\/wp-json\/wp\/v2\/product_tag?post=100824"},{"taxonomy":"brand","embeddable":true,"href":"https:\/\/azurefilm.com\/hu\/wp-json\/wp\/v2\/brand?post=100824"}],"curies":[{"name":"wp","href":"https:\/\/api.w.org\/{rel}","templated":true}]}}