
{"id":104580,"date":"2026-01-06T07:17:52","date_gmt":"2026-01-06T07:17:52","guid":{"rendered":"https:\/\/azurefilm.com\/?post_type=product&#038;p=104580"},"modified":"2026-01-06T07:34:38","modified_gmt":"2026-01-06T07:34:38","slug":"azurefilm-master-spool-10-pack","status":"publish","type":"product","link":"https:\/\/azurefilm.com\/hu\/termek\/azurefilm-master-spool-10-pack\/","title":{"rendered":"AzureFilm Master Spool 10-pack"},"content":{"rendered":"<h2><b>The only spool you will ever need.\u00a0<\/b><\/h2>\n<p><span style=\"font-weight: 400;\">The AzureFilm Master Spool is a <\/span><b>set of two reusable discs <\/b><span style=\"font-weight: 400;\">specifically designed for use with AzureFilm&#8217;s Refill filaments. Created through injection moulding, these discs ensure<\/span><b> high durability and precision<\/b><span style=\"font-weight: 400;\">.<\/span><\/p>\n<div style=\"padding: 56.25% 0 0 0; position: relative;\"><iframe style=\"position: absolute; top: 0; left: 0; width: 100%; height: 100%;\" title=\"AzureFilm Master Spool\" src=\"https:\/\/player.vimeo.com\/video\/954356184?badge=0&amp;autopause=0&amp;player_id=0&amp;app_id=58479\" frameborder=\"0\"><\/iframe><\/div>\n<p><script src=\"https:\/\/player.vimeo.com\/api\/player.js\"><\/script><\/p>\n\n\t<section class=\"section pb-0\" id=\"section_134413488\">\n\t\t<div class=\"section-bg fill\" >\n\t\t\t\t\t\t\t\t\t<div class=\"section-bg-overlay absolute fill\"><\/div>\n\t\t\t\n\n\t\t<\/div>\n\n\t\t\n\n\t\t<div class=\"section-content relative\">\n\t\t\t\n<h3><strong>Mechanical functions of our AzureFilm Master Spool<\/strong><\/h3>\n<div class=\"row row-large align-middle\"  id=\"row-665646974\">\n\n\t<div id=\"col-1220720780\" class=\"col medium-6 small-12 large-6\"  >\n\t\t\t\t<div class=\"col-inner text-left\"  >\n\t\t\t\n\t\t\t\n<h4><\/h4>\n<h4>Filament scale<\/h4>\n<p><b>A filament scale <\/b><span style=\"font-weight: 400;\">will help you see approximately how much filament you have left.\u00a0 <\/span><\/p>\n\t\t<\/div>\n\t\t\t\t\t<\/div>\n\n\t\n\n\t<div id=\"col-667176535\" class=\"col medium-6 small-12 large-6\"  >\n\t\t\t\t<div class=\"col-inner\"  >\n\t\t\t\n\t\t\t\n\t<div class=\"img has-hover x md-x lg-x y md-y lg-y\" id=\"image_1640632930\">\n\t\t\t\t\t\t\t\t<div class=\"img-inner dark\" >\n\t\t\t<img loading=\"lazy\" decoding=\"async\" width=\"1020\" height=\"765\" src=\"https:\/\/azurefilm.com\/wp-content\/uploads\/2024\/06\/a-filament-scale-1024x768.jpg\" class=\"attachment-large size-large\" alt=\"\" srcset=\"https:\/\/azurefilm.com\/wp-content\/uploads\/2024\/06\/a-filament-scale-1024x768.jpg 1024w, https:\/\/azurefilm.com\/wp-content\/uploads\/2024\/06\/a-filament-scale-scaled-510x383.jpg 510w, https:\/\/azurefilm.com\/wp-content\/uploads\/2024\/06\/a-filament-scale-300x225.jpg 300w, https:\/\/azurefilm.com\/wp-content\/uploads\/2024\/06\/a-filament-scale-768x576.jpg 768w, https:\/\/azurefilm.com\/wp-content\/uploads\/2024\/06\/a-filament-scale-1536x1152.jpg 1536w, https:\/\/azurefilm.com\/wp-content\/uploads\/2024\/06\/a-filament-scale-2048x1536.jpg 2048w\" sizes=\"auto, (max-width: 1020px) 100vw, 1020px\" title=\"\">\t\t\t\t\t\t\n\t\t\t\t\t<\/div>\n\t\t\t\t\t\t\t\t\n<style>\n#image_1640632930 {\n  width: 100%;\n}\n<\/style>\n\t<\/div>\n\t\n\t\t<\/div>\n\t\t\t\t\t<\/div>\n\n\t\n<\/div>\n\t\t<\/div>\n\n\t\t\n<style>\n#section_134413488 {\n  padding-top: 60px;\n  padding-bottom: 60px;\n  background-color: rgb(42, 160, 209);\n}\n#section_134413488 .section-bg-overlay {\n  background-color: rgba(255, 255, 255, 0.85);\n}\n<\/style>\n\t<\/section>\n\t\n\n\t<section class=\"section pb-0\" id=\"section_1534349969\">\n\t\t<div class=\"section-bg fill\" >\n\t\t\t\t\t\t\t\t\t<div class=\"section-bg-overlay absolute fill\"><\/div>\n\t\t\t\n\n\t\t<\/div>\n\n\t\t\n\n\t\t<div class=\"section-content relative\">\n\t\t\t\n<div class=\"row row-large align-middle\"  id=\"row-1446577295\">\n\n\t<div id=\"col-75577424\" class=\"col medium-6 small-12 large-6\"  >\n\t\t\t\t<div class=\"col-inner text-left\"  >\n\t\t\t\n\t\t\t\n\t<div class=\"img has-hover x md-x lg-x y md-y lg-y\" id=\"image_187725832\">\n\t\t\t\t\t\t\t\t<div class=\"img-inner dark\" >\n\t\t\t<img loading=\"lazy\" decoding=\"async\" width=\"1020\" height=\"765\" src=\"https:\/\/azurefilm.com\/wp-content\/uploads\/2024\/06\/PPAN4615.MOV.20_39_22_39.Still002-1024x768.jpg\" class=\"attachment-large size-large\" alt=\"\" srcset=\"https:\/\/azurefilm.com\/wp-content\/uploads\/2024\/06\/PPAN4615.MOV.20_39_22_39.Still002-1024x768.jpg 1024w, https:\/\/azurefilm.com\/wp-content\/uploads\/2024\/06\/PPAN4615.MOV.20_39_22_39.Still002-scaled-510x383.jpg 510w, https:\/\/azurefilm.com\/wp-content\/uploads\/2024\/06\/PPAN4615.MOV.20_39_22_39.Still002-300x225.jpg 300w, https:\/\/azurefilm.com\/wp-content\/uploads\/2024\/06\/PPAN4615.MOV.20_39_22_39.Still002-768x576.jpg 768w, https:\/\/azurefilm.com\/wp-content\/uploads\/2024\/06\/PPAN4615.MOV.20_39_22_39.Still002-1536x1152.jpg 1536w, https:\/\/azurefilm.com\/wp-content\/uploads\/2024\/06\/PPAN4615.MOV.20_39_22_39.Still002-2048x1536.jpg 2048w\" sizes=\"auto, (max-width: 1020px) 100vw, 1020px\" title=\"\">\t\t\t\t\t\t\n\t\t\t\t\t<\/div>\n\t\t\t\t\t\t\t\t\n<style>\n#image_187725832 {\n  width: 100%;\n}\n<\/style>\n\t<\/div>\n\t\n\t\t<\/div>\n\t\t\t\t\t<\/div>\n\n\t\n\n\t<div id=\"col-920790612\" class=\"col medium-6 small-12 large-6\"  >\n\t\t\t\t<div class=\"col-inner\"  >\n\t\t\t\n\t\t\t\n<h4>Functional pins<\/h4>\n<p><b>Three functional pins<\/b><span style=\"font-weight: 400;\"> around the spool to secure your filament when the spool is not in use.<\/span><\/p>\n\t\t<\/div>\n\t\t\t\t\t<\/div>\n\n\t\n<\/div>\n\t\t<\/div>\n\n\t\t\n<style>\n#section_1534349969 {\n  padding-top: 60px;\n  padding-bottom: 60px;\n  background-color: rgb(42, 160, 209);\n}\n#section_1534349969 .section-bg-overlay {\n  background-color: rgba(255, 255, 255, 0.85);\n}\n<\/style>\n\t<\/section>\n\t\n\n\t<section class=\"section pb-0\" id=\"section_1071509401\">\n\t\t<div class=\"section-bg fill\" >\n\t\t\t\t\t\t\t\t\t<div class=\"section-bg-overlay absolute fill\"><\/div>\n\t\t\t\n\n\t\t<\/div>\n\n\t\t\n\n\t\t<div class=\"section-content relative\">\n\t\t\t\n<div class=\"row row-large align-middle\"  id=\"row-841712312\">\n\n\t<div id=\"col-1686022507\" class=\"col medium-6 small-12 large-6\"  >\n\t\t\t\t<div class=\"col-inner text-left\"  >\n\t\t\t\n\t\t\t\n<h4>Rectangular hole<\/h4>\n<p><b>A rectangular hole<\/b><span style=\"font-weight: 400;\"> to help you close the spool. Once the refill filament is on the spool, you remove the plastic tape and the filament spool is ready for use.<\/span><\/p>\n\t\t<\/div>\n\t\t\t\t\t<\/div>\n\n\t\n\n\t<div id=\"col-1744890285\" class=\"col medium-6 small-12 large-6\"  >\n\t\t\t\t<div class=\"col-inner\"  >\n\t\t\t\n\t\t\t\n\t<div class=\"img has-hover x md-x lg-x y md-y lg-y\" id=\"image_2039015752\">\n\t\t\t\t\t\t\t\t<div class=\"img-inner dark\" >\n\t\t\t<img loading=\"lazy\" decoding=\"async\" width=\"1020\" height=\"765\" src=\"https:\/\/azurefilm.com\/wp-content\/uploads\/2024\/06\/PPAN4531.mp4.16_05_36_42.Still001-1024x768.jpg\" class=\"attachment-large size-large\" alt=\"\" srcset=\"https:\/\/azurefilm.com\/wp-content\/uploads\/2024\/06\/PPAN4531.mp4.16_05_36_42.Still001-1024x768.jpg 1024w, https:\/\/azurefilm.com\/wp-content\/uploads\/2024\/06\/PPAN4531.mp4.16_05_36_42.Still001-scaled-510x383.jpg 510w, https:\/\/azurefilm.com\/wp-content\/uploads\/2024\/06\/PPAN4531.mp4.16_05_36_42.Still001-300x225.jpg 300w, https:\/\/azurefilm.com\/wp-content\/uploads\/2024\/06\/PPAN4531.mp4.16_05_36_42.Still001-768x576.jpg 768w, https:\/\/azurefilm.com\/wp-content\/uploads\/2024\/06\/PPAN4531.mp4.16_05_36_42.Still001-1536x1152.jpg 1536w, https:\/\/azurefilm.com\/wp-content\/uploads\/2024\/06\/PPAN4531.mp4.16_05_36_42.Still001-2048x1536.jpg 2048w\" sizes=\"auto, (max-width: 1020px) 100vw, 1020px\" title=\"\">\t\t\t\t\t\t\n\t\t\t\t\t<\/div>\n\t\t\t\t\t\t\t\t\n<style>\n#image_2039015752 {\n  width: 100%;\n}\n<\/style>\n\t<\/div>\n\t\n\t\t<\/div>\n\t\t\t\t\t<\/div>\n\n\t\n<\/div>\n\t\t<\/div>\n\n\t\t\n<style>\n#section_1071509401 {\n  padding-top: 60px;\n  padding-bottom: 60px;\n  background-color: rgb(42, 160, 209);\n}\n#section_1071509401 .section-bg-overlay {\n  background-color: rgba(255, 255, 255, 0.85);\n}\n<\/style>\n\t<\/section>\n\t\n\t<div id=\"gap-1571723475\" class=\"gap-element clearfix\" style=\"display:block; height:auto;\">\n\t\t\n<style>\n#gap-1571723475 {\n  padding-top: 30px;\n}\n<\/style>\n\t<\/div>\n\t\n<h3><strong>Benefits of choosing AzureFilm Master Spool:<\/strong><b><\/b><\/h3>\n<ul>\n<li aria-level=\"1\"><b>High durability: <\/b><span style=\"font-weight: 400;\">Due to the injection moulding the discs are extremely durable.<\/span><\/li>\n<li style=\"font-weight: 400;\" aria-level=\"1\"><b>Environmentally friendly: <\/b><span style=\"font-weight: 400;\">The AzureFilm Master Spool is the only spool you will ever need. This way you can help reduce waste and contribute to better resource management.\u00a0<\/span><\/li>\n<li style=\"font-weight: 400;\" aria-level=\"1\"><b>Wide compatibility<\/b><span style=\"font-weight: 400;\">: The AzureFilm Master spool is compatible with most 3D printers.<\/span><\/li>\n<li style=\"font-weight: 400;\" aria-level=\"1\"><b>Easy assembly<\/b><span style=\"font-weight: 400;\">: Simply push the discs onto the Refill (filament wound on a cardboard coil), remove plastic straps, and place the assembled set on your 3D printer like a standard spool.<\/span><\/li>\n<\/ul>\n<p><span style=\"font-weight: 400;\">We believe that refills are the future of the 3D printing industry, and we strongly promote their use. We encourage you to stock up on AzureFilm\u2019s Master Spools according to your needs and switch from regular spools to refill options. Nature will thank you.<\/span><\/p>\n\n\t<section class=\"section\" id=\"section_2121859166\">\n\t\t<div class=\"section-bg fill\" >\n\t\t\t\t\t\t\t\t\t<div class=\"section-bg-overlay absolute fill\"><\/div>\n\t\t\t\n\n\t\t<\/div>\n\n\t\t\n\n\t\t<div class=\"section-content relative\">\n\t\t\t\n<div class=\"row row-large align-middle\"  id=\"row-76459672\">\n\n\t<div id=\"col-366554678\" class=\"col medium-6 small-12 large-6\"  >\n\t\t\t\t<div class=\"col-inner text-left\"  >\n\t\t\t\n\t\t\t\n<h3><strong>Physical parameters of AzureFilm Master Spool:<\/strong><\/h3>\n<ul>\n<li style=\"font-weight: 400;\" aria-level=\"1\"><span style=\"font-weight: 400;\">Outer diameter of disc: 200mm<\/span><\/li>\n<li style=\"font-weight: 400;\" aria-level=\"1\"><span style=\"font-weight: 400;\">Inner diameter: 55mm<\/span><\/li>\n<li style=\"font-weight: 400;\" aria-level=\"1\"><span style=\"font-weight: 400;\">Disc weight: 98g<\/span><\/li>\n<li style=\"font-weight: 400;\" aria-level=\"1\"><span style=\"font-weight: 400;\">Net weight of set: 196g (2x 98g)<\/span><\/li>\n<li style=\"font-weight: 400;\" aria-level=\"1\"><span style=\"font-weight: 400;\">Gross weight of set: 233g<\/span><\/li>\n<li aria-level=\"1\">Temperature tolerance: up to 120\u00b0C<\/li>\n<\/ul>\n\t\t<\/div>\n\t\t\t\t\t<\/div>\n\n\t\n\n\t<div id=\"col-388368028\" class=\"col medium-6 small-12 large-6\"  >\n\t\t\t\t<div class=\"col-inner\"  >\n\t\t\t\n\t\t\t\n\t<div class=\"img has-hover x md-x lg-x y md-y lg-y\" id=\"image_905067838\">\n\t\t\t\t\t\t\t\t<div class=\"img-inner dark\" >\n\t\t\t<img loading=\"lazy\" decoding=\"async\" width=\"1020\" height=\"602\" src=\"https:\/\/azurefilm.com\/wp-content\/uploads\/2024\/06\/Master-Spool-1024x604.png\" class=\"attachment-large size-large\" alt=\"\" srcset=\"https:\/\/azurefilm.com\/wp-content\/uploads\/2024\/06\/Master-Spool-1024x604.png 1024w, https:\/\/azurefilm.com\/wp-content\/uploads\/2024\/06\/Master-Spool-510x301.png 510w, https:\/\/azurefilm.com\/wp-content\/uploads\/2024\/06\/Master-Spool-300x177.png 300w, https:\/\/azurefilm.com\/wp-content\/uploads\/2024\/06\/Master-Spool-768x453.png 768w, https:\/\/azurefilm.com\/wp-content\/uploads\/2024\/06\/Master-Spool.png 1078w\" sizes=\"auto, (max-width: 1020px) 100vw, 1020px\" title=\"\">\t\t\t\t\t\t\n\t\t\t\t\t<\/div>\n\t\t\t\t\t\t\t\t\n<style>\n#image_905067838 {\n  width: 100%;\n}\n<\/style>\n\t<\/div>\n\t\n\t\t<\/div>\n\t\t\t\t\t<\/div>\n\n\t\n<\/div>\n\n  \n    <div class=\"row large-columns-4 medium-columns-3 small-columns-2\" >\n  <div class=\"gallery-col col\" >\n          <div class=\"col-inner\">\n            <a class=\"image-lightbox lightbox-gallery\" href=\"https:\/\/azurefilm.com\/wp-content\/uploads\/3-10-1024x1024.jpg\" title=\"\">            <div class=\"box has-hover gallery-box box-overlay dark\">\n              <div class=\"box-image\" >\n                <img loading=\"lazy\" decoding=\"async\" width=\"300\" height=\"300\" src=\"https:\/\/azurefilm.com\/wp-content\/uploads\/3-10-300x300.jpg\" class=\"attachment-medium size-medium\" alt=\"\" ids=\"73837,73867,73855,73849,73861,73843,73873,73879\" srcset=\"https:\/\/azurefilm.com\/wp-content\/uploads\/3-10-300x300.jpg 300w, https:\/\/azurefilm.com\/wp-content\/uploads\/3-10-274x274.jpg 274w, https:\/\/azurefilm.com\/wp-content\/uploads\/3-10-100x100.jpg 100w, https:\/\/azurefilm.com\/wp-content\/uploads\/3-10-510x510.jpg 510w, https:\/\/azurefilm.com\/wp-content\/uploads\/3-10-1024x1024.jpg 1024w, https:\/\/azurefilm.com\/wp-content\/uploads\/3-10-150x150.jpg 150w, https:\/\/azurefilm.com\/wp-content\/uploads\/3-10-768x768.jpg 768w, https:\/\/azurefilm.com\/wp-content\/uploads\/3-10.jpg 1200w\" sizes=\"auto, (max-width: 300px) 100vw, 300px\" title=\"\">                                  <div class=\"overlay fill\"\n                      style=\"background-color: rgba(0,0,0,.15)\">\n                  <\/div>\n                                                              <\/div>\n              <div class=\"box-text text-left\" >\n                 <p><\/p>\n              <\/div>\n            <\/div>\n            <\/a>          <\/div>\n         <\/div><div class=\"gallery-col col\" >\n          <div class=\"col-inner\">\n            <a class=\"image-lightbox lightbox-gallery\" href=\"https:\/\/azurefilm.com\/wp-content\/uploads\/8-6-1024x1024.jpg\" title=\"\">            <div class=\"box has-hover gallery-box box-overlay dark\">\n              <div class=\"box-image\" >\n                <img loading=\"lazy\" decoding=\"async\" width=\"300\" height=\"300\" src=\"https:\/\/azurefilm.com\/wp-content\/uploads\/8-6-300x300.jpg\" class=\"attachment-medium size-medium\" alt=\"\" ids=\"73837,73867,73855,73849,73861,73843,73873,73879\" srcset=\"https:\/\/azurefilm.com\/wp-content\/uploads\/8-6-300x300.jpg 300w, https:\/\/azurefilm.com\/wp-content\/uploads\/8-6-274x274.jpg 274w, https:\/\/azurefilm.com\/wp-content\/uploads\/8-6-100x100.jpg 100w, https:\/\/azurefilm.com\/wp-content\/uploads\/8-6-510x510.jpg 510w, https:\/\/azurefilm.com\/wp-content\/uploads\/8-6-1024x1024.jpg 1024w, https:\/\/azurefilm.com\/wp-content\/uploads\/8-6-150x150.jpg 150w, https:\/\/azurefilm.com\/wp-content\/uploads\/8-6-768x768.jpg 768w, https:\/\/azurefilm.com\/wp-content\/uploads\/8-6.jpg 1200w\" sizes=\"auto, (max-width: 300px) 100vw, 300px\" title=\"\">                                  <div class=\"overlay fill\"\n                      style=\"background-color: rgba(0,0,0,.15)\">\n                  <\/div>\n                                                              <\/div>\n              <div class=\"box-text text-left\" >\n                 <p><\/p>\n              <\/div>\n            <\/div>\n            <\/a>          <\/div>\n         <\/div><div class=\"gallery-col col\" >\n          <div class=\"col-inner\">\n            <a class=\"image-lightbox lightbox-gallery\" href=\"https:\/\/azurefilm.com\/wp-content\/uploads\/6-9-1024x1024.jpg\" title=\"\">            <div class=\"box has-hover gallery-box box-overlay dark\">\n              <div class=\"box-image\" >\n                <img loading=\"lazy\" decoding=\"async\" width=\"300\" height=\"300\" src=\"https:\/\/azurefilm.com\/wp-content\/uploads\/6-9-300x300.jpg\" class=\"attachment-medium size-medium\" alt=\"\" ids=\"73837,73867,73855,73849,73861,73843,73873,73879\" srcset=\"https:\/\/azurefilm.com\/wp-content\/uploads\/6-9-300x300.jpg 300w, https:\/\/azurefilm.com\/wp-content\/uploads\/6-9-274x274.jpg 274w, https:\/\/azurefilm.com\/wp-content\/uploads\/6-9-100x100.jpg 100w, https:\/\/azurefilm.com\/wp-content\/uploads\/6-9-510x510.jpg 510w, https:\/\/azurefilm.com\/wp-content\/uploads\/6-9-1024x1024.jpg 1024w, https:\/\/azurefilm.com\/wp-content\/uploads\/6-9-150x150.jpg 150w, https:\/\/azurefilm.com\/wp-content\/uploads\/6-9-768x768.jpg 768w, https:\/\/azurefilm.com\/wp-content\/uploads\/6-9.jpg 1200w\" sizes=\"auto, (max-width: 300px) 100vw, 300px\" title=\"\">                                  <div class=\"overlay fill\"\n                      style=\"background-color: rgba(0,0,0,.15)\">\n                  <\/div>\n                                                              <\/div>\n              <div class=\"box-text text-left\" >\n                 <p><\/p>\n              <\/div>\n            <\/div>\n            <\/a>          <\/div>\n         <\/div><div class=\"gallery-col col\" >\n          <div class=\"col-inner\">\n            <a class=\"image-lightbox lightbox-gallery\" href=\"https:\/\/azurefilm.com\/wp-content\/uploads\/5-10-1024x1024.jpg\" title=\"\">            <div class=\"box has-hover gallery-box box-overlay dark\">\n              <div class=\"box-image\" >\n                <img loading=\"lazy\" decoding=\"async\" width=\"300\" height=\"300\" src=\"https:\/\/azurefilm.com\/wp-content\/uploads\/5-10-300x300.jpg\" class=\"attachment-medium size-medium\" alt=\"\" ids=\"73837,73867,73855,73849,73861,73843,73873,73879\" srcset=\"https:\/\/azurefilm.com\/wp-content\/uploads\/5-10-300x300.jpg 300w, https:\/\/azurefilm.com\/wp-content\/uploads\/5-10-274x274.jpg 274w, https:\/\/azurefilm.com\/wp-content\/uploads\/5-10-100x100.jpg 100w, https:\/\/azurefilm.com\/wp-content\/uploads\/5-10-510x510.jpg 510w, https:\/\/azurefilm.com\/wp-content\/uploads\/5-10-1024x1024.jpg 1024w, https:\/\/azurefilm.com\/wp-content\/uploads\/5-10-150x150.jpg 150w, https:\/\/azurefilm.com\/wp-content\/uploads\/5-10-768x768.jpg 768w, https:\/\/azurefilm.com\/wp-content\/uploads\/5-10.jpg 1200w\" sizes=\"auto, (max-width: 300px) 100vw, 300px\" title=\"\">                                  <div class=\"overlay fill\"\n                      style=\"background-color: rgba(0,0,0,.15)\">\n                  <\/div>\n                                                              <\/div>\n              <div class=\"box-text text-left\" >\n                 <p><\/p>\n              <\/div>\n            <\/div>\n            <\/a>          <\/div>\n         <\/div><div class=\"gallery-col col\" >\n          <div class=\"col-inner\">\n            <a class=\"image-lightbox lightbox-gallery\" href=\"https:\/\/azurefilm.com\/wp-content\/uploads\/7-6-1024x1024.jpg\" title=\"\">            <div class=\"box has-hover gallery-box box-overlay dark\">\n              <div class=\"box-image\" >\n                <img loading=\"lazy\" decoding=\"async\" width=\"300\" height=\"300\" src=\"https:\/\/azurefilm.com\/wp-content\/uploads\/7-6-300x300.jpg\" class=\"attachment-medium size-medium\" alt=\"\" ids=\"73837,73867,73855,73849,73861,73843,73873,73879\" srcset=\"https:\/\/azurefilm.com\/wp-content\/uploads\/7-6-300x300.jpg 300w, https:\/\/azurefilm.com\/wp-content\/uploads\/7-6-274x274.jpg 274w, https:\/\/azurefilm.com\/wp-content\/uploads\/7-6-100x100.jpg 100w, https:\/\/azurefilm.com\/wp-content\/uploads\/7-6-510x510.jpg 510w, https:\/\/azurefilm.com\/wp-content\/uploads\/7-6-1024x1024.jpg 1024w, https:\/\/azurefilm.com\/wp-content\/uploads\/7-6-150x150.jpg 150w, https:\/\/azurefilm.com\/wp-content\/uploads\/7-6-768x768.jpg 768w, https:\/\/azurefilm.com\/wp-content\/uploads\/7-6.jpg 1200w\" sizes=\"auto, (max-width: 300px) 100vw, 300px\" title=\"\">                                  <div class=\"overlay fill\"\n                      style=\"background-color: rgba(0,0,0,.15)\">\n                  <\/div>\n                                                              <\/div>\n              <div class=\"box-text text-left\" >\n                 <p><\/p>\n              <\/div>\n            <\/div>\n            <\/a>          <\/div>\n         <\/div><div class=\"gallery-col col\" >\n          <div class=\"col-inner\">\n            <a class=\"image-lightbox lightbox-gallery\" href=\"https:\/\/azurefilm.com\/wp-content\/uploads\/4-10-1024x1024.jpg\" title=\"\">            <div class=\"box has-hover gallery-box box-overlay dark\">\n              <div class=\"box-image\" >\n                <img loading=\"lazy\" decoding=\"async\" width=\"300\" height=\"300\" src=\"https:\/\/azurefilm.com\/wp-content\/uploads\/4-10-300x300.jpg\" class=\"attachment-medium size-medium\" alt=\"\" ids=\"73837,73867,73855,73849,73861,73843,73873,73879\" srcset=\"https:\/\/azurefilm.com\/wp-content\/uploads\/4-10-300x300.jpg 300w, https:\/\/azurefilm.com\/wp-content\/uploads\/4-10-274x274.jpg 274w, https:\/\/azurefilm.com\/wp-content\/uploads\/4-10-100x100.jpg 100w, https:\/\/azurefilm.com\/wp-content\/uploads\/4-10-510x510.jpg 510w, https:\/\/azurefilm.com\/wp-content\/uploads\/4-10-1024x1024.jpg 1024w, https:\/\/azurefilm.com\/wp-content\/uploads\/4-10-150x150.jpg 150w, https:\/\/azurefilm.com\/wp-content\/uploads\/4-10-768x768.jpg 768w, https:\/\/azurefilm.com\/wp-content\/uploads\/4-10.jpg 1200w\" sizes=\"auto, (max-width: 300px) 100vw, 300px\" title=\"\">                                  <div class=\"overlay fill\"\n                      style=\"background-color: rgba(0,0,0,.15)\">\n                  <\/div>\n                                                              <\/div>\n              <div class=\"box-text text-left\" >\n                 <p><\/p>\n              <\/div>\n            <\/div>\n            <\/a>          <\/div>\n         <\/div><div class=\"gallery-col col\" >\n          <div class=\"col-inner\">\n            <a class=\"image-lightbox lightbox-gallery\" href=\"https:\/\/azurefilm.com\/wp-content\/uploads\/9-9-1024x1024.jpg\" title=\"\">            <div class=\"box has-hover gallery-box box-overlay dark\">\n              <div class=\"box-image\" >\n                <img loading=\"lazy\" decoding=\"async\" width=\"300\" height=\"300\" src=\"https:\/\/azurefilm.com\/wp-content\/uploads\/9-9-300x300.jpg\" class=\"attachment-medium size-medium\" alt=\"\" ids=\"73837,73867,73855,73849,73861,73843,73873,73879\" srcset=\"https:\/\/azurefilm.com\/wp-content\/uploads\/9-9-300x300.jpg 300w, https:\/\/azurefilm.com\/wp-content\/uploads\/9-9-274x274.jpg 274w, https:\/\/azurefilm.com\/wp-content\/uploads\/9-9-100x100.jpg 100w, https:\/\/azurefilm.com\/wp-content\/uploads\/9-9-510x510.jpg 510w, https:\/\/azurefilm.com\/wp-content\/uploads\/9-9-1024x1024.jpg 1024w, https:\/\/azurefilm.com\/wp-content\/uploads\/9-9-150x150.jpg 150w, https:\/\/azurefilm.com\/wp-content\/uploads\/9-9-768x768.jpg 768w, https:\/\/azurefilm.com\/wp-content\/uploads\/9-9.jpg 1200w\" sizes=\"auto, (max-width: 300px) 100vw, 300px\" title=\"\">                                  <div class=\"overlay fill\"\n                      style=\"background-color: rgba(0,0,0,.15)\">\n                  <\/div>\n                                                              <\/div>\n              <div class=\"box-text text-left\" >\n                 <p><\/p>\n              <\/div>\n            <\/div>\n            <\/a>          <\/div>\n         <\/div><div class=\"gallery-col col\" >\n          <div class=\"col-inner\">\n            <a class=\"image-lightbox lightbox-gallery\" href=\"https:\/\/azurefilm.com\/wp-content\/uploads\/10-9-1024x1024.jpg\" title=\"\">            <div class=\"box has-hover gallery-box box-overlay dark\">\n              <div class=\"box-image\" >\n                <img loading=\"lazy\" decoding=\"async\" width=\"300\" height=\"300\" src=\"https:\/\/azurefilm.com\/wp-content\/uploads\/10-9-300x300.jpg\" class=\"attachment-medium size-medium\" alt=\"\" ids=\"73837,73867,73855,73849,73861,73843,73873,73879\" srcset=\"https:\/\/azurefilm.com\/wp-content\/uploads\/10-9-300x300.jpg 300w, https:\/\/azurefilm.com\/wp-content\/uploads\/10-9-274x274.jpg 274w, https:\/\/azurefilm.com\/wp-content\/uploads\/10-9-100x100.jpg 100w, https:\/\/azurefilm.com\/wp-content\/uploads\/10-9-510x510.jpg 510w, https:\/\/azurefilm.com\/wp-content\/uploads\/10-9-1024x1024.jpg 1024w, https:\/\/azurefilm.com\/wp-content\/uploads\/10-9-150x150.jpg 150w, https:\/\/azurefilm.com\/wp-content\/uploads\/10-9-768x768.jpg 768w, https:\/\/azurefilm.com\/wp-content\/uploads\/10-9.jpg 1200w\" sizes=\"auto, (max-width: 300px) 100vw, 300px\" title=\"\">                                  <div class=\"overlay fill\"\n                      style=\"background-color: rgba(0,0,0,.15)\">\n                  <\/div>\n                                                              <\/div>\n              <div class=\"box-text text-left\" >\n                 <p><\/p>\n              <\/div>\n            <\/div>\n            <\/a>          <\/div>\n         <\/div><\/div>\n\t\t<\/div>\n\n\t\t\n<style>\n#section_2121859166 {\n  padding-top: 0px;\n  padding-bottom: 0px;\n}\n#section_2121859166 .section-bg-overlay {\n  background-color: rgba(255, 255, 255, 0.85);\n}\n<\/style>\n\t<\/section>\n\t\n","protected":false},"excerpt":{"rendered":"<p><span style=\"font-weight: 400;\">Az egyetlen ors\u00f3, amire valaha is sz\u00fcks\u00e9ge lesz! Az AzureFilm Master Spool az \u00fajrafelhaszn\u00e1lhat\u00f3 ors\u00f3nk, amellyel cs\u00f6kkentheti a hullad\u00e9k mennyis\u00e9g\u00e9t, \u00e9s hozz\u00e1j\u00e1rulhat a fenntarthat\u00f3 3D nyomtat\u00e1shoz. Az ors\u00f3 k\u00e9t \u00fajrafelhaszn\u00e1lhat\u00f3 korongb\u00f3l \u00e1ll\u00f3 k\u00e9szlet, amelyet kifejezetten a mi <a href=\"https:\/\/azurefilm.com\/3d-filaments\/refill-filaments\/\" target=\"_blank\" rel=\"noopener\"><strong>Ut\u00e1nt\u00f6lt\u0151 filamentek<\/strong><\/a>.<\/span><\/p>\n<p>A csomag 5 dobozt tartalmaz. Minden dobozban 2 master ors\u00f3 tal\u00e1lhat\u00f3.<\/p>\n","protected":false},"featured_media":104586,"comment_status":"closed","ping_status":"closed","template":"","meta":{"_acf_changed":false},"product_brand":[],"product_cat":[1686,2312,1688,2209],"product_tag":[],"brand":[],"class_list":{"0":"post-104580","1":"product","2":"type-product","3":"status-publish","4":"has-post-thumbnail","6":"product_cat-3d-filmek","7":"product_cat-azurefilm-mester-orso","8":"product_cat-minden-film","9":"product_cat-refill-szalak","11":"first","12":"instock","13":"taxable","14":"shipping-taxable","15":"purchasable","16":"product-type-simple"},"acf":[],"_links":{"self":[{"href":"https:\/\/azurefilm.com\/hu\/wp-json\/wp\/v2\/product\/104580","targetHints":{"allow":["GET"]}}],"collection":[{"href":"https:\/\/azurefilm.com\/hu\/wp-json\/wp\/v2\/product"}],"about":[{"href":"https:\/\/azurefilm.com\/hu\/wp-json\/wp\/v2\/types\/product"}],"replies":[{"embeddable":true,"href":"https:\/\/azurefilm.com\/hu\/wp-json\/wp\/v2\/comments?post=104580"}],"wp:featuredmedia":[{"embeddable":true,"href":"https:\/\/azurefilm.com\/hu\/wp-json\/wp\/v2\/media\/104586"}],"wp:attachment":[{"href":"https:\/\/azurefilm.com\/hu\/wp-json\/wp\/v2\/media?parent=104580"}],"wp:term":[{"taxonomy":"product_brand","embeddable":true,"href":"https:\/\/azurefilm.com\/hu\/wp-json\/wp\/v2\/product_brand?post=104580"},{"taxonomy":"product_cat","embeddable":true,"href":"https:\/\/azurefilm.com\/hu\/wp-json\/wp\/v2\/product_cat?post=104580"},{"taxonomy":"product_tag","embeddable":true,"href":"https:\/\/azurefilm.com\/hu\/wp-json\/wp\/v2\/product_tag?post=104580"},{"taxonomy":"brand","embeddable":true,"href":"https:\/\/azurefilm.com\/hu\/wp-json\/wp\/v2\/brand?post=104580"}],"curies":[{"name":"wp","href":"https:\/\/api.w.org\/{rel}","templated":true}]}}