
{"id":104682,"date":"2026-01-08T08:59:37","date_gmt":"2026-01-08T08:59:37","guid":{"rendered":"https:\/\/azurefilm.com\/?post_type=product&#038;p=104682"},"modified":"2026-03-13T01:06:01","modified_gmt":"2026-03-13T01:06:01","slug":"bambu-lab-h2c-combo-pro-pack","status":"publish","type":"product","link":"https:\/\/azurefilm.com\/hu\/termek\/bambu-lab-h2c-combo-pro-pack\/","title":{"rendered":"Bambu Lab H2C Combo BUNDLE"},"content":{"rendered":"<h2><b>Bambu Lab H2C Combo \u2013 Multi-anyag 3D nyomtat\u00e1s k\u00f6vetkez\u0151 szinten<\/b><\/h2>\n<p><span style=\"font-weight: 400;\">A Bambu Lab H2C Combo tov\u00e1bb fejleszti mindazt, amit a k\u00e9sz\u00edt\u0151k az H-sorozatban szeretnek \u2014 <\/span><b>fejlett multi-anyag \u00e9s multi-sz\u00edn nyomtat\u00e1s, prec\u00edz teljes\u00edtm\u00e9ny \u00e9s intelligens automatiz\u00e1ci\u00f3<\/b><span style=\"font-weight: 400;\"> a professzion\u00e1lis 3D nyomtat\u00e1shoz. A <\/span><b>Vortek Hotend Change System<\/b><span style=\"font-weight: 400;\"> seg\u00edts\u00e9g\u00e9vel az H2C tiszt\u00e1bb, hat\u00e9konyabb multi-sz\u00edn\u0171 nyomatokat biztos\u00edt minim\u00e1lis hullad\u00e9kkal \u00e9s p\u00e1ratlan munkafolyamat rugalmass\u00e1ggal.<\/span><\/p>\n<h3><b>Vortek\u2122 Hotend Change System \u2013 \u00daj szabv\u00e1ny a multi-anyag nyomtat\u00e1sban<\/b><\/h3>\n<p><span style=\"font-weight: 400;\">A <\/span><b>Bambu Lab H2C Combo<\/b><span style=\"font-weight: 400;\"> sz\u00edv\u00e9ben a <\/span><b>Vortek\u2122 Hotend Change System<\/b><span style=\"font-weight: 400;\"> tal\u00e1lhat\u00f3, amely teljesen \u00faj megk\u00f6zel\u00edt\u00e9st k\u00edn\u00e1l a multi-anyag \u00e9s multi-sz\u00edn nyomtat\u00e1sban. Ahelyett, hogy a filamentet egyetlen f\u00fav\u00f3k\u00e1n kereszt\u00fcl nyomtatn\u00e1, az H2C <\/span><b>fizikailag cser\u00e9li az eg\u00e9sz hotendet<\/b><span style=\"font-weight: 400;\"> \u2014 gyorsabban, tiszt\u00e1bban \u00e9s sokkal hat\u00e9konyabban.<\/span><\/p>\n<ul>\n<li style=\"font-weight: 400;\" aria-level=\"1\"><span style=\"font-weight: 400;\">Ak\u00e1r <\/span><b>7 hotend<\/b><span style=\"font-weight: 400;\"> (1 fix + ak\u00e1r 6 cser\u00e9lhet\u0151) a kompromisszumok n\u00e9lk\u00fcli multi-anyag nyomtat\u00e1s\u00e9rt.<\/span><\/li>\n<li style=\"font-weight: 400;\" aria-level=\"1\"><b>Indukci\u00f3val f\u0171t\u00f6tt hotendek<\/b><span style=\"font-weight: 400;\"> ultra gyors felmeleged\u00e9st, prec\u00edz h\u0151m\u00e9rs\u00e9klet-szab\u00e1lyoz\u00e1st \u00e9s \u00e9rint\u00e9smentes energia\u00e1tvitelt biztos\u00edtanak.<\/span><\/li>\n<li style=\"font-weight: 400;\" aria-level=\"1\"><b>Gyakorlatilag nulla hullad\u00e9k filament<\/b><span style=\"font-weight: 400;\"> a hagyom\u00e1nyos multi-anyag rendszerekhez k\u00e9pest.<\/span><\/li>\n<li style=\"font-weight: 400;\" aria-level=\"1\"><b>Azonnali hotend csere<\/b><span style=\"font-weight: 400;\"> meg\u0151rzi a nyomtat\u00e1s min\u0151s\u00e9g\u00e9t \u00e9s cs\u00f6kkenti az anyagok k\u00f6zti \u00e1ll\u00e1sid\u0151t.<\/span><\/li>\n<\/ul>\n<p><span style=\"font-weight: 400;\">Minden hotend <\/span><b>f\u00fcggetlen\u00fcl kalibr\u00e1lt \u00e9s automatikusan igaz\u00edtott<\/b><span style=\"font-weight: 400;\">, \u00edgy a printer anyagcser\u00e9je nem befoly\u00e1solja a pontoss\u00e1got, a fel\u00fcletmin\u0151s\u00e9get vagy a m\u00e9retpontoss\u00e1got. Az H2C ide\u00e1lis \u00f6sszetett nyomatokhoz, amelyek <\/span><b>merev \u00e9s rugalmas anyagokat, t\u00e1maszt\u00f3 filamenteket vagy m\u0171szaki m\u0171anyagokat<\/b><span style=\"font-weight: 400;\"> kombin\u00e1lnak.<\/span><\/p>\n<p><span style=\"font-weight: 400;\">A Vortek nem csup\u00e1n egy friss\u00edt\u00e9s \u2013 alapvet\u0151 v\u00e1ltoz\u00e1st jelent a multi-anyag nyomtat\u00e1sban.<\/span><\/p>\n<h3><b>Gyors, pontos \u00e9s anyagkompatibilis<\/b><\/h3>\n<p><span style=\"font-weight: 400;\">A nagy merevs\u00e9g\u0171 <\/span><b>CoreXY fel\u00e9p\u00edt\u00e9s<\/b><span style=\"font-weight: 400;\"> \u00e9s a <\/span><b>szervo vez\u00e9relt extruder<\/b><span style=\"font-weight: 400;\"> sebess\u00e9get biztos\u00edt a pontoss\u00e1g fel\u00e1ldoz\u00e1sa n\u00e9lk\u00fcl.<\/span><\/p>\n<ul>\n<li style=\"font-weight: 400;\" aria-level=\"1\"><span style=\"font-weight: 400;\">Nyomtat\u00e1si sebess\u00e9g ak\u00e1r ~<\/span><b>1.000\u202fmm\/s<\/b><span style=\"font-weight: 400;\">, gyorsul\u00e1s ak\u00e1r <\/span><b>20.000\u202fmm\/s\u00b2<\/b><\/li>\n<li style=\"font-weight: 400;\" aria-level=\"1\"><b>Akt\u00edvan f\u0171t\u00f6tt kamra (~65\u202f\u00b0C)<\/b><span style=\"font-weight: 400;\"> \u00e9s max. hotend h\u0151m\u00e9rs\u00e9klet 350\u202f\u00b0C a m\u0171szaki anyagokhoz<\/span><\/li>\n<li style=\"font-weight: 400;\" aria-level=\"1\"><span style=\"font-weight: 400;\">Fejlett anyagkompatibilit\u00e1s \u2014 <\/span><b>PLA\/PETG-t\u0151l a kompozitokig \u00e9s m\u0171szaki polimerekig<\/b><\/li>\n<\/ul>\n<h3><b>Z\u00f6kken\u0151mentes workflow \u00e9s b\u0151v\u00edthet\u0151s\u00e9g<\/b><\/h3>\n<p><span style=\"font-weight: 400;\">A \u201cCombo\u201d csomag tartalmazza az <\/span><b>AMS 2 Pro-t<\/b><span style=\"font-weight: 400;\">, az automatiz\u00e1lt anyagkezel\u00e9shez, amely hossz\u00fa multi-anyag nyomtat\u00e1sokat tesz lehet\u0151v\u00e9 filament sz\u00e1r\u00edt\u00e1ssal. A rendszer b\u0151v\u00edthet\u0151 ak\u00e1r <\/span><b>24 filamentre<\/b><span style=\"font-weight: 400;\">, tov\u00e1bbi AMS egys\u00e9gek hozz\u00e1ad\u00e1s\u00e1val*.<\/span><\/p>\n<p><span style=\"font-weight: 400;\">*A l\u00e9zermodul \u00e9s v\u00e1g\u00f3 kieg\u00e9sz\u00edt\u0151k opcion\u00e1lisak, nem r\u00e9szei ennek a nem-l\u00e9zeres csomagnak.<\/span><\/p>\n<h2><b>M\u0171szaki adatok<\/b><\/h2>\n<ul>\n<li style=\"font-weight: 400;\" aria-level=\"1\"><span style=\"font-weight: 400;\">Nyomtat\u00e1si technol\u00f3gia: FDM (Fused Deposition Modeling)<\/span><\/li>\n<li style=\"font-weight: 400;\" aria-level=\"1\"><span style=\"font-weight: 400;\">Hotend rendszer: Vortek\u2122 Hotend Change System (ak\u00e1r 7 hotend: 1 fix + ak\u00e1r 6 cser\u00e9lhet\u0151)<\/span><\/li>\n<li style=\"font-weight: 400;\" aria-level=\"1\"><span style=\"font-weight: 400;\">Nyomtat\u00e1si t\u00e9rfogat:<\/span><span style=\"font-weight: 400;\"><br \/>\n<\/span><span style=\"font-weight: 400;\"> \u2013 Egy hotend: 325\u00d7320\u00d7325 mm<\/span><span style=\"font-weight: 400;\"><br \/>\n<\/span><span style=\"font-weight: 400;\"> \u2013 K\u00e9t hotend: 300\u00d7320\u00d7325 mm<\/span><span style=\"font-weight: 400;\"><br \/>\n<\/span><span style=\"font-weight: 400;\"> \u2013 Kombin\u00e1lt m\u00f3d: 330\u00d7320\u00d7325 mm<\/span><\/li>\n<li style=\"font-weight: 400;\" aria-level=\"1\"><span style=\"font-weight: 400;\">F\u00fav\u00f3ka \u00e1tm\u00e9r\u0151: 0,2 \/ 0,4 \/ 0,6 \/ 0,8 mm<\/span><\/li>\n<li style=\"font-weight: 400;\" aria-level=\"1\"><span style=\"font-weight: 400;\">Max f\u00fav\u00f3ka h\u0151m\u00e9rs\u00e9klet: 350\u202f\u00b0C<\/span><\/li>\n<li style=\"font-weight: 400;\" aria-level=\"1\"><span style=\"font-weight: 400;\">Max f\u0171t\u00f6tt \u00e1gy h\u0151m\u00e9rs\u00e9klet: 120\u202f\u00b0C<\/span><\/li>\n<li style=\"font-weight: 400;\" aria-level=\"1\"><span style=\"font-weight: 400;\">Kamra: teljesen z\u00e1rt, akt\u00edvan f\u0171t\u00f6tt (~65\u202f\u00b0C)<\/span><\/li>\n<li style=\"font-weight: 400;\" aria-level=\"1\"><span style=\"font-weight: 400;\">Filament \u00e1tm\u00e9r\u0151: 1,75 mm<\/span><\/li>\n<li style=\"font-weight: 400;\" aria-level=\"1\"><span style=\"font-weight: 400;\">Max nyomtat\u00e1si sebess\u00e9g: ak\u00e1r 1.000 mm\/s<\/span><\/li>\n<li style=\"font-weight: 400;\" aria-level=\"1\"><span style=\"font-weight: 400;\">Max gyorsul\u00e1s: ak\u00e1r 20.000 mm\/s\u00b2<\/span><\/li>\n<li style=\"font-weight: 400;\" aria-level=\"1\"><span style=\"font-weight: 400;\">Anyagkompatibilit\u00e1s: PLA, PETG, ABS, ASA, TPU, PA, PC, kompozitok \u00e9s m\u0171szaki filamentek<\/span><\/li>\n<li style=\"font-weight: 400;\" aria-level=\"1\"><span style=\"font-weight: 400;\">Extruder rendszer: Direct drive, szervo vez\u00e9rl\u00e9s\u0171<\/span><\/li>\n<li style=\"font-weight: 400;\" aria-level=\"1\"><span style=\"font-weight: 400;\">Anyagkezel\u00e9s: AMS 2 Pro tartalmazza (sz\u00e1r\u00edt\u00e1s \u00e9s automatikus filament csere)<\/span><\/li>\n<li style=\"font-weight: 400;\" aria-level=\"1\"><span style=\"font-weight: 400;\">AMS b\u0151v\u00edthet\u0151s\u00e9g: ak\u00e1r 24 filament (tov\u00e1bbi AMS egys\u00e9gekkel)<\/span><\/li>\n<li style=\"font-weight: 400;\" aria-level=\"1\"><span style=\"font-weight: 400;\">Kapcsol\u00f3d\u00e1s: Wi-Fi, LAN, USB<\/span><\/li>\n<li style=\"font-weight: 400;\" aria-level=\"1\"><span style=\"font-weight: 400;\">Kijelz\u0151: touchscreen<\/span><\/li>\n<li style=\"font-weight: 400;\" aria-level=\"1\"><span style=\"font-weight: 400;\">Keretszerkezet: nagy merevs\u00e9g\u0171 CoreXY<\/span><\/li>\n<li style=\"font-weight: 400;\" aria-level=\"1\"><span style=\"font-weight: 400;\">G\u00e9p m\u00e9retei: kb. 492 \u00d7 514 \u00d7 626 mm<\/span><\/li>\n<li style=\"font-weight: 400;\" aria-level=\"1\"><span style=\"font-weight: 400;\">S\u00faly: kb. 32,5 kg<\/span><\/li>\n<li style=\"font-weight: 400;\" aria-level=\"1\"><span style=\"font-weight: 400;\">L\u00e9zer modul: nem tartalmazza<\/span><\/li>\n<\/ul>\n","protected":false},"excerpt":{"rendered":"<p><span style=\"font-weight: 400;\">Bambu Lab H2C Combo 4 kilogramm AzureFilm Refill filamenttel \u00e9s Master Spool 4-pack csomaggal kombin\u00e1lva.<\/span><\/p>\n<p><span style=\"color: #ed1c24;\"><b>Fontos: a 10W Laser \u00e9s Cutting Module opcion\u00e1lis. Az \u00e1ltalunk k\u00edn\u00e1lt H2C nem tartalmazza a lasert.<\/b><\/span><\/p>\n","protected":false},"featured_media":104733,"comment_status":"closed","ping_status":"closed","template":"","meta":{"_acf_changed":false},"product_brand":[],"product_cat":[1677,1681,1679,1678,1680,2250],"product_tag":[],"brand":[1676],"class_list":{"0":"post-104682","1":"product","2":"type-product","3":"status-publish","4":"has-post-thumbnail","6":"product_cat-3d-nyomtato","7":"product_cat-bambu-lab-hu","8":"product_cat-elado","9":"product_cat-fdm-nyomtato","10":"product_cat-minden-3d-nyomtato","11":"product_cat-special-packs-hu","12":"brand-bambu-lab-hu","14":"first","15":"instock","16":"sale","17":"taxable","18":"shipping-taxable","19":"purchasable","20":"product-type-variable"},"acf":[],"_links":{"self":[{"href":"https:\/\/azurefilm.com\/hu\/wp-json\/wp\/v2\/product\/104682","targetHints":{"allow":["GET"]}}],"collection":[{"href":"https:\/\/azurefilm.com\/hu\/wp-json\/wp\/v2\/product"}],"about":[{"href":"https:\/\/azurefilm.com\/hu\/wp-json\/wp\/v2\/types\/product"}],"replies":[{"embeddable":true,"href":"https:\/\/azurefilm.com\/hu\/wp-json\/wp\/v2\/comments?post=104682"}],"wp:featuredmedia":[{"embeddable":true,"href":"https:\/\/azurefilm.com\/hu\/wp-json\/wp\/v2\/media\/104733"}],"wp:attachment":[{"href":"https:\/\/azurefilm.com\/hu\/wp-json\/wp\/v2\/media?parent=104682"}],"wp:term":[{"taxonomy":"product_brand","embeddable":true,"href":"https:\/\/azurefilm.com\/hu\/wp-json\/wp\/v2\/product_brand?post=104682"},{"taxonomy":"product_cat","embeddable":true,"href":"https:\/\/azurefilm.com\/hu\/wp-json\/wp\/v2\/product_cat?post=104682"},{"taxonomy":"product_tag","embeddable":true,"href":"https:\/\/azurefilm.com\/hu\/wp-json\/wp\/v2\/product_tag?post=104682"},{"taxonomy":"brand","embeddable":true,"href":"https:\/\/azurefilm.com\/hu\/wp-json\/wp\/v2\/brand?post=104682"}],"curies":[{"name":"wp","href":"https:\/\/api.w.org\/{rel}","templated":true}]}}