
{"id":104847,"date":"2026-01-09T06:06:06","date_gmt":"2026-01-09T06:06:06","guid":{"rendered":"https:\/\/azurefilm.com\/?post_type=product&#038;p=104847"},"modified":"2026-01-09T06:03:53","modified_gmt":"2026-01-09T06:03:53","slug":"anycubic-kobra-s1-combo","status":"publish","type":"product","link":"https:\/\/azurefilm.com\/hu\/termek\/anycubic-kobra-s1-combo\/","title":{"rendered":"Anycubic Kobra S1 Combo"},"content":{"rendered":"<h2><b>Anycubic Kobra S1 Combo \u2013 nagysebess\u00e9g\u0171, t\u00f6bb sz\u00edn\u0171 3D nyomtat\u00e1s<\/b><\/h2>\n<p><span style=\"font-weight: 400;\">Az Anycubic Kobra S1 Combo egy <\/span><b>gyors, sokoldal\u00fa \u00e9s funkci\u00f3gazdag 3D nyomtat\u00f3<\/b><span style=\"font-weight: 400;\">, amely olyan alkot\u00f3knak k\u00e9sz\u00fclt, akik <\/span><b>dinamikus t\u00f6bb sz\u00edn\u0171 modelleket, fejlett automatiz\u00e1l\u00e1st \u00e9s megb\u00edzhat\u00f3 teljes\u00edtm\u00e9nyt<\/b><span style=\"font-weight: 400;\"> szeretn\u00e9nek az els\u0151 bekapcsol\u00e1st\u00f3l kezdve. A <\/span><b>z\u00e1rt CoreXY keret<\/b><span style=\"font-weight: 400;\">, a nagysebess\u00e9g\u0171 mozg\u00e1srendszer \u00e9s az <\/span><b>ACE Pro multi-filament system<\/b><span style=\"font-weight: 400;\"> kombin\u00e1ci\u00f3ja lehet\u0151v\u00e9 teszi <\/span><b>\u00e9l\u00e9nk, \u00f6sszetett modellek k\u00e9sz\u00edt\u00e9s\u00e9t okos vez\u00e9rl\u00e9ssel \u00e9s professzion\u00e1lis workflow-val<\/b><span style=\"font-weight: 400;\">.<\/span><\/p>\n<h3><b>Gyors, stabil, t\u00f6bb sz\u00edn\u0171 nyomtat\u00e1s<\/b><\/h3>\n<p><span style=\"font-weight: 400;\">A Kobra S1 Combo t\u00e1mogatja a <\/span><b>4- vagy 8-sz\u00ednes nyomtat\u00e1st<\/b><span style=\"font-weight: 400;\"> az <\/span><b>ACE Pro multi-filament system-mel<\/b><span style=\"font-weight: 400;\">, lehet\u0151v\u00e9 t\u00e9ve felt\u0171n\u0151, t\u00f6bb sz\u00edn\u0171 modellek k\u00e9sz\u00edt\u00e9s\u00e9t manu\u00e1lis filamentcser\u00e9k n\u00e9lk\u00fcl. A <\/span><b>teljesen z\u00e1rt CoreXY szerkezet<\/b><span style=\"font-weight: 400;\"> stabilit\u00e1st \u00e9s precizit\u00e1st biztos\u00edt nagy sebess\u00e9gn\u00e9l is.<\/span><\/p>\n<ul>\n<li style=\"font-weight: 400;\" aria-level=\"1\"><span style=\"font-weight: 400;\">CoreXY mozg\u00e1srendszer stabil, nagysebess\u00e9g\u0171 teljes\u00edtm\u00e9nyhez<\/span><\/li>\n<li style=\"font-weight: 400;\" aria-level=\"1\"><span style=\"font-weight: 400;\">T\u00e1mogatja a 4- vagy 8-sz\u00edn\u0171 multi-filament nyomtat\u00e1st (megfelel\u0151 filament hubokkal)<\/span><\/li>\n<li style=\"font-weight: 400;\" aria-level=\"1\"><span style=\"font-weight: 400;\">4,3\u2033 kapacit\u00edv \u00e9rint\u0151k\u00e9perny\u0151 egyszer\u0171 helyi vez\u00e9rl\u00e9shez<\/span><\/li>\n<li style=\"font-weight: 400;\" aria-level=\"1\"><span style=\"font-weight: 400;\">HD vide\u00f3megfigyel\u00e9s a nyomtat\u00e1s val\u00f3s idej\u0171 k\u00f6vet\u00e9s\u00e9hez<\/span><\/li>\n<li style=\"font-weight: 400;\" aria-level=\"1\"><span style=\"font-weight: 400;\">Csendes m\u0171k\u00f6d\u00e9s: 44\u201346\u202fdB Quiet m\u00f3dban<\/span><\/li>\n<li style=\"font-weight: 400;\" aria-level=\"1\"><span style=\"font-weight: 400;\">T\u00e1voli vez\u00e9rl\u00e9s &amp; Anycubic App a nyomtat\u00e1s fel\u00fcgyelet\u00e9hez \u00e9s ir\u00e1ny\u00edt\u00e1s\u00e1hoz<\/span><\/li>\n<\/ul>\n<h3><b>Intelligens automatiz\u00e1l\u00e1s \u00e9s biztons\u00e1g<\/b><\/h3>\n<p><span style=\"font-weight: 400;\">A Kobra S1 Combo intelligens funkci\u00f3kat k\u00edn\u00e1l, amelyek jellemz\u0151en magasabb kateg\u00f3ri\u00e1s g\u00e9peken tal\u00e1lhat\u00f3k \u2013 cs\u00f6kkenti a kalibr\u00e1ci\u00f3s probl\u00e9m\u00e1kat \u00e9s sima nyomtat\u00e1st biztos\u00edt.<\/span><\/p>\n<ul>\n<li style=\"font-weight: 400;\" aria-level=\"1\"><span style=\"font-weight: 400;\">LeviQ 3.0 automatikus szintez\u00e9s + Z-offset t\u00e1mogat\u00e1s<\/span><\/li>\n<li style=\"font-weight: 400;\" aria-level=\"1\"><span style=\"font-weight: 400;\">\u00c1ramkimarad\u00e1s ut\u00e1ni nyomtat\u00e1s folytat\u00e1sa<\/span><\/li>\n<li style=\"font-weight: 400;\" aria-level=\"1\"><span style=\"font-weight: 400;\">Filament \u00e9rz\u00e9kel\u00e9s &amp; automatikus folytat\u00e1s dugul\u00e1s eset\u00e9n<\/span><\/li>\n<li style=\"font-weight: 400;\" aria-level=\"1\"><span style=\"font-weight: 400;\">AI spaghetti detection (hiba\/nyomtat\u00e1s megszakad\u00e1s jelz\u00e9s)<\/span><\/li>\n<li style=\"font-weight: 400;\" aria-level=\"1\"><span style=\"font-weight: 400;\">Object-skip &amp; area leveling t\u00e1mogat\u00e1s<\/span><\/li>\n<li style=\"font-weight: 400;\" aria-level=\"1\"><span style=\"font-weight: 400;\">Akt\u00edv sz\u00e9nsz\u0171r\u0151 a szagcs\u00f6kkent\u00e9shez \u00e9s tiszt\u00e1bb munkak\u00f6rnyezethez<\/span><\/li>\n<\/ul>\n<h3><b>Anyagok, sebess\u00e9g \u00e9s precizit\u00e1s<\/b><\/h3>\n<p><span style=\"font-weight: 400;\">Sz\u00e9lesk\u00f6r\u0171, \u00e1ltal\u00e1nos anyagok kezel\u00e9s\u00e9re tervezve, a Kobra S1 Combo gyors \u00e9s prec\u00edz nyomtat\u00e1st biztos\u00edt, ide\u00e1lis <\/span><b>kreat\u00edv \u00e9s funkcion\u00e1lis nyomatokhoz<\/b><span style=\"font-weight: 400;\">.<\/span><\/p>\n<h2><b>M\u0171szaki adatok\u00a0<\/b><\/h2>\n<p><span style=\"font-weight: 400;\">Nyomtat\u00e1si technol\u00f3gia: FDM (Fused Deposition Modeling)<\/span><span style=\"font-weight: 400;\"><br \/>\n<\/span><span style=\"font-weight: 400;\">Hotend rendszer: Quick-release all-metal hotend<\/span><span style=\"font-weight: 400;\"><br \/>\n<\/span><span style=\"font-weight: 400;\">Nyomtat\u00e1si t\u00e9rfogat (Build Volume): 250 \u00d7 250 \u00d7 250\u202fmm<\/span><span style=\"font-weight: 400;\"><br \/>\n<\/span><span style=\"font-weight: 400;\">F\u00fav\u00f3ka \u00e1tm\u00e9r\u0151: 0,4\u202fmm (t\u00e1mogatja 0,2 \/ 0,6 \/ 0,8\u202fmm)<\/span><span style=\"font-weight: 400;\"><br \/>\n<\/span><span style=\"font-weight: 400;\">Max. f\u00fav\u00f3ka h\u0151m\u00e9rs\u00e9klet: 320\u202f\u00b0C<\/span><span style=\"font-weight: 400;\"><br \/>\n<\/span><span style=\"font-weight: 400;\">Max. f\u0171t\u00f6tt \u00e1gy h\u0151m\u00e9rs\u00e9klet: 120\u202f\u00b0C<\/span><span style=\"font-weight: 400;\"><br \/>\n<\/span><span style=\"font-weight: 400;\">Extruder: Direct drive, dupla fogasker\u00e9k, r\u00f6vid \u00e1tt\u00e9tel<\/span><span style=\"font-weight: 400;\"><br \/>\n<\/span><span style=\"font-weight: 400;\">Kamra: Z\u00e1rt CoreXY keret<\/span><span style=\"font-weight: 400;\"><br \/>\n<\/span><span style=\"font-weight: 400;\">Filament \u00e1tm\u00e9r\u0151: 1,75\u202fmm<\/span><span style=\"font-weight: 400;\"><br \/>\n<\/span><span style=\"font-weight: 400;\">Max. nyomtat\u00e1si sebess\u00e9g: ak\u00e1r 600\u202fmm\/s<\/span><span style=\"font-weight: 400;\"><br \/>\n<\/span><span style=\"font-weight: 400;\">Max. gyorsul\u00e1s: ak\u00e1r 20.000\u202fmm\/s\u00b2<\/span><span style=\"font-weight: 400;\"><br \/>\n<\/span><span style=\"font-weight: 400;\">Anyag kompatibilit\u00e1s: PLA, PETG, TPU, ABS, ASA<\/span><span style=\"font-weight: 400;\"><br \/>\n<\/span><span style=\"font-weight: 400;\">Firmware: Kobra OS<\/span><span style=\"font-weight: 400;\"><br \/>\n<\/span><span style=\"font-weight: 400;\">Auto-Leveling: LeviQ 3.0 + Z-offset t\u00e1mogat\u00e1s<\/span><span style=\"font-weight: 400;\"><br \/>\n<\/span><span style=\"font-weight: 400;\">Szenzorok: filament \u00e9rz\u00e9kel\u00e9s, dugul\u00e1s \u00e9rz\u00e9kel\u00e9s, AI spaghetti detection<\/span><span style=\"font-weight: 400;\"><br \/>\n<\/span><span style=\"font-weight: 400;\">Nyomtat\u00e1s folytat\u00e1sa \u00e1ramkimarad\u00e1s ut\u00e1n: igen<\/span><span style=\"font-weight: 400;\"><br \/>\n<\/span><span style=\"font-weight: 400;\">\u00c9rint\u0151k\u00e9perny\u0151: 4,3\u2033 kapacit\u00edv<\/span><span style=\"font-weight: 400;\"><br \/>\n<\/span><span style=\"font-weight: 400;\">Zajszint: 44\u201346\u202fdB<\/span><span style=\"font-weight: 400;\"><br \/>\n<\/span><span style=\"font-weight: 400;\">Vide\u00f3 megfigyel\u00e9s: HD kamera (480P)<\/span><span style=\"font-weight: 400;\"><br \/>\n<\/span><span style=\"font-weight: 400;\">L\u00e9gsz\u0171r\u00e9s: Akt\u00edv sz\u00e9nsz\u0171r\u0151<\/span><span style=\"font-weight: 400;\"><br \/>\n<\/span><span style=\"font-weight: 400;\">Csatlakoztathat\u00f3s\u00e1g: Printer UI, USB, Anycubic App (t\u00e1voli vez\u00e9rl\u00e9s &amp; monitoroz\u00e1s)<\/span><span style=\"font-weight: 400;\"><br \/>\n<\/span><span style=\"font-weight: 400;\">G\u00e9p s\u00falya: ~18\u202fkg (nyomtat\u00f3), ~4,6\u202fkg (ACE Pro modul)<\/span><span style=\"font-weight: 400;\"><br \/>\n<\/span><span style=\"font-weight: 400;\">G\u00e9p m\u00e9retei: Nyomtat\u00f3: 400 \u00d7 410 \u00d7 490\u202fmm; ACE Pro: 365,94 \u00d7 282,84 \u00d7 234,5\u202fmm<\/span><span style=\"font-weight: 400;\"><br \/>\n<\/span><span style=\"font-weight: 400;\">Csomag s\u00falya: ~25,9\u202fkg<\/span><\/p>\n","protected":false},"excerpt":{"rendered":"<p><span style=\"font-weight: 400;\">Az Anycubic Kobra S1 Combo lehet\u0151v\u00e9 teszi a gyors \u00e9s prec\u00edz, t\u00f6bb sz\u00edn\u0171 3D nyomtat\u00e1st a <\/span><b>250\u00d7250\u00d7250\u202fmm <\/b><span style=\"font-weight: 400;\">nyomtat\u00e1si t\u00e9rfogattal, CoreXY mozg\u00e1srendszerrel \u00e9s nagysebess\u00e9g\u0171 extrud\u00e1l\u00e1ssal.<\/span><\/p>\n<p><span style=\"font-weight: 400;\">Az <\/span><b>ACE Pro <\/b><span style=\"font-weight: 400;\">multi-filament system t\u00e1mogat\u00e1s\u00e1val<\/span><b> 4\u20138 sz\u00ednhez<\/b><span style=\"font-weight: 400;\">, 4,3\u2033 \u00e9rint\u0151k\u00e9perny\u0151vel, valamint intelligens funkci\u00f3kkal, mint a <\/span><b>LeviQ 3.0 <\/b><span style=\"font-weight: 400;\">automatikus szintez\u00e9s, filament \u00e9rz\u00e9kel\u00e9s \u00e9s \u00e1ramkimarad\u00e1s ut\u00e1ni folytat\u00e1s, megb\u00edzhat\u00f3, \u00e9l\u00e9nk \u00e9s professzion\u00e1lis min\u0151s\u00e9g\u0171 nyomatokat biztos\u00edt.<\/span><\/p>\n<p><span style=\"font-weight: 400;\">A z\u00e1rt keret, akt\u00edv sz\u00e9nsz\u0171r\u0151 \u00e9s csendes m\u0171k\u00f6d\u00e9s (44\u201346\u202fdB) tiszta, biztons\u00e1gos \u00e9s hat\u00e9kony munkak\u00f6rnyezetet teremt. Kompatibilis PLA, PETG, TPU, ABS, ASA anyagokkal, a Kobra S1 Combo azoknak k\u00e9sz\u00fclt, akik sebess\u00e9get, precizit\u00e1st \u00e9s sokoldal\u00fas\u00e1got v\u00e1rnak minden nyomatt\u00f3l.<\/span><\/p>\n","protected":false},"featured_media":104815,"comment_status":"closed","ping_status":"closed","template":"","meta":{"_acf_changed":false},"product_brand":[],"product_cat":[1677,2266,1679,1678,1680],"product_tag":[],"brand":[],"class_list":{"0":"post-104847","1":"product","2":"type-product","3":"status-publish","4":"has-post-thumbnail","6":"product_cat-3d-nyomtato","7":"product_cat-anycubic-hu","8":"product_cat-elado","9":"product_cat-fdm-nyomtato","10":"product_cat-minden-3d-nyomtato","12":"first","13":"outofstock","14":"sale","15":"taxable","16":"shipping-taxable","17":"purchasable","18":"product-type-simple"},"acf":[],"_links":{"self":[{"href":"https:\/\/azurefilm.com\/hu\/wp-json\/wp\/v2\/product\/104847","targetHints":{"allow":["GET"]}}],"collection":[{"href":"https:\/\/azurefilm.com\/hu\/wp-json\/wp\/v2\/product"}],"about":[{"href":"https:\/\/azurefilm.com\/hu\/wp-json\/wp\/v2\/types\/product"}],"replies":[{"embeddable":true,"href":"https:\/\/azurefilm.com\/hu\/wp-json\/wp\/v2\/comments?post=104847"}],"wp:featuredmedia":[{"embeddable":true,"href":"https:\/\/azurefilm.com\/hu\/wp-json\/wp\/v2\/media\/104815"}],"wp:attachment":[{"href":"https:\/\/azurefilm.com\/hu\/wp-json\/wp\/v2\/media?parent=104847"}],"wp:term":[{"taxonomy":"product_brand","embeddable":true,"href":"https:\/\/azurefilm.com\/hu\/wp-json\/wp\/v2\/product_brand?post=104847"},{"taxonomy":"product_cat","embeddable":true,"href":"https:\/\/azurefilm.com\/hu\/wp-json\/wp\/v2\/product_cat?post=104847"},{"taxonomy":"product_tag","embeddable":true,"href":"https:\/\/azurefilm.com\/hu\/wp-json\/wp\/v2\/product_tag?post=104847"},{"taxonomy":"brand","embeddable":true,"href":"https:\/\/azurefilm.com\/hu\/wp-json\/wp\/v2\/brand?post=104847"}],"curies":[{"name":"wp","href":"https:\/\/api.w.org\/{rel}","templated":true}]}}