
{"id":107420,"date":"2026-02-13T07:55:16","date_gmt":"2026-02-13T07:55:16","guid":{"rendered":"https:\/\/azurefilm.com\/?post_type=product&#038;p=107420"},"modified":"2026-02-13T09:15:12","modified_gmt":"2026-02-13T09:15:12","slug":"elegoo-centauri-carbon-2-combo-bundle","status":"publish","type":"product","link":"https:\/\/azurefilm.com\/hu\/termek\/elegoo-centauri-carbon-2-combo-bundle\/","title":{"rendered":"Elegoo Centauri Carbon 2 Combo BUNDLE"},"content":{"rendered":"<h2><b>Elegoo Centauri Carbon 2 Combo \u2013 nagy sebess\u00e9g\u0171, t\u00f6bbsz\u00edn\u0171 3D nyomtat\u00e1s<\/b><\/h2>\n<p><span style=\"font-weight: 400;\">Az Elegoo Centauri Carbon 2 Combo egy nagy teljes\u00edtm\u00e9ny\u0171, t\u00f6bbsz\u00edn\u0171 FDM 3D nyomtat\u00f3, amely egyes\u00edti a gyors CoreXY kinematik\u00e1t, az intelligens automatiz\u00e1l\u00e1st \u00e9s a sz\u00e9les anyagkompatibilit\u00e1st egy \u00e1tfog\u00f3, all-in-one rendszerben. Azoknak a felhaszn\u00e1l\u00f3knak k\u00e9sz\u00fclt, akik \u00e9l\u00e9nk t\u00f6bbsz\u00edn\u0171 modelleket \u00e9s megb\u00edzhat\u00f3, mindennapi teljes\u00edtm\u00e9nyt szeretn\u00e9nek. A Centauri Carbon 2 Combo fejlett funkci\u00f3kat, felhaszn\u00e1l\u00f3bar\u00e1t kezel\u00e9st \u00e9s okos megold\u00e1sokat k\u00edn\u00e1l a hat\u00e9kony munkafolyamat \u00e9rdek\u00e9ben.<\/span><\/p>\n<h3><b>Gyors \u00e9s stabil t\u00f6bbsz\u00edn\u0171 nyomtat\u00e1s<\/b><\/h3>\n<p><span style=\"font-weight: 400;\">A Centauri Carbon 2 az integr\u00e1lt CANVAS rendszernek k\u00f6sz\u00f6nhet\u0151en ak\u00e1r n\u00e9gy filament k\u00f6z\u00f6tti gyors \u00e9s z\u00f6kken\u0151mentes v\u00e1lt\u00e1st tesz lehet\u0151v\u00e9. A merev CoreXY v\u00e1z, a kett\u0151s l\u00e9ptet\u0151motorok \u00e9s a f\u00e9m line\u00e1ris vezet\u0151k pontos mozg\u00e1st biztos\u00edtanak m\u00e9g nagyobb sebess\u00e9gn\u00e9l is \u2014 \u00e9les r\u00e9szletekkel \u00e9s sima fel\u00fcletekkel, \u00f6sszetett modellek eset\u00e9n is.<\/span><\/p>\n<ul>\n<li style=\"font-weight: 400;\" aria-level=\"1\"><span style=\"font-weight: 400;\">4 sz\u00edn\u0171 nyomtat\u00e1s automatikus filamentv\u00e1lt\u00e1ssal<\/span><\/li>\n<li style=\"font-weight: 400;\" aria-level=\"1\"><span style=\"font-weight: 400;\">RFID filament\u00e9rz\u00e9kel\u00e9s, automatikus \u00fajrat\u00f6lt\u00e9s \u00e9s gubancol\u00f3d\u00e1s elleni v\u00e9delem<\/span><\/li>\n<li style=\"font-weight: 400;\" aria-level=\"1\"><span style=\"font-weight: 400;\">256\u00d7256\u00d7256 mm-es nyomtat\u00e1si t\u00e9rfogat<\/span><\/li>\n<li style=\"font-weight: 400;\" aria-level=\"1\"><span style=\"font-weight: 400;\">Csendes, megb\u00edzhat\u00f3 m\u0171k\u00f6d\u00e9s \u00e9s stabil CoreXY mechanika<\/span><\/li>\n<\/ul>\n<h3><b>Intelligens automatiz\u00e1l\u00e1s \u00e9s egyszer\u0171 haszn\u00e1lat<\/b><\/h3>\n<p><span style=\"font-weight: 400;\">A Centauri Carbon 2 Combo olyan fejlett automatiz\u00e1lt funkci\u00f3kat k\u00edn\u00e1l, amelyek \u00e1ltal\u00e1ban a magasabb kateg\u00f3ri\u00e1s g\u00e9pekn\u00e9l \u00e9rhet\u0151k el:<\/span><\/p>\n<ul>\n<li style=\"font-weight: 400;\" aria-level=\"1\"><span style=\"font-weight: 400;\">Teljesen automatikus kalibr\u00e1l\u00e1s \u00e9s r\u00e9szleges t\u00e1rgyasztal-szintez\u00e9s a gyors ind\u00edt\u00e1shoz<\/span><\/li>\n<li style=\"font-weight: 400;\" aria-level=\"1\"><span style=\"font-weight: 400;\">Intuit\u00edv 5\u2033 kapacit\u00edv \u00e9rint\u0151k\u00e9perny\u0151<\/span><\/li>\n<li style=\"font-weight: 400;\" aria-level=\"1\"><span style=\"font-weight: 400;\">AI-alap\u00fa fel\u00fcgyelet val\u00f3s idej\u0171 megjelen\u00edt\u00e9ssel \u00e9s time-lapse r\u00f6gz\u00edt\u00e9ssel<\/span><\/li>\n<li style=\"font-weight: 400;\" aria-level=\"1\"><span style=\"font-weight: 400;\">Integr\u00e1lt Elegoo \u00f6kosziszt\u00e9ma t\u00e1voli vez\u00e9rl\u00e9ssel a Matrix alkalmaz\u00e1son kereszt\u00fcl<\/span><\/li>\n<li style=\"font-weight: 400;\" aria-level=\"1\"><span style=\"font-weight: 400;\">F\u00e9lautomata sz\u00edjfesz\u00edt\u0151 \u00e9s m\u00e1gneses nyomtat\u00f3fej-fed\u00e9l az egyszer\u0171bb karbantart\u00e1s \u00e9rdek\u00e9ben<\/span><\/li>\n<\/ul>\n<h3><b>Anyagok, teljes\u00edtm\u00e9ny \u00e9s min\u0151s\u00e9g<\/b><\/h3>\n<p><span style=\"font-weight: 400;\">A Centauri Carbon 2 alkalmas szabv\u00e1nyos \u00e9s m\u0171szaki filamentekhez egyar\u00e1nt. A magas h\u0151m\u00e9rs\u00e9kletre k\u00e9pes edzett ac\u00e9l f\u00fav\u00f3k\u00e1nak \u00e9s az intelligens h\u0151szab\u00e1lyoz\u00e1si rendszernek k\u00f6sz\u00f6nhet\u0151en sz\u00e9les anyagv\u00e1laszt\u00e9kot kezel magabiztosan:<\/span><\/p>\n<ul>\n<li style=\"font-weight: 400;\" aria-level=\"1\"><span style=\"font-weight: 400;\">350 \u00b0C-ig f\u0171thet\u0151 edzett ac\u00e9l f\u00fav\u00f3ka a tart\u00f3ss\u00e1g\u00e9rt \u00e9s nagy anyag\u00e1raml\u00e1s\u00e9rt<\/span><\/li>\n<li style=\"font-weight: 400;\" aria-level=\"1\"><span style=\"font-weight: 400;\">Intelligens h\u0151szab\u00e1lyoz\u00e1s az optim\u00e1lis kamrak\u00f6r\u00fclm\u00e9nyek\u00e9rt<\/span><\/li>\n<li style=\"font-weight: 400;\" aria-level=\"1\"><span style=\"font-weight: 400;\">Rezg\u00e9skompenz\u00e1ci\u00f3 \u00e9s optimaliz\u00e1lt \u00e1raml\u00e1sszab\u00e1lyoz\u00e1s a prec\u00edz nyomatok\u00e9rt<\/span><\/li>\n<li style=\"font-weight: 400;\" aria-level=\"1\"><span style=\"font-weight: 400;\">T\u00e1mogatott filamentek: PLA, PETG, TPU, PLA-CF \u00e9s tov\u00e1bbi anyagok<\/span><\/li>\n<\/ul>\n<h2><b>M\u0171szaki adatok<\/b><\/h2>\n<ul>\n<li><span style=\"font-weight: 400;\">Nyomtat\u00e1si technol\u00f3gia: FFF\/FDM<\/span><span style=\"font-weight: 400;\"><br \/>\n<\/span><\/li>\n<li><span style=\"font-weight: 400;\">Nyomtat\u00e1si t\u00e9rfogat: 256\u00d7256\u00d7256 mm<\/span><span style=\"font-weight: 400;\"><br \/>\n<\/span><\/li>\n<li><span style=\"font-weight: 400;\">Max. nyomtat\u00e1si sebess\u00e9g: ak\u00e1r 500 mm\/s<\/span><span style=\"font-weight: 400;\"><br \/>\n<\/span><\/li>\n<li><span style=\"font-weight: 400;\">Max. gyorsul\u00e1s: ak\u00e1r 20 000 mm\/s\u00b2<\/span><span style=\"font-weight: 400;\"><br \/>\n<\/span><\/li>\n<li><span style=\"font-weight: 400;\">Max. f\u00fav\u00f3ka h\u0151m\u00e9rs\u00e9klet: 350 \u00b0C<\/span><span style=\"font-weight: 400;\"><br \/>\n<\/span><\/li>\n<li><span style=\"font-weight: 400;\">Max. f\u0171t\u00f6tt asztal h\u0151m\u00e9rs\u00e9klet: 110 \u00b0C<\/span><span style=\"font-weight: 400;\"><br \/>\n<\/span><\/li>\n<li><span style=\"font-weight: 400;\">F\u00fav\u00f3ka \u00e1tm\u00e9r\u0151: 0,4 mm<\/span><span style=\"font-weight: 400;\"><br \/>\n<\/span><\/li>\n<li><span style=\"font-weight: 400;\">Filament \u00e1tm\u00e9r\u0151: 1,75 mm<\/span><span style=\"font-weight: 400;\"><br \/>\n<\/span><\/li>\n<li><span style=\"font-weight: 400;\">Kijelz\u0151: 5\u2033 kapacit\u00edv \u00e9rint\u0151k\u00e9perny\u0151<\/span><span style=\"font-weight: 400;\"><br \/>\n<\/span><\/li>\n<li><span style=\"font-weight: 400;\">Filament \u00e9rz\u00e9kel\u00e9s: RFID + intelligens szenzorok<\/span><span style=\"font-weight: 400;\"><br \/>\n<\/span><\/li>\n<li><span style=\"font-weight: 400;\">Automatikus szintez\u00e9s: 121 pontos<\/span><span style=\"font-weight: 400;\"><br \/>\n<\/span><\/li>\n<li><span style=\"font-weight: 400;\">Kamera: Igen, AI-\u00e9rz\u00e9kel\u00e9ssel \u00e9s time-lapse funkci\u00f3val<\/span><span style=\"font-weight: 400;\"><br \/>\n<\/span><\/li>\n<li><span style=\"font-weight: 400;\">Leveg\u0151sz\u0171r\u00e9s: HEPA + akt\u00edvszenes sz\u0171r\u0151<\/span><span style=\"font-weight: 400;\"><br \/>\n<\/span><\/li>\n<li><span style=\"font-weight: 400;\">Csatlakoz\u00e1s: USB, Wi-Fi<\/span><span style=\"font-weight: 400;\"><br \/>\n<\/span><\/li>\n<li><span style=\"font-weight: 400;\">T\u00e1mogatott filamentek: PLA, PETG, TPU, PLA-CF \u00e9s m\u00e1s anyagok<\/span><span style=\"font-weight: 400;\"><br \/>\n<\/span><\/li>\n<li><span style=\"font-weight: 400;\">G\u00e9p m\u00e9rete: 500\u00d7480\u00d7743 mm<\/span><span style=\"font-weight: 400;\"><br \/>\n<\/span><\/li>\n<li><span style=\"font-weight: 400;\">Nett\u00f3 t\u00f6meg: 19,35 kg<\/span><\/li>\n<\/ul>\n","protected":false},"excerpt":{"rendered":"<p><span style=\"font-weight: 400;\">Elegoo Centauri Carbon 2 Combo 4 kilogramm AzureFilm Refill filamenttel \u00e9s Master Spool 4-pack csomaggal kombin\u00e1lva.<\/span><\/p>\n","protected":false},"featured_media":107460,"comment_status":"closed","ping_status":"closed","template":"","meta":{"_acf_changed":false},"product_brand":[],"product_cat":[1677,1679,2422,1678,1680,2250],"product_tag":[],"brand":[2295],"class_list":{"0":"post-107420","1":"product","2":"type-product","3":"status-publish","4":"has-post-thumbnail","6":"product_cat-3d-nyomtato","7":"product_cat-elado","8":"product_cat-elegoo-hu","9":"product_cat-fdm-nyomtato","10":"product_cat-minden-3d-nyomtato","11":"product_cat-special-packs-hu","12":"brand-elegoo-hu","14":"first","15":"instock","16":"sale","17":"taxable","18":"shipping-taxable","19":"purchasable","20":"product-type-variable"},"acf":[],"_links":{"self":[{"href":"https:\/\/azurefilm.com\/hu\/wp-json\/wp\/v2\/product\/107420","targetHints":{"allow":["GET"]}}],"collection":[{"href":"https:\/\/azurefilm.com\/hu\/wp-json\/wp\/v2\/product"}],"about":[{"href":"https:\/\/azurefilm.com\/hu\/wp-json\/wp\/v2\/types\/product"}],"replies":[{"embeddable":true,"href":"https:\/\/azurefilm.com\/hu\/wp-json\/wp\/v2\/comments?post=107420"}],"wp:featuredmedia":[{"embeddable":true,"href":"https:\/\/azurefilm.com\/hu\/wp-json\/wp\/v2\/media\/107460"}],"wp:attachment":[{"href":"https:\/\/azurefilm.com\/hu\/wp-json\/wp\/v2\/media?parent=107420"}],"wp:term":[{"taxonomy":"product_brand","embeddable":true,"href":"https:\/\/azurefilm.com\/hu\/wp-json\/wp\/v2\/product_brand?post=107420"},{"taxonomy":"product_cat","embeddable":true,"href":"https:\/\/azurefilm.com\/hu\/wp-json\/wp\/v2\/product_cat?post=107420"},{"taxonomy":"product_tag","embeddable":true,"href":"https:\/\/azurefilm.com\/hu\/wp-json\/wp\/v2\/product_tag?post=107420"},{"taxonomy":"brand","embeddable":true,"href":"https:\/\/azurefilm.com\/hu\/wp-json\/wp\/v2\/brand?post=107420"}],"curies":[{"name":"wp","href":"https:\/\/api.w.org\/{rel}","templated":true}]}}