
{"id":108784,"date":"2026-03-09T08:28:12","date_gmt":"2026-03-09T08:28:12","guid":{"rendered":"https:\/\/azurefilm.com\/?post_type=product&#038;p=108784"},"modified":"2026-03-09T08:33:46","modified_gmt":"2026-03-09T08:33:46","slug":"snapmaker-u1","status":"publish","type":"product","link":"https:\/\/azurefilm.com\/hu\/termek\/snapmaker-u1\/","title":{"rendered":"Snapmaker U1"},"content":{"rendered":"<h2>Snapmaker U1 \u2013 gyors, t\u00f6bb sz\u00edn\u0171 \u00e9s t\u00f6bb anyagos 3D nyomtat\u00e1s<\/h2>\n<p><span style=\"font-weight: 400;\">A Snapmaker U1 \u00faj szintre emeli az asztali 3D nyomtat\u00e1st egy val\u00f3di t\u00f6bbfejes rendszerrel, amely gyors, pontos \u00e9s hat\u00e9kony t\u00f6bb sz\u00edn\u0171 \u00e9s t\u00f6bb anyagos nyomtat\u00e1st tesz lehet\u0151v\u00e9 m\u00e1r az els\u0151 haszn\u00e1latt\u00f3l kezdve. A CoreXY mozg\u00e1srendszerre \u00e9s az innovat\u00edv SnapSwap\u2122 technol\u00f3gi\u00e1ra \u00e9p\u00fcl\u0151 U1 jelent\u0151sen cs\u00f6kkenti a filamentpazarl\u00e1st \u00e9s a v\u00e1rakoz\u00e1si id\u0151t, ak\u00e1r 5\u00d7 nagyobb sebess\u00e9get \u00e9s ak\u00e1r 80%-kal kevesebb anyagvesztes\u00e9get k\u00edn\u00e1lva a hagyom\u00e1nyos AMS rendszerekhez k\u00e9pest.<\/span><\/p>\n<h3>K\u00f6vetkez\u0151 szint\u0171 t\u00f6bb sz\u00edn\u0171 \u00e9s t\u00f6bb anyagos teljes\u00edtm\u00e9ny<\/h3>\n<p><span style=\"font-weight: 400;\">A 4 f\u00fcggetlen nyomtat\u00f3fej lehet\u0151v\u00e9 teszi k\u00fcl\u00f6nb\u00f6z\u0151 sz\u00ednek \u00e9s anyagok z\u00f6kken\u0151mentes kombin\u00e1l\u00e1s\u00e1t egyetlen modellen bel\u00fcl. Ahelyett, hogy a r\u00e9gi filamentet egy f\u00fav\u00f3k\u00e1n kereszt\u00fcl ki kellene tiszt\u00edtani, a fejek azonnal cser\u00e9lhet\u0151k \u2013 kevesebb tiszt\u00edt\u00e1s, t\u00f6bb produkt\u00edv nyomtat\u00e1s.<\/span><\/p>\n<ul>\n<li style=\"font-weight: 400;\" aria-level=\"1\"><span style=\"font-weight: 400;\">SnapSwap\u2122 rendszer 4 el\u0151re bet\u00f6lt\u00f6tt extruderrel a gyors (~5 mp) fejcsere \u00e9rdek\u00e9ben<\/span><\/li>\n<li style=\"font-weight: 400;\" aria-level=\"1\"><span style=\"font-weight: 400;\">Ak\u00e1r 4 sz\u00edn vagy anyag egy modellen bel\u00fcl a teljes kreat\u00edv szabads\u00e1g\u00e9rt<\/span><\/li>\n<li style=\"font-weight: 400;\" aria-level=\"1\"><span style=\"font-weight: 400;\">Minim\u00e1lis purge hullad\u00e9k \u2013 filament- \u00e9s k\u00f6lts\u00e9gmegtakar\u00edt\u00e1s<\/span><\/li>\n<li style=\"font-weight: 400;\" aria-level=\"1\"><span style=\"font-weight: 400;\">Merev \u00e9s rugalmas anyagok kombin\u00e1l\u00e1sa, p\u00e9ld\u00e1ul PETG + TPU vagy PVA t\u00e1maszanyag haszn\u00e1lata<\/span><\/li>\n<\/ul>\n<h3>Sebess\u00e9g, pontoss\u00e1g \u00e9s intelligens kalibr\u00e1ci\u00f3<\/h3>\n<p><span style=\"font-weight: 400;\">A CoreXY kialak\u00edt\u00e1s \u2013 k\u00f6nny\u0171, karbon X-tengely s\u00ednekkel \u2013 ak\u00e1r 500 mm\/s mozg\u00e1si sebess\u00e9get \u00e9s 270 \u00d7 270 \u00d7 270 mm-es nyomtat\u00e1si t\u00e9rfogatot biztos\u00edt nagyobb \u00e9s \u00f6sszetettebb modellekhez. A fejlett kompenz\u00e1ci\u00f3s algoritmusok \u00e9s kalibr\u00e1ci\u00f3s funkci\u00f3k nagy sebess\u00e9gn\u00e9l is sima \u00e9s prec\u00edz eredm\u00e9nyeket garant\u00e1lnak.<\/span><\/p>\n<ul>\n<li style=\"font-weight: 400;\" aria-level=\"1\"><span style=\"font-weight: 400;\">Gyors CoreXY mozg\u00e1s a nagy pontoss\u00e1g \u00e9s stabilit\u00e1s \u00e9rdek\u00e9ben<\/span><\/li>\n<li style=\"font-weight: 400;\" aria-level=\"1\"><span style=\"font-weight: 400;\">Dinamikus \u00e1raml\u00e1skalibr\u00e1ci\u00f3 \u00e9s rezg\u00e9skompenz\u00e1ci\u00f3 a tiszta fel\u00fcletek\u00e9rt<\/span><\/li>\n<li style=\"font-weight: 400;\" aria-level=\"1\"><span style=\"font-weight: 400;\">Automatikus mesh asztalszintez\u00e9s \u00e9s prec\u00edz fejigaz\u00edt\u00e1s (&lt; 0,04 mm)<\/span><\/li>\n<li style=\"font-weight: 400;\" aria-level=\"1\"><span style=\"font-weight: 400;\">Pressure Advance \u00e9s optimaliz\u00e1lt extrud\u00e1l\u00e1s az \u00e9les r\u00e9szletek\u00e9rt<\/span><\/li>\n<\/ul>\n<h3>Egyszer\u0171 haszn\u00e1lat \u00e9s intelligens vez\u00e9rl\u00e9s<\/h3>\n<p><span style=\"font-weight: 400;\">Az U1-et a hat\u00e9kony \u00e9s egyszer\u0171 munkafolyamat jegy\u00e9ben tervezt\u00e9k \u2013 a filament bet\u00f6lt\u00e9s\u00e9t\u0151l a t\u00e1voli fel\u00fcgyeletig.<\/span><\/p>\n<ul>\n<li style=\"font-weight: 400;\" aria-level=\"1\"><span style=\"font-weight: 400;\">Automatikus filamentrendszer automatikus bet\u00f6lt\u00e9ssel, backup m\u00f3ddal \u00e9s RFID felismer\u00e9ssel<\/span><\/li>\n<li style=\"font-weight: 400;\" aria-level=\"1\"><span style=\"font-weight: 400;\">3,5\u2033 kapacit\u00edv \u00e9rint\u0151k\u00e9perny\u0151 az intuit\u00edv vez\u00e9rl\u00e9shez<\/span><\/li>\n<li style=\"font-weight: 400;\" aria-level=\"1\"><span style=\"font-weight: 400;\">Snapmaker Orca szoftver + mobilalkalmaz\u00e1s t\u00e1voli vez\u00e9rl\u00e9shez \u00e9s monitoroz\u00e1shoz<\/span><\/li>\n<li style=\"font-weight: 400;\" aria-level=\"1\"><span style=\"font-weight: 400;\">Be\u00e9p\u00edtett kamrakamera, tervezett AI hibafelismer\u00e9ssel OTA friss\u00edt\u00e9sen kereszt\u00fcl (2025 december)<\/span><\/li>\n<\/ul>\n<h3>Anyagok, csatlakoz\u00e1s \u00e9s munkafolyamat<\/h3>\n<p><span style=\"font-weight: 400;\">Az U1 sz\u00e9les anyagv\u00e1laszt\u00e9kot \u00e9s t\u00f6bbf\u00e9le csatlakoz\u00e1si lehet\u0151s\u00e9get t\u00e1mogat, \u00edgy kreat\u00edv projektekhez \u00e9s funkcion\u00e1lis alkatr\u00e9szekhez egyar\u00e1nt ide\u00e1lis.<\/span><\/p>\n<ul>\n<li style=\"font-weight: 400;\" aria-level=\"1\"><span style=\"font-weight: 400;\">T\u00f6bb anyagos kompatibilit\u00e1s: PLA, PETG, TPU, PVA \u00e9s tov\u00e1bbi anyagok (opcion\u00e1lis fed\u00e9llel)<\/span><\/li>\n<li style=\"font-weight: 400;\" aria-level=\"1\"><span style=\"font-weight: 400;\">Wi-Fi \u00e9s USB kapcsolat a f\u00e1jl\u00e1tvitelhez \u00e9s vez\u00e9rl\u00e9shez<\/span><\/li>\n<li style=\"font-weight: 400;\" aria-level=\"1\"><span style=\"font-weight: 400;\">Snapmaker Orca &amp; OrcaSlicer \u00f6kosziszt\u00e9ma a rendezett profilkezel\u00e9shez \u00e9s optimaliz\u00e1lt munkafolyamathoz<\/span><\/li>\n<\/ul>\n<h2>A csomag tartalma<\/h2>\n<ul>\n<li style=\"font-weight: 400;\" aria-level=\"1\"><span style=\"font-weight: 400;\">Snapmaker U1 3D nyomtat\u00f3<\/span><\/li>\n<li style=\"font-weight: 400;\" aria-level=\"1\"><span style=\"font-weight: 400;\">4 nyomtat\u00f3fej a SnapSwap\u2122 rendszerben<\/span><\/li>\n<li style=\"font-weight: 400;\" aria-level=\"1\"><span style=\"font-weight: 400;\">Automatikus filamentrendszer (ak\u00e1r 4 tekercshez)<\/span><\/li>\n<li style=\"font-weight: 400;\" aria-level=\"1\"><span style=\"font-weight: 400;\">3,5\u2033 \u00e9rint\u0151k\u00e9perny\u0151<\/span><\/li>\n<li style=\"font-weight: 400;\" aria-level=\"1\"><span style=\"font-weight: 400;\">Tartoz\u00e9kok \u00e9s gyors \u00fczembe helyez\u00e9si \u00fatmutat\u00f3<\/span><\/li>\n<\/ul>\n<h2>M\u0171szaki adatok<\/h2>\n<p><span style=\"font-weight: 400;\">Nyomtat\u00e1si technol\u00f3gia: Fused Deposition Modeling (FDM)<\/span><span style=\"font-weight: 400;\"><br \/>\n<\/span><span style=\"font-weight: 400;\">Nyomtat\u00e1si t\u00e9rfogat: 270 \u00d7 270 \u00d7 270 mm<\/span><span style=\"font-weight: 400;\"><br \/>\n<\/span><span style=\"font-weight: 400;\">Max. fejsebess\u00e9g: ak\u00e1r 500 mm\/s<\/span><span style=\"font-weight: 400;\"><br \/>\n<\/span><span style=\"font-weight: 400;\">Max. gyorsul\u00e1s: ak\u00e1r 20 000 mm\/s\u00b2<\/span><span style=\"font-weight: 400;\"><br \/>\n<\/span><span style=\"font-weight: 400;\">Tartalmazott nyomtat\u00f3fejek: 4 (SnapSwap\u2122 rendszer)<\/span><span style=\"font-weight: 400;\"><br \/>\n<\/span><span style=\"font-weight: 400;\">F\u00fav\u00f3ka \u00e1tm\u00e9r\u0151: 0,4 mm (rozsdamentes ac\u00e9l)<\/span><span style=\"font-weight: 400;\"><br \/>\n<\/span><span style=\"font-weight: 400;\">Max. f\u00fav\u00f3ka h\u0151m\u00e9rs\u00e9klet: 300 \u00b0C<\/span><span style=\"font-weight: 400;\"><br \/>\n<\/span><span style=\"font-weight: 400;\">Filament \u00e1tm\u00e9r\u0151: 1,75 mm<\/span><span style=\"font-weight: 400;\"><br \/>\n<\/span><span style=\"font-weight: 400;\">F\u0171t\u00f6tt t\u00e1rgyasztal: rugalmas ac\u00e9llemez PEI fel\u00fclettel (max. 100 \u00b0C)<\/span><span style=\"font-weight: 400;\"><br \/>\n<\/span><span style=\"font-weight: 400;\">T\u00e1mogatott filamentek: PLA, PETG, TPU, PVA, PCTG; b\u0151v\u00edthet\u0151 fels\u0151 burkolattal<\/span><span style=\"font-weight: 400;\"><br \/>\n<\/span><span style=\"font-weight: 400;\">Kijelz\u0151: 3,5\u2033 kapacit\u00edv (320 \u00d7 480)<\/span><span style=\"font-weight: 400;\"><br \/>\n<\/span><span style=\"font-weight: 400;\">Csatlakoz\u00e1s: Wi-Fi, USB meghajt\u00f3<\/span><span style=\"font-weight: 400;\"><br \/>\n<\/span><span style=\"font-weight: 400;\">Kamera: be\u00e9p\u00edtett kamrakamera<\/span><span style=\"font-weight: 400;\"><br \/>\n<\/span><span style=\"font-weight: 400;\">Szoftver: Snapmaker Orca \/ OrcaSlicer<\/span><span style=\"font-weight: 400;\"><br \/>\n<\/span><span style=\"font-weight: 400;\">G\u00e9p m\u00e9retei: 584 \u00d7 499 \u00d7 730 mm<\/span><span style=\"font-weight: 400;\"><br \/>\n<\/span><span style=\"font-weight: 400;\">T\u00f6meg: ~18,2 kg<\/span><\/p>\n","protected":false},"excerpt":{"rendered":"<p><span style=\"font-weight: 400;\">A Snapmaker U1 egy nagy teljes\u00edtm\u00e9ny\u0171 CoreXY 3D nyomtat\u00f3, amelyet sebess\u00e9gre, pontoss\u00e1gra \u00e9s maxim\u00e1lis sokoldal\u00fas\u00e1gra terveztek. Ak\u00e1r 500 mm\/s nyomtat\u00e1si sebess\u00e9g\u00e9vel \u00e9s 20 000 mm\/s\u00b2 gyorsul\u00e1s\u00e1val gyors, stabil \u00e9s rendk\u00edv\u00fcl r\u00e9szletgazdag eredm\u00e9nyeket biztos\u00edt sz\u00e1mos k\u00fcl\u00f6nb\u00f6z\u0151 anyag eset\u00e9n.<\/span><\/p>\n<p><span style=\"font-weight: 400;\">Az<\/span><b> innovat\u00edv SnapSwap\u2122 gyorscser\u00e9s <\/b><span style=\"font-weight: 400;\">nyomtat\u00f3fej-rendszer azonnali fejv\u00e1lt\u00e1st tesz lehet\u0151v\u00e9, m\u00edg az automatikus asztalszintez\u00e9s, a rugalmas PEI fel\u00fclet\u0171 ac\u00e9l t\u00e1rgyasztal \u00e9s az intelligens kalibr\u00e1ci\u00f3s funkci\u00f3k megb\u00edzhat\u00f3 els\u0151 r\u00e9teget \u00e9s egyenletes nyomtat\u00e1si min\u0151s\u00e9get garant\u00e1lnak.<\/span><\/p>\n<p><span style=\"font-weight: 400;\">Wi-Fi kapcsolattal, reszponz\u00edv \u00e9rint\u0151k\u00e9perny\u0151vel \u00e9s be\u00e9p\u00edtett kamer\u00e1s fel\u00fcgyelettel a Snapmaker U1 professzion\u00e1lis \u00e9s g\u00f6rd\u00fcl\u00e9keny munkafolyamatot k\u00edn\u00e1l \u2013 ide\u00e1lis v\u00e1laszt\u00e1s azoknak az alkot\u00f3knak, akik minden nyomatn\u00e1l sebess\u00e9get, rugalmass\u00e1got \u00e9s precizit\u00e1st v\u00e1rnak el.<\/span><\/p>\n","protected":false},"featured_media":108785,"comment_status":"closed","ping_status":"closed","template":"","meta":{"_acf_changed":false},"product_brand":[],"product_cat":[1677,1679,1678,1680,2546],"product_tag":[],"brand":[],"class_list":{"0":"post-108784","1":"product","2":"type-product","3":"status-publish","4":"has-post-thumbnail","6":"product_cat-3d-nyomtato","7":"product_cat-elado","8":"product_cat-fdm-nyomtato","9":"product_cat-minden-3d-nyomtato","10":"product_cat-snapmaker-hu","12":"first","13":"outofstock","14":"sale","15":"taxable","16":"shipping-taxable","17":"purchasable","18":"product-type-simple"},"acf":[],"_links":{"self":[{"href":"https:\/\/azurefilm.com\/hu\/wp-json\/wp\/v2\/product\/108784","targetHints":{"allow":["GET"]}}],"collection":[{"href":"https:\/\/azurefilm.com\/hu\/wp-json\/wp\/v2\/product"}],"about":[{"href":"https:\/\/azurefilm.com\/hu\/wp-json\/wp\/v2\/types\/product"}],"replies":[{"embeddable":true,"href":"https:\/\/azurefilm.com\/hu\/wp-json\/wp\/v2\/comments?post=108784"}],"wp:featuredmedia":[{"embeddable":true,"href":"https:\/\/azurefilm.com\/hu\/wp-json\/wp\/v2\/media\/108785"}],"wp:attachment":[{"href":"https:\/\/azurefilm.com\/hu\/wp-json\/wp\/v2\/media?parent=108784"}],"wp:term":[{"taxonomy":"product_brand","embeddable":true,"href":"https:\/\/azurefilm.com\/hu\/wp-json\/wp\/v2\/product_brand?post=108784"},{"taxonomy":"product_cat","embeddable":true,"href":"https:\/\/azurefilm.com\/hu\/wp-json\/wp\/v2\/product_cat?post=108784"},{"taxonomy":"product_tag","embeddable":true,"href":"https:\/\/azurefilm.com\/hu\/wp-json\/wp\/v2\/product_tag?post=108784"},{"taxonomy":"brand","embeddable":true,"href":"https:\/\/azurefilm.com\/hu\/wp-json\/wp\/v2\/brand?post=108784"}],"curies":[{"name":"wp","href":"https:\/\/api.w.org\/{rel}","templated":true}]}}