
{"id":110340,"date":"2026-03-03T09:46:59","date_gmt":"2026-03-03T09:46:59","guid":{"rendered":"https:\/\/azurefilm.com\/?post_type=product&#038;p=110340"},"modified":"2026-03-03T09:49:47","modified_gmt":"2026-03-03T09:49:47","slug":"elegoo-centauri-carbon-hotend-04-mm","status":"publish","type":"product","link":"https:\/\/azurefilm.com\/hu\/termek\/elegoo-centauri-carbon-hotend-04-mm\/","title":{"rendered":"Elegoo Centauri Carbon Hotend 0,4\u202fmm"},"content":{"rendered":"<p><span style=\"font-weight: 400;\">Az Elegoo Centauri Carbon Hotend 0,4\u202fmm eredeti p\u00f3thotend az Elegoo Centauri Carbon 3D nyomtat\u00f3hoz, amely stabil olvad\u00e1st \u00e9s egyenletes filament\u00e1raml\u00e1st biztos\u00edt. T\u00f6k\u00e9letes v\u00e1laszt\u00e1s a pontos \u00e9s megb\u00edzhat\u00f3 3D nyomtat\u00e1si eredm\u00e9nyekhez.<\/span><\/p>\n","protected":false},"excerpt":{"rendered":"<p><span style=\"font-weight: 400;\">Elegoo Centauri Carbon Hotend 0,4\u202fmm \u2013 P\u00f3thotend az Elegoo Centauri Carbon 3D nyomtat\u00f3hoz.<\/span><\/p>\n","protected":false},"featured_media":110355,"comment_status":"closed","ping_status":"closed","template":"","meta":{"_acf_changed":false},"product_brand":[],"product_cat":[2221,2249,2224],"product_tag":[],"brand":[],"class_list":{"0":"post-110340","1":"product","2":"type-product","3":"status-publish","4":"has-post-thumbnail","6":"product_cat-potalkatreszek","7":"product_cat-hotends-hu","8":"product_cat-minden-potalkatresz","9":"pa_compatible-with-elegoo-fdm-printers","10":"pa_fits-printer-elegoo-centauri-carbon","12":"first","13":"instock","14":"taxable","15":"shipping-taxable","16":"purchasable","17":"product-type-simple"},"acf":[],"_links":{"self":[{"href":"https:\/\/azurefilm.com\/hu\/wp-json\/wp\/v2\/product\/110340","targetHints":{"allow":["GET"]}}],"collection":[{"href":"https:\/\/azurefilm.com\/hu\/wp-json\/wp\/v2\/product"}],"about":[{"href":"https:\/\/azurefilm.com\/hu\/wp-json\/wp\/v2\/types\/product"}],"replies":[{"embeddable":true,"href":"https:\/\/azurefilm.com\/hu\/wp-json\/wp\/v2\/comments?post=110340"}],"wp:featuredmedia":[{"embeddable":true,"href":"https:\/\/azurefilm.com\/hu\/wp-json\/wp\/v2\/media\/110355"}],"wp:attachment":[{"href":"https:\/\/azurefilm.com\/hu\/wp-json\/wp\/v2\/media?parent=110340"}],"wp:term":[{"taxonomy":"product_brand","embeddable":true,"href":"https:\/\/azurefilm.com\/hu\/wp-json\/wp\/v2\/product_brand?post=110340"},{"taxonomy":"product_cat","embeddable":true,"href":"https:\/\/azurefilm.com\/hu\/wp-json\/wp\/v2\/product_cat?post=110340"},{"taxonomy":"product_tag","embeddable":true,"href":"https:\/\/azurefilm.com\/hu\/wp-json\/wp\/v2\/product_tag?post=110340"},{"taxonomy":"brand","embeddable":true,"href":"https:\/\/azurefilm.com\/hu\/wp-json\/wp\/v2\/brand?post=110340"}],"curies":[{"name":"wp","href":"https:\/\/api.w.org\/{rel}","templated":true}]}}