
{"id":112803,"date":"2026-03-30T09:23:45","date_gmt":"2026-03-30T09:23:45","guid":{"rendered":"https:\/\/azurefilm.com\/?post_type=product&#038;p=112803"},"modified":"2026-03-30T09:21:27","modified_gmt":"2026-03-30T09:21:27","slug":"pla-black","status":"publish","type":"product","link":"https:\/\/azurefilm.com\/hu\/termek\/pla-black\/","title":{"rendered":"PLA+ Black"},"content":{"rendered":"<h2><strong>PLA+ \u2013 er\u0151sebb, okosabb, megb\u00edzhat\u00f3bb<\/strong><\/h2>\n<p><span style=\"font-weight: 400;\">A <\/span><b>PLA+<\/b><span style=\"font-weight: 400;\"> egy tov\u00e1bbfejlesztett, <\/span><b>PLA alap\u00fa filament<\/b><span style=\"font-weight: 400;\">, amelyet er\u0151sebb, tart\u00f3sabb \u00e9s jobb min\u0151s\u00e9g\u0171 nyomatok k\u00e9sz\u00edt\u00e9s\u00e9re fejlesztettek ki an\u00e9lk\u00fcl, hogy elvesz\u00edten\u00e9 azt az egyszer\u0171 kezelhet\u0151s\u00e9get \u00e9s megb\u00edzhat\u00f3s\u00e1got, amelyet a hagyom\u00e1nyos PLA-t\u00f3l elv\u00e1r. Az optimaliz\u00e1lt \u00f6sszet\u00e9telnek k\u00f6sz\u00f6nhet\u0151en a PLA+ jav\u00edtja a r\u00e9tegek k\u00f6z\u00f6tti tapad\u00e1st, cs\u00f6kkenti a ridegs\u00e9get, \u00e9s sima, enyh\u00e9n matt fel\u00fcletet hoz l\u00e9tre, amely kifinomult, professzion\u00e1lis megjelen\u00e9st ad 3D modelljeinek.<\/span><\/p>\n<p><span style=\"font-weight: 400;\">Ha olyan nyomatokat keres, <\/span><b>amelyek hosszabb ideig tartanak, jobban ellen\u00e1llnak a terhel\u00e9snek \u00e9s professzion\u00e1lis megjelen\u00e9s\u0171ek<\/b><span style=\"font-weight: 400;\">, a PLA+ kiv\u00e1l\u00f3 v\u00e1laszt\u00e1s funkcion\u00e1lis protot\u00edpusokhoz, mechanikai alkatr\u00e9szekhez, figur\u00e1khoz \u00e9s mindennapi haszn\u00e1lati t\u00e1rgyakhoz.<\/span><\/p>\n\n\t<section class=\"section pb-0\" id=\"section_2116975637\">\n\t\t<div class=\"section-bg fill\" >\n\t\t\t\t\t\t\t\t\t<div class=\"section-bg-overlay absolute fill\"><\/div>\n\t\t\t\n\n\t\t<\/div>\n\n\t\t\n\n\t\t<div class=\"section-content relative\">\n\t\t\t\n<div class=\"row row-large align-middle\"  id=\"row-1059266593\">\n\n\t<div id=\"col-355127208\" class=\"col medium-6 small-12 large-6\"  >\n\t\t\t\t<div class=\"col-inner text-left\"  >\n\t\t\t\n\t\t\t\n<h3><strong>F\u0151bb jellemz\u0151k<\/strong><\/h3>\n<ul>\n<li style=\"font-weight: 400;\" aria-level=\"1\"><b>High-speed nyomtat\u00e1s<\/b><span style=\"font-weight: 400;\"> \u2013 ak\u00e1r 450 mm\/s<\/span><\/li>\n<li style=\"font-weight: 400;\" aria-level=\"1\"><b>Nagyobb szil\u00e1rds\u00e1g \u00e9s tart\u00f3ss\u00e1g<\/b><span style=\"font-weight: 400;\"> \u2013 jobban ellen\u00e1ll a hajl\u00edt\u00e1snak \u00e9s a terhel\u00e9snek, mint a hagyom\u00e1nyos PLA.<\/span><\/li>\n<li style=\"font-weight: 400;\" aria-level=\"1\"><b>Sima, matt fel\u00fclet<\/b><span style=\"font-weight: 400;\"> \u2013 tiszta r\u00e9tegeket \u00e9s professzion\u00e1lis v\u00e9geredm\u00e9nyt biztos\u00edt.<\/span><\/li>\n<li style=\"font-weight: 400;\" aria-level=\"1\"><b>Megb\u00edzhat\u00f3 extrud\u00e1l\u00e1s<\/b><span style=\"font-weight: 400;\"> \u2013 egyenletes nyomtat\u00e1st tesz lehet\u0151v\u00e9 minim\u00e1lis sz\u00e1lh\u00faz\u00e1ssal \u00e9s vetemed\u00e9ssel.<\/span><\/li>\n<li style=\"font-weight: 400;\" aria-level=\"1\"><b>Funkcion\u00e1lis \u00e9s sokoldal\u00fa<\/b><span style=\"font-weight: 400;\"> \u2013 alkalmas mechanikai alkatr\u00e9szekhez, protot\u00edpusokhoz, szersz\u00e1mokhoz \u00e9s kreat\u00edv projektekhez.<\/span><\/li>\n<li style=\"font-weight: 400;\" aria-level=\"1\"><b style=\"color: #555555;\">K\u00f6rnyezetbar\u00e1t PLA alap<\/b><span style=\"font-weight: 400;\"> \u2013 meg\u00fajul\u00f3 forr\u00e1sokb\u00f3l sz\u00e1rmaz\u00f3, biol\u00f3giailag leboml\u00f3 anyag.<\/span><\/li>\n<\/ul>\n\t\t<\/div>\n\t\t\t\t\t<\/div>\n\n\t\n\n\t<div id=\"col-116977238\" class=\"col medium-6 small-12 large-6\"  >\n\t\t\t\t<div class=\"col-inner\"  >\n\t\t\t\n\t\t\t\n\t<div class=\"img has-hover x md-x lg-x y md-y lg-y\" id=\"image_263375923\">\n\t\t\t\t\t\t\t\t<div class=\"img-inner dark\" >\n\t\t\t<img loading=\"lazy\" decoding=\"async\" width=\"1920\" height=\"1080\" src=\"https:\/\/azurefilm.com\/wp-content\/uploads\/2026\/03\/Perfect-Accuracy-Stable-Printing-Print-Performance.jpg\" class=\"attachment-original size-original\" alt=\"\" srcset=\"https:\/\/azurefilm.com\/wp-content\/uploads\/2026\/03\/Perfect-Accuracy-Stable-Printing-Print-Performance.jpg 1920w, https:\/\/azurefilm.com\/wp-content\/uploads\/2026\/03\/Perfect-Accuracy-Stable-Printing-Print-Performance-300x169.jpg 300w, https:\/\/azurefilm.com\/wp-content\/uploads\/2026\/03\/Perfect-Accuracy-Stable-Printing-Print-Performance-1024x576.jpg 1024w, https:\/\/azurefilm.com\/wp-content\/uploads\/2026\/03\/Perfect-Accuracy-Stable-Printing-Print-Performance-768x432.jpg 768w, https:\/\/azurefilm.com\/wp-content\/uploads\/2026\/03\/Perfect-Accuracy-Stable-Printing-Print-Performance-1536x864.jpg 1536w, https:\/\/azurefilm.com\/wp-content\/uploads\/2026\/03\/Perfect-Accuracy-Stable-Printing-Print-Performance-510x287.jpg 510w\" sizes=\"auto, (max-width: 1920px) 100vw, 1920px\" title=\"\">\t\t\t\t\t\t\n\t\t\t\t\t<\/div>\n\t\t\t\t\t\t\t\t\n<style>\n#image_263375923 {\n  width: 100%;\n}\n<\/style>\n\t<\/div>\n\t\n\t\t<\/div>\n\t\t\t\t\t<\/div>\n\n\t\n<\/div>\n\t\t<\/div>\n\n\t\t\n<style>\n#section_2116975637 {\n  padding-top: 60px;\n  padding-bottom: 60px;\n  background-color: rgb(193, 193, 193);\n}\n#section_2116975637 .section-bg-overlay {\n  background-color: rgba(255, 255, 255, 0.85);\n}\n<\/style>\n\t<\/section>\n\t\n\n\t<section class=\"section pb-0\" id=\"section_868117386\">\n\t\t<div class=\"section-bg fill\" >\n\t\t\t\t\t\t\t\t\t<div class=\"section-bg-overlay absolute fill\"><\/div>\n\t\t\t\n\n\t\t<\/div>\n\n\t\t\n\n\t\t<div class=\"section-content relative\">\n\t\t\t\n<div class=\"row row-large align-middle\"  id=\"row-717512975\">\n\n\t<div id=\"col-1842844505\" class=\"col medium-6 small-12 large-6\"  >\n\t\t\t\t<div class=\"col-inner text-left\"  >\n\t\t\t\n\t\t\t\n<h3><strong>Nyomtat\u00e1si aj\u00e1nl\u00e1sok<\/strong><\/h3>\n<ul>\n<li style=\"font-weight: 400;\" aria-level=\"1\"><span style=\"font-weight: 400;\">F\u00fav\u00f3ka h\u0151m\u00e9rs\u00e9klete: 200\u2013230 \u00b0C<\/span><\/li>\n<li style=\"font-weight: 400;\" aria-level=\"1\"><span style=\"font-weight: 400;\">Asztal h\u0151m\u00e9rs\u00e9klete: 50\u201370 \u00b0C (f\u0171t\u00f6tt asztal haszn\u00e1lata aj\u00e1nlott)<\/span><\/li>\n<li style=\"font-weight: 400;\" aria-level=\"1\"><span style=\"font-weight: 400;\">Nyomtat\u00e1si sebess\u00e9g: 45\u2013120 mm\/s, a modell \u00f6sszetetts\u00e9g\u00e9t\u0151l f\u00fcgg\u0151en<\/span><\/li>\n<li style=\"font-weight: 400;\" aria-level=\"1\"><span style=\"font-weight: 400;\">Anyag\u00e1raml\u00e1s: szabv\u00e1nyos PLA be\u00e1ll\u00edt\u00e1sok<\/span><\/li>\n<\/ul>\n<p><b>Megjegyz\u00e9s:<\/b><span style=\"font-weight: 400;\"> B\u00e1r a PLA+ nyomtat\u00e1sa hasonl\u00f3an egyszer\u0171, mint a hagyom\u00e1nyos PLA-\u00e9, a pontos m\u00e9rettart\u00e1s vagy a nagyon r\u00e9szletgazdag modellek eset\u00e9ben kisebb be\u00e1ll\u00edt\u00e1si finomhangol\u00e1sra lehet sz\u00fcks\u00e9g.<\/span><\/p>\n\t\t<\/div>\n\t\t\t\t\t<\/div>\n\n\t\n\n\t<div id=\"col-1991325394\" class=\"col medium-6 small-12 large-6\"  >\n\t\t\t\t<div class=\"col-inner\"  >\n\t\t\t\n\t\t\t\n\t<div class=\"img has-hover x md-x lg-x y md-y lg-y\" id=\"image_787434334\">\n\t\t\t\t\t\t\t\t<div class=\"img-inner dark\" >\n\t\t\t<img loading=\"lazy\" decoding=\"async\" width=\"1920\" height=\"1080\" src=\"https:\/\/azurefilm.com\/wp-content\/uploads\/2026\/03\/Flexi-strength-aesthetic-reliable.jpg\" class=\"attachment-original size-original\" alt=\"\" srcset=\"https:\/\/azurefilm.com\/wp-content\/uploads\/2026\/03\/Flexi-strength-aesthetic-reliable.jpg 1920w, https:\/\/azurefilm.com\/wp-content\/uploads\/2026\/03\/Flexi-strength-aesthetic-reliable-300x169.jpg 300w, https:\/\/azurefilm.com\/wp-content\/uploads\/2026\/03\/Flexi-strength-aesthetic-reliable-1024x576.jpg 1024w, https:\/\/azurefilm.com\/wp-content\/uploads\/2026\/03\/Flexi-strength-aesthetic-reliable-768x432.jpg 768w, https:\/\/azurefilm.com\/wp-content\/uploads\/2026\/03\/Flexi-strength-aesthetic-reliable-1536x864.jpg 1536w, https:\/\/azurefilm.com\/wp-content\/uploads\/2026\/03\/Flexi-strength-aesthetic-reliable-510x287.jpg 510w\" sizes=\"auto, (max-width: 1920px) 100vw, 1920px\" title=\"\">\t\t\t\t\t\t\n\t\t\t\t\t<\/div>\n\t\t\t\t\t\t\t\t\n<style>\n#image_787434334 {\n  width: 100%;\n}\n<\/style>\n\t<\/div>\n\t\n\t\t<\/div>\n\t\t\t\t\t<\/div>\n\n\t\n<\/div>\n\t\t<\/div>\n\n\t\t\n<style>\n#section_868117386 {\n  padding-top: 60px;\n  padding-bottom: 60px;\n  background-color: rgb(193, 193, 193);\n}\n#section_868117386 .section-bg-overlay {\n  background-color: rgba(255, 255, 255, 0.85);\n}\n<\/style>\n\t<\/section>\n\t\n\n\t<section class=\"section pb-0\" id=\"section_2004426717\">\n\t\t<div class=\"section-bg fill\" >\n\t\t\t\t\t\t\t\t\t<div class=\"section-bg-overlay absolute fill\"><\/div>\n\t\t\t\n\n\t\t<\/div>\n\n\t\t\n\n\t\t<div class=\"section-content relative\">\n\t\t\t\n<div class=\"row row-large align-middle\"  id=\"row-2000730220\">\n\n\t<div id=\"col-1084612068\" class=\"col medium-6 small-12 large-6\"  >\n\t\t\t\t<div class=\"col-inner text-left\"  >\n\t\t\t\n\t\t\t\n<h3><strong>Felhaszn\u00e1l\u00e1si ter\u00fcletek<\/strong><\/h3>\n<p><span style=\"font-weight: 400;\">A PLA+ kiv\u00e1l\u00f3 v\u00e1laszt\u00e1s olyan projektekhez, ahol fontos a <\/span><b>szil\u00e1rds\u00e1g, a megb\u00edzhat\u00f3s\u00e1g \u00e9s az ig\u00e9nyes megjelen\u00e9s<\/b><span style=\"font-weight: 400;\">. Jav\u00edtott tart\u00f3ss\u00e1g\u00e1nak k\u00f6sz\u00f6nhet\u0151en ide\u00e1lis funkcion\u00e1lis protot\u00edpusokhoz, mechanikai alkatr\u00e9szekhez \u00e9s mindennapi szersz\u00e1mokhoz, sima fel\u00fclete pedig dekorat\u00edv nyomatokhoz, miniat\u00far\u00e1khoz \u00e9s gy\u0171jt\u0151i modellekhez is t\u00f6k\u00e9letes.<\/span><\/p>\n<p><span style=\"font-weight: 400;\">Tipikus felhaszn\u00e1l\u00e1si ter\u00fcletek:<\/span><\/p>\n<ul>\n<li style=\"font-weight: 400;\" aria-level=\"1\"><span style=\"font-weight: 400;\">funkcion\u00e1lis protot\u00edpusok, mechanikai alkatr\u00e9szek \u00e9s egyedi szersz\u00e1mok<\/span><\/li>\n<li style=\"font-weight: 400;\" aria-level=\"1\"><span style=\"font-weight: 400;\">figur\u00e1k, miniat\u00far\u00e1k \u00e9s gy\u0171jt\u0151i modellek finom r\u00e9szletekkel<\/span><\/li>\n<li style=\"font-weight: 400;\" aria-level=\"1\"><span style=\"font-weight: 400;\">gombok, burkolatok \u00e9s m\u00e1s praktikus t\u00e1rgyak<\/span><\/li>\n<li style=\"font-weight: 400;\" aria-level=\"1\"><span style=\"font-weight: 400;\">cosplay kell\u00e9kek \u00e9s dekor\u00e1ci\u00f3s elemek<\/span><\/li>\n<li style=\"font-weight: 400;\" aria-level=\"1\"><span style=\"font-weight: 400;\">lak\u00e1skieg\u00e9sz\u00edt\u0151k \u00e9s kreat\u00edv DIY projektek<\/span><\/li>\n<\/ul>\n\t\t<\/div>\n\t\t\t\t\t<\/div>\n\n\t\n\n\t<div id=\"col-926442493\" class=\"col medium-6 small-12 large-6\"  >\n\t\t\t\t<div class=\"col-inner\"  >\n\t\t\t\n\t\t\t\n\t<div class=\"img has-hover x md-x lg-x y md-y lg-y\" id=\"image_389215922\">\n\t\t\t\t\t\t\t\t<div class=\"img-inner dark\" >\n\t\t\t<img loading=\"lazy\" decoding=\"async\" width=\"1920\" height=\"1080\" src=\"https:\/\/azurefilm.com\/wp-content\/uploads\/2026\/03\/Strength-PLA.jpg\" class=\"attachment-original size-original\" alt=\"\" srcset=\"https:\/\/azurefilm.com\/wp-content\/uploads\/2026\/03\/Strength-PLA.jpg 1920w, https:\/\/azurefilm.com\/wp-content\/uploads\/2026\/03\/Strength-PLA-300x169.jpg 300w, https:\/\/azurefilm.com\/wp-content\/uploads\/2026\/03\/Strength-PLA-1024x576.jpg 1024w, https:\/\/azurefilm.com\/wp-content\/uploads\/2026\/03\/Strength-PLA-768x432.jpg 768w, https:\/\/azurefilm.com\/wp-content\/uploads\/2026\/03\/Strength-PLA-1536x864.jpg 1536w, https:\/\/azurefilm.com\/wp-content\/uploads\/2026\/03\/Strength-PLA-510x287.jpg 510w\" sizes=\"auto, (max-width: 1920px) 100vw, 1920px\" title=\"\">\t\t\t\t\t\t\n\t\t\t\t\t<\/div>\n\t\t\t\t\t\t\t\t\n<style>\n#image_389215922 {\n  width: 100%;\n}\n<\/style>\n\t<\/div>\n\t\n\t\t<\/div>\n\t\t\t\t\t<\/div>\n\n\t\n<\/div>\n\t\t<\/div>\n\n\t\t\n<style>\n#section_2004426717 {\n  padding-top: 60px;\n  padding-bottom: 60px;\n  background-color: rgb(193, 193, 193);\n}\n#section_2004426717 .section-bg-overlay {\n  background-color: rgba(255, 255, 255, 0.85);\n}\n<\/style>\n\t<\/section>\n\t\n","protected":false},"excerpt":{"rendered":"<p><span style=\"font-weight: 400;\">V\u00e1s\u00e1roljon PLA+ Black filamentet er\u0151sebb \u00e9s tart\u00f3sabb nyomatokhoz, sima, enyh\u00e9n matt fel\u00fclettel. T\u00f6k\u00e9letes funkcion\u00e1lis alkatr\u00e9szekhez, protot\u00edpusokhoz, miniat\u00far\u00e1khoz \u00e9s dekor\u00e1ci\u00f3s t\u00e1rgyakhoz.<\/span><\/p>\n","protected":false},"featured_media":112804,"comment_status":"closed","ping_status":"closed","template":"","meta":{"_acf_changed":false},"product_brand":[],"product_cat":[2849,1686,1688,1687],"product_tag":[],"brand":[],"class_list":{"0":"post-112803","1":"product","2":"type-product","3":"status-publish","4":"has-post-thumbnail","6":"product_cat-pla-plus","7":"product_cat-3d-filmek","8":"product_cat-minden-film","9":"product_cat-pla-szalak","10":"pa_colour-black","11":"pa_filament-diameter-1-75mm","12":"pa_filament-weight-1000g","14":"first","15":"instock","16":"taxable","17":"shipping-taxable","18":"purchasable","19":"product-type-simple"},"acf":[],"_links":{"self":[{"href":"https:\/\/azurefilm.com\/hu\/wp-json\/wp\/v2\/product\/112803","targetHints":{"allow":["GET"]}}],"collection":[{"href":"https:\/\/azurefilm.com\/hu\/wp-json\/wp\/v2\/product"}],"about":[{"href":"https:\/\/azurefilm.com\/hu\/wp-json\/wp\/v2\/types\/product"}],"replies":[{"embeddable":true,"href":"https:\/\/azurefilm.com\/hu\/wp-json\/wp\/v2\/comments?post=112803"}],"wp:featuredmedia":[{"embeddable":true,"href":"https:\/\/azurefilm.com\/hu\/wp-json\/wp\/v2\/media\/112804"}],"wp:attachment":[{"href":"https:\/\/azurefilm.com\/hu\/wp-json\/wp\/v2\/media?parent=112803"}],"wp:term":[{"taxonomy":"product_brand","embeddable":true,"href":"https:\/\/azurefilm.com\/hu\/wp-json\/wp\/v2\/product_brand?post=112803"},{"taxonomy":"product_cat","embeddable":true,"href":"https:\/\/azurefilm.com\/hu\/wp-json\/wp\/v2\/product_cat?post=112803"},{"taxonomy":"product_tag","embeddable":true,"href":"https:\/\/azurefilm.com\/hu\/wp-json\/wp\/v2\/product_tag?post=112803"},{"taxonomy":"brand","embeddable":true,"href":"https:\/\/azurefilm.com\/hu\/wp-json\/wp\/v2\/brand?post=112803"}],"curies":[{"name":"wp","href":"https:\/\/api.w.org\/{rel}","templated":true}]}}