
{"id":115175,"date":"2026-04-07T08:54:07","date_gmt":"2026-04-07T08:54:07","guid":{"rendered":"https:\/\/azurefilm.com\/?post_type=product&#038;p=115175"},"modified":"2026-04-07T09:47:06","modified_gmt":"2026-04-07T09:47:06","slug":"finishxpert-filler-spray-6-pack","status":"publish","type":"product","link":"https:\/\/azurefilm.com\/hu\/termek\/finishxpert-filler-spray-6-pack\/","title":{"rendered":"FinishXpert Filler Spray 6-pack"},"content":{"rendered":"<h2><strong>FinishXpert Filler Spray \u2013 Fejlett fel\u00fcletkezel\u00e9s 3D nyomatokhoz<\/strong><\/h2>\n<p><span style=\"font-weight: 400;\">A FinishXpert Filler egy fejlett t\u00f6lt\u0151 spray, amelyet kifejezetten a 3D nyomtatott alkatr\u00e9szek fel\u00fcleti min\u0151s\u00e9g\u00e9nek jav\u00edt\u00e1s\u00e1ra fejlesztettek ki. Sz\u00e9les k\u00f6rben haszn\u00e1lhat\u00f3 a FFF \u00e9s FGF technol\u00f3gi\u00e1kban alkalmazott h\u0151re l\u00e1gyul\u00f3 m\u0171anyagokkal, \u00e9s egyenletes, kiv\u00e1l\u00f3 min\u0151s\u00e9g\u0171 eredm\u00e9nyt biztos\u00edt, k\u00f6r\u00fclbel\u00fcl <\/span><b>15\u201330 mikron t\u00f6lt\u00e9si k\u00e9pess\u00e9ggel r\u00e9tegenk\u00e9nt<\/b><span style=\"font-weight: 400;\">.<\/span><\/p>\n<p><span style=\"font-weight: 400;\">A spray eleg\u00e1ns <\/span><b>RAL 7042 sz\u00fcrke<\/b><span style=\"font-weight: 400;\"> sz\u00ednben \u00e9rhet\u0151 el, \u00e9s k\u00f6nnyen csiszolhat\u00f3, \u00edgy ide\u00e1lis a szabv\u00e1nyos be\u00e1ll\u00edt\u00e1sokkal k\u00e9sz\u00fclt nyomatok (0,2 mm r\u00e9tegvastags\u00e1g, 0,4 mm f\u00fav\u00f3ka) sim\u00edt\u00e1s\u00e1hoz.<\/span><\/p>\n<h3><strong>Nagy t\u00f6lt\u0151k\u00e9pess\u00e9g a sim\u00e1bb fel\u00fclet\u00e9rt<\/strong><\/h3>\n<p><span style=\"font-weight: 400;\">A FinishXpert Filler egyenletes bevonatot k\u00e9pez, amely cs\u00f6kkenti a l\u00e1that\u00f3 r\u00e9tegvonalakat \u00e9s kijav\u00edtja a fel\u00fcleti hib\u00e1kat. 2\u20133 r\u00e9teg felvitel\u00e9vel, k\u00f6ztes csiszol\u00e1ssal jelent\u0151sen sim\u00e1bb \u00e9s eszt\u00e9tikusabb fel\u00fclet \u00e9rhet\u0151 el.<\/span><\/p>\n<p><span style=\"font-weight: 400;\">A folyamat egyszer\u0171: vigy\u00e9l fel egy r\u00e9teget, csiszold meg a fel\u00fcletet, majd sz\u00fcks\u00e9g eset\u00e9n ism\u00e9teld meg, am\u00edg el nem \u00e9red a k\u00edv\u00e1nt simas\u00e1got.<\/span><\/p>\n<h3><strong>Sz\u00e9les anyagkompatibilit\u00e1s<\/strong><\/h3>\n<p><span style=\"font-weight: 400;\">A spray sokoldal\u00faan haszn\u00e1lhat\u00f3, \u00e9s kompatibilis az al\u00e1bbi anyagokkal:<\/span><span style=\"font-weight: 400;\"><br \/>\n<\/span><span style=\"font-weight: 400;\">PLA, ABS, PET, PETG, PP, PA \u00e9s m\u00e1s gyakori h\u0151re l\u00e1gyul\u00f3 m\u0171anyagok.<\/span><\/p>\n<p><span style=\"font-weight: 400;\">Alkalmas tov\u00e1bb\u00e1:<\/span><\/p>\n<ul>\n<li style=\"font-weight: 400;\" aria-level=\"1\"><span style=\"font-weight: 400;\">SLS technol\u00f3gi\u00e1val k\u00e9sz\u00fclt alkatr\u00e9szekhez (PA12 \/ PA2200)<\/span><\/li>\n<li style=\"font-weight: 400;\" aria-level=\"1\"><span style=\"font-weight: 400;\">SLA fotopolimer gyant\u00e1khoz<\/span><\/li>\n<\/ul>\n<p><span style=\"font-weight: 400;\">Minden esetben cs\u00f6kkenti a fel\u00fcleti \u00e9rdess\u00e9get, n\u00f6veli a merevs\u00e9get, \u00e9s megk\u00f6nny\u00edti az ut\u00f3munk\u00e1latokat.<\/span><\/p>\n<h3><strong>T\u00f6k\u00e9letes alap fest\u00e9shez<\/strong><\/h3>\n<p><span style=\"font-weight: 400;\">A FinishXpert Filler nemcsak sim\u00edtja a fel\u00fcletet, hanem kiv\u00e1l\u00f3 alapoz\u00f3r\u00e9tegk\u00e9nt is m\u0171k\u00f6dik. Jav\u00edtja a fest\u00e9k tapad\u00e1s\u00e1t \u00e9s el\u0151k\u00e9sz\u00edti az alkatr\u00e9szt a tov\u00e1bbi fel\u00fcletkezel\u00e9shez.<\/span><\/p>\n<p><span style=\"font-weight: 400;\">M\u00e1s t\u00f6lt\u0151anyagokkal, p\u00e9ld\u00e1ul FinishXpert sz\u00fcrke kittel kombin\u00e1lva m\u00e9g magasabb szint\u0171 fel\u00fcleti min\u0151s\u00e9g \u00e9rhet\u0151 el.<\/span><\/p>\n<h2><strong>Haszn\u00e1lati \u00fatmutat\u00f3<\/strong><\/h2>\n<p><span style=\"font-weight: 400;\">Haszn\u00e1lata egyszer\u0171:<\/span><\/p>\n<ul>\n<li style=\"font-weight: 400;\" aria-level=\"1\"><span style=\"font-weight: 400;\">kezdd tiszta \u00e9s sz\u00e1raz fel\u00fcleten<\/span><\/li>\n<li style=\"font-weight: 400;\" aria-level=\"1\"><span style=\"font-weight: 400;\">haszn\u00e1lat el\u0151tt alaposan r\u00e1zd fel<\/span><\/li>\n<li style=\"font-weight: 400;\" aria-level=\"1\"><span style=\"font-weight: 400;\">permetezd 20\u201325 cm t\u00e1vols\u00e1gb\u00f3l<\/span><\/li>\n<li style=\"font-weight: 400;\" aria-level=\"1\"><span style=\"font-weight: 400;\">hagyd sz\u00e1radni kb. 2 \u00f3r\u00e1n \u00e1t csiszol\u00e1s vagy fest\u00e9s el\u0151tt<\/span><\/li>\n<\/ul>\n<p><span style=\"font-weight: 400;\">A legjobb eredm\u00e9ny \u00e9rdek\u00e9ben v\u00e9kony r\u00e9tegekben dolgozz, \u00e9s a r\u00e9tegek k\u00f6z\u00f6tt csiszolj:<\/span><\/p>\n<ul>\n<li style=\"font-weight: 400;\" aria-level=\"1\"><span style=\"font-weight: 400;\">vizes csiszol\u00f3pap\u00edrral (P800\u2013P1000), vagy<\/span><\/li>\n<li style=\"font-weight: 400;\" aria-level=\"1\"><span style=\"font-weight: 400;\">sz\u00e1raz csiszol\u00f3pap\u00edrral (P600)<\/span><\/li>\n<\/ul>\n<h3><strong>Fontos megjegyz\u00e9s<\/strong><\/h3>\n<p><span style=\"font-weight: 400;\">Nem kompatibilis rugalmas anyagokkal, p\u00e9ld\u00e1ul TPU-val. Sz\u00e1rad\u00e1s ut\u00e1n a bevonat nem marad rugalmas, \u00e9s hajl\u00edt\u00e1skor megrepedhet.<\/span><\/p>\n<h3><strong>Olaszorsz\u00e1gban gy\u00e1rtva<\/strong><\/h3>\n<p><span style=\"font-weight: 400;\">A FinishXpert Filler b\u00fcszk\u00e9n Olaszorsz\u00e1gban k\u00e9sz\u00fcl, garant\u00e1lva a magas min\u0151s\u00e9get \u00e9s a megb\u00edzhat\u00f3 teljes\u00edtm\u00e9nyt.<\/span><\/p>\n","protected":false},"excerpt":{"rendered":"<p><span style=\"font-weight: 400;\">A FinishXpert Filler Spray seg\u00edt elt\u00fcntetni a r\u00e9tegvonalakat a 3D nyomatokon, sima, fest\u00e9sre k\u00e9sz fel\u00fcletet biztos\u00edt.<\/span><\/p>\n","protected":false},"featured_media":115198,"comment_status":"closed","ping_status":"closed","template":"","meta":{"_acf_changed":false},"product_brand":[],"product_cat":[2221,2224,2395],"product_tag":[],"brand":[],"class_list":{"0":"post-115175","1":"product","2":"type-product","3":"status-publish","4":"has-post-thumbnail","6":"product_cat-potalkatreszek","7":"product_cat-minden-potalkatresz","8":"product_cat-utofeldolgozas","10":"first","11":"outofstock","12":"taxable","13":"shipping-taxable","14":"purchasable","15":"product-type-simple"},"acf":[],"_links":{"self":[{"href":"https:\/\/azurefilm.com\/hu\/wp-json\/wp\/v2\/product\/115175","targetHints":{"allow":["GET"]}}],"collection":[{"href":"https:\/\/azurefilm.com\/hu\/wp-json\/wp\/v2\/product"}],"about":[{"href":"https:\/\/azurefilm.com\/hu\/wp-json\/wp\/v2\/types\/product"}],"replies":[{"embeddable":true,"href":"https:\/\/azurefilm.com\/hu\/wp-json\/wp\/v2\/comments?post=115175"}],"wp:featuredmedia":[{"embeddable":true,"href":"https:\/\/azurefilm.com\/hu\/wp-json\/wp\/v2\/media\/115198"}],"wp:attachment":[{"href":"https:\/\/azurefilm.com\/hu\/wp-json\/wp\/v2\/media?parent=115175"}],"wp:term":[{"taxonomy":"product_brand","embeddable":true,"href":"https:\/\/azurefilm.com\/hu\/wp-json\/wp\/v2\/product_brand?post=115175"},{"taxonomy":"product_cat","embeddable":true,"href":"https:\/\/azurefilm.com\/hu\/wp-json\/wp\/v2\/product_cat?post=115175"},{"taxonomy":"product_tag","embeddable":true,"href":"https:\/\/azurefilm.com\/hu\/wp-json\/wp\/v2\/product_tag?post=115175"},{"taxonomy":"brand","embeddable":true,"href":"https:\/\/azurefilm.com\/hu\/wp-json\/wp\/v2\/brand?post=115175"}],"curies":[{"name":"wp","href":"https:\/\/api.w.org\/{rel}","templated":true}]}}