
{"id":115782,"date":"2026-04-17T08:58:17","date_gmt":"2026-04-17T08:58:17","guid":{"rendered":"https:\/\/azurefilm.com\/?post_type=product&#038;p=115782"},"modified":"2026-04-17T08:55:45","modified_gmt":"2026-04-17T08:55:45","slug":"creality-sparkx-i7-color-combo","status":"publish","type":"product","link":"https:\/\/azurefilm.com\/hu\/termek\/creality-sparkx-i7-color-combo\/","title":{"rendered":"Creality SPARKX i7 Color Combo"},"content":{"rendered":"<h2><strong>Okos, gyors \u00e9s fejlett t\u00f6bb sz\u00edn\u0171 nyomtat\u00e1sra tervezve<\/strong><\/h2>\n<p><span style=\"font-weight: 400;\">A <\/span><b>SPARKX i7 Color Combo<\/b><span style=\"font-weight: 400;\"> a sebess\u00e9get, az intelligens automatiz\u00e1l\u00e1st \u00e9s a t\u00f6bb sz\u00edn\u0171 nyomtat\u00e1st egy kompakt, m\u00e9gis nagy teljes\u00edtm\u00e9ny\u0171 rendszerben egyes\u00edti. A <\/span><b>260\u00d7260\u00d7255 mm<\/b><span style=\"font-weight: 400;\">-es nyomtat\u00e1si t\u00e9rfogat ide\u00e1lis egyens\u00falyt biztos\u00edt a helytakar\u00e9koss\u00e1g \u00e9s a gy\u00e1rt\u00e1si kapacit\u00e1s k\u00f6z\u00f6tt \u2013 t\u00f6k\u00e9letes funkcion\u00e1lis alkatr\u00e9szekhez, protot\u00edpusokhoz vagy t\u00f6bb modell egyidej\u0171 nyomtat\u00e1s\u00e1hoz.<\/span><\/p>\n<h2><strong>Mi teszi k\u00fcl\u00f6nlegess\u00e9 a SPARKX i7-et<\/strong><\/h2>\n<h3><strong>Nagy sebess\u00e9g\u0171 nyomtat\u00e1s stabil m\u0171k\u00f6d\u00e9ssel<\/strong><\/h3>\n<p><span style=\"font-weight: 400;\">Ak\u00e1r <\/span><b>500 mm\/s<\/b><span style=\"font-weight: 400;\"> nyomtat\u00e1si sebess\u00e9ggel \u00e9s<\/span><b> 10.000 mm\/s\u00b2<\/b><span style=\"font-weight: 400;\"> gyorsul\u00e1ssal a SPARKX i7 gyors munkafolyamatokra lett tervezve an\u00e9lk\u00fcl, hogy a pontoss\u00e1g cs\u00f6kkenne. Az <\/span><b>input shaping<\/b><span style=\"font-weight: 400;\"> technol\u00f3gia cs\u00f6kkenti a rezg\u00e9seket \u00e9s sima fel\u00fcleteket biztos\u00edt m\u00e9g nagy sebess\u00e9gn\u00e9l is.<\/span><\/p>\n<h3><strong>Fejlett t\u00f6bb sz\u00edn\u0171 rendszer<\/strong><\/h3>\n<p><span style=\"font-weight: 400;\">A Color Combo rendszer automatikus filamentv\u00e1lt\u00e1st biztos\u00edt, \u00e9s kompatibilis a <\/span><b>CFS Lite<\/b><span style=\"font-weight: 400;\"> \u00e9s <\/span><b>CFS Mini<\/b><span style=\"font-weight: 400;\"> egys\u00e9gekkel, \u00edgy k\u00f6nnyen b\u0151v\u00edthet\u0151 \u00e9s testreszabhat\u00f3 a t\u00f6bb sz\u00edn\u0171 nyomtat\u00e1si rendszered.<\/span><\/p>\n<h3><strong>AI-alap\u00fa megfigyel\u00e9s \u00e9s nyomtat\u00e1si biztons\u00e1g<\/strong><\/h3>\n<p><span style=\"font-weight: 400;\">A be\u00e9p\u00edtett <\/span><b>AI kamera (720p, vil\u00e1g\u00edt\u00e1ssal)<\/b><span style=\"font-weight: 400;\"> lehet\u0151v\u00e9 teszi:<\/span><\/p>\n<ul>\n<li style=\"font-weight: 400;\" aria-level=\"1\"><span style=\"font-weight: 400;\">\u201espaghetti\u201d hib\u00e1k felismer\u00e9s\u00e9t<\/span><\/li>\n<li style=\"font-weight: 400;\" aria-level=\"1\"><span style=\"font-weight: 400;\">leveg\u0151ben t\u00f6rt\u00e9n\u0151 nyomtat\u00e1s felismer\u00e9s\u00e9t<\/span><\/li>\n<li style=\"font-weight: 400;\" aria-level=\"1\"><span style=\"font-weight: 400;\">val\u00f3s idej\u0171 megfigyel\u00e9st<\/span><\/li>\n<\/ul>\n<p><span style=\"font-weight: 400;\">Ez jelent\u0151sen cs\u00f6kkenti a sikertelen nyomtat\u00e1sok sz\u00e1m\u00e1t \u00e9s az anyagvesztes\u00e9get.<\/span><\/p>\n<h3><strong>Megb\u00edzhat\u00f3 nyomtat\u00e1s intelligens v\u00e9delemmel<\/strong><\/h3>\n<p><span style=\"font-weight: 400;\">A nyomtat\u00f3 tartalmazza:<\/span><\/p>\n<ul>\n<li style=\"font-weight: 400;\" aria-level=\"1\"><span style=\"font-weight: 400;\">nyomtat\u00e1s folytat\u00e1s\u00e1t \u00e1ramsz\u00fcnet ut\u00e1n<\/span><\/li>\n<li style=\"font-weight: 400;\" aria-level=\"1\"><span style=\"font-weight: 400;\">filament kifogy\u00e1s \u00e9rz\u00e9kel\u00e9s\u00e9t \u00e9s folytat\u00e1st<\/span><\/li>\n<li style=\"font-weight: 400;\" aria-level=\"1\"><span style=\"font-weight: 400;\">filament \u00f6sszegabalyod\u00e1s \u00e9rz\u00e9kel\u00e9s\u00e9t<\/span><\/li>\n<li style=\"font-weight: 400;\" aria-level=\"1\"><span style=\"font-weight: 400;\">v\u00e1g\u00f3egys\u00e9g kop\u00e1s\u00e1nak figyel\u00e9s\u00e9t<\/span><\/li>\n<\/ul>\n<p><span style=\"font-weight: 400;\">Mindez a folyamatos \u00e9s megb\u00edzhat\u00f3 m\u0171k\u00f6d\u00e9s \u00e9rdek\u00e9ben.<\/span><\/p>\n<h3><strong>Magas h\u0151m\u00e9rs\u00e9klet \u00e9s sz\u00e9les anyagv\u00e1laszt\u00e9k<\/strong><\/h3>\n<p><span style=\"font-weight: 400;\">A legfeljebb 300\u00b0C-os f\u00fav\u00f3ka \u00e9s a 100\u00b0C-ig f\u0171thet\u0151 asztal lehet\u0151v\u00e9 teszi sz\u00e1mos anyag haszn\u00e1lat\u00e1t:<\/span><\/p>\n<ul>\n<li style=\"font-weight: 400;\" aria-level=\"1\"><span style=\"font-weight: 400;\">PLA \/ PLA-Silk<\/span><\/li>\n<li style=\"font-weight: 400;\" aria-level=\"1\"><span style=\"font-weight: 400;\">PETG<\/span><\/li>\n<li style=\"font-weight: 400;\" aria-level=\"1\"><span style=\"font-weight: 400;\">TPU<\/span><\/li>\n<li style=\"font-weight: 400;\" aria-level=\"1\"><span style=\"font-weight: 400;\">PLA-CF<\/span><\/li>\n<\/ul>\n<p><span style=\"font-weight: 400;\">A k\u00e9toldalas textur\u00e1lt PEI nyomtat\u00f3lap kiv\u00e1l\u00f3 tapad\u00e1st \u00e9s k\u00f6nny\u0171 elt\u00e1vol\u00edt\u00e1st biztos\u00edt.<\/span><\/p>\n<h3><strong>Gyors karbantart\u00e1s cser\u00e9lhet\u0151 hotenddel<\/strong><\/h3>\n<p><span style=\"font-weight: 400;\">A szersz\u00e1m n\u00e9lk\u00fcl cser\u00e9lhet\u0151 hotend lehet\u0151v\u00e9 teszi a gyors f\u00fav\u00f3kacser\u00e9t, cs\u00f6kkentve az \u00e1ll\u00e1sid\u0151t.<\/span><\/p>\n<h3><strong>Prec\u00edz extrud\u00e1l\u00e1s \u00e9s \u00e1lland\u00f3 min\u0151s\u00e9g<\/strong><\/h3>\n<p><span style=\"font-weight: 400;\">A <\/span><b>direct drive extruder<\/b><span style=\"font-weight: 400;\"> \u00e9s a <\/span><b>pressure advance<\/b><span style=\"font-weight: 400;\"> funkci\u00f3 egy\u00fctt pontos anyagadagol\u00e1st biztos\u00edt, k\u00fcl\u00f6n\u00f6sen rugalmas \u00e9s kompozit filamentek eset\u00e9n.<\/span><\/p>\n<h3><strong>Modern csatlakoz\u00e1s \u00e9s hat\u00e9kony munkafolyamat<\/strong><\/h3>\n<ul>\n<li style=\"font-weight: 400;\" aria-level=\"1\"><span style=\"font-weight: 400;\">Wi-Fi (2.4 GHz) \u00e9s USB adat\u00e1tvitel<\/span><\/li>\n<li style=\"font-weight: 400;\" aria-level=\"1\"><span style=\"font-weight: 400;\">G-code \/ 3MF form\u00e1tum t\u00e1mogat\u00e1s<\/span><\/li>\n<li style=\"font-weight: 400;\" aria-level=\"1\"><span style=\"font-weight: 400;\">kompatibilis a Creality Print 6.3+ szoftverrel<\/span><\/li>\n<li style=\"font-weight: 400;\" aria-level=\"1\"><span style=\"font-weight: 400;\">be\u00e9p\u00edtett 8GB eMMC t\u00e1rhely<\/span><\/li>\n<\/ul>\n<p><span style=\"font-weight: 400;\">Ez g\u00f6rd\u00fcl\u00e9keny \u00e9s modern munkafolyamatot biztos\u00edt.<\/span><\/p>\n<h3><strong>Kompakt \u00e9s felhaszn\u00e1l\u00f3bar\u00e1t kialak\u00edt\u00e1s<\/strong><\/h3>\n<p><span style=\"font-weight: 400;\">Teljes\u00edtm\u00e9nye ellen\u00e9re a nyomtat\u00f3 kompakt m\u00e9ret\u0171 (470\u00d7423\u00d7456 mm, 9.12 kg), \u00e9s k\u00f6nnyen kezelhet\u0151. A 2.85 h\u00fcvelykes sz\u00ednes \u00e9rint\u0151k\u00e9perny\u0151 \u00e9s a t\u00f6bbnyelv\u0171 Creality OS fel\u00fclet egyszer\u0171 haszn\u00e1latot biztos\u00edt.<\/span><\/p>\n<h2><strong>M\u0171szaki adatok<\/strong><\/h2>\n<ul>\n<li><b>Nyomtat\u00e1si t\u00e9rfogat:<\/b><span style=\"font-weight: 400;\"> 260\u00d7260\u00d7255 mm<\/span><span style=\"font-weight: 400;\"><br \/>\n<\/span><b><\/b><\/li>\n<li><b>M\u00e9retek:<\/b><span style=\"font-weight: 400;\"> 470\u00d7423\u00d7456 mm<\/span><\/li>\n<li><b>S\u00faly:<\/b><span style=\"font-weight: 400;\"> 9.12 kg<\/span><\/li>\n<li><b>Nyomtat\u00e1si sebess\u00e9g:<\/b><span style=\"font-weight: 400;\"> \u2264 500 mm\/s<\/span><span style=\"font-weight: 400;\"><br \/>\n<\/span><b><\/b><\/li>\n<li><b>Gyorsul\u00e1s:<\/b><span style=\"font-weight: 400;\"> \u2264 10.000 mm\/s\u00b2<\/span><span style=\"font-weight: 400;\"><br \/>\n<\/span><b><\/b><\/li>\n<li><b>Pontoss\u00e1g:<\/b><span style=\"font-weight: 400;\"> \u00b10.1 mm<\/span><span style=\"font-weight: 400;\"><br \/>\n<\/span><b><\/b><\/li>\n<li><b>R\u00e9tegvastags\u00e1g:<\/b><span style=\"font-weight: 400;\"> 0.05\u20130.3 mm<\/span><\/li>\n<li><b>F\u00fav\u00f3ka h\u0151m\u00e9rs\u00e9klet:<\/b><span style=\"font-weight: 400;\"> \u2264 300\u00b0C<\/span><span style=\"font-weight: 400;\"><br \/>\n<\/span><b><\/b><\/li>\n<li><b>F\u0171t\u00f6tt asztal:<\/b><span style=\"font-weight: 400;\"> \u2264 100\u00b0C<\/span><span style=\"font-weight: 400;\"><br \/>\n<\/span><b><\/b><\/li>\n<li><b>Nyomtat\u00f3lap:<\/b><span style=\"font-weight: 400;\"> k\u00e9toldalas textur\u00e1lt PEI<\/span><\/li>\n<li><b>Extruder:<\/b><span style=\"font-weight: 400;\"> direct drive<\/span><span style=\"font-weight: 400;\"><br \/>\n<\/span><b><\/b><\/li>\n<li><b>Filament \u00e1tm\u00e9r\u0151:<\/b><span style=\"font-weight: 400;\"> 1.75 mm<\/span><span style=\"font-weight: 400;\"><br \/>\n<\/span><b><\/b><\/li>\n<li><b>Anyag kompatibilit\u00e1s:<\/b><span style=\"font-weight: 400;\"> PLA, PLA-Silk, PETG, TPU, PLA-CF<\/span><\/li>\n<li><b>T\u00f6bbsz\u00edn\u0171 rendszer:<\/b><span style=\"font-weight: 400;\"> Color Combo (CFS Lite &amp; CFS Mini kompatibilis)<\/span><\/li>\n<li><b>AI kamera:<\/b><span style=\"font-weight: 400;\"> 720p vil\u00e1g\u00edt\u00e1ssal<\/span><span style=\"font-weight: 400;\"><br \/>\n<\/span><b><\/b><\/li>\n<li><b>Spaghetti felismer\u00e9s:<\/b><span style=\"font-weight: 400;\"> igen<\/span><span style=\"font-weight: 400;\"><br \/>\n<\/span><b><\/b><\/li>\n<li><b>Leveg\u0151ben nyomtat\u00e1s felismer\u00e9se:<\/b><span style=\"font-weight: 400;\"> igen<\/span><\/li>\n<li><b>Automatikus szintez\u00e9s:<\/b><span style=\"font-weight: 400;\"> teljesen automatikus<\/span><span style=\"font-weight: 400;\"><br \/>\n<\/span><b><\/b><\/li>\n<li><b>Input Shaping:<\/b><span style=\"font-weight: 400;\"> igen<\/span><span style=\"font-weight: 400;\"><br \/>\n<\/span><b><\/b><\/li>\n<li><b>Pressure Advance:<\/b><span style=\"font-weight: 400;\"> igen<\/span><\/li>\n<li><b>\u00c1ramsz\u00fcnet ut\u00e1ni folytat\u00e1s:<\/b><span style=\"font-weight: 400;\"> igen<\/span><span style=\"font-weight: 400;\"><br \/>\n<\/span><b><\/b><\/li>\n<li><b>Filament kifogy\u00e1s \/ \u00f6sszegabalyod\u00e1s \u00e9rz\u00e9kel\u00e9s:<\/b><span style=\"font-weight: 400;\"> igen<\/span><span style=\"font-weight: 400;\"><br \/>\n<\/span><b><\/b><\/li>\n<li><b>V\u00e1g\u00f3egys\u00e9g kop\u00e1s figyel\u00e9se:<\/b><span style=\"font-weight: 400;\"> igen<\/span><\/li>\n<li><b>Kijelz\u0151:<\/b><span style=\"font-weight: 400;\"> 2.85&#8243; sz\u00ednes \u00e9rint\u0151k\u00e9perny\u0151<\/span><span style=\"font-weight: 400;\"><br \/>\n<\/span><b><\/b><\/li>\n<li><b>T\u00e1rhely:<\/b><span style=\"font-weight: 400;\"> 8GB eMMC<\/span><span style=\"font-weight: 400;\"><br \/>\n<\/span><b><\/b><\/li>\n<li><b>Csatlakoz\u00e1s:<\/b><span style=\"font-weight: 400;\"> Wi-Fi (2.4 GHz), USB<\/span><\/li>\n<li><b>F\u00e1jlform\u00e1tumok:<\/b><span style=\"font-weight: 400;\"> G-code \/ 3MF<\/span><span style=\"font-weight: 400;\"><br \/>\n<\/span><b><\/b><\/li>\n<li><b>Szeletel\u0151:<\/b><span style=\"font-weight: 400;\"> Creality Print 6.3+<\/span><span style=\"font-weight: 400;\"><br \/>\n<\/span><b><\/b><\/li>\n<li><b>Firmware:<\/b><span style=\"font-weight: 400;\"> Creality OS<\/span><\/li>\n<li><b>Teljes\u00edtm\u00e9ny:<\/b><span style=\"font-weight: 400;\"> 700W (220V) \/ 400W (110V)<\/span><\/li>\n<li><b>Bemeneti fesz\u00fclts\u00e9g:<\/b><span style=\"font-weight: 400;\"> 100\u2013240V AC, 50\/60 Hz<\/span><\/li>\n<\/ul>\n","protected":false},"excerpt":{"rendered":"<p><span style=\"font-weight: 400;\">Ismerd meg a<\/span><b> Creality SPARKX i7 Color Combo-t<\/b><span style=\"font-weight: 400;\">: egy nagy sebess\u00e9g\u0171, t\u00f6bb sz\u00edn\u0171 3D nyomtat\u00f3t 260\u00d7260\u00d7255mm-es nyomtat\u00e1si t\u00e9rfogattal, ak\u00e1r <\/span><b>500 mm\/s<\/b><span style=\"font-weight: 400;\"> sebess\u00e9ggel, <\/span><b>AI-alap\u00fa<\/b><span style=\"font-weight: 400;\"> megfigyel\u00e9ssel \u00e9s automatikus filamentv\u00e1lt\u00e1ssal a pontos, megb\u00edzhat\u00f3 \u00e9s professzion\u00e1lis eredm\u00e9nyek\u00e9rt.<\/span><\/p>\n","protected":false},"featured_media":115798,"comment_status":"closed","ping_status":"closed","template":"","meta":{"_acf_changed":false},"product_brand":[],"product_cat":[1677,2251,1679,1678,1680],"product_tag":[],"brand":[],"class_list":{"0":"post-115782","1":"product","2":"type-product","3":"status-publish","4":"has-post-thumbnail","6":"product_cat-3d-nyomtato","7":"product_cat-creality-hu","8":"product_cat-elado","9":"product_cat-fdm-nyomtato","10":"product_cat-minden-3d-nyomtato","12":"first","13":"instock","14":"sale","15":"taxable","16":"shipping-taxable","17":"purchasable","18":"product-type-simple"},"acf":[],"_links":{"self":[{"href":"https:\/\/azurefilm.com\/hu\/wp-json\/wp\/v2\/product\/115782","targetHints":{"allow":["GET"]}}],"collection":[{"href":"https:\/\/azurefilm.com\/hu\/wp-json\/wp\/v2\/product"}],"about":[{"href":"https:\/\/azurefilm.com\/hu\/wp-json\/wp\/v2\/types\/product"}],"replies":[{"embeddable":true,"href":"https:\/\/azurefilm.com\/hu\/wp-json\/wp\/v2\/comments?post=115782"}],"wp:featuredmedia":[{"embeddable":true,"href":"https:\/\/azurefilm.com\/hu\/wp-json\/wp\/v2\/media\/115798"}],"wp:attachment":[{"href":"https:\/\/azurefilm.com\/hu\/wp-json\/wp\/v2\/media?parent=115782"}],"wp:term":[{"taxonomy":"product_brand","embeddable":true,"href":"https:\/\/azurefilm.com\/hu\/wp-json\/wp\/v2\/product_brand?post=115782"},{"taxonomy":"product_cat","embeddable":true,"href":"https:\/\/azurefilm.com\/hu\/wp-json\/wp\/v2\/product_cat?post=115782"},{"taxonomy":"product_tag","embeddable":true,"href":"https:\/\/azurefilm.com\/hu\/wp-json\/wp\/v2\/product_tag?post=115782"},{"taxonomy":"brand","embeddable":true,"href":"https:\/\/azurefilm.com\/hu\/wp-json\/wp\/v2\/brand?post=115782"}],"curies":[{"name":"wp","href":"https:\/\/api.w.org\/{rel}","templated":true}]}}