
{"id":116024,"date":"2026-04-20T08:58:41","date_gmt":"2026-04-20T08:58:41","guid":{"rendered":"https:\/\/azurefilm.com\/?post_type=product&#038;p=116024"},"modified":"2026-04-20T08:56:23","modified_gmt":"2026-04-20T08:56:23","slug":"bambu-lab-x2d-combo-bundle","status":"publish","type":"product","link":"https:\/\/azurefilm.com\/hu\/termek\/bambu-lab-x2d-combo-bundle\/","title":{"rendered":"Bambu Lab X2D Combo BUNDLE"},"content":{"rendered":"<h2><b>Precizit\u00e1sra, t\u00e1maszanyaggal t\u00f6rt\u00e9n\u0151 nyomtat\u00e1sra \u00e9s fejlett t\u00f6bbanyag\u00fa munkafolyamatokra tervezve<\/b><\/h2>\n<p><span style=\"font-weight: 400;\">A Bambu Lab X2D Combo az X-sorozat k\u00f6vetkez\u0151 evol\u00faci\u00f3s l\u00e9pcs\u0151je, amelyet nagy pontoss\u00e1g\u00fa, t\u00f6bbanyag\u00fa 3D nyomtat\u00e1sra fejlesztettek ki professzion\u00e1lis t\u00e1maszanyag-felhaszn\u00e1l\u00e1ssal. Dual-extruder fel\u00e9p\u00edt\u00e9s\u00e9vel, z\u00e1rt, akt\u00edvan f\u0171t\u00f6tt kamr\u00e1j\u00e1val \u00e9s intelligens szenzorrendszer\u00e9vel ide\u00e1lis funkcion\u00e1lis alkatr\u00e9szek, \u00f6sszetett geometri\u00e1k \u00e9s tiszta t\u00e1maszfel\u00fcletek el\u0151\u00e1ll\u00edt\u00e1s\u00e1ra, kiv\u00e1l\u00f3 konzisztenci\u00e1val. Az AMS 2 Pro rendszerrel kombin\u00e1lva automatikus t\u00f6bbanyag\u00fa \u00e9s t\u00f6bb sz\u00edn\u0171 nyomtat\u00e1st is lehet\u0151v\u00e9 tesz gyors filamentv\u00e1lt\u00e1ssal \u00e9s be\u00e9p\u00edtett sz\u00e1r\u00edt\u00e1ssal.<\/span><\/p>\n<h3><b>Dual-extruder rendszer a tiszt\u00e1bb t\u00e1maszanyaggal t\u00f6rt\u00e9n\u0151 nyomtat\u00e1shoz<\/b><\/h3>\n<p><span style=\"font-weight: 400;\">Az X2D k\u00f6zponti eleme egy kett\u0151s f\u00fav\u00f3k\u00e1s rendszer mechanikus v\u00e1lt\u00e1ssal, amely nem ig\u00e9nyel k\u00fcl\u00f6n motort a nyomtat\u00f3fejben. A f\u00fav\u00f3k\u00e1k k\u00f6z\u00f6tti v\u00e1lt\u00e1st egy fogasker\u00e9k \u00e9s racsnis mechanizmus v\u00e9gzi, amely cs\u00f6kkenti a fej t\u00f6meg\u00e9t \u00e9s minimaliz\u00e1lja a rezg\u00e9seket nagy sebess\u00e9gn\u00e9l.<\/span><\/p>\n<p><span style=\"font-weight: 400;\">A rendszer egy <\/span><b>Direct Drive<\/b><span style=\"font-weight: 400;\"> bal oldali f\u00fav\u00f3k\u00e1t kombin\u00e1l a prec\u00edz modellnyomtat\u00e1shoz, valamint egy<\/span><b> Bowden jobb<\/b><span style=\"font-weight: 400;\"> oldali f\u00fav\u00f3k\u00e1t, amely a t\u00e1maszanyagokhoz van optimaliz\u00e1lva. Ez hat\u00e9konyabb modell\u2013t\u00e1masz kombin\u00e1ci\u00f3kat, tiszt\u00e1bb elt\u00e1vol\u00edt\u00e1st \u00e9s kevesebb filament hullad\u00e9kot eredm\u00e9nyez.<\/span><\/p>\n<h3><b>Nagy nyomtat\u00e1si t\u00e9r val\u00f3di dual-nozzle funkcionalit\u00e1ssal<\/b><\/h3>\n<p><span style=\"font-weight: 400;\">Az X2D 256\u00d7256\u00d7260mm-es nyomtat\u00e1si t\u00e9rfogatot k\u00edn\u00e1l az els\u0151dleges f\u00fav\u00f3k\u00e1val, m\u00edg dual-nozzle nyomtat\u00e1s eset\u00e9n 235.5\u00d7256\u00d7256mm \u00e1ll rendelkez\u00e9sre. Ez lehet\u0151v\u00e9 teszi nagyobb alkatr\u00e9szek, m\u0171szaki elemek \u00e9s \u00f6sszetettebb t\u00f6bbanyag\u00fa projektek megval\u00f3s\u00edt\u00e1s\u00e1t kompromisszumok n\u00e9lk\u00fcl.<\/span><\/p>\n<h3><b>Nagy sebess\u00e9g\u0171 teljes\u00edtm\u00e9ny fejlett mozg\u00e1svez\u00e9rl\u00e9ssel<\/b><\/h3>\n<p><span style=\"font-weight: 400;\">Az ig\u00e9nyes munkafolyamatokra tervezett X2D ak\u00e1r 1000 mm\/s nyomtat\u00e1si sebess\u00e9get, 20.000 mm\/s\u00b2 gyorsul\u00e1st \u00e9s 40 mm\u00b3\/s maxim\u00e1lis anyag\u00e1raml\u00e1st \u00e9r el. A min\u0151s\u00e9g fenntart\u00e1sa \u00e9rdek\u00e9ben a Bambu Lab dinamikus \u00e1raml\u00e1skalibr\u00e1ci\u00f3t \u00e9s val\u00f3s idej\u0171 megfigyel\u00e9st alkalmaz, m\u00edg egy PMSM motor m\u00e1sodpercenk\u00e9nt ak\u00e1r 20.000 adatpontot r\u00f6gz\u00edt a hib\u00e1k \u00e9s elt\u00e9r\u00e9sek korai felismer\u00e9s\u00e9re. Sz\u00fcks\u00e9g eset\u00e9n a nyomtat\u00e1s automatikusan meg\u00e1ll, miel\u0151tt min\u0151s\u00e9gi probl\u00e9m\u00e1k jelentkezn\u00e9nek.<\/span><\/p>\n<h3><b>Akt\u00edvan f\u0171t\u00f6tt kamra m\u0171szaki anyagokhoz<\/b><\/h3>\n<p><span style=\"font-weight: 400;\">A z\u00e1rt nyomtat\u00f3kamra akt\u00edvan f\u0171thet\u0151 ak\u00e1r 65\u00b0C-ig, ami kiv\u00e1l\u00f3 anyagkompatibilit\u00e1st biztos\u00edt. Cool Mode m\u00f3dban az akt\u00edv leveg\u0151kering\u00e9s h\u0171ti a kamr\u00e1t PLA \u00e9s PETG eset\u00e9n. Heat Mode m\u00f3dban a f\u0171t\u00f6tt kamra \u00e9s a ak\u00e1r 300\u00b0C-os f\u00fav\u00f3ka lehet\u0151v\u00e9 teszi m\u0171szaki anyagok, p\u00e9ld\u00e1ul ABS, ASA \u00e9s Nylon haszn\u00e1lat\u00e1t. A f\u0171t\u00f6tt nyomtat\u00f3asztal ak\u00e1r 120\u00b0C-ig meleg\u00edthet\u0151.<\/span><\/p>\n<h3><b>Fejlett szenzorrendszer a stabilit\u00e1s \u00e9s pontoss\u00e1g \u00e9rdek\u00e9ben<\/b><\/h3>\n<p><span style=\"font-weight: 400;\">Ak\u00e1r 31 be\u00e9p\u00edtett szenzor figyeli a teljes nyomtat\u00e1si folyamatot, bele\u00e9rtve az anyag\u00e1raml\u00e1st, h\u0151m\u00e9rs\u00e9kletet \u00e9s biztons\u00e1gi param\u00e9tereket. Az opcion\u00e1lis Vision Encoder folyamatosan figyeli a sz\u00edjfesz\u00fclts\u00e9get \u00e9s a mechanikai elt\u00e9r\u00e9seket, \u00e9s val\u00f3s id\u0151ben kompenz\u00e1lja azokat, ak\u00e1r 50 \u00b5m mozg\u00e1spontoss\u00e1got biztos\u00edtva.<\/span><\/p>\n<p><b>Intelligens megfigyel\u00e9s \u00e9s csendes m\u0171k\u00f6d\u00e9s<\/b><\/p>\n<p><span style=\"font-weight: 400;\">Az X2D AI-alap\u00fa nyomtat\u00f3fel\u00fclet-megfigyel\u00e9st, automatikus furat- \u00e9s kont\u00farkompenz\u00e1ci\u00f3t, valamint 1920\u00d71080 felbont\u00e1s\u00fa kamer\u00e1t k\u00edn\u00e1l a folyamat jobb ellen\u0151rz\u00e9s\u00e9hez. Teljes\u00edtm\u00e9nye ellen\u00e9re csendesen m\u0171k\u00f6dik, Silent m\u00f3dban 50 dB alatt.<\/span><\/p>\n<h3><b>AMS 2 Pro az automatikus t\u00f6bbanyag\u00fa \u00e9s t\u00f6bb sz\u00edn\u0171 nyomtat\u00e1shoz<\/b><\/h3>\n<p><span style=\"font-weight: 400;\">A mell\u00e9kelt AMS 2 Pro teljesen automatiz\u00e1lt t\u00f6bbanyag\u00fa rendszerr\u00e9 alak\u00edtja az X2D-t. Automatikusan felismeri a bet\u00f6lt\u00f6tt filamentet, \u00f6n\u00e1ll\u00f3an kezeli az anyagv\u00e1lt\u00e1st, \u00e9s stabil k\u00f6r\u00fclm\u00e9nyeket biztos\u00edt a nyomtat\u00e1s sor\u00e1n. Egy egys\u00e9g ak\u00e1r 4 tekercset kezel, \u00e9s a rendszer b\u0151v\u00edthet\u0151 ak\u00e1r 4 AMS 2 Pro egys\u00e9ggel \u00e9s 8 AMS HT modullal, \u00edgy ak\u00e1r 24 filament p\u00e1rhuzamos haszn\u00e1lat\u00e1t is lehet\u0151v\u00e9 teszi. A be\u00e9p\u00edtett szervomotornak k\u00f6sz\u00f6nhet\u0151en a filamentv\u00e1lt\u00e1s ak\u00e1r 60%-kal gyorsabb.<\/span><\/p>\n<h3><b>Be\u00e9p\u00edtett filament sz\u00e1r\u00edt\u00e1s a stabil min\u0151s\u00e9g \u00e9rdek\u00e9ben<\/b><\/h3>\n<p><span style=\"font-weight: 400;\">Az AMS 2 Pro egyik legnagyobb el\u0151nye az integr\u00e1lt sz\u00e1r\u00edt\u00f3rendszer, amely egyszerre ak\u00e1r 4 tekercset k\u00e9pes sz\u00e1r\u00edtani. Egy automatikus rendszer elektrom\u00e1gneses szeleppel szab\u00e1lyozza a p\u00e1ratartalmat, m\u00edg a forg\u00f3 tekercsek egyenletes sz\u00e1r\u00edt\u00e1st biztos\u00edtanak. Ez stabil anyagtulajdons\u00e1gokat \u00e9s egyenletes nyomtat\u00e1si min\u0151s\u00e9get eredm\u00e9nyez.<\/span><\/p>\n<h3><b>Professzion\u00e1lis \u00f6kosziszt\u00e9ma \u00e9s workflow integr\u00e1ci\u00f3<\/b><\/h3>\n<p><span style=\"font-weight: 400;\">Az X2D Combo teljes m\u00e9rt\u00e9kben integr\u00e1lt a Bambu Lab \u00f6kosziszt\u00e9m\u00e1ba, bele\u00e9rtve a Bambu Studio, Bambu Handy \u00e9s egy\u00e9b szolg\u00e1ltat\u00e1sokat. T\u00e1mogatja a WiFi-t, az \u00e9rint\u0151k\u00e9perny\u0151s, mobilalkalmaz\u00e1sos \u00e9s PC-s vez\u00e9rl\u00e9st, 8GB eMMC t\u00e1rhellyel \u00e9s USB porttal rendelkezik. Emellett kompatibilis harmadik f\u00e9lt\u0151l sz\u00e1rmaz\u00f3 slicerekkel is, amelyek t\u00e1mogatj\u00e1k a G-code-ot.<\/span><\/p>\n<h2><b>M\u0171szaki adatok<\/b><\/h2>\n<h3><b>Bambu Lab X2D 3D nyomtat\u00f3<\/b><\/h3>\n<ul>\n<li style=\"font-weight: 400;\" aria-level=\"1\"><span style=\"font-weight: 400;\">M\u00e9retek: 392\u00d7406\u00d7478 mm<\/span><\/li>\n<li style=\"font-weight: 400;\" aria-level=\"1\"><span style=\"font-weight: 400;\">S\u00faly: 16.25 kg<\/span><\/li>\n<li style=\"font-weight: 400;\" aria-level=\"1\"><span style=\"font-weight: 400;\">Nyomtat\u00e1si t\u00e9rfogat (f\u0151 f\u00fav\u00f3ka): 256\u00d7256\u00d7260 mm<\/span><\/li>\n<li style=\"font-weight: 400;\" aria-level=\"1\"><span style=\"font-weight: 400;\">Nyomtat\u00e1si t\u00e9rfogat (seg\u00e9d f\u00fav\u00f3ka): 235.5\u00d7256\u00d7256 mm<\/span><\/li>\n<li style=\"font-weight: 400;\" aria-level=\"1\"><span style=\"font-weight: 400;\">Nyomtat\u00e1si t\u00e9rfogat (dual-nozzle): 235.5\u00d7256\u00d7256 mm<\/span><\/li>\n<li style=\"font-weight: 400;\" aria-level=\"1\"><span style=\"font-weight: 400;\">Teljes t\u00e9rfogat: 256\u00d7256\u00d7260 mm<\/span><\/li>\n<li style=\"font-weight: 400;\" aria-level=\"1\"><span style=\"font-weight: 400;\">Hotend: 0.4 mm edzett ac\u00e9l f\u00fav\u00f3ka be\u00e9p\u00edtett filamentv\u00e1g\u00f3val<\/span><\/li>\n<li style=\"font-weight: 400;\" aria-level=\"1\"><span style=\"font-weight: 400;\">Extruder: Direct Drive (f\u0151\/bal) + Bowden (seg\u00e9d\/jobb)<\/span><\/li>\n<li style=\"font-weight: 400;\" aria-level=\"1\"><span style=\"font-weight: 400;\">Filament \u00e1tm\u00e9r\u0151: 1.75 mm<\/span><\/li>\n<li style=\"font-weight: 400;\" aria-level=\"1\"><span style=\"font-weight: 400;\">Max. nyomtat\u00e1si h\u0151m\u00e9rs\u00e9klet: 300\u00b0C<\/span><\/li>\n<li style=\"font-weight: 400;\" aria-level=\"1\"><span style=\"font-weight: 400;\">Max. nyomtat\u00e1si sebess\u00e9g: 1000 mm\/s<\/span><\/li>\n<li style=\"font-weight: 400;\" aria-level=\"1\"><span style=\"font-weight: 400;\">Max. asztal h\u0151m\u00e9rs\u00e9klet: 120\u00b0C<\/span><\/li>\n<li style=\"font-weight: 400;\" aria-level=\"1\"><span style=\"font-weight: 400;\">Max. gyorsul\u00e1s: 20.000 mm\/s\u00b2<\/span><\/li>\n<li style=\"font-weight: 400;\" aria-level=\"1\"><span style=\"font-weight: 400;\">Max. anyag\u00e1raml\u00e1s: 40 mm\u00b3\/s<\/span><\/li>\n<li style=\"font-weight: 400;\" aria-level=\"1\"><span style=\"font-weight: 400;\">Kamraf\u0171t\u00e9s: akt\u00edv, max. 65\u00b0C<\/span><\/li>\n<li style=\"font-weight: 400;\" aria-level=\"1\"><span style=\"font-weight: 400;\">Leveg\u0151sz\u0171r\u00e9s: G3 el\u0151sz\u0171r\u0151 + H12 HEPA + akt\u00edv sz\u00e9n<\/span><\/li>\n<li style=\"font-weight: 400;\" aria-level=\"1\"><span style=\"font-weight: 400;\">T\u00e1mogatott nyomtat\u00f3lapok: Bambu Textured PEI, Cool Plate, Engineering Plate, High Temperature Plate, Smooth PEI<\/span><\/li>\n<li style=\"font-weight: 400;\" aria-level=\"1\"><span style=\"font-weight: 400;\">Kamera: 1920\u00d71080<\/span><\/li>\n<li style=\"font-weight: 400;\" aria-level=\"1\"><span style=\"font-weight: 400;\">Kijelz\u0151: 5&#8243; \u00e9rint\u0151k\u00e9perny\u0151, 1280\u00d7720<\/span><\/li>\n<li style=\"font-weight: 400;\" aria-level=\"1\"><span style=\"font-weight: 400;\">Kapcsolat: WiFi<\/span><\/li>\n<li style=\"font-weight: 400;\" aria-level=\"1\"><span style=\"font-weight: 400;\">T\u00e1rhely: 8GB eMMC, USB<\/span><\/li>\n<li style=\"font-weight: 400;\" aria-level=\"1\"><span style=\"font-weight: 400;\">Fesz\u00fclts\u00e9g: 200\u2013240 VAC vagy 100\u2013120 VAC<\/span><\/li>\n<li style=\"font-weight: 400;\" aria-level=\"1\"><span style=\"font-weight: 400;\">Teljes\u00edtm\u00e9ny: 1600 W (220 V) \/ 1100 W (110 V)<\/span><\/li>\n<li style=\"font-weight: 400;\" aria-level=\"1\"><span style=\"font-weight: 400;\">M\u0171k\u00f6d\u00e9si h\u0151m\u00e9rs\u00e9klet: 10\u201330\u00b0C<\/span><\/li>\n<li style=\"font-weight: 400;\" aria-level=\"1\"><span style=\"font-weight: 400;\">T\u00e1mogatott rendszerek: macOS, Windows, Linux<\/span><span style=\"font-weight: 400;\"><br \/>\n<\/span><span style=\"font-weight: 400;\">T\u00e1mogatott slicerek: Bambu Studio + G-code kompatibilis slicerek<\/span><\/li>\n<\/ul>\n<h3><b>Bambu Lab AMS 2 Pro<\/b><\/h3>\n<ul>\n<li style=\"font-weight: 400;\" aria-level=\"1\"><span style=\"font-weight: 400;\">M\u00e9retek: 372\u00d7280\u00d7226 mm<\/span><\/li>\n<li style=\"font-weight: 400;\" aria-level=\"1\"><span style=\"font-weight: 400;\">S\u00faly: 2500 g<\/span><\/li>\n<li style=\"font-weight: 400;\" aria-level=\"1\"><span style=\"font-weight: 400;\">Anyag: ABS\/PC<\/span><\/li>\n<li style=\"font-weight: 400;\" aria-level=\"1\"><span style=\"font-weight: 400;\">Filament \u00e1tm\u00e9r\u0151: 1.75 mm<\/span><span style=\"font-weight: 400;\"><br \/>\n<\/span><span style=\"font-weight: 400;\">Max. sz\u00e1r\u00edt\u00e1si h\u0151m\u00e9rs\u00e9klet: 65\u00b0C<\/span><\/li>\n<li style=\"font-weight: 400;\" aria-level=\"1\"><span style=\"font-weight: 400;\">Sz\u00e1r\u00edt\u00e1si funkci\u00f3k: akt\u00edv nedvess\u00e9gelt\u00e1vol\u00edt\u00e1s, h\u0151m\u00e9rs\u00e9klet- \u00e9s p\u00e1ratartalom-\u00e9rz\u00e9kel\u00e9s, z\u00e1rt rendszer<\/span><\/li>\n<li style=\"font-weight: 400;\" aria-level=\"1\"><span style=\"font-weight: 400;\">T\u00e1mogatott tekercsek: sz\u00e9less\u00e9g 50\u201368 mm, \u00e1tm\u00e9r\u0151 197\u2013202 mm<\/span><\/li>\n<li style=\"font-weight: 400;\" aria-level=\"1\"><span style=\"font-weight: 400;\">Kapacit\u00e1s: max. 4 tekercs<\/span><\/li>\n<li style=\"font-weight: 400;\" aria-level=\"1\"><span style=\"font-weight: 400;\">B\u0151v\u00edthet\u0151s\u00e9g: max. 24 filament<\/span><\/li>\n<li style=\"font-weight: 400;\" aria-level=\"1\"><span style=\"font-weight: 400;\">T\u00e1mogatott anyagok: PLA, PETG, ABS, ASA, PET, PA, PC, PVA (sz\u00e1raz), BVOH (sz\u00e1raz), PP, POM, HIPS + kompozit anyagok<\/span><\/li>\n<li style=\"font-weight: 400;\" aria-level=\"1\"><span style=\"font-weight: 400;\">Nem t\u00e1mogatott anyagok: TPE, TPU, nedves PVA\/BVOH, bizonyos CF\/GF anyagok, PET-CF, TPU 95A<\/span><\/li>\n<li style=\"font-weight: 400;\" aria-level=\"1\"><span style=\"font-weight: 400;\">Sz\u00e1r\u00edthat\u00f3 anyagok: PLA, PETG, ABS, ASA, PET, PA, PC, PVA, BVOH, PP, POM, HIPS + kompozit anyagok \u00e9s TPU az AMS-hez<\/span><\/li>\n<\/ul>\n","protected":false},"excerpt":{"rendered":"<p><span style=\"font-weight: 400;\">Ismerd meg a Bambu Lab X2D Combo-t: egy nagy sebess\u00e9g\u0171 dual-extruder 3D nyomtat\u00f3t ak\u00e1r 1000 mm\/s sebess\u00e9ggel, 256\u00d7256\u00d7260mm-es nyomtat\u00e1si t\u00e9rfogattal, akt\u00edvan f\u0171t\u00f6tt kamr\u00e1val ak\u00e1r 65\u00b0C-ig, valamint az AMS 2 Pro rendszerrel az automatikus t\u00f6bbanyag\u00fa \u00e9s t\u00f6bb sz\u00edn\u0171 nyomtat\u00e1shoz, integr\u00e1lt filament sz\u00e1r\u00edt\u00e1ssal.<\/span><\/p>\n<p><span style=\"font-weight: 400;\">Bambu Lab X2D Combo<\/span><span style=\"font-weight: 400;\"> 4 kilogramm AzureFilm Refill filamenttel \u00e9s Master Spool 4-pack csomaggal kombin\u00e1lva.<\/span><\/p>\n","protected":false},"featured_media":115901,"comment_status":"closed","ping_status":"closed","template":"","meta":{"_acf_changed":false},"product_brand":[],"product_cat":[1677,1681,1679,1678,1680,2250],"product_tag":[],"brand":[],"class_list":{"0":"post-116024","1":"product","2":"type-product","3":"status-publish","4":"has-post-thumbnail","6":"product_cat-3d-nyomtato","7":"product_cat-bambu-lab-hu","8":"product_cat-elado","9":"product_cat-fdm-nyomtato","10":"product_cat-minden-3d-nyomtato","11":"product_cat-special-packs-hu","13":"first","14":"outofstock","15":"sale","16":"taxable","17":"shipping-taxable","18":"purchasable","19":"product-type-variable"},"acf":[],"_links":{"self":[{"href":"https:\/\/azurefilm.com\/hu\/wp-json\/wp\/v2\/product\/116024","targetHints":{"allow":["GET"]}}],"collection":[{"href":"https:\/\/azurefilm.com\/hu\/wp-json\/wp\/v2\/product"}],"about":[{"href":"https:\/\/azurefilm.com\/hu\/wp-json\/wp\/v2\/types\/product"}],"replies":[{"embeddable":true,"href":"https:\/\/azurefilm.com\/hu\/wp-json\/wp\/v2\/comments?post=116024"}],"wp:featuredmedia":[{"embeddable":true,"href":"https:\/\/azurefilm.com\/hu\/wp-json\/wp\/v2\/media\/115901"}],"wp:attachment":[{"href":"https:\/\/azurefilm.com\/hu\/wp-json\/wp\/v2\/media?parent=116024"}],"wp:term":[{"taxonomy":"product_brand","embeddable":true,"href":"https:\/\/azurefilm.com\/hu\/wp-json\/wp\/v2\/product_brand?post=116024"},{"taxonomy":"product_cat","embeddable":true,"href":"https:\/\/azurefilm.com\/hu\/wp-json\/wp\/v2\/product_cat?post=116024"},{"taxonomy":"product_tag","embeddable":true,"href":"https:\/\/azurefilm.com\/hu\/wp-json\/wp\/v2\/product_tag?post=116024"},{"taxonomy":"brand","embeddable":true,"href":"https:\/\/azurefilm.com\/hu\/wp-json\/wp\/v2\/brand?post=116024"}],"curies":[{"name":"wp","href":"https:\/\/api.w.org\/{rel}","templated":true}]}}