
{"id":55728,"date":"2024-01-22T10:55:59","date_gmt":"2024-01-22T10:55:59","guid":{"rendered":"https:\/\/azurefilm.com\/product\/petg-skin-szal-cappuccino\/"},"modified":"2025-08-22T11:10:24","modified_gmt":"2025-08-22T11:10:24","slug":"petg-skin-szal-cappuccino","status":"publish","type":"product","link":"https:\/\/azurefilm.com\/hu\/termek\/petg-skin-szal-cappuccino\/","title":{"rendered":"PETG Skin sz\u00e1l Cappuccino"},"content":{"rendered":"<h2><strong>PETG b\u0151r<\/strong><\/h2>\n<p><span style=\"font-weight: 400;\">Ismerje meg a PETG Skin filamenteket! Ezt a kollekci\u00f3t mindazok sz\u00e1m\u00e1ra hoztuk l\u00e9tre, akik \u00e9leth\u0171 nyomatokat szeretn\u00e9nek k\u00e9sz\u00edteni. <\/span><b>Ezek a sz\u00ednek az emberi b\u0151r megjelen\u00e9s\u00e9t \u00e9s text\u00far\u00e1j\u00e1t ut\u00e1nozz\u00e1k.<\/b><span style=\"font-weight: 400;\">. Choose from different skin tones and achieve the desired look of your print. You can use PETG Skin for cosplay props, human figures, prosthetics, and other artistic projects that demand lifelike skin textures. PETG Skin filaments are <\/span><b>nagyon k\u00f6nnyen nyomtathat\u00f3<\/b><span style=\"font-weight: 400;\"> ami lehet\u0151v\u00e9 teszi, hogy <\/span><b>nagyszer\u0171 a kezd\u0151k sz\u00e1m\u00e1ra<\/b><span style=\"font-weight: 400;\">.<\/span><\/p>\n<h2><strong>PETG Skin sz\u00e1l Cappuccino<\/strong><\/h2>\n<p><span style=\"font-weight: 400;\">V\u00e1lassza a PETG Skin filament Cappuccino-t, hogy gy\u00f6ny\u00f6r\u0171 \u00e9s gazdag sz\u00ednnel alkothasson, amely k\u00fcl\u00f6nleges m\u00e9lys\u00e9get k\u00f6lcs\u00f6n\u00f6z a nyomatoknak.<\/span><\/p>\n<p><span style=\"font-weight: 400;\">Ha t\u00f6bbet szeretne megtudni a PETG sz\u00e1lakr\u00f3l, olvassa el <a href=\"https:\/\/azurefilm.com\/hu\/2023\/07\/10\/petg-szalak-minden-amit-tudnia-kell\/\" target=\"_blank\" rel=\"noopener\">blogunkat<\/a>. <\/span><\/p>\n<p><span style=\"font-weight: 400;\">Hozz\u00e1f\u00e9rhet a <\/span><b>M\u0171szaki adatlap<\/b><span style=\"font-weight: 400;\"><a href=\"https:\/\/azurefilm.com\/hu\/technical-data-sheets\/\" target=\"_blank\" rel=\"noopener\"> itt<\/a>.<\/span><\/p>\n<h3><strong>Nyomtat\u00e1si aj\u00e1nl\u00e1sok:<\/strong><\/h3>\n<ul>\n<li style=\"font-weight: 400;\" aria-level=\"1\"><span style=\"font-weight: 400;\">A legjobb eredm\u00e9ny \u00e9rdek\u00e9ben 220-240\u00b0C-on nyomtasson. <\/span><\/li>\n<li style=\"font-weight: 400;\" aria-level=\"1\"><span style=\"font-weight: 400;\">A nyomtat\u00f3asztal aj\u00e1nlott h\u0151m\u00e9rs\u00e9klete 80\u00b0C.<\/span><\/li>\n<li style=\"font-weight: 400;\" aria-level=\"1\"><span style=\"font-weight: 400;\">Haszn\u00e1ljon \u00fcveg\u00e1gyat, PEI lapot, Kapton vagy k\u00e9k szalagot az \u00e9p\u00edt\u00e9si platformhoz 3Dlac spray-vel.<\/span><\/li>\n<\/ul>\n<p><i><span style=\"font-weight: 400;\">*A k\u00fcl\u00f6nb\u00f6z\u0151 nyomtat\u00f3k haszn\u00e1lata eset\u00e9n az ide\u00e1lis h\u0151m\u00e9rs\u00e9klet elt\u00e9r\u0151 lehet.<\/span><\/i><\/p>\n","protected":false},"excerpt":{"rendered":"<p><span style=\"font-weight: 400;\">V\u00e1lassza a PETG Skin filament Cappuccino-t, hogy gy\u00f6ny\u00f6r\u0171 \u00e9s gazdag sz\u00ednnel alkothasson, amely k\u00fcl\u00f6nleges m\u00e9lys\u00e9get k\u00f6lcs\u00f6n\u00f6z a nyomatoknak.<\/span><\/p>\n","protected":false},"featured_media":110096,"comment_status":"closed","ping_status":"closed","template":"","meta":{"_acf_changed":false},"product_brand":[],"product_cat":[2178,1686,1688,2177],"product_tag":[],"brand":[267],"class_list":{"0":"post-55728","1":"product","2":"type-product","3":"status-publish","4":"has-post-thumbnail","6":"product_cat-petg-bor","7":"product_cat-3d-filmek","8":"product_cat-minden-film","9":"product_cat-petg-szalak","10":"pa_colour-brown","11":"pa_colour-skin","12":"pa_filament-diameter-1-75mm","13":"pa_filament-weight-1000g","14":"brand-azurefilm","16":"first","17":"instock","18":"taxable","19":"shipping-taxable","20":"purchasable","21":"product-type-variable","22":"has-default-attributes"},"acf":[],"_links":{"self":[{"href":"https:\/\/azurefilm.com\/hu\/wp-json\/wp\/v2\/product\/55728","targetHints":{"allow":["GET"]}}],"collection":[{"href":"https:\/\/azurefilm.com\/hu\/wp-json\/wp\/v2\/product"}],"about":[{"href":"https:\/\/azurefilm.com\/hu\/wp-json\/wp\/v2\/types\/product"}],"replies":[{"embeddable":true,"href":"https:\/\/azurefilm.com\/hu\/wp-json\/wp\/v2\/comments?post=55728"}],"wp:featuredmedia":[{"embeddable":true,"href":"https:\/\/azurefilm.com\/hu\/wp-json\/wp\/v2\/media\/110096"}],"wp:attachment":[{"href":"https:\/\/azurefilm.com\/hu\/wp-json\/wp\/v2\/media?parent=55728"}],"wp:term":[{"taxonomy":"product_brand","embeddable":true,"href":"https:\/\/azurefilm.com\/hu\/wp-json\/wp\/v2\/product_brand?post=55728"},{"taxonomy":"product_cat","embeddable":true,"href":"https:\/\/azurefilm.com\/hu\/wp-json\/wp\/v2\/product_cat?post=55728"},{"taxonomy":"product_tag","embeddable":true,"href":"https:\/\/azurefilm.com\/hu\/wp-json\/wp\/v2\/product_tag?post=55728"},{"taxonomy":"brand","embeddable":true,"href":"https:\/\/azurefilm.com\/hu\/wp-json\/wp\/v2\/brand?post=55728"}],"curies":[{"name":"wp","href":"https:\/\/api.w.org\/{rel}","templated":true}]}}